{"id":10243,"date":"2016-12-29T10:45:30","date_gmt":"2016-12-29T09:45:30","guid":{"rendered":"https:\/\/www.autohome-official.com\/de\/zubehoer\/accessori-overzone\/"},"modified":"2024-05-09T10:13:48","modified_gmt":"2024-05-09T08:13:48","slug":"overzone-zubehoer","status":"publish","type":"page","link":"https:\/\/www.autohome-official.com\/de\/produkte\/zubehoer\/overzone-zubehoer\/","title":{"rendered":"Overzone zubeh\u00f6r"},"content":{"rendered":"<p>[vc_row el_class=&#8220;subslider row-full hide-in-subpage&#8220;][vc_column][vc_custom_heading text=&#8220;OVERZONE ZUBEH\u00d6R&#8220; font_container=&#8220;tag:h1|text_align:left&#8220; use_theme_fonts=&#8220;yes&#8220;][\/vc_column][\/vc_row][vc_row full_width=&#8220;stretch_row&#8220; el_class=&#8220;story-skin-white mb0 row-full&#8220;][vc_column offset=&#8220;vc_col-lg-8&#8243; el_class=&#8220;story-skin-white left mobileNoPadding&#8220;]<div class=\"breadcrumb-wrapper hide-in-subpage\"><ul class=\"breadcrumbs no-link\"><li><a href=\"https:\/\/www.autohome-official.com\/de\/\">Startseite<\/a> <span><i class=\"icon-right-open\"><\/i><\/span><\/li><li><a href=\"https:\/\/www.autohome-official.com:443\/de\/wp-json\/wp\/v2\/pages\/10243\/\"><\/a><\/li><\/ul><\/div>[vc_raw_html css=&#8220;.vc_custom_1515853870411{padding-top: 0px !important;}&#8220;]JTNDaDIlMjBzdHlsZSUzRCUyMmZvbnQtc2l6ZSUzQSUyMDQwcHglM0IlMjIlM0VBVUYlMjBFUkZPTEclMjBQUk9HUkFNTUlFUlQlM0MlMkZoMiUzRSUwQSUzQ3AlM0UlMEFEaWUlMjBVbWtsZWlkZWthYmluZSUyMGlzdCUyMGF1cyUyMGRlbSUyMHNlbGJlbiUyMHF1YWxpdGF0aXZlbiUyMFN0b2ZmJTIwaGVyZ2VzdGVsbHQlMjB3aWUlMjBPdmVyem9uZSUyMHVuZCUyMGlzdCUyMG1pdCUyMGZvbGdlbmRlbiUyMFNhY2hlbiUyMGF1c2dlc3RhdHRldCUzQSUyMDQlMjBXJUMzJUE0bmRlJTIwbWl0JTIwUmVpJUMzJTlGdmVyc2NobHVzcyUyQyUyMDIlMjB3aWVkZXJ2ZXJzY2hsaWUlQzMlOUZiYXJlJTIwRmVuc3RlciUyQyUyMHZvbiUyMGRlbmVuJTIwZWluZXMlMjBmZXN0JTIwdW5kJTIwdHJhbnNwYXJlbnQlMjB1bmQlMjBkYXMlMjBhbmRlcmUlMjBtaXQlMjBNb3NraXRvbmV0eiUyMGlzdC4lMjBEaWUlMjBGZW5zdGVyJTIwc2luZCUyMGF1JUMzJTlGZXJkZW0lMjBhYmR1bmtlbGJhciUyMHVuZCUyMDIlMjBUZWxlc2tvcHN0YW5nZW4lMjBzaW5kJTIwZWJlbmZhbGxzJTIwaW4lMjBkZXIlMjBBdXNzdGF0dHVuZyUyMG1pdCUyMGRhYmVpLiUyMEVpbiUyMHByYWt0aXNjaGVzJTIwdW5kJTIwcGxhdHpzcGFyZW5kZXMlMjBadWJlaCVDMyVCNnIlMkMlMjBkYXMlMjBlaW5lJTIwdmllbGYlQzMlQTRsdGlnZSUyME51dHp1bmclMjBlcm0lQzMlQjZnbGljaHQlMjAlMjhhbHMlMjBLJUMzJUJDY2hlJTJDJTIwVW1rbGVpZGVrYWJpbmUlMjBvZGVyJTIwYWxzJTIwQXVmZW50aGFsdHNyYXVtJTIwenVtJTIwRW50c3Bhbm5lbiUyOSUwQSUzQyUyRnAlM0U=[\/vc_raw_html][\/vc_column][vc_column width=&#8220;1\/3&#8243; offset=&#8220;vc_hidden-md vc_hidden-sm vc_hidden-xs&#8220;][vc_single_image image=&#8220;75127&#8243; img_size=&#8220;full&#8220; el_class=&#8220;white-arrow-bottom&#8220;][\/vc_column][\/vc_row][vc_row full_width=&#8220;stretch_row&#8220; el_class=&#8220;story-skin-white mb0&#8243;][vc_column width=&#8220;1\/2&#8243; offset=&#8220;vc_hidden-lg vc_hidden-md vc_col-xs-12&#8243;][vc_single_image image=&#8220;77183&#8243; img_size=&#8220;500&#215;500&#8243; alignment=&#8220;right&#8220;][\/vc_column][vc_column width=&#8220;1\/2&#8243; offset=&#8220;vc_hidden-lg vc_hidden-md vc_col-xs-12&#8243;][vc_single_image image=&#8220;77175&#8243; img_size=&#8220;500&#215;500&#8243; alignment=&#8220;right&#8220; el_class=&#8220;white-arrow-bottom&#8220;][\/vc_column][vc_column offset=&#8220;vc_col-lg-8 vc_hidden-md vc_hidden-sm vc_hidden-xs&#8220;][vc_single_image image=&#8220;77179&#8243; img_size=&#8220;full&#8220; el_class=&#8220;white-arrow-left&#8220;][\/vc_column][vc_column width=&#8220;1\/3&#8243; offset=&#8220;vc_hidden-lg vc_hidden-sm vc_hidden-xs&#8220;][vc_single_image image=&#8220;77183&#8243; img_size=&#8220;full&#8220;][\/vc_column][vc_column width=&#8220;1\/3&#8243; offset=&#8220;vc_hidden-lg vc_hidden-sm vc_hidden-xs&#8220;][vc_single_image image=&#8220;77183&#8243; img_size=&#8220;640&#215;640&#8243; alignment=&#8220;right&#8220; el_class=&#8220;white-arrow-left&#8220;][\/vc_column][vc_column offset=&#8220;vc_col-lg-4 vc_col-md-4 vc_hidden-sm vc_col-xs-12 vc_hidden-xs&#8220; el_class=&#8220;story-skin-white right&#8220;][vc_raw_html el_class=&#8220;mobileAccessoriesFirstBlock&#8220;]JTNDaDQlM0VWRVJBTkRBJTNDJTJGaDQlM0UlMEElM0NwJTNFJTNDc3Ryb25nJTNFRiVDMyVCQ3IlMjBQS1clM0ElMjBhcnQuJTIwT1olMkYwNEElM0MlMkZzdHJvbmclM0UlM0NiciUyMCUyRiUzRSUwQSUyOFNtYWxsJTIwY20lMjAxMzB4MTgwJTJDJTIwTWVkaXVtJTIwY20lMjAxNjB4MTgwJTJDJTIwTGFyZ2UlMjBjbSUyMDE4MHgxODAlMjklM0MlMkZwJTNFJTBBJTNDcCUzRSUzQ3N0cm9uZyUzRUYlQzMlQkNyJTIwR2VsJUMzJUE0bmRld2FnZW4lM0ElMjBhcnQuJTIwT1olMkYwNUElM0MlMkZzdHJvbmclM0UlM0NiciUyMCUyRiUzRSUwQSUyOFNtYWxsJTIwY20lMjAxMzB4MTgwJTJDJTIwTWVkaXVtJTIwY20lMjAxNjB4MTgwJTJDJTIwTGFyZ2UlMjBjbSUyMDE4MHgxODAlMjklM0MlMkZwJTNFJTBBJTNDZGl2JTIwY2xhc3MlM0QlMjJzdHJ1dHR1cmEtYWwlMjIlM0UlMEElM0NpbWclMjBjbGFzcyUzRCUyMnNpemUtbWVkaXVtJTIwd3AtaW1hZ2UtMTIwMjklMjBhbGlnbmxlZnQlMjBpbWctYWwlMjIlMjBzcmMlM0QlMjJodHRwJTNBJTJGJTJGd3d3LmF1dG9ob21lLW9mZmljaWFsLmNvbSUyRndwLWNvbnRlbnQlMkZ1cGxvYWRzJTJGMjAxNiUyRjEyJTJGc2ltYm9sb19BTC5wbmclMjIlMjBhbHQlM0QlMjIlMjIlMjBoZWlnaHQlM0QlMjI1OCUyMiUyMHdpZHRoJTNEJTIyNjUlMjIlM0VJbiUyMFIlQzMlQjZocmVuZm9ybSUyMGF1cyUyMGVsb3hpZXJ0ZW0lMjBBbHVtaW5pdW0lMEElM0NkaXYlMjBjbGFzcyUzRCUyMmNsZWFyZml4JTIyJTNFJTNDJTJGZGl2JTNFJTBBJTNDJTJGYnIlM0UlMEElM0MlMkZkaXYlM0U=[\/vc_raw_html][vc_btn title=&#8220;ONLINE SHOP&#8220; style=&#8220;flat&#8220; shape=&#8220;square&#8220; color=&#8220;danger&#8220; i_icon_fontawesome=&#8220;fa fa-shopping-cart&#8220; add_icon=&#8220;true&#8220; link=&#8220;url:http%3A%2F%2Fshop.autohome-official.com%2Fde%2Foverzone-zubehoer%2F27-umkleidekabine.html|||&#8220;][\/vc_column][vc_column offset=&#8220;vc_hidden-lg vc_hidden-md&#8220; el_class=&#8220;mobileDisplayFlex&#8220;][vc_raw_html el_class=&#8220;autohome_mobile_padding5&#8243;]JTNDaDQlM0VWRVJBTkRBJTNDJTJGaDQlM0UlMEElM0NwJTNFJTNDc3Ryb25nJTNFRiVDMyVCQ3IlMjBQS1clM0ElMjBhcnQuJTIwT1olMkYwNEElM0NiciUyMCUyRiUzRSUwQSUyOFNtYWxsJTIwY20lMjAxMzB4MTgwJTJDJTIwTWVkaXVtJTIwY20lMjAxNjB4MTgwJTJDJTIwTGFyZ2UlMjBjbSUyMDE4MHgxODAlMjklM0MlMkZzdHJvbmclM0UlM0MlMkZwJTNFJTBBJTNDcCUzRSUzQ3N0cm9uZyUzRUYlQzMlQkNyJTIwR2VsJUMzJUE0bmRld2FnZW4lM0ElMjBhcnQuJTIwT1olMkYwNUElM0NiciUyMCUyRiUzRSUwQSUyOFNtYWxsJTIwY20lMjAxMzB4MTgwJTJDJTIwTWVkaXVtJTIwY20lMjAxNjB4MTgwJTJDJTIwTGFyZ2UlMjBjbSUyMDE4MHgxODAlMjklM0MlMkZzdHJvbmclM0UlM0MlMkZwJTNFJTBBJTNDZGl2JTIwY2xhc3MlM0QlMjJzdHJ1dHR1cmEtYWwlMjIlM0UlMEElM0NpbWclMjBjbGFzcyUzRCUyMnNpemUtbWVkaXVtJTIwd3AtaW1hZ2UtMTIwMjklMjBhbGlnbmxlZnQlMjBpbWctYWwlMjIlMjBzcmMlM0QlMjJodHRwJTNBJTJGJTJGd3d3LmF1dG9ob21lLW9mZmljaWFsLmNvbSUyRndwLWNvbnRlbnQlMkZ1cGxvYWRzJTJGMjAxNiUyRjEyJTJGc2ltYm9sb19BTC5wbmclMjIlMjBhbHQlM0QlMjIlMjIlMjBoZWlnaHQlM0QlMjI1OCUyMiUyMHdpZHRoJTNEJTIyNjUlMjIlM0VJbiUyMFIlQzMlQjZocmVuZm9ybSUyMGF1cyUyMGVsb3hpZXJ0ZW0lMjBBbHVtaW5pdW0lMEElM0NkaXYlMjBjbGFzcyUzRCUyMmNsZWFyZml4JTIyJTNFJTNDJTJGZGl2JTNFJTBBJTNDJTJGYnIlM0UlMEElM0MlMkZkaXYlM0U=[\/vc_raw_html][vc_btn title=&#8220;ONLINE SHOP&#8220; style=&#8220;flat&#8220; shape=&#8220;square&#8220; color=&#8220;danger&#8220; align=&#8220;center&#8220; i_icon_fontawesome=&#8220;fa fa-shopping-cart&#8220; button_block=&#8220;true&#8220; add_icon=&#8220;true&#8220; link=&#8220;url:http%3A%2F%2Fshop.autohome-official.com%2Fde%2Foverzone-zubehoer%2F27-umkleidekabine.html|||&#8220;][\/vc_column][\/vc_row][vc_row full_width=&#8220;stretch_row&#8220; el_class=&#8220;mb0 story-skin-white&#8220;][vc_column offset=&#8220;vc_hidden-lg vc_hidden-md&#8220;][vc_single_image image=&#8220;76706&#8243; img_size=&#8220;full&#8220; el_class=&#8220;white-arrow-bottom&#8220;][\/vc_column][vc_column offset=&#8220;vc_col-lg-4 vc_col-md-4 vc_hidden-sm vc_hidden-xs&#8220; el_class=&#8220;story-skin-white left&#8220;][vc_raw_html]JTNDaDQlM0VUSEVSTU9IQVVCRSUzQyUyRmg0JTNFJTBBJTNDcCUzRSUzQ3N0cm9uZyUzRUFydC4lMjBPWiUyRjAzQSUzQyUyRnN0cm9uZyUzRSUzQyUyRnAlM0UlMEElM0NwJTNFRGllJTIwc2Nob24lMjB0cmFkaXRpb25lbGxlJTIwVGhlcm1vaGF1YmUlMjBiZXN0ZWh0JTIwYXVzJTIwbWl0JTIwUFUtYmVzY2hpY2h0ZXRlbiUyME55bG9uZ2V3ZWJlJTIwdW5kJTIwc29yZ3QlMjBmJUMzJUJDciUyMHp1cyVDMyVBNHR6bGljaGUlMjBJc29sYXRpb24lMjB2b3IlMjBXaW5kJTIwdW5kJTIwSyVDMyVBNGx0ZS4lMEElM0MlMkZwJTNFJTBBJTNDJTJGYnIlM0UlMEE=[\/vc_raw_html][vc_btn title=&#8220;ONLINE SHOP&#8220; style=&#8220;flat&#8220; shape=&#8220;square&#8220; color=&#8220;danger&#8220; i_icon_fontawesome=&#8220;fa fa-shopping-cart&#8220; add_icon=&#8220;true&#8220; link=&#8220;url:http%3A%2F%2Fshop.autohome-official.com%2Fde%2Foverzone-zubehoer%2F26-thermohaube.html|||&#8220;][\/vc_column][vc_column width=&#8220;2\/3&#8243; offset=&#8220;vc_hidden-sm vc_hidden-xs&#8220;][vc_single_image image=&#8220;76710&#8243; img_size=&#8220;full&#8220; el_class=&#8220;white-arrow-right&#8220;][\/vc_column][vc_column offset=&#8220;vc_hidden-lg vc_hidden-md&#8220;][vc_raw_html el_class=&#8220;autohome_mobile_padding5&#8243;]JTNDaDQlM0VUSEVSTU9IQVVCRSUzQyUyRmg0JTNFJTBBJTNDcCUzRSUzQ3N0cm9uZyUzRUFydC4lMjBPWiUyRjAzQSUzQyUyRnN0cm9uZyUzRSUzQyUyRnAlM0UlMEElM0NwJTNFRGllJTIwc2Nob24lMjB0cmFkaXRpb25lbGxlJTIwVGhlcm1vaGF1YmUlMjBiZXN0ZWh0JTIwYXVzJTIwbWl0JTIwUFUtYmVzY2hpY2h0ZXRlbiUyME55bG9uZ2V3ZWJlJTIwdW5kJTIwc29yZ3QlMjBmJUMzJUJDciUyMHp1cyVDMyVBNHR6bGljaGUlMjBJc29sYXRpb24lMjB2b3IlMjBXaW5kJTIwdW5kJTIwSyVDMyVBNGx0ZS4lMEElM0MlMkZwJTNFJTBBJTNDJTJGYnIlM0UlMEE=[\/vc_raw_html][vc_btn title=&#8220;ONLINE SHOP&#8220; style=&#8220;flat&#8220; shape=&#8220;square&#8220; color=&#8220;danger&#8220; align=&#8220;center&#8220; i_icon_fontawesome=&#8220;fa fa-shopping-cart&#8220; button_block=&#8220;true&#8220; add_icon=&#8220;true&#8220; link=&#8220;url:http%3A%2F%2Fshop.autohome-official.com%2Fde%2Foverzone-zubehoer%2F26-thermohaube.html|||&#8220;][\/vc_column][\/vc_row][vc_row full_width=&#8220;stretch_row&#8220; el_class=&#8220;story-skin-white mb0&#8243;][vc_column offset=&#8220;vc_hidden-lg vc_hidden-md&#8220;][vc_single_image image=&#8220;77191&#8243; img_size=&#8220;full&#8220; el_class=&#8220;white-arrow-bottom&#8220;][\/vc_column][vc_column width=&#8220;2\/3&#8243; offset=&#8220;vc_hidden-sm vc_hidden-xs&#8220;][vc_single_image image=&#8220;77195&#8243; img_size=&#8220;full&#8220; el_class=&#8220;white-arrow-left&#8220;][\/vc_column][vc_column offset=&#8220;vc_col-lg-4 vc_col-md-4 vc_hidden-sm vc_hidden-xs&#8220; el_class=&#8220;story-skin-white right&#8220;][vc_raw_html]JTNDaDQlM0VCT0RFTlNUQU5ERiVDMyU5Q1NTRSUzQyUyRmg0JTNFJTBBJTNDcCUzRSUzQ3N0cm9uZyUzRUFydC4lMjBPWiUyRjA1QSUzQyUyRnN0cm9uZyUzRSUzQyUyRnAlM0UlMEElM0NwJTNFQWNodCUyMHJvYnVzdGUlMjBCb2RlbnN0YW5kZiVDMyVCQyVDMyU5RmUlMkMlMjBkaWUlMjBlaW5lJTIwTW9udGFnZSUyMHZvbiUyME92ZXJ6b25lJTIwYXVmJTIwZGVyJTIwRXJkZSUyMGVybSVDMyVCNmdsaWNoZW4uJTIwU2llJTIwc2luZCUyMHVuZ2VmJUMzJUE0aHIlMjAyNSUyMGNtJTIwaG9jaCUyMHVuZCUyMGJpZXRlbiUyMGVpbmVuJTIwU2ljaGVyaGVpdHNhYnN0YW5kJTIwdm9yJTIwRmV1Y2h0aWdrZWl0JTJDJTIwV2Fzc2VyJTIwdW5kJTIwSW5zZWt0ZW4uJTIwS2xhcHBiYXIlMkMlMjB2ZXJzdGVsbGJhciUyMHVuZCUyMHNlaHIlMjBwbGF0enNwYXJlbmQlMkMlMjB3ZXJkZW4lMjBzaWUlMjB1bnRlciUyMGRhcyUyMEJhc2lzdGVpbCUyMHZvbiUyME92ZXJ6b25lJTIwbWl0dGVscyUyMGRlciUyMHByYWt0aXNjaGVuJTIwR3JpZmZlJTIwYW5nZWJyYWNodCUyMHVuZCUyMGslQzMlQjZubmVuJTIwYXVjaCUyMHclQzMlQTRocmVuZCUyMGRlciUyMFJlaXNlJTIwbW9udGllcnQlMjBibGVpYmVuLiUwQSUzQyUyRnAlM0UlMEElM0MlMkZiciUzRQ==[\/vc_raw_html][vc_btn title=&#8220;ONLINE SHOP&#8220; style=&#8220;flat&#8220; shape=&#8220;square&#8220; color=&#8220;danger&#8220; i_icon_fontawesome=&#8220;fa fa-shopping-cart&#8220; add_icon=&#8220;true&#8220; link=&#8220;url:http%3A%2F%2Fshop.autohome-official.com%2Fde%2Foverzone-zubehoer%2F49-bodenstandfuesse.html|||&#8220;][\/vc_column][vc_column offset=&#8220;vc_hidden-lg vc_hidden-md&#8220;][vc_raw_html el_class=&#8220;autohome_mobile_padding5&#8243;]JTNDaDQlM0VCT0RFTlNUQU5ERiVDMyU5Q1NTRSUzQyUyRmg0JTNFJTBBJTNDcCUzRSUzQ3N0cm9uZyUzRUFydC4lMjBPWiUyRjA1QSUzQyUyRnN0cm9uZyUzRSUzQyUyRnAlM0UlMEElM0NwJTNFQWNodCUyMHJvYnVzdGUlMjBCb2RlbnN0YW5kZiVDMyVCQyVDMyU5RmUlMkMlMjBkaWUlMjBlaW5lJTIwTW9udGFnZSUyMHZvbiUyME92ZXJ6b25lJTIwYXVmJTIwZGVyJTIwRXJkZSUyMGVybSVDMyVCNmdsaWNoZW4uJTIwU2llJTIwc2luZCUyMHVuZ2VmJUMzJUE0aHIlMjAyNSUyMGNtJTIwaG9jaCUyMHVuZCUyMGJpZXRlbiUyMGVpbmVuJTIwU2ljaGVyaGVpdHNhYnN0YW5kJTIwdm9yJTIwRmV1Y2h0aWdrZWl0JTJDJTIwV2Fzc2VyJTIwdW5kJTIwSW5zZWt0ZW4uJTIwS2xhcHBiYXIlMkMlMjB2ZXJzdGVsbGJhciUyMHVuZCUyMHNlaHIlMjBwbGF0enNwYXJlbmQlMkMlMjB3ZXJkZW4lMjBzaWUlMjB1bnRlciUyMGRhcyUyMEJhc2lzdGVpbCUyMHZvbiUyME92ZXJ6b25lJTIwbWl0dGVscyUyMGRlciUyMHByYWt0aXNjaGVuJTIwR3JpZmZlJTIwYW5nZWJyYWNodCUyMHVuZCUyMGslQzMlQjZubmVuJTIwYXVjaCUyMHclQzMlQTRocmVuZCUyMGRlciUyMFJlaXNlJTIwbW9udGllcnQlMjBibGVpYmVuLiUwQSUzQyUyRnAlM0UlMEElM0MlMkZiciUzRQ==[\/vc_raw_html][vc_btn title=&#8220;ONLINE SHOP&#8220; style=&#8220;flat&#8220; shape=&#8220;square&#8220; color=&#8220;danger&#8220; align=&#8220;center&#8220; i_icon_fontawesome=&#8220;fa fa-shopping-cart&#8220; button_block=&#8220;true&#8220; add_icon=&#8220;true&#8220; link=&#8220;url:http%3A%2F%2Fshop.autohome-official.com%2Fde%2Foverzone-zubehoer%2F49-bodenstandfuesse.html|||&#8220;][\/vc_column][\/vc_row]<\/p>\n","protected":false},"excerpt":{"rendered":"<p>[vc_row el_class=&#8220;subslider row-full hide-in-subpage&#8220;][vc_column][vc_custom_heading text=&#8220;OVERZONE ZUBEH\u00d6R&#8220; font_container=&#8220;tag:h1|text_align:left&#8220; use_theme_fonts=&#8220;yes&#8220;][\/vc_column][\/vc_row][vc_row full_width=&#8220;stretch_row&#8220; el_class=&#8220;story-skin-white mb0 row-full&#8220;][vc_column offset=&#8220;vc_col-lg-8&#8243; el_class=&#8220;story-skin-white left mobileNoPadding&#8220;][vc_raw_html css=&#8220;.vc_custom_1515853870411{padding-top: 0px !important;}&#8220;]JTNDaDIlMjBzdHlsZSUzRCUyMmZvbnQtc2l6ZSUzQSUyMDQwcHglM0IlMjIlM0VBVUYlMjBFUkZPTEclMjBQUk9HUkFNTUlFUlQlM0MlMkZoMiUzRSUwQSUzQ3AlM0UlMEFEaWUlMjBVbWtsZWlkZWthYmluZSUyMGlzdCUyMGF1cyUyMGRlbSUyMHNlbGJlbiUyMHF1YWxpdGF0aXZlbiUyMFN0b2ZmJTIwaGVyZ2VzdGVsbHQlMjB3aWUlMjBPdmVyem9uZSUyMHVuZCUyMGlzdCUyMG1pdCUyMGZvbGdlbmRlbiUyMFNhY2hlbiUyMGF1c2dlc3RhdHRldCUzQSUyMDQlMjBXJUMzJUE0bmRlJTIwbWl0JTIwUmVpJUMzJTlGdmVyc2NobHVzcyUyQyUyMDIlMjB3aWVkZXJ2ZXJzY2hsaWUlQzMlOUZiYXJlJTIwRmVuc3RlciUyQyUyMHZvbiUyMGRlbmVuJTIwZWluZXMlMjBmZXN0JTIwdW5kJTIwdHJhbnNwYXJlbnQlMjB1bmQlMjBkYXMlMjBhbmRlcmUlMjBtaXQlMjBNb3NraXRvbmV0eiUyMGlzdC4lMjBEaWUlMjBGZW5zdGVyJTIwc2luZCUyMGF1JUMzJTlGZXJkZW0lMjBhYmR1bmtlbGJhciUyMHVuZCUyMDIlMjBUZWxlc2tvcHN0YW5nZW4lMjBzaW5kJTIwZWJlbmZhbGxzJTIwaW4lMjBkZXIlMjBBdXNzdGF0dHVuZyUyMG1pdCUyMGRhYmVpLiUyMEVpbiUyMHByYWt0aXNjaGVzJTIwdW5kJTIwcGxhdHpzcGFyZW5kZXMlMjBadWJlaCVDMyVCNnIlMkMlMjBkYXMlMjBlaW5lJTIwdmllbGYlQzMlQTRsdGlnZSUyME51dHp1bmclMjBlcm0lQzMlQjZnbGljaHQlMjAlMjhhbHMlMjBLJUMzJUJDY2hlJTJDJTIwVW1rbGVpZGVrYWJpbmUlMjBvZGVyJTIwYWxzJTIwQXVmZW50aGFsdHNyYXVtJTIwenVtJTIwRW50c3Bhbm5lbiUyOSUwQSUzQyUyRnAlM0U=[\/vc_raw_html][\/vc_column][vc_column width=&#8220;1\/3&#8243; offset=&#8220;vc_hidden-md vc_hidden-sm vc_hidden-xs&#8220;][vc_single_image image=&#8220;75127&#8243; img_size=&#8220;full&#8220; el_class=&#8220;white-arrow-bottom&#8220;][\/vc_column][\/vc_row][vc_row<span class=\"excerpt-hellip\"> [\u2026]<\/span><\/p>\n","protected":false},"author":4,"featured_media":53698,"parent":10230,"menu_order":0,"comment_status":"closed","ping_status":"closed","template":"template-accessori.php","meta":{"footnotes":""},"class_list":["post-10243","page","type-page","status-publish","has-post-thumbnail","hentry"],"yoast_head":"<!-- This site is optimized with the Yoast SEO Premium plugin v23.7 (Yoast SEO v23.7) - https:\/\/yoast.com\/wordpress\/plugins\/seo\/ -->\n<title>Produkte: Overzone zubeh\u00f6r - Dachzelt - Autohome<\/title>\n<meta name=\"description\" content=\"Gro\u00dfe Auswahl an Overzone-Zubeh\u00f6r wie Umkleidekabine, Thermohaube, Bodenstandf\u00fc\u00dfe und vieles mehr. Entdecke mehr auf unserer Homepage!\" \/>\n<meta name=\"robots\" content=\"index, follow, max-snippet:-1, max-image-preview:large, max-video-preview:-1\" \/>\n<link rel=\"canonical\" href=\"https:\/\/www.autohome-official.com\/de\/produkte\/zubehoer\/overzone-zubehoer\/\" \/>\n<meta property=\"og:locale\" content=\"de_DE\" \/>\n<meta property=\"og:type\" content=\"article\" \/>\n<meta property=\"og:title\" content=\"Overzone zubeh\u00f6r - Autohome\" \/>\n<meta property=\"og:description\" content=\"JTNDaDIlMjBzdHlsZSUzRCUyMmZvbnQtc2l6ZSUzQSUyMDQwcHglM0IlMjIlM0VBVUYlMjBFUkZPTEclMjBQUk9HUkFNTUlFUlQlM0MlMkZoMiUzRSUwQSUzQ3AlM0UlMEFEaWUlMjBVbWtsZWlkZWthYmlu\" \/>\n<meta property=\"og:url\" content=\"https:\/\/www.autohome-official.com\/de\/produkte\/zubehoer\/overzone-zubehoer\/\" \/>\n<meta property=\"og:site_name\" content=\"Autohome\" \/>\n<meta property=\"article:publisher\" content=\"https:\/\/www.facebook.com\/Autohome.Official.Page\" \/>\n<meta property=\"article:modified_time\" content=\"2024-05-09T08:13:48+00:00\" \/>\n<meta property=\"og:image\" content=\"https:\/\/www.autohome-official.com\/wp-content\/uploads\/2021\/01\/Overzone-Autohome-Official.jpg\" \/>\n\t<meta property=\"og:image:width\" content=\"800\" \/>\n\t<meta property=\"og:image:height\" content=\"533\" \/>\n\t<meta property=\"og:image:type\" content=\"image\/jpeg\" \/>\n<meta name=\"twitter:card\" content=\"summary_large_image\" \/>\n<meta name=\"twitter:label1\" content=\"Gesch\u00e4tzte Lesezeit\" \/>\n\t<meta name=\"twitter:data1\" content=\"4\u00a0Minuten\" \/>\n<script type=\"application\/ld+json\" class=\"yoast-schema-graph\">{\"@context\":\"https:\/\/schema.org\",\"@graph\":[{\"@type\":\"WebPage\",\"@id\":\"https:\/\/www.autohome-official.com\/de\/produkte\/zubehoer\/overzone-zubehoer\/\",\"url\":\"https:\/\/www.autohome-official.com\/de\/produkte\/zubehoer\/overzone-zubehoer\/\",\"name\":\"Produkte: Overzone zubeh\u00f6r - Dachzelt - Autohome\",\"isPartOf\":{\"@id\":\"https:\/\/www.autohome-official.com\/#website\"},\"primaryImageOfPage\":{\"@id\":\"https:\/\/www.autohome-official.com\/de\/produkte\/zubehoer\/overzone-zubehoer\/#primaryimage\"},\"image\":{\"@id\":\"https:\/\/www.autohome-official.com\/de\/produkte\/zubehoer\/overzone-zubehoer\/#primaryimage\"},\"thumbnailUrl\":\"https:\/\/www.autohome-official.com\/wp-content\/uploads\/2021\/01\/Overzone-Autohome-Official.jpg\",\"datePublished\":\"2016-12-29T09:45:30+00:00\",\"dateModified\":\"2024-05-09T08:13:48+00:00\",\"description\":\"Gro\u00dfe Auswahl an Overzone-Zubeh\u00f6r wie Umkleidekabine, Thermohaube, Bodenstandf\u00fc\u00dfe und vieles mehr. Entdecke mehr auf unserer Homepage!\",\"breadcrumb\":{\"@id\":\"https:\/\/www.autohome-official.com\/de\/produkte\/zubehoer\/overzone-zubehoer\/#breadcrumb\"},\"inLanguage\":\"de\",\"potentialAction\":[{\"@type\":\"ReadAction\",\"target\":[\"https:\/\/www.autohome-official.com\/de\/produkte\/zubehoer\/overzone-zubehoer\/\"]}]},{\"@type\":\"ImageObject\",\"inLanguage\":\"de\",\"@id\":\"https:\/\/www.autohome-official.com\/de\/produkte\/zubehoer\/overzone-zubehoer\/#primaryimage\",\"url\":\"https:\/\/www.autohome-official.com\/wp-content\/uploads\/2021\/01\/Overzone-Autohome-Official.jpg\",\"contentUrl\":\"https:\/\/www.autohome-official.com\/wp-content\/uploads\/2021\/01\/Overzone-Autohome-Official.jpg\",\"width\":800,\"height\":533,\"caption\":\"Overzone Autohome Official\"},{\"@type\":\"BreadcrumbList\",\"@id\":\"https:\/\/www.autohome-official.com\/de\/produkte\/zubehoer\/overzone-zubehoer\/#breadcrumb\",\"itemListElement\":[{\"@type\":\"ListItem\",\"position\":1,\"name\":\"Home\",\"item\":\"https:\/\/www.autohome-official.com\/de\/\"},{\"@type\":\"ListItem\",\"position\":2,\"name\":\"Produkte\",\"item\":\"https:\/\/www.autohome-official.com\/de\/produkte\/\"},{\"@type\":\"ListItem\",\"position\":3,\"name\":\"Zubeh\u00f6r\",\"item\":\"https:\/\/www.autohome-official.com\/de\/produkte\/zubehoer\/\"},{\"@type\":\"ListItem\",\"position\":4,\"name\":\"Overzone zubeh\u00f6r\"}]},{\"@type\":\"WebSite\",\"@id\":\"https:\/\/www.autohome-official.com\/#website\",\"url\":\"https:\/\/www.autohome-official.com\/\",\"name\":\"Autohome\",\"description\":\"dachzelt  - roof top tents Made in Italy\",\"publisher\":{\"@id\":\"https:\/\/www.autohome-official.com\/#organization\"},\"alternateName\":\"Autohome Official\",\"potentialAction\":[{\"@type\":\"SearchAction\",\"target\":{\"@type\":\"EntryPoint\",\"urlTemplate\":\"https:\/\/www.autohome-official.com\/?s={search_term_string}\"},\"query-input\":{\"@type\":\"PropertyValueSpecification\",\"valueRequired\":true,\"valueName\":\"search_term_string\"}}],\"inLanguage\":\"de\"},{\"@type\":\"Organization\",\"@id\":\"https:\/\/www.autohome-official.com\/#organization\",\"name\":\"Autohome\",\"alternateName\":\"Autohome Official\",\"url\":\"https:\/\/www.autohome-official.com\/\",\"logo\":{\"@type\":\"ImageObject\",\"inLanguage\":\"de\",\"@id\":\"https:\/\/www.autohome-official.com\/#\/schema\/logo\/image\/\",\"url\":\"https:\/\/www.autohome-official.com\/wp-content\/uploads\/2026\/02\/Maggiolina-Autohome-logo.jpg\",\"contentUrl\":\"https:\/\/www.autohome-official.com\/wp-content\/uploads\/2026\/02\/Maggiolina-Autohome-logo.jpg\",\"width\":512,\"height\":512,\"caption\":\"Autohome\"},\"image\":{\"@id\":\"https:\/\/www.autohome-official.com\/#\/schema\/logo\/image\/\"},\"sameAs\":[\"https:\/\/www.facebook.com\/Autohome.Official.Page\",\"https:\/\/www.instagram.com\/autohome_official\/\",\"http:\/\/www.youtube.com\/user\/AutohomeOfficial\"],\"description\":\"Le prime tende da tetto auto al mondo, prodotte in Italia dal 1958.\",\"email\":\"info@autohome.it\",\"telephone\":\"0039 0376 99590\",\"legalName\":\"Zifer Italia SRL\",\"vatID\":\"IT01329850208\"}]}<\/script>\n<!-- \/ Yoast SEO Premium plugin. -->","yoast_head_json":{"title":"Produkte: Overzone zubeh\u00f6r - Dachzelt - Autohome","description":"Gro\u00dfe Auswahl an Overzone-Zubeh\u00f6r wie Umkleidekabine, Thermohaube, Bodenstandf\u00fc\u00dfe und vieles mehr. Entdecke mehr auf unserer Homepage!","robots":{"index":"index","follow":"follow","max-snippet":"max-snippet:-1","max-image-preview":"max-image-preview:large","max-video-preview":"max-video-preview:-1"},"canonical":"https:\/\/www.autohome-official.com\/de\/produkte\/zubehoer\/overzone-zubehoer\/","og_locale":"de_DE","og_type":"article","og_title":"Overzone zubeh\u00f6r - Autohome","og_description":"JTNDaDIlMjBzdHlsZSUzRCUyMmZvbnQtc2l6ZSUzQSUyMDQwcHglM0IlMjIlM0VBVUYlMjBFUkZPTEclMjBQUk9HUkFNTUlFUlQlM0MlMkZoMiUzRSUwQSUzQ3AlM0UlMEFEaWUlMjBVbWtsZWlkZWthYmlu","og_url":"https:\/\/www.autohome-official.com\/de\/produkte\/zubehoer\/overzone-zubehoer\/","og_site_name":"Autohome","article_publisher":"https:\/\/www.facebook.com\/Autohome.Official.Page","article_modified_time":"2024-05-09T08:13:48+00:00","og_image":[{"width":800,"height":533,"url":"https:\/\/www.autohome-official.com\/wp-content\/uploads\/2021\/01\/Overzone-Autohome-Official.jpg","type":"image\/jpeg"}],"twitter_card":"summary_large_image","twitter_misc":{"Gesch\u00e4tzte Lesezeit":"4\u00a0Minuten"},"schema":{"@context":"https:\/\/schema.org","@graph":[{"@type":"WebPage","@id":"https:\/\/www.autohome-official.com\/de\/produkte\/zubehoer\/overzone-zubehoer\/","url":"https:\/\/www.autohome-official.com\/de\/produkte\/zubehoer\/overzone-zubehoer\/","name":"Produkte: Overzone zubeh\u00f6r - Dachzelt - Autohome","isPartOf":{"@id":"https:\/\/www.autohome-official.com\/#website"},"primaryImageOfPage":{"@id":"https:\/\/www.autohome-official.com\/de\/produkte\/zubehoer\/overzone-zubehoer\/#primaryimage"},"image":{"@id":"https:\/\/www.autohome-official.com\/de\/produkte\/zubehoer\/overzone-zubehoer\/#primaryimage"},"thumbnailUrl":"https:\/\/www.autohome-official.com\/wp-content\/uploads\/2021\/01\/Overzone-Autohome-Official.jpg","datePublished":"2016-12-29T09:45:30+00:00","dateModified":"2024-05-09T08:13:48+00:00","description":"Gro\u00dfe Auswahl an Overzone-Zubeh\u00f6r wie Umkleidekabine, Thermohaube, Bodenstandf\u00fc\u00dfe und vieles mehr. Entdecke mehr auf unserer Homepage!","breadcrumb":{"@id":"https:\/\/www.autohome-official.com\/de\/produkte\/zubehoer\/overzone-zubehoer\/#breadcrumb"},"inLanguage":"de","potentialAction":[{"@type":"ReadAction","target":["https:\/\/www.autohome-official.com\/de\/produkte\/zubehoer\/overzone-zubehoer\/"]}]},{"@type":"ImageObject","inLanguage":"de","@id":"https:\/\/www.autohome-official.com\/de\/produkte\/zubehoer\/overzone-zubehoer\/#primaryimage","url":"https:\/\/www.autohome-official.com\/wp-content\/uploads\/2021\/01\/Overzone-Autohome-Official.jpg","contentUrl":"https:\/\/www.autohome-official.com\/wp-content\/uploads\/2021\/01\/Overzone-Autohome-Official.jpg","width":800,"height":533,"caption":"Overzone Autohome Official"},{"@type":"BreadcrumbList","@id":"https:\/\/www.autohome-official.com\/de\/produkte\/zubehoer\/overzone-zubehoer\/#breadcrumb","itemListElement":[{"@type":"ListItem","position":1,"name":"Home","item":"https:\/\/www.autohome-official.com\/de\/"},{"@type":"ListItem","position":2,"name":"Produkte","item":"https:\/\/www.autohome-official.com\/de\/produkte\/"},{"@type":"ListItem","position":3,"name":"Zubeh\u00f6r","item":"https:\/\/www.autohome-official.com\/de\/produkte\/zubehoer\/"},{"@type":"ListItem","position":4,"name":"Overzone zubeh\u00f6r"}]},{"@type":"WebSite","@id":"https:\/\/www.autohome-official.com\/#website","url":"https:\/\/www.autohome-official.com\/","name":"Autohome","description":"dachzelt  - roof top tents Made in Italy","publisher":{"@id":"https:\/\/www.autohome-official.com\/#organization"},"alternateName":"Autohome Official","potentialAction":[{"@type":"SearchAction","target":{"@type":"EntryPoint","urlTemplate":"https:\/\/www.autohome-official.com\/?s={search_term_string}"},"query-input":{"@type":"PropertyValueSpecification","valueRequired":true,"valueName":"search_term_string"}}],"inLanguage":"de"},{"@type":"Organization","@id":"https:\/\/www.autohome-official.com\/#organization","name":"Autohome","alternateName":"Autohome Official","url":"https:\/\/www.autohome-official.com\/","logo":{"@type":"ImageObject","inLanguage":"de","@id":"https:\/\/www.autohome-official.com\/#\/schema\/logo\/image\/","url":"https:\/\/www.autohome-official.com\/wp-content\/uploads\/2026\/02\/Maggiolina-Autohome-logo.jpg","contentUrl":"https:\/\/www.autohome-official.com\/wp-content\/uploads\/2026\/02\/Maggiolina-Autohome-logo.jpg","width":512,"height":512,"caption":"Autohome"},"image":{"@id":"https:\/\/www.autohome-official.com\/#\/schema\/logo\/image\/"},"sameAs":["https:\/\/www.facebook.com\/Autohome.Official.Page","https:\/\/www.instagram.com\/autohome_official\/","http:\/\/www.youtube.com\/user\/AutohomeOfficial"],"description":"Le prime tende da tetto auto al mondo, prodotte in Italia dal 1958.","email":"info@autohome.it","telephone":"0039 0376 99590","legalName":"Zifer Italia SRL","vatID":"IT01329850208"}]}},"_links":{"self":[{"href":"https:\/\/www.autohome-official.com\/de\/wp-json\/wp\/v2\/pages\/10243"}],"collection":[{"href":"https:\/\/www.autohome-official.com\/de\/wp-json\/wp\/v2\/pages"}],"about":[{"href":"https:\/\/www.autohome-official.com\/de\/wp-json\/wp\/v2\/types\/page"}],"author":[{"embeddable":true,"href":"https:\/\/www.autohome-official.com\/de\/wp-json\/wp\/v2\/users\/4"}],"replies":[{"embeddable":true,"href":"https:\/\/www.autohome-official.com\/de\/wp-json\/wp\/v2\/comments?post=10243"}],"version-history":[{"count":2,"href":"https:\/\/www.autohome-official.com\/de\/wp-json\/wp\/v2\/pages\/10243\/revisions"}],"predecessor-version":[{"id":77198,"href":"https:\/\/www.autohome-official.com\/de\/wp-json\/wp\/v2\/pages\/10243\/revisions\/77198"}],"up":[{"embeddable":true,"href":"https:\/\/www.autohome-official.com\/de\/wp-json\/wp\/v2\/pages\/10230"}],"wp:featuredmedia":[{"embeddable":true,"href":"https:\/\/www.autohome-official.com\/de\/wp-json\/wp\/v2\/media\/53698"}],"wp:attachment":[{"href":"https:\/\/www.autohome-official.com\/de\/wp-json\/wp\/v2\/media?parent=10243"}],"curies":[{"name":"wp","href":"https:\/\/api.w.org\/{rel}","templated":true}]}}