{"id":10758,"date":"2017-01-11T16:33:07","date_gmt":"2017-01-11T15:33:07","guid":{"rendered":"https:\/\/www.autohome-official.com\/de\/note-legali\/"},"modified":"2025-09-19T11:56:50","modified_gmt":"2025-09-19T09:56:50","slug":"rechtliche-hinweise","status":"publish","type":"page","link":"https:\/\/www.autohome-official.com\/de\/rechtliche-hinweise\/","title":{"rendered":"Rechtliche Hinweise"},"content":{"rendered":"<p>[vc_row el_class=&#8220;story-skin-white mb0&#8243; css=&#8220;.vc_custom_1484143920958{padding-top: 78px !important;}&#8220;][vc_column]<pre><span><span><a href=\"https:\/\/www.autohome-official.com\/de\/\">Home<\/a><\/span><\/span><\/pre>\n[\/vc_column][\/vc_row][vc_row el_class=&#8220;story-skin-white row-90&#8243;][vc_column][vc_column_text]<\/p>\n<h1>RECHTLICHE HINWEISE<\/h1>\n<h2>Informationen \u00fcber die Gesellschaft<\/h2>\n<p>Zifer Italia S.r.l &#8211; Viale Risorgimento, 23 46017 Rivarolo Mantovano (MN)- voll eingezahltes Gesellschaftskapital \u20ac 88.000,00 \u2013 eingetragen beim Handelsregisteramt von Mantua \u2013Eintragung im VWV (Verzeichnis der Wirtschafts- und Verwaltungsnachrichten) MN Nr. 15213 &#8211; Handelsregister MN 01329850208 \u2013 Register Gericht MN Nr. 9513 \u2013 Steuernummer und Umsatzsteuer-Identifikationsnummer IT01329850208 \u2013 Zertifizierte elektronische Post (Zep): ziferitalia@pec-mynet.it Gesch\u00e4ftsf\u00fchrende Gesellschafter und Rechtsvertreter der Gesellschaft: Fercodini Giuseppe und Fercodini Giacomo.<\/p>\n<h2>1. VORWORT<\/h2>\n<p>Das Surfen auf dieser Website unterliegt den hier angegebenen Nutzungsbedingungen.<br \/>\nBenutzer, die diese Website besuchen, unterliegen diesen Allgemeinen Nutzungsbedingungen und Nutzungsarten.<br \/>\nDer Benutzer, der mit den Allgemeinen Nutzungsbedingungen und Nutzungsarten der Website in ihrer Gesamtheit nicht einverstanden sein oder diese nicht verstehen sollte, darf die Website nicht weiter nutzen. Das Navigieren in der Website ist kostenlos, mit Ausnahme der Telefon- oder sonstigen Kosten, die f\u00fcr die Verbindung zum Netz erforderlich sind und vom Benutzer getragen werden. Wir behalten uns vor, die Nutzungsbedingungen jederzeit auch wesentlich zu \u00e4ndern. Die Benutzer werden davon durch die Ver\u00f6ffentlichung auf dieser Website in Kenntnis gesetzt. Die Website www.shop.autohome-official.com e www.autohome-official.com ist Alleineigentum von ZIFER ITALIA S.r.l. mit Unternehmenssitz in Rivarolo Mantovano, viale Risorgimento 23 (Umsatzsteuer-Identifikationsnummer und Steuernummer 01329850208).<\/p>\n<h2>2. BENUTZERPFLICHTEN<\/h2>\n<p>&#8222;Benutzer&#8220; bezeichnet die Person, die die auf der Website angebotenen Dienste nutzt. Der Benutzer, der auf dieser Website surft, muss sicherstellen, dass er die grundlegenden IT-Sicherheitsma\u00dfnahmen (z.B. Antivirus, Firewall usw.) einh\u00e4lt. Der Benutzer ist verpflichtet, diese Website in \u00dcbereinstimmung mit dem Gesetz, der \u00f6ffentlichen Ordnung, den guten Sitten und allem, was auf der oben genannten Website festgelegt ist, zu nutzen.<br \/>\nDem Benutzer ist es ausdr\u00fccklich untersagt:<br \/>\n\u2022 illegales, schikan\u00f6ses, verleumderisches, beleidigendes, bedrohendes, vulg\u00e4res, pornographisches Material zu verbreiten;<br \/>\n\u2022 Material zu \u00fcbermitteln, das zu Verhaltensweisen ermutigt, die gegen geltende Gesetze, Verhaltenskodizes oder dergleichen versto\u00dfen;<br \/>\n\u2022 Unbefugten Zugriff auf andere Computernetzwerke auszu\u00fcben, sich unter Nutzung der Website durch Dritte einzuschalten und gegen Gesetze oder Vorschriften zur Nutzung \u00f6ffentlicher Telekommunikationsnetze zu versto\u03b2en;<br \/>\n\u2022 die mit der Website verkn\u00fcpften Netzwerke oder Websites zu st\u00f6ren oder in irgendeiner Weise zu besch\u00e4digen oder einzuschr\u00e4nken;<br \/>\n\u2022 Elektronische Kopien von Material, das dem Eigent\u00fcmer der Website und des Dienstes geh\u00f6rt, ohne Genehmigung zu erstellen, zu \u00fcbertragen oder zu archivieren;<br \/>\nDer im sozialen Netzwerk registrierte Benutzer, der seine Kommentare, Twits oder Fotos auf den sozialen Seiten von ZIFER ITALIA SRL &#8211; Autohome teilt, akzeptiert, dass solche Mitteilungen \/ Uploads ebenso auf dieser Website geteilt werden. Auf jeden Fall muss das Verbot bedrohlicher, diffamierender, beleidigender, pornographischer, verabscheuenswerter Ausdr\u00fccke beim Hochladen von Dateien \/ Links \/ Bildern \/ Nachrichten usw. befolgt werden. Durch das Hochladen dieser Inhalte \u00fcbernimmt der Benutzer jede Verantwortung f\u00fcr den darin enthaltenen Inhalt.<\/p>\n<h2>3. GEW\u00c4HRLEISTUNGSVERPFLICHTUNGEN DES DIENSTES UND HAFTUNGSBEFREIUNGEN<\/h2>\n<p>ZIFER ITALIA SRL verpflichtet sich, dem Benutzer die Verwendbarkeit dieser Website und der darin angebotenen Dienste sowie der damit verbundenen Kommunikationstools (z.B. Social) bereitzustellen und f\u00fcr deren Implementierung in \u00dcbereinstimmung mit dem aktuellen Entwicklungsstand der IT-Tools zu sorgen.<br \/>\nDie Website wird ohne Erteilung einer besonderen Garantie oder Lizenz zur Verf\u00fcgung gestellt und der Benutzer, der sie nutzt, \u00fcbernimmt alle Risiken, die mit der Nutzung des Internets und der Computeranwendungen (Hardware und Software) verbunden sind.<br \/>\nZIFER ITALIA SRL \u00fcbernimmt keine Gew\u00e4hr oder Verantwortung f\u00fcr die Richtigkeit und Vollst\u00e4ndigkeit der auf der Website ver\u00f6ffentlichten Informationen. Soweit gesetzlich zul\u00e4ssig, lehnt das Unternehmen jegliche Haftung oder Verpflichtung jeglicher Art ab, die sich aus oder in irgendeiner Weise im Zusammenhang mit der Nutzung dieser Website oder ihres Inhalts ergibt.<br \/>\nDer Inhaber der Website haftet daher weder f\u00fcr Sch\u00e4den und \/ oder Verluste und \/ oder Fehlfunktionen und \/ oder Beeintr\u00e4chtigungen jeglicher Art, die dem Benutzer aus der Nutzung des bereitgestellten Dienste, noch f\u00fcr eine Kontaminierung des Computersystems aus dem Zugriff, aus der Verbindung, aus dem Herunterladen von Material und Computerprogrammen von der Website (z. B. Viren oder Schadsoftware) entstehen k\u00f6nnen; daher sind die diesbez\u00fcglichen Reparatur- \/ Wiederherstellungskosten vom Benutzer zu tragen.<br \/>\nIm Einzelnen lehnt ZIFER ITALIA SRL jegliche Verantwortung ab f\u00fcr:<br \/>\n\u2022 Inkompatibilit\u00e4t der Website mit den Ger\u00e4ten, der Software und den Telekommunikationsverbindungen, die dem Benutzer zur Verf\u00fcgung stehen;<br \/>\n\u2022 technische Probleme einschlie\u00dflich Fehler oder Unterbrechungen der Webseite;<br \/>\n\u2022 Attacken, denen der Benutzer beim Surfen ausgesetzt ist (z.B. Viren, Schadsoftware)<br \/>\n\u2022 Sch\u00e4den an Computerausr\u00fcstung \/ Software, die der Benutzer zum Surfen verwendet.<br \/>\nZIFER ITALIA SRL beh\u00e4lt sich au\u00dferdem das Recht vor, Teile der Website ohne vorherige Ank\u00fcndigung zu ver\u00e4ndern, zu erg\u00e4nzen oder zu l\u00f6schen sowie die Ver\u00f6ffentlichung zeitweise oder auf unbestimmte Zeit ganz oder teilweise einzustellen.<br \/>\nDas Unternehmen ist nicht verantwortlich f\u00fcr Nutzungen dieser Website und der darin angebotenen Dienste; Nutzungen, derer sich der Benutzer oder Dritte bedienen und dabei gegen das Gesetz, die guten Sitten oder die \u00f6ffentliche Ordnung oder die Bestimmungen dieser Nutzungsbedingungen versto\u00dfen. Das Unternehmen hat das Recht, Links zu Websites Dritter zu verwenden, um den Benutzern die angebotenen Dienste ohne jede Verantwortung verwendbar zu machen, indem es keinerlei Kontrolle \u00fcber die Links zu diesen Websites und deren Inhalt aus\u00fcbt, und nicht f\u00fcr &#8211; m\u00f6glicherweise illegale Inhalte &#8211; dieser direkt oder indirekt verbundenen Websites haftet. Der Benutzer darf die Links zu dieser Website verwenden, vorausgesetzt, dass diese nicht reproduziert werden.<br \/>\n\u2022 Der Zugriff auf die Website kann aufgrund von Reparaturen, Wartungsarbeiten oder der Aufnahme neuer Tools und Dienste vor\u00fcbergehend unterbrochen werden. ZIFER ITALIA SRL verpflichtet sich, die regelm\u00e4\u00dfige Verf\u00fcgbarkeit der Website rund um die Uhr zu gew\u00e4hrleisten, haftet jedoch nicht, wenn die Website aus irgendeinem Grund zu einem bestimmten Zeitpunkt oder f\u00fcr einen bestimmten Zeitraum nicht verf\u00fcgbar ist.<\/p>\n<h2>4. GEWERBLICHE UND GEISTIGE EIGENTUMSRECHTE<\/h2>\n<p>Diese Website ist durch die geltenden italienischen Gesetze zum gewerblichen Eigentum und Urheberrecht gesch\u00fctzt..<br \/>\nAlle Inhalte der Website, wie \u2013 lediglich als Beispiel und nicht ausschlie\u00dflich &#8211; Texte, Bilder, Grafiken, Icons, Logos, Marken, digitale Downloads, Datensammlungen, Software, Videos, technische Datenbl\u00e4tter, Fotografien, grafische Bilder, Video-Tonspuren , Grafiken, Symbole sowie s\u00e4mtliche Software und Inhalte sind ausschlie\u00dfliches Eigentum von ZIFER ITALIA SRL oder von Partnern oder Dritten, die ZIFER ITALIA SRL die Nutzung dieser genehmigt haben. Die Nutzung dieser Website sieht weder die Erteilung von Lizenzen noch das Recht zur Nutzung der Marken und \/ oder Materialien auf der Website oder Genehmigungen f\u00fcr die Verwendung der Inhalte auf der Website vor, wie (eine als Beispiel geeignete, aber nicht ausschlie\u00dfliche Liste) Grafiken, Icons, Logos, Bilder, digitale Downloads, Datensammlungen, Software, Videos, Datenbl\u00e4tter.<br \/>\nEs ist dem Benutzer untersagt, die auf der Website ver\u00f6ffentlichten Inhalte zu kopieren, zu ver\u00f6ffentlichen, zu verbreiten, zu \u00fcbertragen, zu speichern, zu duplizieren, zu reproduzieren und zu verwenden, weiterzuleiten und \/ oder anderweitig bereitzustellen, au\u00dfer in F\u00e4llen, in denen dies auf der Website ausdr\u00fccklich vorgesehen ist und jedenfalls nur und ausschlie\u00dflich zum pers\u00f6nlichen und nicht-kommerziellen Gebrauch.<\/p>\n<h2>5. ANWENDBARES RECHT UND GERICHTSSTAND<\/h2>\n<p>Das anwendbare Recht auf die Beziehungen, die sich aus der Nutzung dieser Website und aus der Nutzung der angebotenen Dienste ergeben, ist italienisches Recht. Die hier angegebenen allgemeinen Nutzungsbedingungen sind im Lichte und in \u00dcbereinstimmung mit dem geltenden italienischen Recht auszulegen. Im Streitfall ist ausschlie\u00dflich das Gericht von Mantua h zust\u00e4ndig.<\/p>\n<h2>6. DISPOSIZIONI FINALI<\/h2>\n<p>Diese rechtlichen Hinweise sind fester Bestandteil der Website, auf der sie sich befinden. Eine vollst\u00e4ndige oder teilweise Unwirksamkeit oder Ung\u00fcltigkeit einzelner Teile dieser rechtlichen Hinweise spricht den \u00fcbrigen Teilen derselben rechtlichen Hinweise ihre Wirksamkeit nicht ab.<br \/>\nF\u00fcr alles, was in diesen rechtlichen Hinweisen nicht ausdr\u00fccklich aufgef\u00fchrt ist, wird auf die Vorschriften des B\u00fcrgerlichen Gesetzbuches und die auf dem Staatsgebiet einschl\u00e4gigen Gesetzesbestimmungen einschlie\u00dflich Regelungen verwiesen.<br \/>\n[\/vc_column_text][\/vc_column][\/vc_row]<\/p>\n","protected":false},"excerpt":{"rendered":"<p>[vc_row el_class=&#8220;story-skin-white mb0&#8243; css=&#8220;.vc_custom_1484143920958{padding-top: 78px !important;}&#8220;][vc_column][\/vc_column][\/vc_row][vc_row el_class=&#8220;story-skin-white row-90&#8243;][vc_column][vc_column_text] RECHTLICHE HINWEISE Informationen \u00fcber die Gesellschaft Zifer Italia S.r.l &#8211; Viale Risorgimento, 23 46017 Rivarolo Mantovano (MN)- voll<span class=\"excerpt-hellip\"> [\u2026]<\/span><\/p>\n","protected":false},"author":4,"featured_media":0,"parent":0,"menu_order":0,"comment_status":"closed","ping_status":"closed","template":"","meta":{"footnotes":""},"class_list":["post-10758","page","type-page","status-publish","hentry"],"yoast_head":"<!-- This site is optimized with the Yoast SEO Premium plugin v23.7 (Yoast SEO v23.7) - https:\/\/yoast.com\/wordpress\/plugins\/seo\/ -->\n<title>Rechtliche Hinweise - Autohome Dachzelt<\/title>\n<meta name=\"description\" content=\"RECHTLICHE HINWEISE Informationen \u00fcber die Gesellschaft Zifer Italia S.r.l - Viale Risorgimento, 23 46017 Rivarolo Mantovano (MN)- voll eingezahltes\" \/>\n<meta name=\"robots\" content=\"index, follow, max-snippet:-1, max-image-preview:large, max-video-preview:-1\" \/>\n<link rel=\"canonical\" href=\"https:\/\/www.autohome-official.com\/de\/rechtliche-hinweise\/\" \/>\n<meta property=\"og:locale\" content=\"de_DE\" \/>\n<meta property=\"og:type\" content=\"article\" \/>\n<meta property=\"og:title\" content=\"Rechtliche Hinweise - Autohome\" \/>\n<meta property=\"og:description\" content=\"RECHTLICHE HINWEISE Informationen \u00fcber die Gesellschaft Zifer Italia S.r.l - Viale Risorgimento, 23 46017 Rivarolo Mantovano (MN)- voll eingezahltes\" \/>\n<meta property=\"og:url\" content=\"https:\/\/www.autohome-official.com\/de\/rechtliche-hinweise\/\" \/>\n<meta property=\"og:site_name\" content=\"Autohome\" \/>\n<meta property=\"article:publisher\" content=\"https:\/\/www.facebook.com\/Autohome.Official.Page\" \/>\n<meta property=\"article:modified_time\" content=\"2025-09-19T09:56:50+00:00\" \/>\n<meta property=\"og:image\" content=\"https:\/\/www.autohome-official.com\/wp-content\/uploads\/2026\/02\/Maggiolina-Autohome-logo.jpg\" \/>\n\t<meta property=\"og:image:width\" content=\"512\" \/>\n\t<meta property=\"og:image:height\" content=\"512\" \/>\n\t<meta property=\"og:image:type\" content=\"image\/jpeg\" \/>\n<meta name=\"twitter:card\" content=\"summary_large_image\" \/>\n<meta name=\"twitter:label1\" content=\"Gesch\u00e4tzte Lesezeit\" \/>\n\t<meta name=\"twitter:data1\" content=\"7\u00a0Minuten\" \/>\n<script type=\"application\/ld+json\" class=\"yoast-schema-graph\">{\"@context\":\"https:\/\/schema.org\",\"@graph\":[{\"@type\":\"WebPage\",\"@id\":\"https:\/\/www.autohome-official.com\/de\/rechtliche-hinweise\/\",\"url\":\"https:\/\/www.autohome-official.com\/de\/rechtliche-hinweise\/\",\"name\":\"Rechtliche Hinweise - Autohome Dachzelt\",\"isPartOf\":{\"@id\":\"https:\/\/www.autohome-official.com\/#website\"},\"datePublished\":\"2017-01-11T15:33:07+00:00\",\"dateModified\":\"2025-09-19T09:56:50+00:00\",\"description\":\"RECHTLICHE HINWEISE Informationen \u00fcber die Gesellschaft Zifer Italia S.r.l - Viale Risorgimento, 23 46017 Rivarolo Mantovano (MN)- voll eingezahltes\",\"breadcrumb\":{\"@id\":\"https:\/\/www.autohome-official.com\/de\/rechtliche-hinweise\/#breadcrumb\"},\"inLanguage\":\"de\",\"potentialAction\":[{\"@type\":\"ReadAction\",\"target\":[\"https:\/\/www.autohome-official.com\/de\/rechtliche-hinweise\/\"]}]},{\"@type\":\"BreadcrumbList\",\"@id\":\"https:\/\/www.autohome-official.com\/de\/rechtliche-hinweise\/#breadcrumb\",\"itemListElement\":[{\"@type\":\"ListItem\",\"position\":1,\"name\":\"Home\",\"item\":\"https:\/\/www.autohome-official.com\/de\/\"},{\"@type\":\"ListItem\",\"position\":2,\"name\":\"Rechtliche Hinweise\"}]},{\"@type\":\"WebSite\",\"@id\":\"https:\/\/www.autohome-official.com\/#website\",\"url\":\"https:\/\/www.autohome-official.com\/\",\"name\":\"Autohome\",\"description\":\"dachzelt  - roof top tents Made in Italy\",\"publisher\":{\"@id\":\"https:\/\/www.autohome-official.com\/#organization\"},\"alternateName\":\"Autohome Official\",\"potentialAction\":[{\"@type\":\"SearchAction\",\"target\":{\"@type\":\"EntryPoint\",\"urlTemplate\":\"https:\/\/www.autohome-official.com\/?s={search_term_string}\"},\"query-input\":{\"@type\":\"PropertyValueSpecification\",\"valueRequired\":true,\"valueName\":\"search_term_string\"}}],\"inLanguage\":\"de\"},{\"@type\":\"Organization\",\"@id\":\"https:\/\/www.autohome-official.com\/#organization\",\"name\":\"Autohome\",\"alternateName\":\"Autohome Official\",\"url\":\"https:\/\/www.autohome-official.com\/\",\"logo\":{\"@type\":\"ImageObject\",\"inLanguage\":\"de\",\"@id\":\"https:\/\/www.autohome-official.com\/#\/schema\/logo\/image\/\",\"url\":\"https:\/\/www.autohome-official.com\/wp-content\/uploads\/2026\/02\/Maggiolina-Autohome-logo.jpg\",\"contentUrl\":\"https:\/\/www.autohome-official.com\/wp-content\/uploads\/2026\/02\/Maggiolina-Autohome-logo.jpg\",\"width\":512,\"height\":512,\"caption\":\"Autohome\"},\"image\":{\"@id\":\"https:\/\/www.autohome-official.com\/#\/schema\/logo\/image\/\"},\"sameAs\":[\"https:\/\/www.facebook.com\/Autohome.Official.Page\",\"https:\/\/www.instagram.com\/autohome_official\/\",\"http:\/\/www.youtube.com\/user\/AutohomeOfficial\"],\"description\":\"Le prime tende da tetto auto al mondo, prodotte in Italia dal 1958.\",\"email\":\"info@autohome.it\",\"telephone\":\"0039 0376 99590\",\"legalName\":\"Zifer Italia SRL\",\"vatID\":\"IT01329850208\"}]}<\/script>\n<!-- \/ Yoast SEO Premium plugin. -->","yoast_head_json":{"title":"Rechtliche Hinweise - Autohome Dachzelt","description":"RECHTLICHE HINWEISE Informationen \u00fcber die Gesellschaft Zifer Italia S.r.l - Viale Risorgimento, 23 46017 Rivarolo Mantovano (MN)- voll eingezahltes","robots":{"index":"index","follow":"follow","max-snippet":"max-snippet:-1","max-image-preview":"max-image-preview:large","max-video-preview":"max-video-preview:-1"},"canonical":"https:\/\/www.autohome-official.com\/de\/rechtliche-hinweise\/","og_locale":"de_DE","og_type":"article","og_title":"Rechtliche Hinweise - Autohome","og_description":"RECHTLICHE HINWEISE Informationen \u00fcber die Gesellschaft Zifer Italia S.r.l - Viale Risorgimento, 23 46017 Rivarolo Mantovano (MN)- voll eingezahltes","og_url":"https:\/\/www.autohome-official.com\/de\/rechtliche-hinweise\/","og_site_name":"Autohome","article_publisher":"https:\/\/www.facebook.com\/Autohome.Official.Page","article_modified_time":"2025-09-19T09:56:50+00:00","og_image":[{"width":512,"height":512,"url":"https:\/\/www.autohome-official.com\/wp-content\/uploads\/2026\/02\/Maggiolina-Autohome-logo.jpg","type":"image\/jpeg"}],"twitter_card":"summary_large_image","twitter_misc":{"Gesch\u00e4tzte Lesezeit":"7\u00a0Minuten"},"schema":{"@context":"https:\/\/schema.org","@graph":[{"@type":"WebPage","@id":"https:\/\/www.autohome-official.com\/de\/rechtliche-hinweise\/","url":"https:\/\/www.autohome-official.com\/de\/rechtliche-hinweise\/","name":"Rechtliche Hinweise - Autohome Dachzelt","isPartOf":{"@id":"https:\/\/www.autohome-official.com\/#website"},"datePublished":"2017-01-11T15:33:07+00:00","dateModified":"2025-09-19T09:56:50+00:00","description":"RECHTLICHE HINWEISE Informationen \u00fcber die Gesellschaft Zifer Italia S.r.l - Viale Risorgimento, 23 46017 Rivarolo Mantovano (MN)- voll eingezahltes","breadcrumb":{"@id":"https:\/\/www.autohome-official.com\/de\/rechtliche-hinweise\/#breadcrumb"},"inLanguage":"de","potentialAction":[{"@type":"ReadAction","target":["https:\/\/www.autohome-official.com\/de\/rechtliche-hinweise\/"]}]},{"@type":"BreadcrumbList","@id":"https:\/\/www.autohome-official.com\/de\/rechtliche-hinweise\/#breadcrumb","itemListElement":[{"@type":"ListItem","position":1,"name":"Home","item":"https:\/\/www.autohome-official.com\/de\/"},{"@type":"ListItem","position":2,"name":"Rechtliche Hinweise"}]},{"@type":"WebSite","@id":"https:\/\/www.autohome-official.com\/#website","url":"https:\/\/www.autohome-official.com\/","name":"Autohome","description":"dachzelt  - roof top tents Made in Italy","publisher":{"@id":"https:\/\/www.autohome-official.com\/#organization"},"alternateName":"Autohome Official","potentialAction":[{"@type":"SearchAction","target":{"@type":"EntryPoint","urlTemplate":"https:\/\/www.autohome-official.com\/?s={search_term_string}"},"query-input":{"@type":"PropertyValueSpecification","valueRequired":true,"valueName":"search_term_string"}}],"inLanguage":"de"},{"@type":"Organization","@id":"https:\/\/www.autohome-official.com\/#organization","name":"Autohome","alternateName":"Autohome Official","url":"https:\/\/www.autohome-official.com\/","logo":{"@type":"ImageObject","inLanguage":"de","@id":"https:\/\/www.autohome-official.com\/#\/schema\/logo\/image\/","url":"https:\/\/www.autohome-official.com\/wp-content\/uploads\/2026\/02\/Maggiolina-Autohome-logo.jpg","contentUrl":"https:\/\/www.autohome-official.com\/wp-content\/uploads\/2026\/02\/Maggiolina-Autohome-logo.jpg","width":512,"height":512,"caption":"Autohome"},"image":{"@id":"https:\/\/www.autohome-official.com\/#\/schema\/logo\/image\/"},"sameAs":["https:\/\/www.facebook.com\/Autohome.Official.Page","https:\/\/www.instagram.com\/autohome_official\/","http:\/\/www.youtube.com\/user\/AutohomeOfficial"],"description":"Le prime tende da tetto auto al mondo, prodotte in Italia dal 1958.","email":"info@autohome.it","telephone":"0039 0376 99590","legalName":"Zifer Italia SRL","vatID":"IT01329850208"}]}},"_links":{"self":[{"href":"https:\/\/www.autohome-official.com\/de\/wp-json\/wp\/v2\/pages\/10758"}],"collection":[{"href":"https:\/\/www.autohome-official.com\/de\/wp-json\/wp\/v2\/pages"}],"about":[{"href":"https:\/\/www.autohome-official.com\/de\/wp-json\/wp\/v2\/types\/page"}],"author":[{"embeddable":true,"href":"https:\/\/www.autohome-official.com\/de\/wp-json\/wp\/v2\/users\/4"}],"replies":[{"embeddable":true,"href":"https:\/\/www.autohome-official.com\/de\/wp-json\/wp\/v2\/comments?post=10758"}],"version-history":[{"count":1,"href":"https:\/\/www.autohome-official.com\/de\/wp-json\/wp\/v2\/pages\/10758\/revisions"}],"predecessor-version":[{"id":79994,"href":"https:\/\/www.autohome-official.com\/de\/wp-json\/wp\/v2\/pages\/10758\/revisions\/79994"}],"wp:attachment":[{"href":"https:\/\/www.autohome-official.com\/de\/wp-json\/wp\/v2\/media?parent=10758"}],"curies":[{"name":"wp","href":"https:\/\/api.w.org\/{rel}","templated":true}]}}