{"id":16226,"date":"2017-07-10T23:03:51","date_gmt":"2017-07-10T21:03:51","guid":{"rendered":"https:\/\/www.autohome-official.com\/?page_id=16226\/"},"modified":"2026-01-29T13:12:14","modified_gmt":"2026-01-29T12:12:14","slug":"jucy","status":"publish","type":"page","link":"https:\/\/www.autohome-official.com\/de\/experience\/jucy\/","title":{"rendered":"JUCY"},"content":{"rendered":"<p>[vc_row full_width=&#8220;stretch_row&#8220; equal_height=&#8220;yes&#8220; el_class=&#8220;mb0 story-skin-white&#8220;][vc_column offset=&#8220;vc_hidden-sm&#8220;]<pre><span><span><a href=\"https:\/\/www.autohome-official.com\/de\/\">Home<\/a><\/span><\/span><\/pre>\n[\/vc_column][\/vc_row][vc_row full_width=&#8220;stretch_row&#8220; equal_height=&#8220;yes&#8220; el_class=&#8220;mb0 story-skin-white&#8220;][vc_column offset=&#8220;vc_hidden-sm&#8220;][vc_raw_html el_class=&#8220;custom-CMS-paragraph&#8220;]JTNDaDIlM0VBVVRPSE9NRSUyMEYlQzMlOUNSJTIwSlVDWSUzQyUyRmgyJTNFJTBBJTBBJTNDcCUzRSUwQSUzQ2IlM0VFSU5FJTIwV0lSS0xJQ0hFJTIwR0VTQ0hJQ0hURSUyQyUyMEVJTkUlMjBHRVNDSElDSFRMSUNIRSUyMFdJUktMSUNIS0VJVCUzQyUyRmIlM0UlMEElM0NiciUyRiUzRSUwQU1pdCUyMEpVQ1klMjBmJUMzJUI2cmRlcm4lMjB3aXIlMjBTcGElQzMlOUYlMkMlMjBBYmVudGV1ZXIlMjB1bmQlMjBSZWlzZW4uJTIwV2lyJTIwc2luZCUyMHN0b2x6JTIwZGFyYXVmJTJDJTIwZWluemlnYXJ0aWdlJTIwdW5kJTIwYXVmcmVnZW5kZSUyMFJlaXNlZXJsZWJuaXNzZSUyMGFuenViaWV0ZW4uJTBBJTNDYnIlMkYlM0UlMEElM0NiciUyRiUzRSUwQSUzQ2IlM0VVTlNFUkUlMjBHRVNDSElDSFRFJTNDJTJGYiUzRSUwQSUzQ2JyJTJGJTNFJTBBSlVDWSUyMHd1cmRlJTIwaW4lMjAyMDAxJTIwaW4lMjBBdWNrbGFuZCUyQyUyME5ldXNlZWxhbmQlMjBtaXQlMjBudXIlMjAzNSUyME1pZXR3YWdlbiUyMGdlZ3IlQzMlQkNuZGV0LiUyMEhldXRlJTIwaGFiZW4lMjB3aXIlMjBtZWhyJTIwYWxzJTIwMy44MDAlMjBBdXRvcyUyQyUyMENhbXBhcyUyMHVuZCUyMENhbXBlciUyMGluJTIwQXVzdHJhbGllbiUyQyUyME5ldXNlZWxhbmQlMjB1bmQlMjBpbiUyMGRlbiUyMFZlcmVpbmlndGVuJTIwU3RhYXRlbi4lMjBJbiUyME5ldXNlZWxhbmQlMjBvcmdhbmlzaWVyZW4lMjB3aXIlMjBhdWNoJTIwS3JldXpmYWhydGVuJTIwbWl0JTIwSlVDWSUyME1pbGZvcmQlMjBTb3VuZCUyMHVuZCUyMEpVQ1klMjBTbm9vemUlMjBBY2NvbW9kYXRpb24lMjBpbiUyMEF1Y2tsYW5kJTIwdW5kJTIwQ2hyaXN0Y2h1cmNoJTJDJTIwc293aWUlMjBpbiUyMFF1ZWVuc3Rvd24lMjBiZXdpcmtlbiUyMGF1ZiUyMGRlciUyMFN0cmElQzMlOUZlJTBBJTNDYnIlMkYlM0UlMEFUcm90eiUyMGRpZXNlcyUyMGVwaXNjaGVzJTIwV2FjaHN0dW1zJTIwc2luZCUyMHdpciUyMG5vY2glMjBlaW5lJTIwRmFtaWxpZW5iZXRyaWViJTIwaW0lMjBCZXNpdHolMjB2b24lMjBkZW4lMjBCciVDMyVCQ2Rlcm4lMjBUaW0lMjB1bmQlMjBEYW4lMjBBbHBlJTJDJTIwZGllJTIwZGllJTIwRmlybWElMjBsZWl0ZW4uJTIwRGllJTIwJTIwQnIlQzMlQkNkZXJuJTIwaGFiZW4lMjBub2NoJTIwZWluJTIwaGFuZHMtb24lMjBBbnNhdHolMjBhbHMlMjBKVUNJRklFUiUyMENoaWVmJTIwdW5kJTIwQ2hpZWYlMjBPcGVyYXRpbmclMjBPZmZpY2VyJTBBJTNDJTJGcCUzRQ==[\/vc_raw_html][\/vc_column][\/vc_row][vc_row full_width=&#8220;stretch_row&#8220; equal_height=&#8220;yes&#8220; el_class=&#8220;mb0 story-skin-white&#8220;][vc_column width=&#8220;1\/3&#8243;][vc_single_image image=&#8220;82087&#8243; img_size=&#8220;full&#8220;][\/vc_column][vc_column width=&#8220;2\/3&#8243; offset=&#8220;vc_hidden-xs&#8220;][vc_single_image image=&#8220;82055&#8243; img_size=&#8220;full&#8220;][\/vc_column][\/vc_row][vc_row full_width=&#8220;stretch_row&#8220; equal_height=&#8220;yes&#8220; content_placement=&#8220;middle&#8220; el_class=&#8220;mb0 story-skin-white&#8220;][vc_column el_class=&#8220;story-skin-white&#8220;][vc_raw_html 0=&#8220;&#8220; el_class=&#8220;custom-CMS-paragraph&#8220;]JTNDcCUzRSUzQ2IlM0VVTlNFUkUlMjBNQVJLRSUzQyUyRmIlM0UlM0NiciUyMCUyRiUzRSUwQSUwQSUzQ3AlM0UlMEFVbnNlciUyMFppZWwlMjBpc3QlMkMlMjBzaWNoZXJ6dXN0ZWxsZW4lMkMlMjBkYXNzJTIwZGllJTIwTGV1dGUlMjBiZWdpbm5lbiUyMHp1JTIwcmVpc2VuLiUyMFVuc2VyZSUyMGR5bmFtaXNjaGUlMjB1bmQlMjBsdXN0aWdlJTIwTWFya2UlMjBpc3QlMjBlaW5lJTIwTmFtZSUyQyUyMGRlciUyMGRpZSUyMHJlaXNlbmRlJTIwRmFtaWxpZW4lMjBlcmlubmVydC4lMjBVbnNlcmUlMjBNaXNzaW9uJTIwaXN0JTJDJTIwZGllJTIwV2VsdCUyMHZvbiUyMEdyJUMzJUJDbiUyMHVuZCUyMExpbGElMjB6dSUyMGYlQzMlQTRyYmVuJTIxJTBBJTNDYnIlMkYlM0UlMEFNZWhyJTIwYWxzJTIwNDUuMDAwJTIwUmVpc2VuZGVyJTIwZ2VmYWxsZW4lMjB1bnNlcmUlMjBGYWNlYm9vay1TZWl0ZSUzQiUyMHdpciUyMGhhYmVuJTIwbWVociUyMGFscyUyMDguMDAwJTIwZm9sbG93ZXJzJTIwYXVmJTIwSW5zdGFncmFtJTIwdW5kJTIwenVzJUMzJUE0dHpsaWNoJTIwaGFiZW4lMjB3aXIlMjBtZWhyJTIwYWxzJTIwMiUyME1pbGxpb25lbiUyMFZpZXdzJTIwYXVmJTIwWW91VHViZS4lMEElM0MlMkZwJTNF[\/vc_raw_html][\/vc_column][\/vc_row][vc_row full_width=&#8220;stretch_row&#8220; equal_height=&#8220;yes&#8220; el_class=&#8220;mb0 story-skin-white&#8220;][vc_column width=&#8220;2\/3&#8243; offset=&#8220;vc_hidden-xs&#8220;][vc_single_image image=&#8220;82071&#8243; img_size=&#8220;full&#8220;][\/vc_column][vc_column width=&#8220;1\/3&#8243;][vc_single_image image=&#8220;82091&#8243; img_size=&#8220;full&#8220;][\/vc_column][\/vc_row][vc_row full_width=&#8220;stretch_row&#8220; equal_height=&#8220;yes&#8220; el_class=&#8220;mb0 story-skin-white&#8220;][vc_column el_class=&#8220;white-arrow-left-on-640&#8243; offset=&#8220;vc_hidden-sm vc_hidden-xs&#8220;][vc_raw_html 0=&#8220;&#8220; el_class=&#8220;custom-CMS-paragraph&#8220;]JTNDcCUzRSUzQ2IlM0VVTlNFUkUlMjBGQUhSWkVVR0UlM0MlMkZiJTNFJTNDYnIlMjAlMkYlM0UlMEFXaXIlMjBzaW5kJTIwdm9yJTIwYWxsZW0lMjBmJUMzJUJDciUyMHVuc2VyZSUyMFJlaWhlJTIwZGVzJTIwQ2FtcGVycyUyMHVuZCUyME1pbmljYW1wZXJzJTIwYmVrYW5udCUyMCUyOEJlaSUyMHVucyUyMG5lbm50JTIwbWFuJTIwQ2FtcGFzJTI5JTNBJTIwaW5ub3ZhdGlvbnNmcmV1ZGlnZSUyMHVuZCUyMGd1dCUyMGF1c2dlc3RhdHRldCUyMFdhZ2VuJTJDJTIwZ3IlQzMlQkNuZXIlMjB1bmQlMjB2aW9sZXR0ZXIlMjBGYXJiZS4lMjBXaXIlMjBlbnR3ZXJmZW4lMjB1bmQlMjBoZXJzdGVsbGVuJTIwZGllc2UlMjBQcm9kdWt0ZSUyMGJlaSUyMHVuc2VyZXIlMjBQcm9kdWt0aW9uc2FidGVpbHVuZyUyMHZvbiUyMEF1Y2tsYW5kJTIwdW5kJTIwTG9zJTIwQW5nZWxlcyUyQyUyMGRpZSUyMHNvZ2VuYW5udGUlMjBKVUNZJTIwYnklMjBEZXNpZ24uJTIwQXVmJTIwZGllc2UlMjBXZWlzZSUyMHNpbmQlMjB3aXIlMjBpbiUyMGRlciUyMExhZ2UlMkMlMjBkaWUlMjBRdWFsaXQlQzMlQTR0JTIwdW5kJTIwZGllJTIwRnVua3Rpb25hbGl0JUMzJUE0dCUyMHVuc2VyZXIlMjBQcm9kdWt0ZSUyMHZvbiUyMEFuZmFuZyUyMGJpcyUyMEVuZGUlMjBuYWNoenVwciVDMyVCQ2ZlbiUwQSUzQ2JyJTJGJTNFJTBBRWluJTIwSlVDWS1BYmVudGV1ZXIlMjBiZWdpbm50JTIwbWl0JTIwamVkZW0lMjBGYWhyemV1ZyUyMGRlciUyMHVuc2VyZXIlMjBSZWloZSUzQSUyMEF1dG8lMkMlMjBDYW1wZXIlMjBvZGVyJTIwQ2FtcGFzJTIwc2luZCUyMHBlcmZla3QlMjBmJUMzJUJDciUyMGRlbiUyMGFiZW50ZXVlcmx1c3RpZ2VuJTIwUmVpc2VuZGVyJTJDJTIwZGVyJTIwcGFzc3QlMjBhdWYlMjBJaHIlMjBCdWRnZXQlMjBhdWYlMjElMEElM0MlMkZwJTNF[\/vc_raw_html][\/vc_column][\/vc_row][vc_row full_width=&#8220;stretch_row&#8220; equal_height=&#8220;yes&#8220; el_class=&#8220;mb0 story-skin-white&#8220;][vc_column width=&#8220;1\/3&#8243;][vc_single_image image=&#8220;82095&#8243; img_size=&#8220;full&#8220;][\/vc_column][vc_column width=&#8220;2\/3&#8243; offset=&#8220;vc_hidden-xs&#8220;][vc_single_image image=&#8220;82063&#8243; img_size=&#8220;full&#8220;][\/vc_column][\/vc_row][vc_row full_width=&#8220;stretch_row&#8220; equal_height=&#8220;yes&#8220; content_placement=&#8220;middle&#8220; el_class=&#8220;mb0 story-skin-white&#8220;][vc_column el_class=&#8220;story-skin-white&#8220;][vc_raw_html 0=&#8220;&#8220; el_class=&#8220;custom-CMS-paragraph&#8220;]JTNDcCUzRSUzQ2IlM0VVTlNFUkUlMjBLVU5ERU4lM0MlMkZiJTNFJTNDYnIlMjAlMkYlM0UlMEFXaXIlMjBzaW5kJTIwZGllJTIwUmVmZXJlbnotTWFya2UlMjBmJUMzJUJDciUyMFJlaXNlbmRlbiUyMHp3aXNjaGVuJTIwMTgtMzUlMjBKYWhyZW4uJTIwRWdhbCUyQyUyMG9iJTIwU2llJTIwSnVuZyUyMG9kZXIlMjAlRTIlODAlOUN6ZWl0bG9zJTIwSnVuZyVFMiU4MCU5RCUyMHNpbmQlMkMlMjB3ZXJkZW4lMjBzaWUlMjBkZW4lMjBTdGlsJTIwdm9uJTIwSlVDWSUyMGxpZWJlbi4lMjBNaXQlMjBKVUNZJTIwaGFiZW4lMjBTaWUlMjBlaW4lMjBhdSVDMyU5RmVyZ2V3JUMzJUI2aG5saWNoZXIlMjB1bmQlMjBmcmV1bmRsaWNoZXIlMjBLdW5kZW5kaWVuc3QlMkMlMjBmcmVpZSUyMFRlbGVmb25udW1tZXJuJTJDJTIwbGl2ZS1DaGF0cyUyQyUyMFdlYnNpdGVzJTJDJTIwc3BlemllbGxlJTIwQW5nZWJvdGUlMjB1bmQlMjBhbGxlcyUyMHdhcyUyMFNpZSUyMGJyYXVjaGVuJTJDJTIwdW0lMjBJaHJlJTIwUmVpc2UlMjB2b24lMjBBbmZhbmclMjBiaXMlMjBFbmRlJTIwd3VuZGVyYmFyJTIwbWFjaGVuLiUwQSUzQyUyRnAlM0U=[\/vc_raw_html][\/vc_column][\/vc_row][vc_row full_width=&#8220;stretch_row&#8220; equal_height=&#8220;yes&#8220; el_class=&#8220;mb0 story-skin-white&#8220;][vc_column width=&#8220;1\/3&#8243; offset=&#8220;vc_hidden-xs&#8220;][vc_single_image image=&#8220;82015&#8243; img_size=&#8220;full&#8220;][\/vc_column][vc_column width=&#8220;1\/3&#8243; offset=&#8220;vc_hidden-xs&#8220;][vc_single_image image=&#8220;82019&#8243; img_size=&#8220;full&#8220;][\/vc_column][vc_column width=&#8220;1\/3&#8243;][vc_single_image image=&#8220;82023&#8243; img_size=&#8220;full&#8220;][\/vc_column][\/vc_row][vc_row full_width=&#8220;stretch_row&#8220; equal_height=&#8220;yes&#8220; content_placement=&#8220;middle&#8220; el_class=&#8220;mb0 story-skin-white&#8220;][vc_column el_class=&#8220;white-arrow-left-on-640&#8243; offset=&#8220;vc_hidden-xs&#8220;][vc_raw_html 0=&#8220;&#8220; el_class=&#8220;custom-CMS-paragraph&#8220;]JTNDcCUzRSUzQ2IlM0VVTlNFUiUyMFRFQU0lM0MlMkZiJTNFJTNDYnIlMjAlMkYlM0UlMEElMEFKVUNZJTIwaGF0JTIwZWluZW4lMjBUZWFtJTIwdm9uJTIwbWVociUyMGFscyUyMDMyMCUyMGx1c3RpZ2UlMjBNaXRhcmJlaXRlcm4lMjBtaXQlMjBkZW0lMjBad2VjayUyQyUyMGVpbmUlMjBlY2h0ZSUyMHVuZCUyMHBlcmZla3RlJTIwUmVpc2UlMjB6dSUyMG9yZ2FuaXNpZXJlbi4lMEElM0NiciUyRiUzRSUwQURhcyUyMFBlcnNvbmFsJTIwaXN0JTIwZnJldW5kbGljaCUyQyUyMGtvbXBldGVudCUyMHVuZCUyMGxlaWRlbnNjaGFmdGxpY2guJTIwSmVkZXIlMjBNaXRhcmJlaXRlciUyMHRlaWx0JTIwdW5zZXJlJTIwV2VydGUlM0ElMjBTcGElQzMlOUYlMkMlMjBGYW1pbGllJTJDJTIwTGVpZGVuc2NoYWZ0JTIwdW5kJTIwU3RvbHouJTBBJTNDJTJGcCUzRQ==[\/vc_raw_html][\/vc_column][\/vc_row][vc_row full_width=&#8220;stretch_row&#8220; equal_height=&#8220;yes&#8220; el_class=&#8220;mb0 story-skin-white&#8220;][vc_column width=&#8220;2\/3&#8243; offset=&#8220;vc_hidden-xs&#8220;][vc_single_image image=&#8220;82059&#8243; img_size=&#8220;full&#8220;][\/vc_column][vc_column width=&#8220;1\/3&#8243;][vc_single_image image=&#8220;82027&#8243; img_size=&#8220;full&#8220;][\/vc_column][\/vc_row][vc_row full_width=&#8220;stretch_row&#8220; equal_height=&#8220;yes&#8220; el_class=&#8220;mb0 story-skin-white&#8220;][vc_column width=&#8220;1\/3&#8243;][vc_single_image image=&#8220;82031&#8243; img_size=&#8220;full&#8220;][\/vc_column][vc_column width=&#8220;2\/3&#8243; offset=&#8220;vc_hidden-xs&#8220;][vc_single_image image=&#8220;82067&#8243; img_size=&#8220;full&#8220;][\/vc_column][\/vc_row]<\/p>\n","protected":false},"excerpt":{"rendered":"<p>[vc_row full_width=&#8220;stretch_row&#8220; equal_height=&#8220;yes&#8220; el_class=&#8220;mb0 story-skin-white&#8220;][vc_column offset=&#8220;vc_hidden-sm&#8220;][\/vc_column][\/vc_row][vc_row full_width=&#8220;stretch_row&#8220; equal_height=&#8220;yes&#8220; el_class=&#8220;mb0 story-skin-white&#8220;][vc_column offset=&#8220;vc_hidden-sm&#8220;][vc_raw_html el_class=&#8220;custom-CMS-paragraph&#8220;]JTNDaDIlM0VBVVRPSE9NRSUyMEYlQzMlOUNSJTIwSlVDWSUzQyUyRmgyJTNFJTBBJTBBJTNDcCUzRSUwQSUzQ2IlM0VFSU5FJTIwV0lSS0xJQ0hFJTIwR0VTQ0hJQ0hURSUyQyUyMEVJTkUlMjBHRVNDSElDSFRMSUNIRSUyMFdJUktMSUNIS0VJVCUzQyUyRmIlM0UlMEElM0NiciUyRiUzRSUwQU1pdCUyMEpVQ1klMjBmJUMzJUI2cmRlcm4lMjB3aXIlMjBTcGElQzMlOUYlMkMlMjBBYmVudGV1ZXIlMjB1bmQlMjBSZWlzZW4uJTIwV2lyJTIwc2luZCUyMHN0b2x6JTIwZGFyYXVmJTJDJTIwZWluemlnYXJ0aWdlJTIwdW5kJTIwYXVmcmVnZW5kZSUyMFJlaXNlZXJsZWJuaXNzZSUyMGFuenViaWV0ZW4uJTBBJTNDYnIlMkYlM0UlMEElM0NiciUyRiUzRSUwQSUzQ2IlM0VVTlNFUkUlMjBHRVNDSElDSFRFJTNDJTJGYiUzRSUwQSUzQ2JyJTJGJTNFJTBBSlVDWSUyMHd1cmRlJTIwaW4lMjAyMDAxJTIwaW4lMjBBdWNrbGFuZCUyQyUyME5ldXNlZWxhbmQlMjBtaXQlMjBudXIlMjAzNSUyME1pZXR3YWdlbiUyMGdlZ3IlQzMlQkNuZGV0LiUyMEhldXRlJTIwaGFiZW4lMjB3aXIlMjBtZWhyJTIwYWxzJTIwMy44MDAlMjBBdXRvcyUyQyUyMENhbXBhcyUyMHVuZCUyMENhbXBlciUyMGluJTIwQXVzdHJhbGllbiUyQyUyME5ldXNlZWxhbmQlMjB1bmQlMjBpbiUyMGRlbiUyMFZlcmVpbmlndGVuJTIwU3RhYXRlbi4lMjBJbiUyME5ldXNlZWxhbmQlMjBvcmdhbmlzaWVyZW4lMjB3aXIlMjBhdWNoJTIwS3JldXpmYWhydGVuJTIwbWl0JTIwSlVDWSUyME1pbGZvcmQlMjBTb3VuZCUyMHVuZCUyMEpVQ1klMjBTbm9vemUlMjBBY2NvbW9kYXRpb24lMjBpbiUyMEF1Y2tsYW5kJTIwdW5kJTIwQ2hyaXN0Y2h1cmNoJTJDJTIwc293aWUlMjBpbiUyMFF1ZWVuc3Rvd24lMjBiZXdpcmtlbiUyMGF1ZiUyMGRlciUyMFN0cmElQzMlOUZlJTBBJTNDYnIlMkYlM0UlMEFUcm90eiUyMGRpZXNlcyUyMGVwaXNjaGVzJTIwV2FjaHN0dW1zJTIwc2luZCUyMHdpciUyMG5vY2glMjBlaW5lJTIwRmFtaWxpZW5iZXRyaWViJTIwaW0lMjBCZXNpdHolMjB2b24lMjBkZW4lMjBCciVDMyVCQ2Rlcm4lMjBUaW0lMjB1bmQlMjBEYW4lMjBBbHBlJTJDJTIwZGllJTIwZGllJTIwRmlybWElMjBsZWl0ZW4uJTIwRGllJTIwJTIwQnIlQzMlQkNkZXJuJTIwaGFiZW4lMjBub2NoJTIwZWluJTIwaGFuZHMtb24lMjBBbnNhdHolMjBhbHMlMjBKVUNJRklFUiUyMENoaWVmJTIwdW5kJTIwQ2hpZWYlMjBPcGVyYXRpbmclMjBPZmZpY2VyJTBBJTNDJTJGcCUzRQ==[\/vc_raw_html][\/vc_column][\/vc_row][vc_row full_width=&#8220;stretch_row&#8220; equal_height=&#8220;yes&#8220; el_class=&#8220;mb0 story-skin-white&#8220;][vc_column width=&#8220;1\/3&#8243;][vc_single_image image=&#8220;82087&#8243; img_size=&#8220;full&#8220;][\/vc_column][vc_column width=&#8220;2\/3&#8243; offset=&#8220;vc_hidden-xs&#8220;][vc_single_image image=&#8220;82055&#8243; img_size=&#8220;full&#8220;][\/vc_column][\/vc_row][vc_row full_width=&#8220;stretch_row&#8220; equal_height=&#8220;yes&#8220; content_placement=&#8220;middle&#8220;<span class=\"excerpt-hellip\"> [\u2026]<\/span><\/p>\n","protected":false},"author":2,"featured_media":53776,"parent":8682,"menu_order":0,"comment_status":"closed","ping_status":"closed","template":"template-experience.php","meta":{"footnotes":""},"class_list":["post-16226","page","type-page","status-publish","has-post-thumbnail","hentry"],"yoast_head":"<!-- This site is optimized with the Yoast SEO Premium plugin v23.7 (Yoast SEO v23.7) - https:\/\/yoast.com\/wordpress\/plugins\/seo\/ -->\n<title>JUCY - Autohome<\/title>\n<meta name=\"description\" content=\"Autohome f\u00fcr Jucy. Maggiolina-Autodachzelt mit lilafarbenen Schalen. Eine wahre Geschichte - Wahrheit einer Geschichte. Jucy f\u00f6rdert Spa\u00df und Abenteuer. Spannende und aufregende Reiseerlebnisse in Australien, den USA und Neuseeland.\" \/>\n<meta name=\"robots\" content=\"index, follow, max-snippet:-1, max-image-preview:large, max-video-preview:-1\" \/>\n<link rel=\"canonical\" href=\"https:\/\/www.autohome-official.com\/de\/experience\/jucy\/\" \/>\n<meta property=\"og:locale\" content=\"de_DE\" \/>\n<meta property=\"og:type\" content=\"article\" \/>\n<meta property=\"og:title\" content=\"JUCY - Autohome\" \/>\n<meta property=\"og:description\" content=\"JTNDaDIlM0VBVVRPSE9NRSUyMEYlQzMlOUNSJTIwSlVDWSUzQyUyRmgyJTNFJTBBJTBBJTNDcCUzRSUwQSUzQ2IlM0VFSU5FJTIwV0lSS0xJQ0hFJTIwR0VTQ0hJQ0hURSUyQyUyMEVJTkUlMjBHRVNDSElD\" \/>\n<meta property=\"og:url\" content=\"https:\/\/www.autohome-official.com\/de\/experience\/jucy\/\" \/>\n<meta property=\"og:site_name\" content=\"Autohome\" \/>\n<meta property=\"article:publisher\" content=\"https:\/\/www.facebook.com\/Autohome.Official.Page\" \/>\n<meta property=\"article:modified_time\" content=\"2026-01-29T12:12:14+00:00\" \/>\n<meta property=\"og:image\" content=\"https:\/\/www.autohome-official.com\/wp-content\/uploads\/2021\/01\/Jucy-Autohome-Official.jpg\" \/>\n\t<meta property=\"og:image:width\" content=\"800\" \/>\n\t<meta property=\"og:image:height\" content=\"533\" \/>\n\t<meta property=\"og:image:type\" content=\"image\/jpeg\" \/>\n<meta name=\"twitter:card\" content=\"summary_large_image\" \/>\n<meta name=\"twitter:label1\" content=\"Gesch\u00e4tzte Lesezeit\" \/>\n\t<meta name=\"twitter:data1\" content=\"1\u00a0Minute\" \/>\n<script type=\"application\/ld+json\" class=\"yoast-schema-graph\">{\"@context\":\"https:\/\/schema.org\",\"@graph\":[{\"@type\":\"WebPage\",\"@id\":\"https:\/\/www.autohome-official.com\/de\/experience\/jucy\/\",\"url\":\"https:\/\/www.autohome-official.com\/de\/experience\/jucy\/\",\"name\":\"JUCY - Autohome\",\"isPartOf\":{\"@id\":\"https:\/\/www.autohome-official.com\/#website\"},\"primaryImageOfPage\":{\"@id\":\"https:\/\/www.autohome-official.com\/de\/experience\/jucy\/#primaryimage\"},\"image\":{\"@id\":\"https:\/\/www.autohome-official.com\/de\/experience\/jucy\/#primaryimage\"},\"thumbnailUrl\":\"https:\/\/www.autohome-official.com\/wp-content\/uploads\/2021\/01\/Jucy-Autohome-Official.jpg\",\"datePublished\":\"2017-07-10T21:03:51+00:00\",\"dateModified\":\"2026-01-29T12:12:14+00:00\",\"description\":\"Autohome f\u00fcr Jucy. Maggiolina-Autodachzelt mit lilafarbenen Schalen. Eine wahre Geschichte - Wahrheit einer Geschichte. Jucy f\u00f6rdert Spa\u00df und Abenteuer. Spannende und aufregende Reiseerlebnisse in Australien, den USA und Neuseeland.\",\"breadcrumb\":{\"@id\":\"https:\/\/www.autohome-official.com\/de\/experience\/jucy\/#breadcrumb\"},\"inLanguage\":\"de\",\"potentialAction\":[{\"@type\":\"ReadAction\",\"target\":[\"https:\/\/www.autohome-official.com\/de\/experience\/jucy\/\"]}]},{\"@type\":\"ImageObject\",\"inLanguage\":\"de\",\"@id\":\"https:\/\/www.autohome-official.com\/de\/experience\/jucy\/#primaryimage\",\"url\":\"https:\/\/www.autohome-official.com\/wp-content\/uploads\/2021\/01\/Jucy-Autohome-Official.jpg\",\"contentUrl\":\"https:\/\/www.autohome-official.com\/wp-content\/uploads\/2021\/01\/Jucy-Autohome-Official.jpg\",\"width\":800,\"height\":533,\"caption\":\"Jucy Autohome Official\"},{\"@type\":\"BreadcrumbList\",\"@id\":\"https:\/\/www.autohome-official.com\/de\/experience\/jucy\/#breadcrumb\",\"itemListElement\":[{\"@type\":\"ListItem\",\"position\":1,\"name\":\"Home\",\"item\":\"https:\/\/www.autohome-official.com\/de\/\"},{\"@type\":\"ListItem\",\"position\":2,\"name\":\"Experience\",\"item\":\"https:\/\/www.autohome-official.com\/de\/experience\/\"},{\"@type\":\"ListItem\",\"position\":3,\"name\":\"JUCY\"}]},{\"@type\":\"WebSite\",\"@id\":\"https:\/\/www.autohome-official.com\/#website\",\"url\":\"https:\/\/www.autohome-official.com\/\",\"name\":\"Autohome\",\"description\":\"dachzelt  - roof top tents Made in Italy\",\"publisher\":{\"@id\":\"https:\/\/www.autohome-official.com\/#organization\"},\"alternateName\":\"Autohome Official\",\"potentialAction\":[{\"@type\":\"SearchAction\",\"target\":{\"@type\":\"EntryPoint\",\"urlTemplate\":\"https:\/\/www.autohome-official.com\/?s={search_term_string}\"},\"query-input\":{\"@type\":\"PropertyValueSpecification\",\"valueRequired\":true,\"valueName\":\"search_term_string\"}}],\"inLanguage\":\"de\"},{\"@type\":\"Organization\",\"@id\":\"https:\/\/www.autohome-official.com\/#organization\",\"name\":\"Autohome\",\"alternateName\":\"Autohome Official\",\"url\":\"https:\/\/www.autohome-official.com\/\",\"logo\":{\"@type\":\"ImageObject\",\"inLanguage\":\"de\",\"@id\":\"https:\/\/www.autohome-official.com\/#\/schema\/logo\/image\/\",\"url\":\"https:\/\/www.autohome-official.com\/wp-content\/uploads\/2026\/02\/Maggiolina-Autohome-logo.jpg\",\"contentUrl\":\"https:\/\/www.autohome-official.com\/wp-content\/uploads\/2026\/02\/Maggiolina-Autohome-logo.jpg\",\"width\":512,\"height\":512,\"caption\":\"Autohome\"},\"image\":{\"@id\":\"https:\/\/www.autohome-official.com\/#\/schema\/logo\/image\/\"},\"sameAs\":[\"https:\/\/www.facebook.com\/Autohome.Official.Page\",\"https:\/\/www.instagram.com\/autohome_official\/\",\"http:\/\/www.youtube.com\/user\/AutohomeOfficial\"],\"description\":\"Le prime tende da tetto auto al mondo, prodotte in Italia dal 1958.\",\"email\":\"info@autohome.it\",\"telephone\":\"0039 0376 99590\",\"legalName\":\"Zifer Italia SRL\",\"vatID\":\"IT01329850208\"}]}<\/script>\n<!-- \/ Yoast SEO Premium plugin. -->","yoast_head_json":{"title":"JUCY - Autohome","description":"Autohome f\u00fcr Jucy. Maggiolina-Autodachzelt mit lilafarbenen Schalen. Eine wahre Geschichte - Wahrheit einer Geschichte. Jucy f\u00f6rdert Spa\u00df und Abenteuer. Spannende und aufregende Reiseerlebnisse in Australien, den USA und Neuseeland.","robots":{"index":"index","follow":"follow","max-snippet":"max-snippet:-1","max-image-preview":"max-image-preview:large","max-video-preview":"max-video-preview:-1"},"canonical":"https:\/\/www.autohome-official.com\/de\/experience\/jucy\/","og_locale":"de_DE","og_type":"article","og_title":"JUCY - Autohome","og_description":"JTNDaDIlM0VBVVRPSE9NRSUyMEYlQzMlOUNSJTIwSlVDWSUzQyUyRmgyJTNFJTBBJTBBJTNDcCUzRSUwQSUzQ2IlM0VFSU5FJTIwV0lSS0xJQ0hFJTIwR0VTQ0hJQ0hURSUyQyUyMEVJTkUlMjBHRVNDSElD","og_url":"https:\/\/www.autohome-official.com\/de\/experience\/jucy\/","og_site_name":"Autohome","article_publisher":"https:\/\/www.facebook.com\/Autohome.Official.Page","article_modified_time":"2026-01-29T12:12:14+00:00","og_image":[{"width":800,"height":533,"url":"https:\/\/www.autohome-official.com\/wp-content\/uploads\/2021\/01\/Jucy-Autohome-Official.jpg","type":"image\/jpeg"}],"twitter_card":"summary_large_image","twitter_misc":{"Gesch\u00e4tzte Lesezeit":"1\u00a0Minute"},"schema":{"@context":"https:\/\/schema.org","@graph":[{"@type":"WebPage","@id":"https:\/\/www.autohome-official.com\/de\/experience\/jucy\/","url":"https:\/\/www.autohome-official.com\/de\/experience\/jucy\/","name":"JUCY - Autohome","isPartOf":{"@id":"https:\/\/www.autohome-official.com\/#website"},"primaryImageOfPage":{"@id":"https:\/\/www.autohome-official.com\/de\/experience\/jucy\/#primaryimage"},"image":{"@id":"https:\/\/www.autohome-official.com\/de\/experience\/jucy\/#primaryimage"},"thumbnailUrl":"https:\/\/www.autohome-official.com\/wp-content\/uploads\/2021\/01\/Jucy-Autohome-Official.jpg","datePublished":"2017-07-10T21:03:51+00:00","dateModified":"2026-01-29T12:12:14+00:00","description":"Autohome f\u00fcr Jucy. Maggiolina-Autodachzelt mit lilafarbenen Schalen. Eine wahre Geschichte - Wahrheit einer Geschichte. Jucy f\u00f6rdert Spa\u00df und Abenteuer. Spannende und aufregende Reiseerlebnisse in Australien, den USA und Neuseeland.","breadcrumb":{"@id":"https:\/\/www.autohome-official.com\/de\/experience\/jucy\/#breadcrumb"},"inLanguage":"de","potentialAction":[{"@type":"ReadAction","target":["https:\/\/www.autohome-official.com\/de\/experience\/jucy\/"]}]},{"@type":"ImageObject","inLanguage":"de","@id":"https:\/\/www.autohome-official.com\/de\/experience\/jucy\/#primaryimage","url":"https:\/\/www.autohome-official.com\/wp-content\/uploads\/2021\/01\/Jucy-Autohome-Official.jpg","contentUrl":"https:\/\/www.autohome-official.com\/wp-content\/uploads\/2021\/01\/Jucy-Autohome-Official.jpg","width":800,"height":533,"caption":"Jucy Autohome Official"},{"@type":"BreadcrumbList","@id":"https:\/\/www.autohome-official.com\/de\/experience\/jucy\/#breadcrumb","itemListElement":[{"@type":"ListItem","position":1,"name":"Home","item":"https:\/\/www.autohome-official.com\/de\/"},{"@type":"ListItem","position":2,"name":"Experience","item":"https:\/\/www.autohome-official.com\/de\/experience\/"},{"@type":"ListItem","position":3,"name":"JUCY"}]},{"@type":"WebSite","@id":"https:\/\/www.autohome-official.com\/#website","url":"https:\/\/www.autohome-official.com\/","name":"Autohome","description":"dachzelt  - roof top tents Made in Italy","publisher":{"@id":"https:\/\/www.autohome-official.com\/#organization"},"alternateName":"Autohome Official","potentialAction":[{"@type":"SearchAction","target":{"@type":"EntryPoint","urlTemplate":"https:\/\/www.autohome-official.com\/?s={search_term_string}"},"query-input":{"@type":"PropertyValueSpecification","valueRequired":true,"valueName":"search_term_string"}}],"inLanguage":"de"},{"@type":"Organization","@id":"https:\/\/www.autohome-official.com\/#organization","name":"Autohome","alternateName":"Autohome Official","url":"https:\/\/www.autohome-official.com\/","logo":{"@type":"ImageObject","inLanguage":"de","@id":"https:\/\/www.autohome-official.com\/#\/schema\/logo\/image\/","url":"https:\/\/www.autohome-official.com\/wp-content\/uploads\/2026\/02\/Maggiolina-Autohome-logo.jpg","contentUrl":"https:\/\/www.autohome-official.com\/wp-content\/uploads\/2026\/02\/Maggiolina-Autohome-logo.jpg","width":512,"height":512,"caption":"Autohome"},"image":{"@id":"https:\/\/www.autohome-official.com\/#\/schema\/logo\/image\/"},"sameAs":["https:\/\/www.facebook.com\/Autohome.Official.Page","https:\/\/www.instagram.com\/autohome_official\/","http:\/\/www.youtube.com\/user\/AutohomeOfficial"],"description":"Le prime tende da tetto auto al mondo, prodotte in Italia dal 1958.","email":"info@autohome.it","telephone":"0039 0376 99590","legalName":"Zifer Italia SRL","vatID":"IT01329850208"}]}},"_links":{"self":[{"href":"https:\/\/www.autohome-official.com\/de\/wp-json\/wp\/v2\/pages\/16226"}],"collection":[{"href":"https:\/\/www.autohome-official.com\/de\/wp-json\/wp\/v2\/pages"}],"about":[{"href":"https:\/\/www.autohome-official.com\/de\/wp-json\/wp\/v2\/types\/page"}],"author":[{"embeddable":true,"href":"https:\/\/www.autohome-official.com\/de\/wp-json\/wp\/v2\/users\/2"}],"replies":[{"embeddable":true,"href":"https:\/\/www.autohome-official.com\/de\/wp-json\/wp\/v2\/comments?post=16226"}],"version-history":[{"count":3,"href":"https:\/\/www.autohome-official.com\/de\/wp-json\/wp\/v2\/pages\/16226\/revisions"}],"predecessor-version":[{"id":82106,"href":"https:\/\/www.autohome-official.com\/de\/wp-json\/wp\/v2\/pages\/16226\/revisions\/82106"}],"up":[{"embeddable":true,"href":"https:\/\/www.autohome-official.com\/de\/wp-json\/wp\/v2\/pages\/8682"}],"wp:featuredmedia":[{"embeddable":true,"href":"https:\/\/www.autohome-official.com\/de\/wp-json\/wp\/v2\/media\/53776"}],"wp:attachment":[{"href":"https:\/\/www.autohome-official.com\/de\/wp-json\/wp\/v2\/media?parent=16226"}],"curies":[{"name":"wp","href":"https:\/\/api.w.org\/{rel}","templated":true}]}}