{"id":17670,"date":"2017-07-10T23:49:38","date_gmt":"2017-07-10T21:49:38","guid":{"rendered":"https:\/\/www.autohome-official.com\/?page_id=17670\/"},"modified":"2026-04-07T07:51:02","modified_gmt":"2026-04-07T05:51:02","slug":"smukfest","status":"publish","type":"page","link":"https:\/\/www.autohome-official.com\/de\/experience\/smukfest\/","title":{"rendered":"SmukFest"},"content":{"rendered":"<p>[vc_row full_width=&#8220;stretch_row&#8220; equal_height=&#8220;yes&#8220; el_class=&#8220;mb0 story-skin-white&#8220;][vc_column]<pre><span><span><a href=\"https:\/\/www.autohome-official.com\/de\/\">Home<\/a><\/span><\/span><\/pre>\n[\/vc_column][\/vc_row][vc_row full_width=&#8220;stretch_row&#8220; equal_height=&#8220;yes&#8220; el_class=&#8220;mb0 story-skin-white&#8220;][vc_column][vc_raw_html el_class=&#8220;custom-CMS-paragraph&#8220;]JTNDaDIlM0VURU5USE9VU0UlM0MlMkZoMiUzRSUwQSUwQSUzQ3AlM0UlMEFUZW50aG91c2UlMjBpc3QlMjBlaW5lJTIwc3BlemllbGxlJTIwRGFjaHplbHQtVmVyc2lvbiUyMGRpZSUyMHZvbiUyMEF1dG9ob21lJTIwaW4lMjBadXNhbW1lbmFyYmVpdCUyMG1pdCUyMGRlbiUyME1pdGFyYmVpdGVybiUyMGRlcyUyMFNtdWtmZXN0cyUyMGVudHN0YW5kZW4lMjBpc3QuJTIwRGFzJTIwUHVibGlrdW0lMjBzb2xsJTIwdyVDMyVBNGhyZW5kJTIwZGVyJTIwYmVydSVDQyU4OGhtdGVuJTIwQmllcmZlc3R0YWdlJTIwZGllJTIwamVkZXMlMjBKYWhyJTIwaW4lMjBEJUMzJUE0bmVtYXJrJTIwU2thbmRlbmJvcmclMjBzdGF0dGZpbmRlbiUyQyUyMGVpbmVuJTIwYmVxdWVtZW4lMjBTY2hsYWZwbGF0eiUyMHZvcmZpbmRlbiUyMGslQzMlQjZubmVuLiUwQSUzQyUyRnAlM0UlMEElM0NhJTIwaHJlZiUzRCUyMiUyRmRlJTJGZ2FsbGVyeSUyRnNtdWtmZXN0LWdhbGxlcnklMkYlMjIlM0UlM0NiJTNFTU9SRSUyMFNNVUtGRVNUJTIwR0FMTEVSWSUzQyUyRmIlM0UlM0MlMkZhJTNF[\/vc_raw_html][\/vc_column][\/vc_row][vc_row full_width=&#8220;stretch_row&#8220; equal_height=&#8220;yes&#8220; el_class=&#8220;mb0 story-skin-white&#8220;][vc_column width=&#8220;2\/3&#8243; offset=&#8220;vc_hidden-xs&#8220;][vc_single_image image=&#8220;81979&#8243; img_size=&#8220;full&#8220;][\/vc_column][vc_column width=&#8220;1\/3&#8243;][vc_single_image image=&#8220;81943&#8243; img_size=&#8220;full&#8220;][\/vc_column][\/vc_row][vc_row full_width=&#8220;stretch_row&#8220; equal_height=&#8220;yes&#8220; content_placement=&#8220;middle&#8220; el_class=&#8220;mb0 story-skin-white&#8220;][vc_column][vc_raw_html 0=&#8220;&#8220; el_class=&#8220;custom-CMS-paragraph&#8220;]JTNDcCUzRSUzQ2IlM0VXZW5uJTIwZWluJTIwdGVudGhvdXNlJTIwZ2VtaWV0ZXQlMjB3aXJkJTIwYmVrb21tdCUyMG1hbiUzQSUzQyUyRmIlM0UlM0MlMkZwJTNFJTBBJTBBJTNDcCUzRS0lMjBFaW4lMjBaZWx0JTJDJTIwZGllc2VyJTIwdm9tJTIwQm9kZW4lMjBhYmdlaG9iZW4lMjBpc3QlMjAlMjhjYS4lMjAzMCUyMGNtJTI5JTIwbWl0JTIwZWluZXIlMjBNYXRyYXR6ZSUyMG1pdCUyMGRlbiUyME1hJUMzJTlGZW4lMjAxMzUlMjB4JTIwMjAwJTIwY20uJTNDJTJGcCUzRSUwQSUwQSUzQ3AlM0UtJTIwRWluZSUyMGludGVybmUlMjBCZWxldWNodHVuZyUyMG1pdCUyMGVpbmVyJTIwU3RlY2tkb3NlbmJ1JUNDJTg4Y2hzZSUyMGZ1JUNDJTg4ciUyMGRpZSUyMEF1ZmxhZHVuZyUyMGVpbmVzJTIwVGVsZWZvbnMuJTNDJTJGcCUzRSUwQSUwQSUzQ3AlM0UtJTIwVmllbCUyMFBsYXR6JTIwZnUlQ0MlODhyJTIwWnViZWglQzMlQjZydGVpbGUuJTNDJTJGcCUzRSUwQSUwQSUzQ3AlM0UtJTIwQWJzY2hsaWUlQzMlOUZiYXJlJTIwa2xlaW5lJTIwU2NociVDMyVBNG5rZSUyQyUyMGRpZSUyMGltJTIwWmVsdCUyMGludGVncmllcnQlMjBzaW5kLiUwQSUzQyUyRnAlM0U=[\/vc_raw_html][\/vc_column][\/vc_row][vc_row full_width=&#8220;stretch_row&#8220; equal_height=&#8220;yes&#8220; el_class=&#8220;mb0 story-skin-white&#8220;][vc_column width=&#8220;1\/3&#8243;][vc_single_image image=&#8220;81947&#8243; img_size=&#8220;full&#8220;][\/vc_column][vc_column width=&#8220;2\/3&#8243; offset=&#8220;vc_hidden-xs&#8220;][vc_single_image image=&#8220;81983&#8243; img_size=&#8220;full&#8220;][\/vc_column][\/vc_row][vc_row full_width=&#8220;stretch_row&#8220; equal_height=&#8220;yes&#8220; content_placement=&#8220;middle&#8220; el_class=&#8220;mb0 story-skin-white&#8220;][vc_column el_class=&#8220;story-skin-white&#8220;][vc_raw_html 0=&#8220;&#8220; el_class=&#8220;custom-CMS-paragraph&#8220;]JTNDcCUzRSUzQ2IlM0VBdXRvaG9tZSUyMGJlaW0lMjBzbXVrZmVzdCUyMHNlaXQlMjAyMDA4JTIwcHIlQzMlQTRzZW50JTNDJTJGYiUzRSUzQyUyRnAlM0UlMEElMEElM0NwJTNFJTBBSW0lMjBEdXJjaHNjaG5pdHQlMjB3ZXJkZW4lMjB1JUNDJTg4YmVyJTIwNDUwJTIwWmVsdGUlMjBpbSUyMGdybyVDMyU5RmVuJTIwUGFyayUyMGluJTIwZGVyJTIwTiVDMyVBNGhlJTIwZGVzJTIwV2FsZGVzJTIwaW5zdGFsbGllcnQuJTIwJTBBJTNDYnIlMkYlM0UlMEFKZWRlcyUyMFplbHQlMjB0ciVDMyVBNGd0JTIwZ3JvJUMzJTlGZmwlQzMlQTRjaGlnJTIwZWluJTIwV2VyYmVwbGFrYXQlMjBkYXMlMjBpbmRpdmlkdWVsbCUyMGdlZmVydGlndCUyMHdpcmQuJTIwQW5kZXJlJTIwWmVsdGUlMjB3ZXJkZW4lMjBmdSVDQyU4OHIlMjBkYXMlMjBPcmdhbmlzYXRvcmlzY2hlLVRlYW0lMjBkZXMlMjBGZXN0aXZhbHMlMjBhdWYlMjBkZW4lMjBBdXRvcyUyMGluc3RhbGxpZXJ0LiUwQSUzQyUyRnAlM0U=[\/vc_raw_html][\/vc_column][\/vc_row][vc_row full_width=&#8220;stretch_row&#8220; equal_height=&#8220;yes&#8220; el_class=&#8220;mb0 story-skin-white&#8220;][vc_column width=&#8220;2\/3&#8243; offset=&#8220;vc_hidden-xs&#8220;][vc_single_image image=&#8220;81987&#8243; img_size=&#8220;full&#8220;][\/vc_column][vc_column width=&#8220;1\/3&#8243;][vc_single_image image=&#8220;81951&#8243; img_size=&#8220;full&#8220;][\/vc_column][\/vc_row][vc_row full_width=&#8220;stretch_row&#8220; equal_height=&#8220;yes&#8220; content_placement=&#8220;middle&#8220; el_class=&#8220;mb0 story-skin-white&#8220;][vc_column][vc_raw_html 0=&#8220;&#8220; el_class=&#8220;custom-CMS-paragraph&#8220;]JTNDcCUzRSUzQ2IlM0VTbXVrZmVzdCUzQyUyRmIlM0UlM0MlMkZwJTNFJTBBJTNDcCUzRSUwQUVpbmUlMjBncm8lQzMlOUZlJTIwT3JnYW5pc2F0aW9uJTIwZGllJTIwaHVuZGVydHByb3plbnRpZyUyMHZvbSUyMFNrYW5kZXJib3JnJTIwRmVzdGl2YWxjbHViJTIwaW0lMjBCZXNpdHolMjBpc3QlMjB1bmQlMjB1JUNDJTg4YmVyJTIwMTQuMDAwJTIwc3RpbW1iZXJlY2h0aWd0ZSUyME1pdGdsaWVkZXIlMjBlbnRoJUMzJUE0bHQlMjAuJTBBJTNDYnIlMkYlM0UlMEFUYXVzZW5kZSUyMHZvbiUyMEZyZWl3aWxsaWdlbiUyQyUyMGRpZSUyMG1pdCUyMGdybyVDMyU5RmVyJTIwTGVpZGVuc2NoYWZ0JTIwdW5kJTIwQmVnZWlzdGVydW5nJTIwcHJvZml0bG9zJTIwZGllJTIwU2thbmRlcmJvcmclMjBGZXN0aXZhbCUyMG9yZ2FuaXNpZXJlbiUyMHVuZCUyMGxlaXRlbi4lMEElM0MlMkZwJTNF[\/vc_raw_html][\/vc_column][\/vc_row][vc_row full_width=&#8220;stretch_row&#8220; equal_height=&#8220;yes&#8220; el_class=&#8220;mb0 story-skin-white&#8220;][vc_column width=&#8220;1\/3&#8243;][vc_single_image image=&#8220;81955&#8243; img_size=&#8220;full&#8220;][\/vc_column][vc_column width=&#8220;2\/3&#8243; offset=&#8220;vc_hidden-xs&#8220;][vc_single_image image=&#8220;81991&#8243; img_size=&#8220;full&#8220;][\/vc_column][\/vc_row][vc_row full_width=&#8220;stretch_row&#8220; equal_height=&#8220;yes&#8220; content_placement=&#8220;middle&#8220; el_class=&#8220;mb0 story-skin-white&#8220;][vc_column el_class=&#8220;story-skin-white&#8220;][vc_raw_html 0=&#8220;&#8220; el_class=&#8220;custom-CMS-paragraph&#8220;]JTNDcCUzRSUzQ2IlM0VHJUMzJUE0c3RlJTNDJTJGYiUzRSUzQyUyRnAlM0UlMEElMEElM0NwJTNFJTBBRGllJTIwTmFjaGZyYWdlJTIwYW4lMjBkaWUlMjBLYXJ0ZW4lMjBzdGVpZ3QlMjBqZWRlcyUyMEphaHIlMjBpbW1lciUyMG1laHIuJTIwRWluJTIwTW9uYXQlMjB2b3IlMjBkZXIlMjBWZXJhbnN0YWx0dW5nJTIwc2luZCUyMGJlcmVpdHMlMjBhbGxlJTIwVGlja2V0cyUyMGF1c3ZlcmthdWZ0JTJDJTIwZWJlbnNvJTIwd2llJTIwZGllJTIwUmVzZXJ2aWVydW5nZW4lMjBkZXIlMjBUZW50aG91c2UtWmVsdGUuJTIwSW5uZXJoYWxiJTIwd2VuaWdlciUyMFRhZ2UlMjBzaW5kJTIwZGllJTIwUmVzZXJ2aWVydW5nZW4lMjBhdXNnZWJ1Y2h0JTJDJTIwYXVmZ3J1bmQlMjBkZXMlMjBiZXNjaHIlQzMlQTRua3RlbiUyMEtvbnRpbmdlbnRzJTIwdW5kJTIwZGVyJTIwQmVsaWVidGhlaXQuJTBBJTNDJTJGcCUzRQ==[\/vc_raw_html][\/vc_column][\/vc_row][vc_row full_width=&#8220;stretch_row&#8220; equal_height=&#8220;yes&#8220; el_class=&#8220;mb0 story-skin-white&#8220;][vc_column width=&#8220;2\/3&#8243; offset=&#8220;vc_hidden-xs&#8220;][vc_single_image image=&#8220;81983&#8243; img_size=&#8220;full&#8220;][\/vc_column][vc_column width=&#8220;1\/3&#8243;][vc_single_image image=&#8220;81959&#8243; img_size=&#8220;full&#8220;][\/vc_column][\/vc_row][vc_row full_width=&#8220;stretch_row_content_no_spaces&#8220; equal_height=&#8220;yes&#8220; content_placement=&#8220;middle&#8220; el_class=&#8220;mb0 story-skin-white&#8220;][vc_column][vc_raw_html 0=&#8220;&#8220; el_class=&#8220;custom-CMS-paragraph&#8220;]JTNDcCUzRSUzQ2IlM0VTaWNoZXJoZWl0JTNDJTJGYiUzRSUzQyUyRnAlM0UlMEElM0NwJTNFJTBBQXVjaCUyMGRpZSUyMFNpY2hlcmhlaXRzb3JnYW5pc2F0aW9uJTIwaXN0JTIwYXVmJTIwZnJlaXdpbGxpZ2VyJTIwQmFzaXMuJTBBJTNDYnIlMkYlM0UlMEFTZWhyJTIwcHJvZmVzc2lvbmVsbGVzJTIwUGVyc29uYWwlMkMlMjBkaWUlMjBtaXQlMjBlaW5lbSUyMEwlQzMlQTRjaGVsbiUyMGRpZSUyMFNpY2hlcmhlaXQlMjBhbGxlciUyMEclQzMlQTRzdGUlMjBiZXNjaGFmZmVuLiUyMERpZSUyMGR1cmNoJTIwU2VyaW9zaXQlQzMlQTR0JTIwdW5kJTIwRHVyY2hzZXR6dW5nc3Zlcm0lQzMlQjZnZW4lMjBhbGxlJTIwVm9yc2NocmlmdGVuJTIwdW5kJTIwZGVyZW4lMjBWZXJoYWx0ZW5zcmVnZWxuJTIwdW1zZXR6ZW4lMkMlMjBzb3dpZSUyMGVpbmUlMjBzdHJlbmdlJTIwQWxrb2hvbHBvbGl0aWslMjB2ZXJsZWloZW4uJTBBJTNDJTJGcCUzRQ==[\/vc_raw_html][\/vc_column][\/vc_row]<\/p>\n","protected":false},"excerpt":{"rendered":"<p>[vc_row full_width=&#8220;stretch_row&#8220; equal_height=&#8220;yes&#8220; el_class=&#8220;mb0 story-skin-white&#8220;][vc_column][\/vc_column][\/vc_row][vc_row full_width=&#8220;stretch_row&#8220; equal_height=&#8220;yes&#8220; el_class=&#8220;mb0 story-skin-white&#8220;][vc_column][vc_raw_html el_class=&#8220;custom-CMS-paragraph&#8220;]JTNDaDIlM0VURU5USE9VU0UlM0MlMkZoMiUzRSUwQSUwQSUzQ3AlM0UlMEFUZW50aG91c2UlMjBpc3QlMjBlaW5lJTIwc3BlemllbGxlJTIwRGFjaHplbHQtVmVyc2lvbiUyMGRpZSUyMHZvbiUyMEF1dG9ob21lJTIwaW4lMjBadXNhbW1lbmFyYmVpdCUyMG1pdCUyMGRlbiUyME1pdGFyYmVpdGVybiUyMGRlcyUyMFNtdWtmZXN0cyUyMGVudHN0YW5kZW4lMjBpc3QuJTIwRGFzJTIwUHVibGlrdW0lMjBzb2xsJTIwdyVDMyVBNGhyZW5kJTIwZGVyJTIwYmVydSVDQyU4OGhtdGVuJTIwQmllcmZlc3R0YWdlJTIwZGllJTIwamVkZXMlMjBKYWhyJTIwaW4lMjBEJUMzJUE0bmVtYXJrJTIwU2thbmRlbmJvcmclMjBzdGF0dGZpbmRlbiUyQyUyMGVpbmVuJTIwYmVxdWVtZW4lMjBTY2hsYWZwbGF0eiUyMHZvcmZpbmRlbiUyMGslQzMlQjZubmVuLiUwQSUzQyUyRnAlM0UlMEElM0NhJTIwaHJlZiUzRCUyMiUyRmRlJTJGZ2FsbGVyeSUyRnNtdWtmZXN0LWdhbGxlcnklMkYlMjIlM0UlM0NiJTNFTU9SRSUyMFNNVUtGRVNUJTIwR0FMTEVSWSUzQyUyRmIlM0UlM0MlMkZhJTNF[\/vc_raw_html][\/vc_column][\/vc_row][vc_row full_width=&#8220;stretch_row&#8220; equal_height=&#8220;yes&#8220; el_class=&#8220;mb0 story-skin-white&#8220;][vc_column width=&#8220;2\/3&#8243; offset=&#8220;vc_hidden-xs&#8220;][vc_single_image image=&#8220;81979&#8243; img_size=&#8220;full&#8220;][\/vc_column][vc_column width=&#8220;1\/3&#8243;][vc_single_image image=&#8220;81943&#8243; img_size=&#8220;full&#8220;][\/vc_column][\/vc_row][vc_row full_width=&#8220;stretch_row&#8220; equal_height=&#8220;yes&#8220; content_placement=&#8220;middle&#8220; el_class=&#8220;mb0 story-skin-white&#8220;][vc_column][vc_raw_html<span class=\"excerpt-hellip\"> [\u2026]<\/span><\/p>\n","protected":false},"author":2,"featured_media":53772,"parent":8682,"menu_order":0,"comment_status":"closed","ping_status":"closed","template":"template-experience.php","meta":{"footnotes":""},"class_list":["post-17670","page","type-page","status-publish","has-post-thumbnail","hentry"],"yoast_head":"<!-- This site is optimized with the Yoast SEO Premium plugin v23.7 (Yoast SEO v23.7) - https:\/\/yoast.com\/wordpress\/plugins\/seo\/ -->\n<title>SmukFest TentHouse-Autohome<\/title>\n<meta name=\"description\" content=\"Tenthouse ist eine Sonderanfertigung eines Autohome-Autodachzeltes in Zusammenarbeit mit dem ber\u00fchmten SMUKFEST Bierfestival in Skanderborg\/D\u00e4nemark, um den Publikum w\u00e4hrend des Festivals eine Schlafm\u00f6glichkeit bieten zu k\u00f6nnen.\" \/>\n<meta name=\"robots\" content=\"index, follow, max-snippet:-1, max-image-preview:large, max-video-preview:-1\" \/>\n<link rel=\"canonical\" href=\"https:\/\/www.autohome-official.com\/de\/experience\/smukfest\/\" \/>\n<meta property=\"og:locale\" content=\"de_DE\" \/>\n<meta property=\"og:type\" content=\"article\" \/>\n<meta property=\"og:title\" content=\"SmukFest - Autohome\" \/>\n<meta property=\"og:description\" content=\"JTNDaDIlM0VURU5USE9VU0UlM0MlMkZoMiUzRSUwQSUwQSUzQ3AlM0UlMEFUZW50aG91c2UlMjBpc3QlMjBlaW5lJTIwc3BlemllbGxlJTIwRGFjaHplbHQtVmVyc2lvbiUyMGRpZSUyMHZvbiUyMEF1dG9o\" \/>\n<meta property=\"og:url\" content=\"https:\/\/www.autohome-official.com\/de\/experience\/smukfest\/\" \/>\n<meta property=\"og:site_name\" content=\"Autohome\" \/>\n<meta property=\"article:publisher\" content=\"https:\/\/www.facebook.com\/Autohome.Official.Page\" \/>\n<meta property=\"article:modified_time\" content=\"2026-04-07T05:51:02+00:00\" \/>\n<meta property=\"og:image\" content=\"https:\/\/www.autohome-official.com\/wp-content\/uploads\/2021\/01\/SmukFest-Autohome-Official.jpg\" \/>\n\t<meta property=\"og:image:width\" content=\"800\" \/>\n\t<meta property=\"og:image:height\" content=\"533\" \/>\n\t<meta property=\"og:image:type\" content=\"image\/jpeg\" \/>\n<meta name=\"twitter:card\" content=\"summary_large_image\" \/>\n<meta name=\"twitter:label1\" content=\"Gesch\u00e4tzte Lesezeit\" \/>\n\t<meta name=\"twitter:data1\" content=\"1\u00a0Minute\" \/>\n<script type=\"application\/ld+json\" class=\"yoast-schema-graph\">{\"@context\":\"https:\/\/schema.org\",\"@graph\":[{\"@type\":\"WebPage\",\"@id\":\"https:\/\/www.autohome-official.com\/de\/experience\/smukfest\/\",\"url\":\"https:\/\/www.autohome-official.com\/de\/experience\/smukfest\/\",\"name\":\"SmukFest TentHouse-Autohome\",\"isPartOf\":{\"@id\":\"https:\/\/www.autohome-official.com\/#website\"},\"primaryImageOfPage\":{\"@id\":\"https:\/\/www.autohome-official.com\/de\/experience\/smukfest\/#primaryimage\"},\"image\":{\"@id\":\"https:\/\/www.autohome-official.com\/de\/experience\/smukfest\/#primaryimage\"},\"thumbnailUrl\":\"https:\/\/www.autohome-official.com\/wp-content\/uploads\/2021\/01\/SmukFest-Autohome-Official.jpg\",\"datePublished\":\"2017-07-10T21:49:38+00:00\",\"dateModified\":\"2026-04-07T05:51:02+00:00\",\"description\":\"Tenthouse ist eine Sonderanfertigung eines Autohome-Autodachzeltes in Zusammenarbeit mit dem ber\u00fchmten SMUKFEST Bierfestival in Skanderborg\/D\u00e4nemark, um den Publikum w\u00e4hrend des Festivals eine Schlafm\u00f6glichkeit bieten zu k\u00f6nnen.\",\"breadcrumb\":{\"@id\":\"https:\/\/www.autohome-official.com\/de\/experience\/smukfest\/#breadcrumb\"},\"inLanguage\":\"de\",\"potentialAction\":[{\"@type\":\"ReadAction\",\"target\":[\"https:\/\/www.autohome-official.com\/de\/experience\/smukfest\/\"]}]},{\"@type\":\"ImageObject\",\"inLanguage\":\"de\",\"@id\":\"https:\/\/www.autohome-official.com\/de\/experience\/smukfest\/#primaryimage\",\"url\":\"https:\/\/www.autohome-official.com\/wp-content\/uploads\/2021\/01\/SmukFest-Autohome-Official.jpg\",\"contentUrl\":\"https:\/\/www.autohome-official.com\/wp-content\/uploads\/2021\/01\/SmukFest-Autohome-Official.jpg\",\"width\":800,\"height\":533,\"caption\":\"SmukFest Autohome Official\"},{\"@type\":\"BreadcrumbList\",\"@id\":\"https:\/\/www.autohome-official.com\/de\/experience\/smukfest\/#breadcrumb\",\"itemListElement\":[{\"@type\":\"ListItem\",\"position\":1,\"name\":\"Home\",\"item\":\"https:\/\/www.autohome-official.com\/de\/\"},{\"@type\":\"ListItem\",\"position\":2,\"name\":\"Experience\",\"item\":\"https:\/\/www.autohome-official.com\/de\/experience\/\"},{\"@type\":\"ListItem\",\"position\":3,\"name\":\"SmukFest\"}]},{\"@type\":\"WebSite\",\"@id\":\"https:\/\/www.autohome-official.com\/#website\",\"url\":\"https:\/\/www.autohome-official.com\/\",\"name\":\"Autohome\",\"description\":\"dachzelt  - roof top tents Made in Italy\",\"publisher\":{\"@id\":\"https:\/\/www.autohome-official.com\/#organization\"},\"alternateName\":\"Autohome Official\",\"potentialAction\":[{\"@type\":\"SearchAction\",\"target\":{\"@type\":\"EntryPoint\",\"urlTemplate\":\"https:\/\/www.autohome-official.com\/?s={search_term_string}\"},\"query-input\":{\"@type\":\"PropertyValueSpecification\",\"valueRequired\":true,\"valueName\":\"search_term_string\"}}],\"inLanguage\":\"de\"},{\"@type\":\"Organization\",\"@id\":\"https:\/\/www.autohome-official.com\/#organization\",\"name\":\"Autohome\",\"alternateName\":\"Autohome Official\",\"url\":\"https:\/\/www.autohome-official.com\/\",\"logo\":{\"@type\":\"ImageObject\",\"inLanguage\":\"de\",\"@id\":\"https:\/\/www.autohome-official.com\/#\/schema\/logo\/image\/\",\"url\":\"https:\/\/www.autohome-official.com\/wp-content\/uploads\/2026\/02\/Maggiolina-Autohome-logo.jpg\",\"contentUrl\":\"https:\/\/www.autohome-official.com\/wp-content\/uploads\/2026\/02\/Maggiolina-Autohome-logo.jpg\",\"width\":512,\"height\":512,\"caption\":\"Autohome\"},\"image\":{\"@id\":\"https:\/\/www.autohome-official.com\/#\/schema\/logo\/image\/\"},\"sameAs\":[\"https:\/\/www.facebook.com\/Autohome.Official.Page\",\"https:\/\/www.instagram.com\/autohome_official\/\",\"http:\/\/www.youtube.com\/user\/AutohomeOfficial\"],\"description\":\"Le prime tende da tetto auto al mondo, prodotte in Italia dal 1958.\",\"email\":\"info@autohome.it\",\"telephone\":\"0039 0376 99590\",\"legalName\":\"Zifer Italia SRL\",\"vatID\":\"IT01329850208\"}]}<\/script>\n<!-- \/ Yoast SEO Premium plugin. -->","yoast_head_json":{"title":"SmukFest TentHouse-Autohome","description":"Tenthouse ist eine Sonderanfertigung eines Autohome-Autodachzeltes in Zusammenarbeit mit dem ber\u00fchmten SMUKFEST Bierfestival in Skanderborg\/D\u00e4nemark, um den Publikum w\u00e4hrend des Festivals eine Schlafm\u00f6glichkeit bieten zu k\u00f6nnen.","robots":{"index":"index","follow":"follow","max-snippet":"max-snippet:-1","max-image-preview":"max-image-preview:large","max-video-preview":"max-video-preview:-1"},"canonical":"https:\/\/www.autohome-official.com\/de\/experience\/smukfest\/","og_locale":"de_DE","og_type":"article","og_title":"SmukFest - Autohome","og_description":"JTNDaDIlM0VURU5USE9VU0UlM0MlMkZoMiUzRSUwQSUwQSUzQ3AlM0UlMEFUZW50aG91c2UlMjBpc3QlMjBlaW5lJTIwc3BlemllbGxlJTIwRGFjaHplbHQtVmVyc2lvbiUyMGRpZSUyMHZvbiUyMEF1dG9o","og_url":"https:\/\/www.autohome-official.com\/de\/experience\/smukfest\/","og_site_name":"Autohome","article_publisher":"https:\/\/www.facebook.com\/Autohome.Official.Page","article_modified_time":"2026-04-07T05:51:02+00:00","og_image":[{"width":800,"height":533,"url":"https:\/\/www.autohome-official.com\/wp-content\/uploads\/2021\/01\/SmukFest-Autohome-Official.jpg","type":"image\/jpeg"}],"twitter_card":"summary_large_image","twitter_misc":{"Gesch\u00e4tzte Lesezeit":"1\u00a0Minute"},"schema":{"@context":"https:\/\/schema.org","@graph":[{"@type":"WebPage","@id":"https:\/\/www.autohome-official.com\/de\/experience\/smukfest\/","url":"https:\/\/www.autohome-official.com\/de\/experience\/smukfest\/","name":"SmukFest TentHouse-Autohome","isPartOf":{"@id":"https:\/\/www.autohome-official.com\/#website"},"primaryImageOfPage":{"@id":"https:\/\/www.autohome-official.com\/de\/experience\/smukfest\/#primaryimage"},"image":{"@id":"https:\/\/www.autohome-official.com\/de\/experience\/smukfest\/#primaryimage"},"thumbnailUrl":"https:\/\/www.autohome-official.com\/wp-content\/uploads\/2021\/01\/SmukFest-Autohome-Official.jpg","datePublished":"2017-07-10T21:49:38+00:00","dateModified":"2026-04-07T05:51:02+00:00","description":"Tenthouse ist eine Sonderanfertigung eines Autohome-Autodachzeltes in Zusammenarbeit mit dem ber\u00fchmten SMUKFEST Bierfestival in Skanderborg\/D\u00e4nemark, um den Publikum w\u00e4hrend des Festivals eine Schlafm\u00f6glichkeit bieten zu k\u00f6nnen.","breadcrumb":{"@id":"https:\/\/www.autohome-official.com\/de\/experience\/smukfest\/#breadcrumb"},"inLanguage":"de","potentialAction":[{"@type":"ReadAction","target":["https:\/\/www.autohome-official.com\/de\/experience\/smukfest\/"]}]},{"@type":"ImageObject","inLanguage":"de","@id":"https:\/\/www.autohome-official.com\/de\/experience\/smukfest\/#primaryimage","url":"https:\/\/www.autohome-official.com\/wp-content\/uploads\/2021\/01\/SmukFest-Autohome-Official.jpg","contentUrl":"https:\/\/www.autohome-official.com\/wp-content\/uploads\/2021\/01\/SmukFest-Autohome-Official.jpg","width":800,"height":533,"caption":"SmukFest Autohome Official"},{"@type":"BreadcrumbList","@id":"https:\/\/www.autohome-official.com\/de\/experience\/smukfest\/#breadcrumb","itemListElement":[{"@type":"ListItem","position":1,"name":"Home","item":"https:\/\/www.autohome-official.com\/de\/"},{"@type":"ListItem","position":2,"name":"Experience","item":"https:\/\/www.autohome-official.com\/de\/experience\/"},{"@type":"ListItem","position":3,"name":"SmukFest"}]},{"@type":"WebSite","@id":"https:\/\/www.autohome-official.com\/#website","url":"https:\/\/www.autohome-official.com\/","name":"Autohome","description":"dachzelt  - roof top tents Made in Italy","publisher":{"@id":"https:\/\/www.autohome-official.com\/#organization"},"alternateName":"Autohome Official","potentialAction":[{"@type":"SearchAction","target":{"@type":"EntryPoint","urlTemplate":"https:\/\/www.autohome-official.com\/?s={search_term_string}"},"query-input":{"@type":"PropertyValueSpecification","valueRequired":true,"valueName":"search_term_string"}}],"inLanguage":"de"},{"@type":"Organization","@id":"https:\/\/www.autohome-official.com\/#organization","name":"Autohome","alternateName":"Autohome Official","url":"https:\/\/www.autohome-official.com\/","logo":{"@type":"ImageObject","inLanguage":"de","@id":"https:\/\/www.autohome-official.com\/#\/schema\/logo\/image\/","url":"https:\/\/www.autohome-official.com\/wp-content\/uploads\/2026\/02\/Maggiolina-Autohome-logo.jpg","contentUrl":"https:\/\/www.autohome-official.com\/wp-content\/uploads\/2026\/02\/Maggiolina-Autohome-logo.jpg","width":512,"height":512,"caption":"Autohome"},"image":{"@id":"https:\/\/www.autohome-official.com\/#\/schema\/logo\/image\/"},"sameAs":["https:\/\/www.facebook.com\/Autohome.Official.Page","https:\/\/www.instagram.com\/autohome_official\/","http:\/\/www.youtube.com\/user\/AutohomeOfficial"],"description":"Le prime tende da tetto auto al mondo, prodotte in Italia dal 1958.","email":"info@autohome.it","telephone":"0039 0376 99590","legalName":"Zifer Italia SRL","vatID":"IT01329850208"}]}},"_links":{"self":[{"href":"https:\/\/www.autohome-official.com\/de\/wp-json\/wp\/v2\/pages\/17670"}],"collection":[{"href":"https:\/\/www.autohome-official.com\/de\/wp-json\/wp\/v2\/pages"}],"about":[{"href":"https:\/\/www.autohome-official.com\/de\/wp-json\/wp\/v2\/types\/page"}],"author":[{"embeddable":true,"href":"https:\/\/www.autohome-official.com\/de\/wp-json\/wp\/v2\/users\/2"}],"replies":[{"embeddable":true,"href":"https:\/\/www.autohome-official.com\/de\/wp-json\/wp\/v2\/comments?post=17670"}],"version-history":[{"count":3,"href":"https:\/\/www.autohome-official.com\/de\/wp-json\/wp\/v2\/pages\/17670\/revisions"}],"predecessor-version":[{"id":85288,"href":"https:\/\/www.autohome-official.com\/de\/wp-json\/wp\/v2\/pages\/17670\/revisions\/85288"}],"up":[{"embeddable":true,"href":"https:\/\/www.autohome-official.com\/de\/wp-json\/wp\/v2\/pages\/8682"}],"wp:featuredmedia":[{"embeddable":true,"href":"https:\/\/www.autohome-official.com\/de\/wp-json\/wp\/v2\/media\/53772"}],"wp:attachment":[{"href":"https:\/\/www.autohome-official.com\/de\/wp-json\/wp\/v2\/media?parent=17670"}],"curies":[{"name":"wp","href":"https:\/\/api.w.org\/{rel}","templated":true}]}}