{"id":25135,"date":"2017-08-16T18:59:14","date_gmt":"2017-08-16T16:59:14","guid":{"rendered":"https:\/\/www.autohome-official.com\/?page_id=25135\/"},"modified":"2025-11-24T15:38:56","modified_gmt":"2025-11-24T14:38:56","slug":"online-registrierung","status":"publish","type":"page","link":"https:\/\/www.autohome-official.com\/de\/online-registrierung\/","title":{"rendered":"Online Registrierung"},"content":{"rendered":"<p>[vc_row el_class=&#8220;mb0 story-skin-white&#8220; css=&#8220;.vc_custom_1480933882350{padding-top: 72px !important;}&#8220;][vc_column]<pre><span><span><a href=\"https:\/\/www.autohome-official.com\/de\/\">Home<\/a><\/span><\/span><\/pre>\n[\/vc_column][\/vc_row][vc_row el_class=&#8220;story-skin-white&#8220; css=&#8220;.vc_custom_1480934181833{padding-right: 5% !important;padding-left: 5% !important;}&#8220;][vc_column][vc_raw_html]JTNDaDElM0VPbmxpbmUlMjBSZWdpc3RyaWVydW5nJTNDJTJGaDElM0U=[\/vc_raw_html][\/vc_column][\/vc_row][vc_row css=&#8220;.vc_custom_1480934171941{padding-right: 5% !important;padding-left: 5% !important;}&#8220; el_class=&#8220;mb0 story-skin-white&#8220;][vc_column width=&#8220;2\/3&#8243;]<div role=\"form\" class=\"wpcf7\" id=\"wpcf7-f25131-o1\" lang=\"it-IT\" dir=\"ltr\">\n<div class=\"screen-reader-response\"><p role=\"status\" aria-live=\"polite\" aria-atomic=\"true\"><\/p> <ul><\/ul><\/div>\n<form action=\"\/de\/wp-json\/wp\/v2\/pages\/25135\/#wpcf7-f25131-o1\" method=\"post\" class=\"wpcf7-form init wpcf7-acceptance-as-validation\" novalidate=\"novalidate\" data-status=\"init\">\n<div style=\"display: none;\">\n<input type=\"hidden\" name=\"_wpcf7\" value=\"25131\" \/>\n<input type=\"hidden\" name=\"_wpcf7_version\" value=\"5.6\" \/>\n<input type=\"hidden\" name=\"_wpcf7_locale\" value=\"it_IT\" \/>\n<input type=\"hidden\" name=\"_wpcf7_unit_tag\" value=\"wpcf7-f25131-o1\" \/>\n<input type=\"hidden\" name=\"_wpcf7_container_post\" value=\"0\" \/>\n<input type=\"hidden\" name=\"_wpcf7_posted_data_hash\" value=\"\" \/>\n<input type=\"hidden\" name=\"_wpcf7cf_hidden_group_fields\" value=\"[]\" \/>\n<input type=\"hidden\" name=\"_wpcf7cf_hidden_groups\" value=\"[]\" \/>\n<input type=\"hidden\" name=\"_wpcf7cf_visible_groups\" value=\"[]\" \/>\n<input type=\"hidden\" name=\"_wpcf7cf_repeaters\" value=\"[]\" \/>\n<input type=\"hidden\" name=\"_wpcf7cf_steps\" value=\"{}\" \/>\n<input type=\"hidden\" name=\"_wpcf7cf_options\" value=\"{&quot;form_id&quot;:25131,&quot;conditions&quot;:[],&quot;settings&quot;:{&quot;animation&quot;:&quot;yes&quot;,&quot;animation_intime&quot;:200,&quot;animation_outtime&quot;:200,&quot;conditions_ui&quot;:&quot;normal&quot;,&quot;notice_dismissed&quot;:false,&quot;notice_dismissed_rollback-cf7-5.6&quot;:true,&quot;notice_dismissed_update-cf7-5.9.8&quot;:true}}\" \/>\n<\/div>\n<link rel=\"stylesheet\" href=\"https:\/\/www.autohome-official.com\/wp-content\/plugins\/pdf-forms-for-contact-form-7\/css\/frontend.css\" \/><script type=\"text\/javascript\" src=\"https:\/\/www.autohome-official.com\/wp-content\/plugins\/pdf-forms-for-contact-form-7\/js\/frontend.js?ver=2.2.5\"><\/script><div class=\"vc_row-flex\">\n<div class=\"vc_col-sm-10\">\n<br>Compila il form qui di seguito, per registrare la garazia della tua tenda.<br><br><\/div>\n<\/div>\n<div class=\"vc_row-flex\">\n<div class=\"vc_col-sm-4\"><label for=\"ctrl-your-tent\">Zelt Modell und Gr\u00f6sse* <\/label><\/div>\n<div class=\"vc_col-sm-8\"><span class=\"wpcf7-form-control-wrap\" data-name=\"your-tent\"><input type=\"text\" name=\"your-tent\" value=\"\" size=\"40\" class=\"wpcf7-form-control wpcf7-text wpcf7-validates-as-required\" id=\"ctrl-your-tent\" aria-required=\"true\" aria-invalid=\"false\" placeholder=\"*\" \/><\/span><\/div>\n<\/div>\n<div class=\"vc_row-flex\">\n<div class=\"vc_col-sm-4\"><label for=\"ctrl-your-series\">Serien Nummer*<\/label><\/div>\n<div class=\"vc_col-sm-8\"><span class=\"wpcf7-form-control-wrap\" data-name=\"your-series\"><input type=\"text\" name=\"your-series\" value=\"\" size=\"40\" class=\"wpcf7-form-control wpcf7-text wpcf7-validates-as-required\" id=\"ctrl-your-series\" aria-required=\"true\" aria-invalid=\"false\" placeholder=\"*\" \/><\/span><\/div>\n<\/div>\n<div class=\"vc_row-flex\">\n<div class=\"vc_col-sm-4\"><label for=\"ctrl-your-email\">E-Mail-Adresse*<\/label><\/div>\n<div class=\"vc_col-sm-8\"><span class=\"wpcf7-form-control-wrap\" data-name=\"your-email\"><input type=\"email\" name=\"your-email\" value=\"\" size=\"40\" class=\"wpcf7-form-control wpcf7-text wpcf7-email wpcf7-validates-as-required wpcf7-validates-as-email\" id=\"ctrl-your-email\" aria-required=\"true\" aria-invalid=\"false\" placeholder=\"*\" \/><\/span><\/div>\n<\/div>\n<div class=\"vc_row-flex\">\n<div class=\"vc_col-sm-4\"><label for=\"ctrl-your-first-name\">Namen*<\/label><\/div>\n<div class=\"vc_col-sm-8\"><span class=\"wpcf7-form-control-wrap\" data-name=\"your-first-name\"><input type=\"text\" name=\"your-first-name\" value=\"\" size=\"40\" class=\"wpcf7-form-control wpcf7-text wpcf7-validates-as-required\" id=\"ctrl-your-first-name\" aria-required=\"true\" aria-invalid=\"false\" placeholder=\"*\" \/><\/span><\/div>\n<\/div>\n<div class=\"vc_row-flex\">\n<div class=\"vc_col-sm-4\"><label for=\"ctrl-your-last-name\">Vorname*<\/label><\/div>\n<div class=\"vc_col-sm-8\"><span class=\"wpcf7-form-control-wrap\" data-name=\"your-last-name\"><input type=\"text\" name=\"your-last-name\" value=\"\" size=\"40\" class=\"wpcf7-form-control wpcf7-text wpcf7-validates-as-required\" id=\"ctrl-your-last-name\" aria-required=\"true\" aria-invalid=\"false\" placeholder=\"*\" \/><\/span><\/div>\n<\/div>\n<div class=\"vc_row-flex\">\n<div class=\"vc_col-sm-4\"><label for=\"ctrl-your-address\">Adresse<\/label><\/div>\n<div class=\"vc_col-sm-8\"><span class=\"wpcf7-form-control-wrap\" data-name=\"your-address\"><input type=\"text\" name=\"your-address\" value=\"\" size=\"40\" class=\"wpcf7-form-control wpcf7-text wpcf7-validates-as-required\" id=\"ctrl-your-address\" aria-required=\"true\" aria-invalid=\"false\" placeholder=\"*\" \/><\/span><\/div>\n<\/div>\n<div class=\"vc_row-flex\">\n<div class=\"vc_col-sm-4\"><label for=\"ctrl-your-cap\">Postleitzahl<\/label><\/div>\n<div class=\"vc_col-sm-8\"><span class=\"wpcf7-form-control-wrap\" data-name=\"your-cap\"><input type=\"text\" name=\"your-cap\" value=\"\" size=\"40\" class=\"wpcf7-form-control wpcf7-text wpcf7-validates-as-required\" id=\"ctrl-your-cap\" aria-required=\"true\" aria-invalid=\"false\" placeholder=\"*\" \/><\/span><\/div>\n<\/div>\n<div class=\"vc_row-flex\">\n<div class=\"vc_col-sm-4\"><label for=\"ctrl-your-town\">Stadt<\/label><\/div>\n<div class=\"vc_col-sm-8\"><span class=\"wpcf7-form-control-wrap\" data-name=\"your-town\"><input type=\"text\" name=\"your-town\" value=\"\" size=\"40\" class=\"wpcf7-form-control wpcf7-text wpcf7-validates-as-required\" id=\"ctrl-your-town\" aria-required=\"true\" aria-invalid=\"false\" placeholder=\"*\" \/><\/span><\/div>\n<\/div>\n<div class=\"vc_row-flex\">\n<div class=\"vc_col-sm-4\"><label for=\"ctrl-your-country\">Land<\/label><\/div>\n<div class=\"vc_col-sm-8\"><span class=\"wpcf7-form-control-wrap\" data-name=\"your-country\"><input type=\"text\" name=\"your-country\" value=\"\" size=\"40\" class=\"wpcf7-form-control wpcf7-text wpcf7-validates-as-required\" id=\"ctrl-your-country\" aria-required=\"true\" aria-invalid=\"false\" placeholder=\"*\" \/><\/span><\/div>\n<\/div>\n<div class=\"vc_row-flex\">\n<div class=\"vc_col-sm-4\"><label for=\"ctrl-your-phone\">Telefon*<\/label><\/div>\n<div class=\"vc_col-sm-8\"><span class=\"wpcf7-form-control-wrap\" data-name=\"your-phone\"><input type=\"tel\" name=\"your-phone\" value=\"\" size=\"40\" class=\"wpcf7-form-control wpcf7-text wpcf7-tel wpcf7-validates-as-tel\" id=\"ctrl-your-phone\" aria-invalid=\"false\" \/><\/span><\/div>\n<\/div>\n<div class=\"vc_row-flex\">\n<div class=\"vc_col-sm-4\"><label for=\"ctrl-your-website\">Webseite<\/label><\/div>\n<div class=\"vc_col-sm-8\"><span class=\"wpcf7-form-control-wrap\" data-name=\"your-website\"><input type=\"url\" name=\"your-website\" value=\"\" size=\"40\" class=\"wpcf7-form-control wpcf7-text wpcf7-url wpcf7-validates-as-url\" id=\"ctrl-your-website\" aria-invalid=\"false\" \/><\/span><\/div>\n<\/div>\n<div class=\"vc_row-flex\">\n<div class=\"vc_col-sm-12\"><i>Alle Felder mit * m\u00fcssen ausgef\u00fcllt werden.<\/i><\/div>\n<\/div>\n<p>&nbsp;<\/p>\n<p>&nbsp;<\/p>\n<hr\/>\n<p>&nbsp;<\/p>\n<div class=\"vc_row-flex\">\n<div class=\"vc_col-sm-12\">\n<p>Datenschutzerkl\u00e4rung: Nach Ma\u00dfgabe des Gesetzesdekrets Nr. 196\/03 werden die erhobenen Daten ausschlie\u00dflich verwendet, um \u00fcber Aktivit\u00e4ten und Initiativen der Autohome zu informieren und werden nicht an Dritte weitergegeben werden. Die \u00dcbermittlung der Daten ist optional, jedoch k\u00f6nnen ohne sie nicht die gew\u00fcnschten Dienste erbracht werden. Der Betroffene kann das Recht gem\u00e4\u00df Art. 7 Gesetzesdekret Nr. 196\/03 anwenden. Verantwortlich im Sinne des Datenschutzgesetzes ist Autohome \u2013 Viale Risorgimento Nr. 23 \u2013 I - 46017 Rivarolo Mantovano (Mantova) \u2013 Italy.\n<\/p>\n<\/div>\n<\/div>\n<div class=\"vc_row-flex\">\n<div class=\"vc_col-sm-1\"><span class=\"wpcf7-form-control-wrap\" data-name=\"acceptance\"><span class=\"wpcf7-form-control wpcf7-acceptance\"><span class=\"wpcf7-list-item\"><input type=\"checkbox\" name=\"acceptance\" value=\"1\" aria-invalid=\"false\" class=\"tip-on-right\" id=\"ctrl-acceptance\" \/><\/span><\/span><\/span><\/div>\n<div class=\"vc_col-sm-11\"><label for=\"ctrl-acceptance\"> Ich stimme der Datenverarbeitung zu und erm\u00e4chtige Zifer Italia s.r.l. meine Daten dem H\u00e4ndler in meiner Region zu geben sodass er Verbindung mit mir aufnehmen kann.*<\/label><\/div>\n<\/div>\n<p>&nbsp;<\/p>\n<div class=\"vc_row-flex\">\n<div class=\"vc_col-sm-12\">\n<\/div>\n<\/div>\n<p>&nbsp;<\/p>\n<p><span id=\"wpcf7-69d13dcbd1b2c-wrapper\" class=\"wpcf7-form-control-wrap location-581-wrap\" ><label for=\"wpcf7-69d13dcbd1b2c-field\" class=\"hp-message\">campo non necessario<\/label><input id=\"wpcf7-69d13dcbd1b2c-field\"  placeholder=\"privacy-policy\"  class=\"wpcf7-form-control wpcf7-text\" type=\"text\" name=\"location-581\" value=\"\" size=\"40\" tabindex=\"-1\" autocomplete=\"off\" \/><\/span><\/p>\n<div class=\"vc_row-flex\">\n<div class=\"vc_col-sm-4\"><\/div>\n<div class=\"vc_col-sm-2\"><input type=\"reset\" value=\"L\u00d6SCHEN\" class=\"wpcf7-form-control wpcf7-submit-reset vc_general vc_btn3 vc_btn3-size-md vc_btn3-shape-square vc_btn3-style-flat vc_btn3-block vc_btn3-color-grey text-center\"\/><\/div>\n<div class=\"vc_col-sm-2\"><input type=\"submit\" value=\"ABSENDEN\" class=\"wpcf7-form-control has-spinner wpcf7-submit vc_general vc_btn3 vc_btn3-size-md vc_btn3-shape-square vc_btn3-style-flat vc_btn3-color-danger vc_btn3-block text-center\" \/><\/div>\n<\/div>\n<input type='hidden' class='wpcf7-pum' value='{\"closepopup\":false,\"closedelay\":0,\"openpopup\":false,\"openpopup_id\":0}' \/><div class=\"wpcf7-response-output\" aria-hidden=\"true\"><\/div><\/form><\/div>[\/vc_column][vc_column width=&#8220;1\/3&#8243;][\/vc_column][\/vc_row]<\/p>\n","protected":false},"excerpt":{"rendered":"<p>[vc_row el_class=&#8220;mb0 story-skin-white&#8220; css=&#8220;.vc_custom_1480933882350{padding-top: 72px !important;}&#8220;][vc_column][\/vc_column][\/vc_row][vc_row el_class=&#8220;story-skin-white&#8220; css=&#8220;.vc_custom_1480934181833{padding-right: 5% !important;padding-left: 5% !important;}&#8220;][vc_column][vc_raw_html]JTNDaDElM0VPbmxpbmUlMjBSZWdpc3RyaWVydW5nJTNDJTJGaDElM0U=[\/vc_raw_html][\/vc_column][\/vc_row][vc_row css=&#8220;.vc_custom_1480934171941{padding-right: 5% !important;padding-left: 5% !important;}&#8220; el_class=&#8220;mb0 story-skin-white&#8220;][vc_column width=&#8220;2\/3&#8243;][\/vc_column][vc_column width=&#8220;1\/3&#8243;][\/vc_column][\/vc_row]<\/p>\n","protected":false},"author":2,"featured_media":0,"parent":0,"menu_order":0,"comment_status":"closed","ping_status":"closed","template":"","meta":{"footnotes":""},"class_list":["post-25135","page","type-page","status-publish","hentry"],"yoast_head":"<!-- This site is optimized with the Yoast SEO Premium plugin v23.7 (Yoast SEO v23.7) - https:\/\/yoast.com\/wordpress\/plugins\/seo\/ -->\n<title>Online Registrierung - Autohome<\/title>\n<meta name=\"description\" content=\"JTNDaDElM0VPbmxpbmUlMjBSZWdpc3RyaWVydW5nJTNDJTJGaDElM0U=\" \/>\n<meta name=\"robots\" content=\"index, follow, max-snippet:-1, max-image-preview:large, max-video-preview:-1\" \/>\n<link rel=\"canonical\" href=\"https:\/\/www.autohome-official.com\/de\/online-registrierung\/\" \/>\n<meta property=\"og:locale\" content=\"de_DE\" \/>\n<meta property=\"og:type\" content=\"article\" \/>\n<meta property=\"og:title\" content=\"Online Registrierung - Autohome\" \/>\n<meta property=\"og:description\" content=\"JTNDaDElM0VPbmxpbmUlMjBSZWdpc3RyaWVydW5nJTNDJTJGaDElM0U=\" \/>\n<meta property=\"og:url\" content=\"https:\/\/www.autohome-official.com\/de\/online-registrierung\/\" \/>\n<meta property=\"og:site_name\" content=\"Autohome\" \/>\n<meta property=\"article:publisher\" content=\"https:\/\/www.facebook.com\/Autohome.Official.Page\" \/>\n<meta property=\"article:modified_time\" content=\"2025-11-24T14:38:56+00:00\" \/>\n<meta property=\"og:image\" content=\"https:\/\/www.autohome-official.com\/wp-content\/uploads\/2026\/02\/Maggiolina-Autohome-logo.jpg\" \/>\n\t<meta property=\"og:image:width\" content=\"512\" \/>\n\t<meta property=\"og:image:height\" content=\"512\" \/>\n\t<meta property=\"og:image:type\" content=\"image\/jpeg\" \/>\n<meta name=\"twitter:card\" content=\"summary_large_image\" \/>\n<meta name=\"twitter:label1\" content=\"Gesch\u00e4tzte Lesezeit\" \/>\n\t<meta name=\"twitter:data1\" content=\"1\u00a0Minute\" \/>\n<script type=\"application\/ld+json\" class=\"yoast-schema-graph\">{\"@context\":\"https:\/\/schema.org\",\"@graph\":[{\"@type\":\"WebPage\",\"@id\":\"https:\/\/www.autohome-official.com\/de\/online-registrierung\/\",\"url\":\"https:\/\/www.autohome-official.com\/de\/online-registrierung\/\",\"name\":\"Online Registrierung - Autohome\",\"isPartOf\":{\"@id\":\"https:\/\/www.autohome-official.com\/#website\"},\"datePublished\":\"2017-08-16T16:59:14+00:00\",\"dateModified\":\"2025-11-24T14:38:56+00:00\",\"description\":\"JTNDaDElM0VPbmxpbmUlMjBSZWdpc3RyaWVydW5nJTNDJTJGaDElM0U=\",\"breadcrumb\":{\"@id\":\"https:\/\/www.autohome-official.com\/de\/online-registrierung\/#breadcrumb\"},\"inLanguage\":\"de\",\"potentialAction\":[{\"@type\":\"ReadAction\",\"target\":[\"https:\/\/www.autohome-official.com\/de\/online-registrierung\/\"]}]},{\"@type\":\"BreadcrumbList\",\"@id\":\"https:\/\/www.autohome-official.com\/de\/online-registrierung\/#breadcrumb\",\"itemListElement\":[{\"@type\":\"ListItem\",\"position\":1,\"name\":\"Home\",\"item\":\"https:\/\/www.autohome-official.com\/de\/\"},{\"@type\":\"ListItem\",\"position\":2,\"name\":\"Online Registrierung\"}]},{\"@type\":\"WebSite\",\"@id\":\"https:\/\/www.autohome-official.com\/#website\",\"url\":\"https:\/\/www.autohome-official.com\/\",\"name\":\"Autohome\",\"description\":\"dachzelt  - roof top tents Made in Italy\",\"publisher\":{\"@id\":\"https:\/\/www.autohome-official.com\/#organization\"},\"alternateName\":\"Autohome Official\",\"potentialAction\":[{\"@type\":\"SearchAction\",\"target\":{\"@type\":\"EntryPoint\",\"urlTemplate\":\"https:\/\/www.autohome-official.com\/?s={search_term_string}\"},\"query-input\":{\"@type\":\"PropertyValueSpecification\",\"valueRequired\":true,\"valueName\":\"search_term_string\"}}],\"inLanguage\":\"de\"},{\"@type\":\"Organization\",\"@id\":\"https:\/\/www.autohome-official.com\/#organization\",\"name\":\"Autohome\",\"alternateName\":\"Autohome Official\",\"url\":\"https:\/\/www.autohome-official.com\/\",\"logo\":{\"@type\":\"ImageObject\",\"inLanguage\":\"de\",\"@id\":\"https:\/\/www.autohome-official.com\/#\/schema\/logo\/image\/\",\"url\":\"https:\/\/www.autohome-official.com\/wp-content\/uploads\/2026\/02\/Maggiolina-Autohome-logo.jpg\",\"contentUrl\":\"https:\/\/www.autohome-official.com\/wp-content\/uploads\/2026\/02\/Maggiolina-Autohome-logo.jpg\",\"width\":512,\"height\":512,\"caption\":\"Autohome\"},\"image\":{\"@id\":\"https:\/\/www.autohome-official.com\/#\/schema\/logo\/image\/\"},\"sameAs\":[\"https:\/\/www.facebook.com\/Autohome.Official.Page\",\"https:\/\/www.instagram.com\/autohome_official\/\",\"http:\/\/www.youtube.com\/user\/AutohomeOfficial\"],\"description\":\"Le prime tende da tetto auto al mondo, prodotte in Italia dal 1958.\",\"email\":\"info@autohome.it\",\"telephone\":\"0039 0376 99590\",\"legalName\":\"Zifer Italia SRL\",\"vatID\":\"IT01329850208\"}]}<\/script>\n<!-- \/ Yoast SEO Premium plugin. -->","yoast_head_json":{"title":"Online Registrierung - Autohome","description":"JTNDaDElM0VPbmxpbmUlMjBSZWdpc3RyaWVydW5nJTNDJTJGaDElM0U=","robots":{"index":"index","follow":"follow","max-snippet":"max-snippet:-1","max-image-preview":"max-image-preview:large","max-video-preview":"max-video-preview:-1"},"canonical":"https:\/\/www.autohome-official.com\/de\/online-registrierung\/","og_locale":"de_DE","og_type":"article","og_title":"Online Registrierung - Autohome","og_description":"JTNDaDElM0VPbmxpbmUlMjBSZWdpc3RyaWVydW5nJTNDJTJGaDElM0U=","og_url":"https:\/\/www.autohome-official.com\/de\/online-registrierung\/","og_site_name":"Autohome","article_publisher":"https:\/\/www.facebook.com\/Autohome.Official.Page","article_modified_time":"2025-11-24T14:38:56+00:00","og_image":[{"width":512,"height":512,"url":"https:\/\/www.autohome-official.com\/wp-content\/uploads\/2026\/02\/Maggiolina-Autohome-logo.jpg","type":"image\/jpeg"}],"twitter_card":"summary_large_image","twitter_misc":{"Gesch\u00e4tzte Lesezeit":"1\u00a0Minute"},"schema":{"@context":"https:\/\/schema.org","@graph":[{"@type":"WebPage","@id":"https:\/\/www.autohome-official.com\/de\/online-registrierung\/","url":"https:\/\/www.autohome-official.com\/de\/online-registrierung\/","name":"Online Registrierung - Autohome","isPartOf":{"@id":"https:\/\/www.autohome-official.com\/#website"},"datePublished":"2017-08-16T16:59:14+00:00","dateModified":"2025-11-24T14:38:56+00:00","description":"JTNDaDElM0VPbmxpbmUlMjBSZWdpc3RyaWVydW5nJTNDJTJGaDElM0U=","breadcrumb":{"@id":"https:\/\/www.autohome-official.com\/de\/online-registrierung\/#breadcrumb"},"inLanguage":"de","potentialAction":[{"@type":"ReadAction","target":["https:\/\/www.autohome-official.com\/de\/online-registrierung\/"]}]},{"@type":"BreadcrumbList","@id":"https:\/\/www.autohome-official.com\/de\/online-registrierung\/#breadcrumb","itemListElement":[{"@type":"ListItem","position":1,"name":"Home","item":"https:\/\/www.autohome-official.com\/de\/"},{"@type":"ListItem","position":2,"name":"Online Registrierung"}]},{"@type":"WebSite","@id":"https:\/\/www.autohome-official.com\/#website","url":"https:\/\/www.autohome-official.com\/","name":"Autohome","description":"dachzelt  - roof top tents Made in Italy","publisher":{"@id":"https:\/\/www.autohome-official.com\/#organization"},"alternateName":"Autohome Official","potentialAction":[{"@type":"SearchAction","target":{"@type":"EntryPoint","urlTemplate":"https:\/\/www.autohome-official.com\/?s={search_term_string}"},"query-input":{"@type":"PropertyValueSpecification","valueRequired":true,"valueName":"search_term_string"}}],"inLanguage":"de"},{"@type":"Organization","@id":"https:\/\/www.autohome-official.com\/#organization","name":"Autohome","alternateName":"Autohome Official","url":"https:\/\/www.autohome-official.com\/","logo":{"@type":"ImageObject","inLanguage":"de","@id":"https:\/\/www.autohome-official.com\/#\/schema\/logo\/image\/","url":"https:\/\/www.autohome-official.com\/wp-content\/uploads\/2026\/02\/Maggiolina-Autohome-logo.jpg","contentUrl":"https:\/\/www.autohome-official.com\/wp-content\/uploads\/2026\/02\/Maggiolina-Autohome-logo.jpg","width":512,"height":512,"caption":"Autohome"},"image":{"@id":"https:\/\/www.autohome-official.com\/#\/schema\/logo\/image\/"},"sameAs":["https:\/\/www.facebook.com\/Autohome.Official.Page","https:\/\/www.instagram.com\/autohome_official\/","http:\/\/www.youtube.com\/user\/AutohomeOfficial"],"description":"Le prime tende da tetto auto al mondo, prodotte in Italia dal 1958.","email":"info@autohome.it","telephone":"0039 0376 99590","legalName":"Zifer Italia SRL","vatID":"IT01329850208"}]}},"_links":{"self":[{"href":"https:\/\/www.autohome-official.com\/de\/wp-json\/wp\/v2\/pages\/25135"}],"collection":[{"href":"https:\/\/www.autohome-official.com\/de\/wp-json\/wp\/v2\/pages"}],"about":[{"href":"https:\/\/www.autohome-official.com\/de\/wp-json\/wp\/v2\/types\/page"}],"author":[{"embeddable":true,"href":"https:\/\/www.autohome-official.com\/de\/wp-json\/wp\/v2\/users\/2"}],"replies":[{"embeddable":true,"href":"https:\/\/www.autohome-official.com\/de\/wp-json\/wp\/v2\/comments?post=25135"}],"version-history":[{"count":1,"href":"https:\/\/www.autohome-official.com\/de\/wp-json\/wp\/v2\/pages\/25135\/revisions"}],"predecessor-version":[{"id":80358,"href":"https:\/\/www.autohome-official.com\/de\/wp-json\/wp\/v2\/pages\/25135\/revisions\/80358"}],"wp:attachment":[{"href":"https:\/\/www.autohome-official.com\/de\/wp-json\/wp\/v2\/media?parent=25135"}],"curies":[{"name":"wp","href":"https:\/\/api.w.org\/{rel}","templated":true}]}}