{"id":50898,"date":"2020-10-29T08:54:38","date_gmt":"2020-10-29T07:54:38","guid":{"rendered":"https:\/\/www.autohome-official.com\/?page_id=50898"},"modified":"2026-01-27T15:44:57","modified_gmt":"2026-01-27T14:44:57","slug":"land-rover-barcolana","status":"publish","type":"page","link":"https:\/\/www.autohome-official.com\/de\/experience\/land-rover-barcolana\/","title":{"rendered":"Land Rover &#8211; Barcolana"},"content":{"rendered":"<p>[vc_row full_width=&#8220;stretch_row&#8220; equal_height=&#8220;yes&#8220;][vc_column]<pre><span><span><a href=\"https:\/\/www.autohome-official.com\/de\/\">Home<\/a><\/span><\/span><\/pre>\n[\/vc_column][\/vc_row][vc_row full_width=&#8220;stretch_row&#8220; equal_height=&#8220;yes&#8220; el_class=&#8220;mb0 story-skin-white&#8220;][vc_column][vc_raw_html el_class=&#8220;custom-CMS-paragraph&#8220;]JTNDaDIlM0VBQkVOVEVVRVIlMkMlMjBTVElMJTIwVU5EJTIwTEVJREVOU0NIQUZULiUyMFpXSVNDSEVOJTIwTEFORCUyMFVORCUyME1FRVIlM0ElMjAlMjAlM0MlMkZiciUzRSUyMEdJQlQlMjBFUyUyMExBTkQlMjBST1ZFUiUyMSUzQyUyRmgyJTNFJTBBJTBBJTNDcCUzRSUwQUF1ZiUyMGRlciUyMDUyLiUyMFZlcmFuc3RhbHR1bmclMjB2b24lMjBCYXJjb2xhbmElMkMlMjBkZXIlMjBnciVDMyVCNiVDMyU5RnRlbiUyMHVuZCUyMCVDMyVBNGx0ZXN0ZW4lMjBTZWdlbHJlZ2F0dGElMjBkZXIlMjBXZWx0JTJDJTIwd2FyJTIwTGFuZCUyMFJvdmVyJTIwYWxzJTIwR29sZHNwb25zb3IlMjB2ZXJ0cmV0ZW4lMkMlMjB3b21pdCUyMGVyJTIwZXJuZXV0JTIwc2VpbmUlMjBCZXJ1ZnVuZyUyMGhlcnZvcmdlaG9iZW4lMjBoYXR0ZSUyQyUyMFN0aWwlMjB1bmQlMjBOYXR1ciUyQyUyMExhbmQlMjB1bmQlMjBNZWVyJTIwenUlMjB2ZXJiaW5kZW4uJTIwVW5kJTIwYW4lMjBzZWluZXIlMjBTZWl0ZSUyMEF1dG9ob21lJTJDJTIwZGFzJTIwaW4lMjBlaW5lbSUyMGF1JUMzJTlGZXJnZXclQzMlQjZobmxpY2hlbiUyMEtvbnRleHQlMjBkaWUlMjBadXNhbW1lbmFyYmVpdCUyMG1pdCUyMGRlbSUyMCUyMk15dGhvcyUyMiUyMGRlcyUyMHdlbHR3ZWl0JTIwYmVrYW5udGVzdGVuJTIwR2VsJUMzJUE0bmRld2FnZW5zJTIwYmVrciVDMyVBNGZ0aWd0ZS4lMEElM0MlMkZwJTNFJTBBJTBB[\/vc_raw_html][\/vc_column][\/vc_row][vc_row full_width=&#8220;stretch_row&#8220; equal_height=&#8220;yes&#8220; el_class=&#8220;mb0 story-skin-white&#8220;][vc_column width=&#8220;2\/3&#8243; offset=&#8220;vc_hidden-xs&#8220;][vc_single_image image=&#8220;81688&#8243; img_size=&#8220;full&#8220;][\/vc_column][vc_column width=&#8220;1\/3&#8243; el_class=&#8220;story-skin-white&#8220;][vc_single_image image=&#8220;81660&#8243; img_size=&#8220;full&#8220;][\/vc_column][\/vc_row][vc_row full_width=&#8220;stretch_row&#8220; equal_height=&#8220;yes&#8220; el_class=&#8220;mb0 story-skin-white&#8220;][vc_column width=&#8220;1\/3&#8243; offset=&#8220;vc_hidden-xs&#8220;][vc_single_image image=&#8220;81664&#8243; img_size=&#8220;full&#8220;][\/vc_column][vc_column width=&#8220;1\/3&#8243; el_class=&#8220;story-skin-white&#8220; offset=&#8220;vc_hidden-xs&#8220;][vc_single_image image=&#8220;81668&#8243; img_size=&#8220;full&#8220;][\/vc_column][vc_column width=&#8220;1\/3&#8243;][vc_single_image image=&#8220;81672&#8243; img_size=&#8220;full&#8220;][\/vc_column][\/vc_row][vc_row full_width=&#8220;stretch_row&#8220; equal_height=&#8220;yes&#8220; el_class=&#8220;mb0 story-skin-white&#8220;][vc_column][vc_raw_html 0=&#8220;&#8220; el_class=&#8220;custom-CMS-paragraph&#8220;]JTNDcCUzRVd1cmRlJTIwZGVyJTIwR29sZiUyMHZvbiUyMFRyaWVzdCUyMHZvbiUyMGRlbiUyMHphaGxyZWljaGVuJTIwVmVyYW5zdGFsdHVuZ2VuJTIwYmVsZWJ0JTJDJTIwZGllJTIwYWxzJTIwcHJlc3RpZ2V0ciVDMyVBNGNodGlnZXMlMjBSYWhtZW5wcm9ncmFtbSUyMHp1ciUyMEJhcmNvbGFuYSUyMGRpZW50ZW4uJTIwRGllJTIwVmVyYW5zdGFsdHVuZyUyMHZlcnplaWNobmV0ZSUyMCVDMyVCQ2JlciUyMDMwLjAwMCUyMEJlc3VjaGVyJTIwYW0lMjBQaWVyJTIwdm9uJTIwVHJpZXN0JTIwdW5kJTIwYW4lMjBkZW4lMjBhbmRlcmVuJTIwUHVua3RlbiUyMGluJTIwZGVyJTIwU3RhZHQuJTIwRWluJTIwYXUlQzMlOUZlcmdldyVDMyVCNmhubGljaGVzJTIwRXJnZWJuaXMlMkMlMjBkYXMlMjBkaWUlMjBCYXJjb2xhbmElMjBhbHMlMjBnciVDMyVCNiVDMyU5RnRlJTIwU2VnZWx2ZXJhbnN0YWx0dW5nJTIwaW0lMjBLYWxlbmRlciUyMGJlc3QlQzMlQTR0aWd0ZS4lMjBXaWNodGlnJTIwaXN0JTIwYXVjaCUyMGRpZSUyMFppZWxncnVwcGUlM0ElMjBOYXR1cmZyZXVuZGUlMkMlMjBkaWUlMjBNZWVyJTJDJTIwU3BvcnQlMjB1bmQlMjBBYmVudGV1ZXIlMjBsaWViZW4lMjB1bmQlMjBzZWhyJTIwYW4lMjBkZW4lMjBpbmhhbHRsaWNoZW4lMjBBdXNyaWNodHVuZ2VuJTIwdm9uJTIwTGFuZCUyMFJvdmVyJTIwaW50ZXJlc3NpZXJ0JTIwc2luZC4lMEElM0MlMkZwJTNF[\/vc_raw_html][\/vc_column][\/vc_row][vc_row full_width=&#8220;stretch_row&#8220; equal_height=&#8220;yes&#8220; el_class=&#8220;mb0 story-skin-white&#8220;][vc_column width=&#8220;1\/3&#8243; el_class=&#8220;story-skin-white&#8220;][vc_single_image image=&#8220;81676&#8243; img_size=&#8220;full&#8220;][\/vc_column][vc_column width=&#8220;2\/3&#8243; offset=&#8220;vc_hidden-xs&#8220;][vc_single_image image=&#8220;81692&#8243; img_size=&#8220;full&#8220;][\/vc_column][\/vc_row][vc_row full_width=&#8220;stretch_row_content_no_spaces&#8220; equal_height=&#8220;yes&#8220; el_class=&#8220;mb0 story-skin-white&#8220;][vc_column][vc_raw_html 0=&#8220;&#8220; el_class=&#8220;custom-CMS-paragraph&#8220;]JTNDcCUzRURpZSUyMEJsaWNrZSUyMHNpbmQlMjBhdWYlMjBkZW4lMjBtYWplc3QlQzMlQTR0aXNjaGVuJTIwRGVmZW5kZXIlMjAxMTAlMjBnZXJpY2h0ZXQlMkMlMjBkZXIlMjBzdHJhdGVnaXNjaCUyMGclQzMlQkNuc3RpZyUyMGltJTIwQXVzc3RlbGx1bmdzYmVyZWljaCUyMHZvbiUyMExhbmQlMjBSb3ZlciUyMG1pdCUyMExvdW5nZSUyMGF1c2dlc3RlbGx0JTIwaXN0JTJDJTIwbWl0dGVuJTIwaW0lMjBIZXJ6ZW4lMjBkZXIlMjBWZXJhbnN0YWx0dW5nJTJDJTIwZGVyJTIwUGllciUyMGRlciUyMEJlcnNhZ2xpZXJpLiUyMEVpbmUlMjBQciVDMyVBNHNlbnRhdGlvbiUyQyUyMGRpZSUyMGR1cmNoJTIwZGFzJTIwc3BlemllbGwlMjBmJUMzJUJDciUyMExhbmQlMjBSb3ZlciUyMGtyZWllcnRlJTIwQXV0b2hvbWUtWmVsdCUyMG5vY2glMjBmYXN6aW5pZXJlbmRlciUyMHd1cmRlJTIwdW5kJTIwZGllJTIwZW1vdGlvbmFsZSUyMFdpcmt1bmclMjBkZXMlMjBGYWhyemV1Z3MlMjB2ZXJzdCVDMyVBNHJrdGUuJTIwQXVjaCUyMGVpbmUlMjBOZXVpZ2tlaXQlMjBzb2xsdGUlMjBuaWNodCUyMGZlaGxlbiUzQSUyMGRlciUyMGVyc2VobnRlJTIwRGVmZW5kZXIlMjA5MCUyQyUyMGJlcmVpdCUyQyUyMHNpY2glMjBhdWYlMjBuZXVlJTIwQWJlbnRldWVyJTIwYXVmJTIwZGVuJTIwUm91dGVuJTIwYWxsZXIlMjBLb250aW5lbnRlJTIwZWluenVsYXNzZW4uJTIwJTBBJTNDJTJGcCUzRQ==[\/vc_raw_html][\/vc_column][\/vc_row]<\/p>\n","protected":false},"excerpt":{"rendered":"<p>[vc_row full_width=&#8220;stretch_row&#8220; equal_height=&#8220;yes&#8220;][vc_column][\/vc_column][\/vc_row][vc_row full_width=&#8220;stretch_row&#8220; equal_height=&#8220;yes&#8220; el_class=&#8220;mb0 story-skin-white&#8220;][vc_column][vc_raw_html el_class=&#8220;custom-CMS-paragraph&#8220;]JTNDaDIlM0VBQkVOVEVVRVIlMkMlMjBTVElMJTIwVU5EJTIwTEVJREVOU0NIQUZULiUyMFpXSVNDSEVOJTIwTEFORCUyMFVORCUyME1FRVIlM0ElMjAlMjAlM0MlMkZiciUzRSUyMEdJQlQlMjBFUyUyMExBTkQlMjBST1ZFUiUyMSUzQyUyRmgyJTNFJTBBJTBBJTNDcCUzRSUwQUF1ZiUyMGRlciUyMDUyLiUyMFZlcmFuc3RhbHR1bmclMjB2b24lMjBCYXJjb2xhbmElMkMlMjBkZXIlMjBnciVDMyVCNiVDMyU5RnRlbiUyMHVuZCUyMCVDMyVBNGx0ZXN0ZW4lMjBTZWdlbHJlZ2F0dGElMjBkZXIlMjBXZWx0JTJDJTIwd2FyJTIwTGFuZCUyMFJvdmVyJTIwYWxzJTIwR29sZHNwb25zb3IlMjB2ZXJ0cmV0ZW4lMkMlMjB3b21pdCUyMGVyJTIwZXJuZXV0JTIwc2VpbmUlMjBCZXJ1ZnVuZyUyMGhlcnZvcmdlaG9iZW4lMjBoYXR0ZSUyQyUyMFN0aWwlMjB1bmQlMjBOYXR1ciUyQyUyMExhbmQlMjB1bmQlMjBNZWVyJTIwenUlMjB2ZXJiaW5kZW4uJTIwVW5kJTIwYW4lMjBzZWluZXIlMjBTZWl0ZSUyMEF1dG9ob21lJTJDJTIwZGFzJTIwaW4lMjBlaW5lbSUyMGF1JUMzJTlGZXJnZXclQzMlQjZobmxpY2hlbiUyMEtvbnRleHQlMjBkaWUlMjBadXNhbW1lbmFyYmVpdCUyMG1pdCUyMGRlbSUyMCUyMk15dGhvcyUyMiUyMGRlcyUyMHdlbHR3ZWl0JTIwYmVrYW5udGVzdGVuJTIwR2VsJUMzJUE0bmRld2FnZW5zJTIwYmVrciVDMyVBNGZ0aWd0ZS4lMEElM0MlMkZwJTNFJTBBJTBB[\/vc_raw_html][\/vc_column][\/vc_row][vc_row full_width=&#8220;stretch_row&#8220; equal_height=&#8220;yes&#8220; el_class=&#8220;mb0 story-skin-white&#8220;][vc_column width=&#8220;2\/3&#8243; offset=&#8220;vc_hidden-xs&#8220;][vc_single_image image=&#8220;81688&#8243; img_size=&#8220;full&#8220;][\/vc_column][vc_column width=&#8220;1\/3&#8243; el_class=&#8220;story-skin-white&#8220;][vc_single_image image=&#8220;81660&#8243; img_size=&#8220;full&#8220;][\/vc_column][\/vc_row][vc_row full_width=&#8220;stretch_row&#8220; equal_height=&#8220;yes&#8220; el_class=&#8220;mb0 story-skin-white&#8220;][vc_column width=&#8220;1\/3&#8243; offset=&#8220;vc_hidden-xs&#8220;][vc_single_image<span class=\"excerpt-hellip\"> [\u2026]<\/span><\/p>\n","protected":false},"author":4,"featured_media":0,"parent":8682,"menu_order":0,"comment_status":"closed","ping_status":"closed","template":"template-experience.php","meta":{"footnotes":""},"class_list":["post-50898","page","type-page","status-publish","hentry"],"yoast_head":"<!-- This site is optimized with the Yoast SEO Premium plugin v23.7 (Yoast SEO v23.7) - https:\/\/yoast.com\/wordpress\/plugins\/seo\/ -->\n<title>Autohome x Land Rover - Barcolana<\/title>\n<meta name=\"description\" content=\"Auf der 52. Veranstaltung von Barcolana, der gr\u00f6\u00dften und \u00e4ltesten Segelregatta der Welt, war Land Rover als Goldsponsor vertreten, womit er erneut seine Berufung hervorgehoben hatte, Stil und Natur, Land und Meer zu verbinden. Und an seiner Seite Autohome, das in einem au\u00dfergew\u00f6hnlichen Kontext die Zusammenarbeit mit dem &quot;Mythos&quot; des weltweit bekanntesten Gel\u00e4ndewagens bekr\u00e4ftigte.\" \/>\n<meta name=\"robots\" content=\"index, follow, max-snippet:-1, max-image-preview:large, max-video-preview:-1\" \/>\n<link rel=\"canonical\" href=\"https:\/\/www.autohome-official.com\/de\/experience\/land-rover-barcolana\/\" \/>\n<meta property=\"og:locale\" content=\"de_DE\" \/>\n<meta property=\"og:type\" content=\"article\" \/>\n<meta property=\"og:title\" content=\"Land Rover - Barcolana - Autohome\" \/>\n<meta property=\"og:description\" content=\"JTNDaDIlM0VBQkVOVEVVRVIlMkMlMjBTVElMJTIwVU5EJTIwTEVJREVOU0NIQUZULiUyMFpXSVNDSEVOJTIwTEFORCUyMFVORCUyME1FRVIlM0ElMjAlMjAlM0MlMkZiciUzRSUyMEdJQlQlMjBFUyUyMExB\" \/>\n<meta property=\"og:url\" content=\"https:\/\/www.autohome-official.com\/de\/experience\/land-rover-barcolana\/\" \/>\n<meta property=\"og:site_name\" content=\"Autohome\" \/>\n<meta property=\"article:publisher\" content=\"https:\/\/www.facebook.com\/Autohome.Official.Page\" \/>\n<meta property=\"article:modified_time\" content=\"2026-01-27T14:44:57+00:00\" \/>\n<meta property=\"og:image\" content=\"https:\/\/www.autohome-official.com\/wp-content\/uploads\/2026\/02\/Maggiolina-Autohome-logo.jpg\" \/>\n\t<meta property=\"og:image:width\" content=\"512\" \/>\n\t<meta property=\"og:image:height\" content=\"512\" \/>\n\t<meta property=\"og:image:type\" content=\"image\/jpeg\" \/>\n<meta name=\"twitter:card\" content=\"summary_large_image\" \/>\n<meta name=\"twitter:label1\" content=\"Gesch\u00e4tzte Lesezeit\" \/>\n\t<meta name=\"twitter:data1\" content=\"1\u00a0Minute\" \/>\n<script type=\"application\/ld+json\" class=\"yoast-schema-graph\">{\"@context\":\"https:\/\/schema.org\",\"@graph\":[{\"@type\":\"WebPage\",\"@id\":\"https:\/\/www.autohome-official.com\/de\/experience\/land-rover-barcolana\/\",\"url\":\"https:\/\/www.autohome-official.com\/de\/experience\/land-rover-barcolana\/\",\"name\":\"Autohome x Land Rover - Barcolana\",\"isPartOf\":{\"@id\":\"https:\/\/www.autohome-official.com\/#website\"},\"datePublished\":\"2020-10-29T07:54:38+00:00\",\"dateModified\":\"2026-01-27T14:44:57+00:00\",\"description\":\"Auf der 52. Veranstaltung von Barcolana, der gr\u00f6\u00dften und \u00e4ltesten Segelregatta der Welt, war Land Rover als Goldsponsor vertreten, womit er erneut seine Berufung hervorgehoben hatte, Stil und Natur, Land und Meer zu verbinden. Und an seiner Seite Autohome, das in einem au\u00dfergew\u00f6hnlichen Kontext die Zusammenarbeit mit dem \\\"Mythos\\\" des weltweit bekanntesten Gel\u00e4ndewagens bekr\u00e4ftigte.\",\"breadcrumb\":{\"@id\":\"https:\/\/www.autohome-official.com\/de\/experience\/land-rover-barcolana\/#breadcrumb\"},\"inLanguage\":\"de\",\"potentialAction\":[{\"@type\":\"ReadAction\",\"target\":[\"https:\/\/www.autohome-official.com\/de\/experience\/land-rover-barcolana\/\"]}]},{\"@type\":\"BreadcrumbList\",\"@id\":\"https:\/\/www.autohome-official.com\/de\/experience\/land-rover-barcolana\/#breadcrumb\",\"itemListElement\":[{\"@type\":\"ListItem\",\"position\":1,\"name\":\"Home\",\"item\":\"https:\/\/www.autohome-official.com\/de\/\"},{\"@type\":\"ListItem\",\"position\":2,\"name\":\"Experience\",\"item\":\"https:\/\/www.autohome-official.com\/de\/experience\/\"},{\"@type\":\"ListItem\",\"position\":3,\"name\":\"Land Rover &#8211; Barcolana\"}]},{\"@type\":\"WebSite\",\"@id\":\"https:\/\/www.autohome-official.com\/#website\",\"url\":\"https:\/\/www.autohome-official.com\/\",\"name\":\"Autohome\",\"description\":\"dachzelt  - roof top tents Made in Italy\",\"publisher\":{\"@id\":\"https:\/\/www.autohome-official.com\/#organization\"},\"alternateName\":\"Autohome Official\",\"potentialAction\":[{\"@type\":\"SearchAction\",\"target\":{\"@type\":\"EntryPoint\",\"urlTemplate\":\"https:\/\/www.autohome-official.com\/?s={search_term_string}\"},\"query-input\":{\"@type\":\"PropertyValueSpecification\",\"valueRequired\":true,\"valueName\":\"search_term_string\"}}],\"inLanguage\":\"de\"},{\"@type\":\"Organization\",\"@id\":\"https:\/\/www.autohome-official.com\/#organization\",\"name\":\"Autohome\",\"alternateName\":\"Autohome Official\",\"url\":\"https:\/\/www.autohome-official.com\/\",\"logo\":{\"@type\":\"ImageObject\",\"inLanguage\":\"de\",\"@id\":\"https:\/\/www.autohome-official.com\/#\/schema\/logo\/image\/\",\"url\":\"https:\/\/www.autohome-official.com\/wp-content\/uploads\/2026\/02\/Maggiolina-Autohome-logo.jpg\",\"contentUrl\":\"https:\/\/www.autohome-official.com\/wp-content\/uploads\/2026\/02\/Maggiolina-Autohome-logo.jpg\",\"width\":512,\"height\":512,\"caption\":\"Autohome\"},\"image\":{\"@id\":\"https:\/\/www.autohome-official.com\/#\/schema\/logo\/image\/\"},\"sameAs\":[\"https:\/\/www.facebook.com\/Autohome.Official.Page\",\"https:\/\/www.instagram.com\/autohome_official\/\",\"http:\/\/www.youtube.com\/user\/AutohomeOfficial\"],\"description\":\"Le prime tende da tetto auto al mondo, prodotte in Italia dal 1958.\",\"email\":\"info@autohome.it\",\"telephone\":\"0039 0376 99590\",\"legalName\":\"Zifer Italia SRL\",\"vatID\":\"IT01329850208\"}]}<\/script>\n<!-- \/ Yoast SEO Premium plugin. -->","yoast_head_json":{"title":"Autohome x Land Rover - Barcolana","description":"Auf der 52. Veranstaltung von Barcolana, der gr\u00f6\u00dften und \u00e4ltesten Segelregatta der Welt, war Land Rover als Goldsponsor vertreten, womit er erneut seine Berufung hervorgehoben hatte, Stil und Natur, Land und Meer zu verbinden. Und an seiner Seite Autohome, das in einem au\u00dfergew\u00f6hnlichen Kontext die Zusammenarbeit mit dem \"Mythos\" des weltweit bekanntesten Gel\u00e4ndewagens bekr\u00e4ftigte.","robots":{"index":"index","follow":"follow","max-snippet":"max-snippet:-1","max-image-preview":"max-image-preview:large","max-video-preview":"max-video-preview:-1"},"canonical":"https:\/\/www.autohome-official.com\/de\/experience\/land-rover-barcolana\/","og_locale":"de_DE","og_type":"article","og_title":"Land Rover - Barcolana - Autohome","og_description":"JTNDaDIlM0VBQkVOVEVVRVIlMkMlMjBTVElMJTIwVU5EJTIwTEVJREVOU0NIQUZULiUyMFpXSVNDSEVOJTIwTEFORCUyMFVORCUyME1FRVIlM0ElMjAlMjAlM0MlMkZiciUzRSUyMEdJQlQlMjBFUyUyMExB","og_url":"https:\/\/www.autohome-official.com\/de\/experience\/land-rover-barcolana\/","og_site_name":"Autohome","article_publisher":"https:\/\/www.facebook.com\/Autohome.Official.Page","article_modified_time":"2026-01-27T14:44:57+00:00","og_image":[{"width":512,"height":512,"url":"https:\/\/www.autohome-official.com\/wp-content\/uploads\/2026\/02\/Maggiolina-Autohome-logo.jpg","type":"image\/jpeg"}],"twitter_card":"summary_large_image","twitter_misc":{"Gesch\u00e4tzte Lesezeit":"1\u00a0Minute"},"schema":{"@context":"https:\/\/schema.org","@graph":[{"@type":"WebPage","@id":"https:\/\/www.autohome-official.com\/de\/experience\/land-rover-barcolana\/","url":"https:\/\/www.autohome-official.com\/de\/experience\/land-rover-barcolana\/","name":"Autohome x Land Rover - Barcolana","isPartOf":{"@id":"https:\/\/www.autohome-official.com\/#website"},"datePublished":"2020-10-29T07:54:38+00:00","dateModified":"2026-01-27T14:44:57+00:00","description":"Auf der 52. Veranstaltung von Barcolana, der gr\u00f6\u00dften und \u00e4ltesten Segelregatta der Welt, war Land Rover als Goldsponsor vertreten, womit er erneut seine Berufung hervorgehoben hatte, Stil und Natur, Land und Meer zu verbinden. Und an seiner Seite Autohome, das in einem au\u00dfergew\u00f6hnlichen Kontext die Zusammenarbeit mit dem \"Mythos\" des weltweit bekanntesten Gel\u00e4ndewagens bekr\u00e4ftigte.","breadcrumb":{"@id":"https:\/\/www.autohome-official.com\/de\/experience\/land-rover-barcolana\/#breadcrumb"},"inLanguage":"de","potentialAction":[{"@type":"ReadAction","target":["https:\/\/www.autohome-official.com\/de\/experience\/land-rover-barcolana\/"]}]},{"@type":"BreadcrumbList","@id":"https:\/\/www.autohome-official.com\/de\/experience\/land-rover-barcolana\/#breadcrumb","itemListElement":[{"@type":"ListItem","position":1,"name":"Home","item":"https:\/\/www.autohome-official.com\/de\/"},{"@type":"ListItem","position":2,"name":"Experience","item":"https:\/\/www.autohome-official.com\/de\/experience\/"},{"@type":"ListItem","position":3,"name":"Land Rover &#8211; Barcolana"}]},{"@type":"WebSite","@id":"https:\/\/www.autohome-official.com\/#website","url":"https:\/\/www.autohome-official.com\/","name":"Autohome","description":"dachzelt  - roof top tents Made in Italy","publisher":{"@id":"https:\/\/www.autohome-official.com\/#organization"},"alternateName":"Autohome Official","potentialAction":[{"@type":"SearchAction","target":{"@type":"EntryPoint","urlTemplate":"https:\/\/www.autohome-official.com\/?s={search_term_string}"},"query-input":{"@type":"PropertyValueSpecification","valueRequired":true,"valueName":"search_term_string"}}],"inLanguage":"de"},{"@type":"Organization","@id":"https:\/\/www.autohome-official.com\/#organization","name":"Autohome","alternateName":"Autohome Official","url":"https:\/\/www.autohome-official.com\/","logo":{"@type":"ImageObject","inLanguage":"de","@id":"https:\/\/www.autohome-official.com\/#\/schema\/logo\/image\/","url":"https:\/\/www.autohome-official.com\/wp-content\/uploads\/2026\/02\/Maggiolina-Autohome-logo.jpg","contentUrl":"https:\/\/www.autohome-official.com\/wp-content\/uploads\/2026\/02\/Maggiolina-Autohome-logo.jpg","width":512,"height":512,"caption":"Autohome"},"image":{"@id":"https:\/\/www.autohome-official.com\/#\/schema\/logo\/image\/"},"sameAs":["https:\/\/www.facebook.com\/Autohome.Official.Page","https:\/\/www.instagram.com\/autohome_official\/","http:\/\/www.youtube.com\/user\/AutohomeOfficial"],"description":"Le prime tende da tetto auto al mondo, prodotte in Italia dal 1958.","email":"info@autohome.it","telephone":"0039 0376 99590","legalName":"Zifer Italia SRL","vatID":"IT01329850208"}]}},"_links":{"self":[{"href":"https:\/\/www.autohome-official.com\/de\/wp-json\/wp\/v2\/pages\/50898"}],"collection":[{"href":"https:\/\/www.autohome-official.com\/de\/wp-json\/wp\/v2\/pages"}],"about":[{"href":"https:\/\/www.autohome-official.com\/de\/wp-json\/wp\/v2\/types\/page"}],"author":[{"embeddable":true,"href":"https:\/\/www.autohome-official.com\/de\/wp-json\/wp\/v2\/users\/4"}],"replies":[{"embeddable":true,"href":"https:\/\/www.autohome-official.com\/de\/wp-json\/wp\/v2\/comments?post=50898"}],"version-history":[{"count":2,"href":"https:\/\/www.autohome-official.com\/de\/wp-json\/wp\/v2\/pages\/50898\/revisions"}],"predecessor-version":[{"id":81702,"href":"https:\/\/www.autohome-official.com\/de\/wp-json\/wp\/v2\/pages\/50898\/revisions\/81702"}],"up":[{"embeddable":true,"href":"https:\/\/www.autohome-official.com\/de\/wp-json\/wp\/v2\/pages\/8682"}],"wp:attachment":[{"href":"https:\/\/www.autohome-official.com\/de\/wp-json\/wp\/v2\/media?parent=50898"}],"curies":[{"name":"wp","href":"https:\/\/api.w.org\/{rel}","templated":true}]}}