{"id":60255,"date":"2021-12-16T11:57:02","date_gmt":"2021-12-16T10:57:02","guid":{"rendered":"https:\/\/www.autohome-official.com\/?page_id=60255"},"modified":"2025-09-19T11:53:54","modified_gmt":"2025-09-19T09:53:54","slug":"qualitaetsorientierte-managementstrategie","status":"publish","type":"page","link":"https:\/\/www.autohome-official.com\/de\/qualitaetsorientierte-managementstrategie\/","title":{"rendered":"QUALIT\u00c4TSORIENTIERTE MANAGEMENTSTRATEGIE"},"content":{"rendered":"<p>[vc_row el_class=&#8220;mb0 story-skin-white&#8220; css=&#8220;.vc_custom_1480350526264{padding-top: 72px !important;}&#8220;][vc_column]<pre><span><span><a href=\"https:\/\/www.autohome-official.com\/de\/\">Home<\/a><\/span><\/span><\/pre>\n[\/vc_column][\/vc_row][vc_row el_class=&#8220;mb0 story-skin-white&#8220; css=&#8220;.vc_custom_1480415910447{padding-right: 5% !important;padding-left: 5% !important;}&#8220;][vc_column offset=&#8220;vc_hidden-sm vc_hidden-xs&#8220;][vc_empty_space height=&#8220;30px&#8220;][\/vc_column][\/vc_row][vc_row el_class=&#8220;story-skin-white product-tab-container-row&#8220;][vc_column][vc_tta_tabs style=&#8220;flat&#8220; shape=&#8220;square&#8220; color=&#8220;white&#8220; gap=&#8220;1&#8243; active_section=&#8220;1&#8243; no_fill_content_area=&#8220;true&#8220; el_class=&#8220;product-page maggiolina-airlander&#8220;][vc_tta_section title=&#8220;QUALIT\u00c4TSPOLITIK&#8220; tab_id=&#8220;1512568506793-9ec8bd43-aea5&#8243;][vc_row_inner][vc_column_inner el_class=&#8220;mobilePaddingSide&#8220;][vc_column_text]<\/p>\n<h1 style=\"font-size: 40px; text-transform: uppercase;\">Qualit\u00e4tsorientierte Managementstrategie<\/h1>\n<p>Das Management von AutoHome &#8211; Zifer Italia Srl beabsichtigt, seine Produkte und seine Pr\u00e4senz im Markt im Laufe der Zeit zu verbessern, indem es den Kunden und allen beteiligten Parteien einen Mehrwert bietet, in \u00dcbereinstimmung mit den geltenden Gesetzen und mit dem qualitativ hohen Wert seiner Produkte und Dienstleistungen.<br \/>\nAus diesen Gr\u00fcnden h\u00e4lt das Management es f\u00fcr wesentlich, eine der Organisation angemessene &#8222;Qualit\u00e4tspolitik&#8220; zu definieren und umzusetzen..<\/p>\n<p>&nbsp;<\/p>\n<p>Zielstellungen von AutoHome &#8211; ZIfer Italia Srl:<\/p>\n<p>&nbsp;<\/p>\n<p>&#x2714;\u00a0 die vollst\u00e4ndige Zufriedenstellung der Bed\u00fcrfnisse und Erwartungen des Kunden\/ Auftraggebers und des Marktes;<br \/>\n&#x2714;\u00a0 die Erlangung und Aufrechterhaltung der Qualit\u00e4tszertifizierung.<\/p>\n<p>&nbsp;<\/p>\n<p>Um diese Ziele zu erreichen, verpflichtet sich die Organisation:<\/p>\n<p>&nbsp;<\/p>\n<p>&#x2714; das Qualit\u00e4tsmanagementsystem kontinuierlich zu verbessern;<br \/>\n&#x2714; die Angemessenheit, Einhaltung und Wirksamkeit des QMS durch interne und externe Audits zu \u00fcberpr\u00fcfen;<br \/>\n&#x2714; neue messbare Ziele zu definieren, um eine gr\u00f6\u00dftm\u00f6gliche Einbeziehung aller Mitarbeiter zu erreichen.<br \/>\n&#x2714; die dem Kunden angebotenen Produkte und Dienstleistungen zu \u00fcberwachen, um eine kontinuierliche und st\u00e4ndige Verbesserung zu erreichen.<br \/>\n&#x2714; die erforderlichen Mittel zur Verf\u00fcgung zu stellen, um an das Bewusstsein aller Mitarbeiter bez\u00fcglich strikter Einhaltung der im Qualit\u00e4tshandbuch und in den anderen Systemdokumenten enthaltenen Angaben zu appellieren.<br \/>\n&#x2714; jeder im Qualit\u00e4tshandbuch und in den anderen Dokumenten des QMS genannten Funktion im Rahmen ihrer Aufgaben die Verantwortung f\u00fcr die Anwendung der entsprechenden Angaben und Verfahren zuzuweisen.<\/p>\n<p>&nbsp;<\/p>\n<p>Der Gesch\u00e4ftsf\u00fchrer verpflichtet sich, die notwendigen Ressourcen bereitzustellen, um alle Mitarbeiter f\u00fcr die strikte Einhaltung der im Qualit\u00e4tshandbuch und in den anderen Dokumenten des Qualit\u00e4tssystems enthaltenen Vorschriften zu sensibilisieren.[\/vc_column_text][\/vc_column_inner][vc_column_inner][vc_empty_space height=&#8220;30px&#8220;][\/vc_column_inner][\/vc_row_inner][\/vc_tta_section][\/vc_tta_tabs][\/vc_column][\/vc_row][vc_row][vc_column offset=&#8220;vc_hidden-lg vc_hidden-md vc_hidden-sm vc_hidden-xs&#8220;][vc_raw_html]JTVCcmVhbDNkZmxpcGJvb2slMjBpZCUzRCUyNzUlMjclNUQ=[\/vc_raw_html][\/vc_column][\/vc_row]<\/p>\n","protected":false},"excerpt":{"rendered":"<p>[vc_row el_class=&#8220;mb0 story-skin-white&#8220; css=&#8220;.vc_custom_1480350526264{padding-top: 72px !important;}&#8220;][vc_column][\/vc_column][\/vc_row][vc_row el_class=&#8220;mb0 story-skin-white&#8220; css=&#8220;.vc_custom_1480415910447{padding-right: 5% !important;padding-left: 5% !important;}&#8220;][vc_column offset=&#8220;vc_hidden-sm vc_hidden-xs&#8220;][vc_empty_space height=&#8220;30px&#8220;][\/vc_column][\/vc_row][vc_row el_class=&#8220;story-skin-white product-tab-container-row&#8220;][vc_column][vc_tta_tabs style=&#8220;flat&#8220; shape=&#8220;square&#8220; color=&#8220;white&#8220; gap=&#8220;1&#8243; active_section=&#8220;1&#8243; no_fill_content_area=&#8220;true&#8220; el_class=&#8220;product-page maggiolina-airlander&#8220;][vc_tta_section<span class=\"excerpt-hellip\"> [\u2026]<\/span><\/p>\n","protected":false},"author":4,"featured_media":0,"parent":0,"menu_order":0,"comment_status":"closed","ping_status":"closed","template":"","meta":{"footnotes":""},"class_list":["post-60255","page","type-page","status-publish","hentry"],"yoast_head":"<!-- This site is optimized with the Yoast SEO Premium plugin v23.7 (Yoast SEO v23.7) - https:\/\/yoast.com\/wordpress\/plugins\/seo\/ -->\n<title>Qualit\u00e4tsorientierte Managementstrategie<\/title>\n<meta name=\"description\" content=\"Das Management von AutoHome - Zifer Italia Srl beabsichtigt, seine Produkte und seine Pr\u00e4senz im Markt im Laufe der Zeit zu verbessern, indem es den Kunden und allen beteiligten Parteien einen Mehrwert bietet, in \u00dcbereinstimmung mit den geltenden Gesetzen und mit dem qualitativ hohen Wert seiner Produkte und Dienstleistungen.\" \/>\n<meta name=\"robots\" content=\"index, follow, max-snippet:-1, max-image-preview:large, max-video-preview:-1\" \/>\n<link rel=\"canonical\" href=\"https:\/\/www.autohome-official.com\/de\/qualitaetsorientierte-managementstrategie\/\" \/>\n<meta property=\"og:locale\" content=\"de_DE\" \/>\n<meta property=\"og:type\" content=\"article\" \/>\n<meta property=\"og:title\" content=\"QUALIT\u00c4TSORIENTIERTE MANAGEMENTSTRATEGIE - Autohome Official\" \/>\n<meta property=\"og:description\" content=\"Qualit\u00e4tsorientierte Managementstrategie Das Management von AutoHome - Zifer Italia Srl beabsichtigt, seine Produkte und seine Pr\u00e4senz im Markt im Laufe\" \/>\n<meta property=\"og:url\" content=\"https:\/\/www.autohome-official.com\/de\/qualitaetsorientierte-managementstrategie\/\" \/>\n<meta property=\"og:site_name\" content=\"Autohome Official\" \/>\n<meta property=\"article:publisher\" content=\"https:\/\/www.facebook.com\/Autohome.Official.Page\" \/>\n<meta property=\"article:modified_time\" content=\"2025-09-19T09:53:54+00:00\" \/>\n<meta property=\"og:image\" content=\"https:\/\/www.autohome-official.com\/wp-content\/uploads\/2026\/02\/Maggiolina-Autohome-logo.jpg\" \/>\n\t<meta property=\"og:image:width\" content=\"512\" \/>\n\t<meta property=\"og:image:height\" content=\"512\" \/>\n\t<meta property=\"og:image:type\" content=\"image\/jpeg\" \/>\n<meta name=\"twitter:card\" content=\"summary_large_image\" \/>\n<meta name=\"twitter:label1\" content=\"Gesch\u00e4tzte Lesezeit\" \/>\n\t<meta name=\"twitter:data1\" content=\"2\u00a0Minuten\" \/>\n<script type=\"application\/ld+json\" class=\"yoast-schema-graph\">{\"@context\":\"https:\/\/schema.org\",\"@graph\":[{\"@type\":\"WebPage\",\"@id\":\"https:\/\/www.autohome-official.com\/de\/qualitaetsorientierte-managementstrategie\/\",\"url\":\"https:\/\/www.autohome-official.com\/de\/qualitaetsorientierte-managementstrategie\/\",\"name\":\"Qualit\u00e4tsorientierte Managementstrategie\",\"isPartOf\":{\"@id\":\"https:\/\/www.autohome-official.com\/#website\"},\"datePublished\":\"2021-12-16T10:57:02+00:00\",\"dateModified\":\"2025-09-19T09:53:54+00:00\",\"description\":\"Das Management von AutoHome - Zifer Italia Srl beabsichtigt, seine Produkte und seine Pr\u00e4senz im Markt im Laufe der Zeit zu verbessern, indem es den Kunden und allen beteiligten Parteien einen Mehrwert bietet, in \u00dcbereinstimmung mit den geltenden Gesetzen und mit dem qualitativ hohen Wert seiner Produkte und Dienstleistungen.\",\"breadcrumb\":{\"@id\":\"https:\/\/www.autohome-official.com\/de\/qualitaetsorientierte-managementstrategie\/#breadcrumb\"},\"inLanguage\":\"de\",\"potentialAction\":[{\"@type\":\"ReadAction\",\"target\":[\"https:\/\/www.autohome-official.com\/de\/qualitaetsorientierte-managementstrategie\/\"]}]},{\"@type\":\"BreadcrumbList\",\"@id\":\"https:\/\/www.autohome-official.com\/de\/qualitaetsorientierte-managementstrategie\/#breadcrumb\",\"itemListElement\":[{\"@type\":\"ListItem\",\"position\":1,\"name\":\"Home\",\"item\":\"https:\/\/www.autohome-official.com\/de\/\"},{\"@type\":\"ListItem\",\"position\":2,\"name\":\"QUALIT\u00c4TSORIENTIERTE MANAGEMENTSTRATEGIE\"}]},{\"@type\":\"WebSite\",\"@id\":\"https:\/\/www.autohome-official.com\/#website\",\"url\":\"https:\/\/www.autohome-official.com\/\",\"name\":\"Autohome\",\"description\":\"Tende da tetto - Dachzelte - Tentes de Toit - Roof Top Tents\",\"publisher\":{\"@id\":\"https:\/\/www.autohome-official.com\/#organization\"},\"alternateName\":\"Autohome Official\",\"potentialAction\":[{\"@type\":\"SearchAction\",\"target\":{\"@type\":\"EntryPoint\",\"urlTemplate\":\"https:\/\/www.autohome-official.com\/?s={search_term_string}\"},\"query-input\":{\"@type\":\"PropertyValueSpecification\",\"valueRequired\":true,\"valueName\":\"search_term_string\"}}],\"inLanguage\":\"de\"},{\"@type\":\"Organization\",\"@id\":\"https:\/\/www.autohome-official.com\/#organization\",\"name\":\"Autohome\",\"alternateName\":\"Autohome Official\",\"url\":\"https:\/\/www.autohome-official.com\/\",\"logo\":{\"@type\":\"ImageObject\",\"inLanguage\":\"de\",\"@id\":\"https:\/\/www.autohome-official.com\/#\/schema\/logo\/image\/\",\"url\":\"https:\/\/www.autohome-official.com\/wp-content\/uploads\/2026\/02\/Maggiolina-Autohome-logo.jpg\",\"contentUrl\":\"https:\/\/www.autohome-official.com\/wp-content\/uploads\/2026\/02\/Maggiolina-Autohome-logo.jpg\",\"width\":512,\"height\":512,\"caption\":\"Autohome\"},\"image\":{\"@id\":\"https:\/\/www.autohome-official.com\/#\/schema\/logo\/image\/\"},\"sameAs\":[\"https:\/\/www.facebook.com\/Autohome.Official.Page\",\"https:\/\/www.instagram.com\/autohome_official\/\",\"http:\/\/www.youtube.com\/user\/AutohomeOfficial\"],\"description\":\"Le prime tende da tetto auto al mondo, prodotte in Italia dal 1958.\",\"email\":\"info@autohome.it\",\"telephone\":\"0039 0376 99590\",\"legalName\":\"Zifer Italia SRL\",\"vatID\":\"IT01329850208\"}]}<\/script>\n<!-- \/ Yoast SEO Premium plugin. -->","yoast_head_json":{"title":"Qualit\u00e4tsorientierte Managementstrategie","description":"Das Management von AutoHome - Zifer Italia Srl beabsichtigt, seine Produkte und seine Pr\u00e4senz im Markt im Laufe der Zeit zu verbessern, indem es den Kunden und allen beteiligten Parteien einen Mehrwert bietet, in \u00dcbereinstimmung mit den geltenden Gesetzen und mit dem qualitativ hohen Wert seiner Produkte und Dienstleistungen.","robots":{"index":"index","follow":"follow","max-snippet":"max-snippet:-1","max-image-preview":"max-image-preview:large","max-video-preview":"max-video-preview:-1"},"canonical":"https:\/\/www.autohome-official.com\/de\/qualitaetsorientierte-managementstrategie\/","og_locale":"de_DE","og_type":"article","og_title":"QUALIT\u00c4TSORIENTIERTE MANAGEMENTSTRATEGIE - Autohome Official","og_description":"Qualit\u00e4tsorientierte Managementstrategie Das Management von AutoHome - Zifer Italia Srl beabsichtigt, seine Produkte und seine Pr\u00e4senz im Markt im Laufe","og_url":"https:\/\/www.autohome-official.com\/de\/qualitaetsorientierte-managementstrategie\/","og_site_name":"Autohome Official","article_publisher":"https:\/\/www.facebook.com\/Autohome.Official.Page","article_modified_time":"2025-09-19T09:53:54+00:00","og_image":[{"width":512,"height":512,"url":"https:\/\/www.autohome-official.com\/wp-content\/uploads\/2026\/02\/Maggiolina-Autohome-logo.jpg","type":"image\/jpeg"}],"twitter_card":"summary_large_image","twitter_misc":{"Gesch\u00e4tzte Lesezeit":"2\u00a0Minuten"},"schema":{"@context":"https:\/\/schema.org","@graph":[{"@type":"WebPage","@id":"https:\/\/www.autohome-official.com\/de\/qualitaetsorientierte-managementstrategie\/","url":"https:\/\/www.autohome-official.com\/de\/qualitaetsorientierte-managementstrategie\/","name":"Qualit\u00e4tsorientierte Managementstrategie","isPartOf":{"@id":"https:\/\/www.autohome-official.com\/#website"},"datePublished":"2021-12-16T10:57:02+00:00","dateModified":"2025-09-19T09:53:54+00:00","description":"Das Management von AutoHome - Zifer Italia Srl beabsichtigt, seine Produkte und seine Pr\u00e4senz im Markt im Laufe der Zeit zu verbessern, indem es den Kunden und allen beteiligten Parteien einen Mehrwert bietet, in \u00dcbereinstimmung mit den geltenden Gesetzen und mit dem qualitativ hohen Wert seiner Produkte und Dienstleistungen.","breadcrumb":{"@id":"https:\/\/www.autohome-official.com\/de\/qualitaetsorientierte-managementstrategie\/#breadcrumb"},"inLanguage":"de","potentialAction":[{"@type":"ReadAction","target":["https:\/\/www.autohome-official.com\/de\/qualitaetsorientierte-managementstrategie\/"]}]},{"@type":"BreadcrumbList","@id":"https:\/\/www.autohome-official.com\/de\/qualitaetsorientierte-managementstrategie\/#breadcrumb","itemListElement":[{"@type":"ListItem","position":1,"name":"Home","item":"https:\/\/www.autohome-official.com\/de\/"},{"@type":"ListItem","position":2,"name":"QUALIT\u00c4TSORIENTIERTE MANAGEMENTSTRATEGIE"}]},{"@type":"WebSite","@id":"https:\/\/www.autohome-official.com\/#website","url":"https:\/\/www.autohome-official.com\/","name":"Autohome","description":"Tende da tetto - Dachzelte - Tentes de Toit - Roof Top Tents","publisher":{"@id":"https:\/\/www.autohome-official.com\/#organization"},"alternateName":"Autohome Official","potentialAction":[{"@type":"SearchAction","target":{"@type":"EntryPoint","urlTemplate":"https:\/\/www.autohome-official.com\/?s={search_term_string}"},"query-input":{"@type":"PropertyValueSpecification","valueRequired":true,"valueName":"search_term_string"}}],"inLanguage":"de"},{"@type":"Organization","@id":"https:\/\/www.autohome-official.com\/#organization","name":"Autohome","alternateName":"Autohome Official","url":"https:\/\/www.autohome-official.com\/","logo":{"@type":"ImageObject","inLanguage":"de","@id":"https:\/\/www.autohome-official.com\/#\/schema\/logo\/image\/","url":"https:\/\/www.autohome-official.com\/wp-content\/uploads\/2026\/02\/Maggiolina-Autohome-logo.jpg","contentUrl":"https:\/\/www.autohome-official.com\/wp-content\/uploads\/2026\/02\/Maggiolina-Autohome-logo.jpg","width":512,"height":512,"caption":"Autohome"},"image":{"@id":"https:\/\/www.autohome-official.com\/#\/schema\/logo\/image\/"},"sameAs":["https:\/\/www.facebook.com\/Autohome.Official.Page","https:\/\/www.instagram.com\/autohome_official\/","http:\/\/www.youtube.com\/user\/AutohomeOfficial"],"description":"Le prime tende da tetto auto al mondo, prodotte in Italia dal 1958.","email":"info@autohome.it","telephone":"0039 0376 99590","legalName":"Zifer Italia SRL","vatID":"IT01329850208"}]}},"_links":{"self":[{"href":"https:\/\/www.autohome-official.com\/de\/wp-json\/wp\/v2\/pages\/60255"}],"collection":[{"href":"https:\/\/www.autohome-official.com\/de\/wp-json\/wp\/v2\/pages"}],"about":[{"href":"https:\/\/www.autohome-official.com\/de\/wp-json\/wp\/v2\/types\/page"}],"author":[{"embeddable":true,"href":"https:\/\/www.autohome-official.com\/de\/wp-json\/wp\/v2\/users\/4"}],"replies":[{"embeddable":true,"href":"https:\/\/www.autohome-official.com\/de\/wp-json\/wp\/v2\/comments?post=60255"}],"version-history":[{"count":2,"href":"https:\/\/www.autohome-official.com\/de\/wp-json\/wp\/v2\/pages\/60255\/revisions"}],"predecessor-version":[{"id":79990,"href":"https:\/\/www.autohome-official.com\/de\/wp-json\/wp\/v2\/pages\/60255\/revisions\/79990"}],"wp:attachment":[{"href":"https:\/\/www.autohome-official.com\/de\/wp-json\/wp\/v2\/media?parent=60255"}],"curies":[{"name":"wp","href":"https:\/\/api.w.org\/{rel}","templated":true}]}}