{"id":6538,"date":"2016-12-01T10:51:26","date_gmt":"2016-12-01T09:51:26","guid":{"rendered":"https:\/\/www.autohome-official.com\/de\/textile-report\/"},"modified":"2025-09-18T11:33:07","modified_gmt":"2025-09-18T09:33:07","slug":"textile-report","status":"publish","type":"page","link":"https:\/\/www.autohome-official.com\/de\/produkte\/textile-report\/","title":{"rendered":"Textile Report"},"content":{"rendered":"<p>[vc_row el_class=&#8220;story-skin-white first-row-noslider&#8220; css=&#8220;.vc_custom_1499768533207{padding-top: 78px !important;}&#8220;][vc_column]<pre><span><span><a href=\"https:\/\/www.autohome-official.com\/de\/\">Home<\/a><\/span><\/span><\/pre>\n[\/vc_column][\/vc_row][vc_row el_class=&#8220;story-skin-white row-90  mobileNoPadding&#8220;][vc_column][vc_raw_html]JTNDaDElM0VURVhUSUxFJTIwUkVQT1JUJTNDJTJGaDElM0UlMEElM0NoMyUzRVFVQUxJVEFUSVZFJTIwQkVXRVJUVU5HJTIwREVSJTIwU1RPRkZFJTIwTkFDSCUyMElTTyUyME5PUk0lMjBJTiUyMEJFWlVHJTIwQVVGJTIwRElFJTIwR0VGT1JERVJURU4lMjBFSUdFTlNDSEFGVEVOJTNBJTNDJTJGaDMlM0UlMEElM0NiciUzRQ==[\/vc_raw_html][\/vc_column][vc_column][vc_single_image image=&#8220;6540&#8243; img_size=&#8220;full&#8220;][\/vc_column][\/vc_row][vc_row el_class=&#8220;story-skin-white row-90&#8243;][vc_column][vc_column_text]<span lang=\"en-US\">Damit ein Stoff mit \u201csehr gut\u201d bewertet werden kann muss er nicht nur bestimmte Eigenschaften in der Wasserundurchl\u00e4ssigkeit aufweisen oder komplett wasserundurchl\u00e4ssig sein (das w\u00e4re in diesem Fall ein sehr schlechter Zeltstoff), sondern muss auch dampfdurchl\u00e4ssige Qualit\u00e4ten aufweisen: jedes Quadratzentimeter soll unter Ber\u00fccksichtigung eines tats\u00e4chlichen Wohlbefindens, das nur durch hohe atmungsaktive Eigenschaften sowie durch eine schnelle Wasserdampf\u00fcbertragung erfolgen kann, zu einem nat\u00fcrlichen Luftwechsel beitragen. Besondern in engen R\u00e4umen, ist dies ein grundlegendes Prinzip, um der Kondenswasserbildung entgegen zu wirken aber auch um die W\u00e4rme zu reduzieren und die nat\u00fcrliche Feuchtigkeit, die durch die Insassen w\u00e4hrend der Nacht gebildet wird auszugleichen.<\/span><\/p>\n<p><span lang=\"en-US\">Jedoch kann man bei starken Temperaturschwankungen bzw. hoher, technisch unvermeidlicher Kondenswasserbildung, durch die Zelt\u00f6ffnungen dieselbe verhindern.<\/span><\/p>\n<p>Wir bitten Sie, davor zu warnen, k\u00fcnstliche Apparate, L\u00fcfter, Batterie-Staubsauger und\/oder andere handels\u00fcbliche Vorrichtungen zu verwenden.<\/p>\n<p><span lang=\"en-US\">Um die Qualit\u00e4t des Stoffes zu bewerten, muss man immer den Einsatzzweck ber\u00fccksichtigen:<\/span><\/p>\n<p><span lang=\"en-US\">1 &#8211; Das Verh\u00e4ltnis zwischen Wasserundurchl\u00e4ssigkeit (nach ISO 811) und Luftdurchl\u00e4ssigkeit (nach ISO 9237), in Korrelation mit den Ausma\u00dfen und dem Volumen des Innenraums des Zeltes (Bewohnbarkeit) und der Fl\u00e4che des Stoffes der verwendet wurde ist eine fundamentale Regel f\u00fcr klimatisches Wohlbefinden.<\/span><\/p>\n<p><span lang=\"en-US\">2 &#8211; Der Einsatz eines Stoffes mit spezifischen Eigenschaften: je nach Beanspruchung und welchen atmosph\u00e4rischen Einfl\u00fcssen er ausgesetzt ist (inklusive Temperaturunterschieden oder hohen Temperaturen).<\/span><\/p>\n<p><span lang=\"en-US\">3 &#8211; Die Elastizit\u00e4t (ISO 5081) und die Rissfestigkeit (ASTM D1424), sowie die Resistenz gegen Schmutz und Schimmel.<\/span><\/p>\n<p><span lang=\"en-US\">4 &#8211; Die Haltbarkeit der Farbe (ISO 105B04) bei atmosph\u00e4rischen Einfl\u00fcssen und durch die Reaktion der Stoffe bei Kontakt mit verschieden Materialien.<\/span><\/p>\n<p><span lang=\"en-US\">5 &#8211; Abdunkelung bei Licht (ISO 105B02) um die ersten Morgenstrahlen oder den Mondschein abzuschirmen.<\/span><\/p>\n<p><span lang=\"en-US\">6 &#8211; Das Gewicht (ISO 3801) des Stoffes f\u00fcr eine gute Isolierung und gleichzeitig kleinem Packma\u00df.<\/span><\/p>\n<p><span lang=\"en-US\">7 &#8211; Die leichte Pflege und Reinigung der Stoffe.<\/span>[\/vc_column_text][\/vc_column][\/vc_row][vc_row el_class=&#8220;story-skin-white row-90 mobileNoPadding&#8220;][vc_column][vc_raw_html]JTNDYnIlM0UlMEElM0NoMiUzRVdBTk4lMjBJU1QlMjBFSU4lMjBHRVdFQkUlMjBBVE1VTkdBS1RJViUzRiUzQyUyRmgyJTNFJTBBJTNDYnIlM0U=[\/vc_raw_html][\/vc_column][\/vc_row][vc_row full_width=&#8220;stretch_row&#8220; el_class=&#8220;story-skin-white&#8220; css=&#8220;.vc_custom_1480588578657{padding-right: 5% !important;padding-left: 5% !important;}&#8220;][vc_column width=&#8220;1\/2&#8243; offset=&#8220;vc_hidden-sm vc_hidden-xs&#8220;][vc_single_image image=&#8220;27946&#8243; img_size=&#8220;full&#8220; el_class=&#8220;mb0&#8243; css=&#8220;.vc_custom_1513183112768{padding-right: 1px !important;}&#8220;][vc_column_text]<b>Luftdurchl\u00e4ssigkeit<\/b><br \/>\nDralon Gewebe: 23,1 mm\/s<br \/>\nK100-K200 Gewebe: 9,3 mm\/s[\/vc_column_text][\/vc_column][vc_column width=&#8220;1\/2&#8243; offset=&#8220;vc_hidden-sm vc_hidden-xs&#8220;][vc_single_image image=&#8220;27951&#8243; img_size=&#8220;full&#8220; el_class=&#8220;mb0&#8243; css=&#8220;.vc_custom_1513183122486{padding-left: 1px !important;}&#8220;][vc_column_text]<b><span lang=\"en-US\">Wasserdampf\u00fcbertragung<\/span><\/b><span lang=\"en-US\"><br \/>\n<\/span><span style=\"color: #000000;\"><span lang=\"en-US\">Airtex Gewebe: 440 g\/tag*m\u00b2<br \/>\n<\/span><\/span>[\/vc_column_text][\/vc_column][\/vc_row][vc_row full_width=&#8220;stretch_row&#8220; el_class=&#8220;story-skin-white&#8220; css=&#8220;.vc_custom_1480588578657{padding-right: 5% !important;padding-left: 5% !important;}&#8220;][vc_column offset=&#8220;vc_hidden-lg vc_hidden-md&#8220;][vc_single_image image=&#8220;47088&#8243; img_size=&#8220;full&#8220; el_class=&#8220;mb0&#8243; css=&#8220;.vc_custom_1587655693058{padding-right: 1px !important;}&#8220;][vc_column_text]<b>Luftdurchl\u00e4ssigkeit<\/b><br \/>\nDralon Gewebe: 23,1 mm\/s<br \/>\nK100-K200 Gewebe: 9,3 mm\/s[\/vc_column_text][\/vc_column][vc_column offset=&#8220;vc_hidden-lg vc_hidden-md&#8220;][vc_single_image image=&#8220;47092&#8243; img_size=&#8220;full&#8220; el_class=&#8220;mb0&#8243; css=&#8220;.vc_custom_1587655705138{padding-left: 1px !important;}&#8220;][vc_column_text]<b><span lang=\"en-US\">Wasserdampf\u00fcbertragung<\/span><\/b><span lang=\"en-US\"><br \/>\n<\/span><span style=\"color: #000000;\"><span lang=\"en-US\">Airtex Gewebe: 440 g\/tag*m\u00b2<br \/>\n<\/span><\/span>[\/vc_column_text][\/vc_column][\/vc_row][vc_row el_class=&#8220;story-skin-white row-90&#8243;][vc_column][vc_column_text]Nicht beschichtete Gewebe sind generell atmungsaktiv, jedoch nicht grunds\u00e4tzlich wasserdicht. Durch gezielte Auswahl der Stoffzusammensetzung und der Webart kann ohne eine Beschichtung oder eine Impr\u00e4gnierung Wasserdichtigkeit erzielt werden, wobei die hohe Atmungsaktivit\u00e4t erhalten bleibt. Man kann einfach und schnell feststellen, ob der Stoff atmungsaktiv ist. Halten Sie die Hand hinter dem Zeltstoff und pusten Sie dann gegen dem Stoff.<br \/>\nWenn ein Luftzug an der Hand Sp\u00fcrbar ist, ist der Stoff atmungsaktiv. Nur eine erhebliche Atmungsf\u00e4higkeit und\/oder eine ausgezeichnete Wasserdampf\u00fcbertragungskapazit\u00e4t sind in der Lage, eine Feuchtigkeitsbildung in dem Zelt wirkungsvoll einzuschr\u00e4nken bzw. eine frische und gesunde Umwelt zu gew\u00e4hrleisten. Ihre Wahl ist entscheidend![\/vc_column_text][\/vc_column][\/vc_row][vc_row el_class=&#8220;story-skin-white row-90 mobileNoPadding&#8220;][vc_column][vc_raw_html]JTNDYnIlM0UlMEElM0NoMiUzRVRFWFRJTEUlMjBDT01QQVJBVElWRSUzQyUyRmgyJTNFJTBBJTNDYnIlM0U=[\/vc_raw_html][\/vc_column][\/vc_row][vc_row el_class=&#8220;story-skin-white row-90&#8243;][vc_column width=&#8220;1\/3&#8243;][vc_single_image image=&#8220;6545&#8243; img_size=&#8220;full&#8220;][\/vc_column][vc_column width=&#8220;1\/3&#8243;][vc_single_image image=&#8220;6549&#8243; img_size=&#8220;full&#8220;][\/vc_column][vc_column width=&#8220;1\/3&#8243;][vc_single_image image=&#8220;6553&#8243; img_size=&#8220;full&#8220;][\/vc_column][\/vc_row]<\/p>\n","protected":false},"excerpt":{"rendered":"<p>[vc_row el_class=&#8220;story-skin-white first-row-noslider&#8220; css=&#8220;.vc_custom_1499768533207{padding-top: 78px !important;}&#8220;][vc_column][\/vc_column][\/vc_row][vc_row el_class=&#8220;story-skin-white row-90 mobileNoPadding&#8220;][vc_column][vc_raw_html]JTNDaDElM0VURVhUSUxFJTIwUkVQT1JUJTNDJTJGaDElM0UlMEElM0NoMyUzRVFVQUxJVEFUSVZFJTIwQkVXRVJUVU5HJTIwREVSJTIwU1RPRkZFJTIwTkFDSCUyMElTTyUyME5PUk0lMjBJTiUyMEJFWlVHJTIwQVVGJTIwRElFJTIwR0VGT1JERVJURU4lMjBFSUdFTlNDSEFGVEVOJTNBJTNDJTJGaDMlM0UlMEElM0NiciUzRQ==[\/vc_raw_html][\/vc_column][vc_column][vc_single_image image=&#8220;6540&#8243; img_size=&#8220;full&#8220;][\/vc_column][\/vc_row][vc_row el_class=&#8220;story-skin-white row-90&#8243;][vc_column][vc_column_text]Damit ein Stoff mit \u201csehr gut\u201d bewertet werden kann muss er nicht nur bestimmte<span class=\"excerpt-hellip\"> [\u2026]<\/span><\/p>\n","protected":false},"author":4,"featured_media":53724,"parent":10578,"menu_order":0,"comment_status":"closed","ping_status":"closed","template":"","meta":{"footnotes":""},"class_list":["post-6538","page","type-page","status-publish","has-post-thumbnail","hentry"],"yoast_head":"<!-- This site is optimized with the Yoast SEO Premium plugin v23.7 (Yoast SEO v23.7) - https:\/\/yoast.com\/wordpress\/plugins\/seo\/ -->\n<title>Textile Report - Autohome<\/title>\n<meta name=\"description\" content=\"Technische Merkmale der Autodachzelt-Stoffe der Autohome Reihe: Wasserdichte und atmungsaktive Qualit\u00e4tsstoffe f\u00fcr optimalen Komfort, den nur hohe Atmungsaktivit\u00e4t und schnelle Dampfdurchl\u00e4ssigkeit bieten kann.\" \/>\n<meta name=\"robots\" content=\"index, follow, max-snippet:-1, max-image-preview:large, max-video-preview:-1\" \/>\n<link rel=\"canonical\" href=\"https:\/\/www.autohome-official.com\/de\/produkte\/textile-report\/\" \/>\n<meta property=\"og:locale\" content=\"de_DE\" \/>\n<meta property=\"og:type\" content=\"article\" \/>\n<meta property=\"og:title\" content=\"Textile Report - Autohome Official\" \/>\n<meta property=\"og:description\" content=\"JTNDaDElM0VURVhUSUxFJTIwUkVQT1JUJTNDJTJGaDElM0UlMEElM0NoMyUzRVFVQUxJVEFUSVZFJTIwQkVXRVJUVU5HJTIwREVSJTIwU1RPRkZFJTIwTkFDSCUyMElTTyUyME5PUk0lMjBJTiUyMEJFWlVH\" \/>\n<meta property=\"og:url\" content=\"https:\/\/www.autohome-official.com\/de\/produkte\/textile-report\/\" \/>\n<meta property=\"og:site_name\" content=\"Autohome Official\" \/>\n<meta property=\"article:publisher\" content=\"https:\/\/www.facebook.com\/Autohome.Official.Page\" \/>\n<meta property=\"article:modified_time\" content=\"2025-09-18T09:33:07+00:00\" \/>\n<meta property=\"og:image\" content=\"https:\/\/www.autohome-official.com\/wp-content\/uploads\/2021\/01\/Textile-Autohome-Official.jpg\" \/>\n\t<meta property=\"og:image:width\" content=\"800\" \/>\n\t<meta property=\"og:image:height\" content=\"533\" \/>\n\t<meta property=\"og:image:type\" content=\"image\/jpeg\" \/>\n<meta name=\"twitter:card\" content=\"summary_large_image\" \/>\n<meta name=\"twitter:label1\" content=\"Gesch\u00e4tzte Lesezeit\" \/>\n\t<meta name=\"twitter:data1\" content=\"3\u00a0Minuten\" \/>\n<script type=\"application\/ld+json\" class=\"yoast-schema-graph\">{\"@context\":\"https:\/\/schema.org\",\"@graph\":[{\"@type\":\"WebPage\",\"@id\":\"https:\/\/www.autohome-official.com\/de\/produkte\/textile-report\/\",\"url\":\"https:\/\/www.autohome-official.com\/de\/produkte\/textile-report\/\",\"name\":\"Textile Report - Autohome\",\"isPartOf\":{\"@id\":\"https:\/\/www.autohome-official.com\/#website\"},\"primaryImageOfPage\":{\"@id\":\"https:\/\/www.autohome-official.com\/de\/produkte\/textile-report\/#primaryimage\"},\"image\":{\"@id\":\"https:\/\/www.autohome-official.com\/de\/produkte\/textile-report\/#primaryimage\"},\"thumbnailUrl\":\"https:\/\/www.autohome-official.com\/wp-content\/uploads\/2021\/01\/Textile-Autohome-Official.jpg\",\"datePublished\":\"2016-12-01T09:51:26+00:00\",\"dateModified\":\"2025-09-18T09:33:07+00:00\",\"description\":\"Technische Merkmale der Autodachzelt-Stoffe der Autohome Reihe: Wasserdichte und atmungsaktive Qualit\u00e4tsstoffe f\u00fcr optimalen Komfort, den nur hohe Atmungsaktivit\u00e4t und schnelle Dampfdurchl\u00e4ssigkeit bieten kann.\",\"breadcrumb\":{\"@id\":\"https:\/\/www.autohome-official.com\/de\/produkte\/textile-report\/#breadcrumb\"},\"inLanguage\":\"de\",\"potentialAction\":[{\"@type\":\"ReadAction\",\"target\":[\"https:\/\/www.autohome-official.com\/de\/produkte\/textile-report\/\"]}]},{\"@type\":\"ImageObject\",\"inLanguage\":\"de\",\"@id\":\"https:\/\/www.autohome-official.com\/de\/produkte\/textile-report\/#primaryimage\",\"url\":\"https:\/\/www.autohome-official.com\/wp-content\/uploads\/2021\/01\/Textile-Autohome-Official.jpg\",\"contentUrl\":\"https:\/\/www.autohome-official.com\/wp-content\/uploads\/2021\/01\/Textile-Autohome-Official.jpg\",\"width\":800,\"height\":533,\"caption\":\"Textile Autohome Official\"},{\"@type\":\"BreadcrumbList\",\"@id\":\"https:\/\/www.autohome-official.com\/de\/produkte\/textile-report\/#breadcrumb\",\"itemListElement\":[{\"@type\":\"ListItem\",\"position\":1,\"name\":\"Home\",\"item\":\"https:\/\/www.autohome-official.com\/de\/\"},{\"@type\":\"ListItem\",\"position\":2,\"name\":\"Produkte\",\"item\":\"https:\/\/www.autohome-official.com\/de\/produkte\/\"},{\"@type\":\"ListItem\",\"position\":3,\"name\":\"Textile Report\"}]},{\"@type\":\"WebSite\",\"@id\":\"https:\/\/www.autohome-official.com\/#website\",\"url\":\"https:\/\/www.autohome-official.com\/\",\"name\":\"Autohome\",\"description\":\"Tende da tetto - Dachzelte - Tentes de Toit - Roof Top Tents\",\"publisher\":{\"@id\":\"https:\/\/www.autohome-official.com\/#organization\"},\"alternateName\":\"Autohome Official\",\"potentialAction\":[{\"@type\":\"SearchAction\",\"target\":{\"@type\":\"EntryPoint\",\"urlTemplate\":\"https:\/\/www.autohome-official.com\/?s={search_term_string}\"},\"query-input\":{\"@type\":\"PropertyValueSpecification\",\"valueRequired\":true,\"valueName\":\"search_term_string\"}}],\"inLanguage\":\"de\"},{\"@type\":\"Organization\",\"@id\":\"https:\/\/www.autohome-official.com\/#organization\",\"name\":\"Autohome\",\"alternateName\":\"Autohome Official\",\"url\":\"https:\/\/www.autohome-official.com\/\",\"logo\":{\"@type\":\"ImageObject\",\"inLanguage\":\"de\",\"@id\":\"https:\/\/www.autohome-official.com\/#\/schema\/logo\/image\/\",\"url\":\"https:\/\/www.autohome-official.com\/wp-content\/uploads\/2026\/02\/Maggiolina-Autohome-logo.jpg\",\"contentUrl\":\"https:\/\/www.autohome-official.com\/wp-content\/uploads\/2026\/02\/Maggiolina-Autohome-logo.jpg\",\"width\":512,\"height\":512,\"caption\":\"Autohome\"},\"image\":{\"@id\":\"https:\/\/www.autohome-official.com\/#\/schema\/logo\/image\/\"},\"sameAs\":[\"https:\/\/www.facebook.com\/Autohome.Official.Page\",\"https:\/\/www.instagram.com\/autohome_official\/\",\"http:\/\/www.youtube.com\/user\/AutohomeOfficial\"],\"description\":\"Le prime tende da tetto auto al mondo, prodotte in Italia dal 1958.\",\"email\":\"info@autohome.it\",\"telephone\":\"0039 0376 99590\",\"legalName\":\"Zifer Italia SRL\",\"vatID\":\"IT01329850208\"}]}<\/script>\n<!-- \/ Yoast SEO Premium plugin. -->","yoast_head_json":{"title":"Textile Report - Autohome","description":"Technische Merkmale der Autodachzelt-Stoffe der Autohome Reihe: Wasserdichte und atmungsaktive Qualit\u00e4tsstoffe f\u00fcr optimalen Komfort, den nur hohe Atmungsaktivit\u00e4t und schnelle Dampfdurchl\u00e4ssigkeit bieten kann.","robots":{"index":"index","follow":"follow","max-snippet":"max-snippet:-1","max-image-preview":"max-image-preview:large","max-video-preview":"max-video-preview:-1"},"canonical":"https:\/\/www.autohome-official.com\/de\/produkte\/textile-report\/","og_locale":"de_DE","og_type":"article","og_title":"Textile Report - Autohome Official","og_description":"JTNDaDElM0VURVhUSUxFJTIwUkVQT1JUJTNDJTJGaDElM0UlMEElM0NoMyUzRVFVQUxJVEFUSVZFJTIwQkVXRVJUVU5HJTIwREVSJTIwU1RPRkZFJTIwTkFDSCUyMElTTyUyME5PUk0lMjBJTiUyMEJFWlVH","og_url":"https:\/\/www.autohome-official.com\/de\/produkte\/textile-report\/","og_site_name":"Autohome Official","article_publisher":"https:\/\/www.facebook.com\/Autohome.Official.Page","article_modified_time":"2025-09-18T09:33:07+00:00","og_image":[{"width":800,"height":533,"url":"https:\/\/www.autohome-official.com\/wp-content\/uploads\/2021\/01\/Textile-Autohome-Official.jpg","type":"image\/jpeg"}],"twitter_card":"summary_large_image","twitter_misc":{"Gesch\u00e4tzte Lesezeit":"3\u00a0Minuten"},"schema":{"@context":"https:\/\/schema.org","@graph":[{"@type":"WebPage","@id":"https:\/\/www.autohome-official.com\/de\/produkte\/textile-report\/","url":"https:\/\/www.autohome-official.com\/de\/produkte\/textile-report\/","name":"Textile Report - Autohome","isPartOf":{"@id":"https:\/\/www.autohome-official.com\/#website"},"primaryImageOfPage":{"@id":"https:\/\/www.autohome-official.com\/de\/produkte\/textile-report\/#primaryimage"},"image":{"@id":"https:\/\/www.autohome-official.com\/de\/produkte\/textile-report\/#primaryimage"},"thumbnailUrl":"https:\/\/www.autohome-official.com\/wp-content\/uploads\/2021\/01\/Textile-Autohome-Official.jpg","datePublished":"2016-12-01T09:51:26+00:00","dateModified":"2025-09-18T09:33:07+00:00","description":"Technische Merkmale der Autodachzelt-Stoffe der Autohome Reihe: Wasserdichte und atmungsaktive Qualit\u00e4tsstoffe f\u00fcr optimalen Komfort, den nur hohe Atmungsaktivit\u00e4t und schnelle Dampfdurchl\u00e4ssigkeit bieten kann.","breadcrumb":{"@id":"https:\/\/www.autohome-official.com\/de\/produkte\/textile-report\/#breadcrumb"},"inLanguage":"de","potentialAction":[{"@type":"ReadAction","target":["https:\/\/www.autohome-official.com\/de\/produkte\/textile-report\/"]}]},{"@type":"ImageObject","inLanguage":"de","@id":"https:\/\/www.autohome-official.com\/de\/produkte\/textile-report\/#primaryimage","url":"https:\/\/www.autohome-official.com\/wp-content\/uploads\/2021\/01\/Textile-Autohome-Official.jpg","contentUrl":"https:\/\/www.autohome-official.com\/wp-content\/uploads\/2021\/01\/Textile-Autohome-Official.jpg","width":800,"height":533,"caption":"Textile Autohome Official"},{"@type":"BreadcrumbList","@id":"https:\/\/www.autohome-official.com\/de\/produkte\/textile-report\/#breadcrumb","itemListElement":[{"@type":"ListItem","position":1,"name":"Home","item":"https:\/\/www.autohome-official.com\/de\/"},{"@type":"ListItem","position":2,"name":"Produkte","item":"https:\/\/www.autohome-official.com\/de\/produkte\/"},{"@type":"ListItem","position":3,"name":"Textile Report"}]},{"@type":"WebSite","@id":"https:\/\/www.autohome-official.com\/#website","url":"https:\/\/www.autohome-official.com\/","name":"Autohome","description":"Tende da tetto - Dachzelte - Tentes de Toit - Roof Top Tents","publisher":{"@id":"https:\/\/www.autohome-official.com\/#organization"},"alternateName":"Autohome Official","potentialAction":[{"@type":"SearchAction","target":{"@type":"EntryPoint","urlTemplate":"https:\/\/www.autohome-official.com\/?s={search_term_string}"},"query-input":{"@type":"PropertyValueSpecification","valueRequired":true,"valueName":"search_term_string"}}],"inLanguage":"de"},{"@type":"Organization","@id":"https:\/\/www.autohome-official.com\/#organization","name":"Autohome","alternateName":"Autohome Official","url":"https:\/\/www.autohome-official.com\/","logo":{"@type":"ImageObject","inLanguage":"de","@id":"https:\/\/www.autohome-official.com\/#\/schema\/logo\/image\/","url":"https:\/\/www.autohome-official.com\/wp-content\/uploads\/2026\/02\/Maggiolina-Autohome-logo.jpg","contentUrl":"https:\/\/www.autohome-official.com\/wp-content\/uploads\/2026\/02\/Maggiolina-Autohome-logo.jpg","width":512,"height":512,"caption":"Autohome"},"image":{"@id":"https:\/\/www.autohome-official.com\/#\/schema\/logo\/image\/"},"sameAs":["https:\/\/www.facebook.com\/Autohome.Official.Page","https:\/\/www.instagram.com\/autohome_official\/","http:\/\/www.youtube.com\/user\/AutohomeOfficial"],"description":"Le prime tende da tetto auto al mondo, prodotte in Italia dal 1958.","email":"info@autohome.it","telephone":"0039 0376 99590","legalName":"Zifer Italia SRL","vatID":"IT01329850208"}]}},"_links":{"self":[{"href":"https:\/\/www.autohome-official.com\/de\/wp-json\/wp\/v2\/pages\/6538"}],"collection":[{"href":"https:\/\/www.autohome-official.com\/de\/wp-json\/wp\/v2\/pages"}],"about":[{"href":"https:\/\/www.autohome-official.com\/de\/wp-json\/wp\/v2\/types\/page"}],"author":[{"embeddable":true,"href":"https:\/\/www.autohome-official.com\/de\/wp-json\/wp\/v2\/users\/4"}],"replies":[{"embeddable":true,"href":"https:\/\/www.autohome-official.com\/de\/wp-json\/wp\/v2\/comments?post=6538"}],"version-history":[{"count":1,"href":"https:\/\/www.autohome-official.com\/de\/wp-json\/wp\/v2\/pages\/6538\/revisions"}],"predecessor-version":[{"id":79704,"href":"https:\/\/www.autohome-official.com\/de\/wp-json\/wp\/v2\/pages\/6538\/revisions\/79704"}],"up":[{"embeddable":true,"href":"https:\/\/www.autohome-official.com\/de\/wp-json\/wp\/v2\/pages\/10578"}],"wp:featuredmedia":[{"embeddable":true,"href":"https:\/\/www.autohome-official.com\/de\/wp-json\/wp\/v2\/media\/53724"}],"wp:attachment":[{"href":"https:\/\/www.autohome-official.com\/de\/wp-json\/wp\/v2\/media?parent=6538"}],"curies":[{"name":"wp","href":"https:\/\/api.w.org\/{rel}","templated":true}]}}