{"id":24653,"date":"2017-08-04T10:18:56","date_gmt":"2017-08-04T08:18:56","guid":{"rendered":"https:\/\/www.autohome-official.com\/offroad-dachzelte\/"},"modified":"2017-08-04T10:18:56","modified_gmt":"2017-08-04T08:18:56","slug":"offroad-dachzelte","status":"publish","type":"page","link":"https:\/\/www.autohome-official.com\/en\/offroad-dachzelte\/","title":{"rendered":"Offroad-Dachzelte"},"content":{"rendered":"<h1>Offroad-Dachzelte<\/h1>\n<p><strong>Autohome<\/strong> und \u00a0<strong>Dachzelte f<\/strong><strong>\u00fc<\/strong><strong>r Offroad<\/strong>: eine Verbindung, die diese beiden \u00a0Termini fast zu Synonymen hat werden lassen, und zwar ab dem Tag, als die Marke das <strong>erste Dachzelt erfand und die Art und Weise der Vorstellung von \u00a0Offroad-Camping <\/strong>in all seinen Varianten v\u00f6llig revolutionierte.<\/p>\n<p>Die wahren <strong>Offroad-Dachzelte<\/strong> \u00a0sind an den legend\u00e4ren Modellen zu erkennen, die \u00a0Reisende \u00fcberall auf der Welt begleiten: <strong>Maggiolina<\/strong>, <strong>Columbus<\/strong>, <strong>Air-Camping<\/strong>, <strong>Overland<\/strong>, <strong>Overzone<\/strong>, <strong>Overcamp<\/strong>\u2026 Das Geheimnis des Erfolgs liegt in der Materialqualit\u00e4t f\u00fcr h\u00f6chste Anspr\u00fcche, in der absoluten Festigkeit und in der F\u00e4higkeit auch unter klimatisch extremen Bedingungen einen komfortablen Aufenthalt zu bieten, wie die Gletscher Islands oder die asiatischen und afrikanischen W\u00fcsten. Eine stets tastbare Qualit\u00e4t bei allen Offroad-Erfahrungen.<\/p>\n<p>Alle Offroad-Dachzelte Autohome haben einige erfolgreiche Merkmale gemein:<\/p>\n<ol>\n<li><strong>Hochwertigs Material,<\/strong> wie Fiberglas bei Hartschalen oder Dralon f\u00fcr die Gewebeteile<\/li>\n<li><strong>Handwerkliche Bautechniken,<\/strong> die einzigartige Festigkeit verleiht<\/li>\n<li>Die F\u00e4higkeit zwei Qualit\u00e4ten, wie absolute <strong>Undurchl<\/strong><strong>\u00e4s<\/strong><strong>sigkeit<\/strong> und <strong>Atmungsaktivit<\/strong><strong>\u00e4<\/strong><strong>t,<\/strong> miteinander zu verbinden<\/li>\n<li><strong>Auf- und Abbau im Handumdrehen<\/strong>: bei allen Offroad-Dachzeltmodellen gen\u00fcgt eine Handbewegung, um das Zelt aufzubauen und um es nach Gebrauch zu schlie\u03b2en<\/li>\n<li><strong>\u00c4u<\/strong><strong>\u03b2<\/strong><strong>erst pflegeleicht,<\/strong> alle Zeltbauteile sind waschbar<\/li>\n<\/ol>\n<p>Anschlie\u03b2end k\u00f6nnen Sie zwischen allen Offroad-Dachzeltmodellen Autohome navigieren. Bereit zur Abreise?<\/p>\n","protected":false},"excerpt":{"rendered":"<p>Offroad-Dachzelte Autohome und \u00a0Dachzelte f\u00fcr Offroad: eine Verbindung, die diese beiden \u00a0Termini fast zu Synonymen hat werden lassen, und zwar ab dem Tag, als die Marke<span class=\"excerpt-hellip\"> [\u2026]<\/span><\/p>\n","protected":false},"author":4,"featured_media":0,"parent":0,"menu_order":0,"comment_status":"closed","ping_status":"closed","template":"","meta":{"footnotes":""},"class_list":["post-24653","page","type-page","status-publish","hentry"],"yoast_head":"<!-- This site is optimized with the Yoast SEO Premium plugin v23.7 (Yoast SEO v23.7) - https:\/\/yoast.com\/wordpress\/plugins\/seo\/ -->\n<title>Offroad-Dachzelte - Autohome<\/title>\n<meta name=\"description\" content=\"Alle Offroad-Dachzelte mit Markenzeichen Autohome: finden Sie das f\u00fcr Ihre Anspr\u00fcche bestgeeignete Modell und die n\u00e4chste abenteuerliche Exkursion in freier Natur kann beginnen.\" \/>\n<meta name=\"robots\" content=\"index, follow, max-snippet:-1, max-image-preview:large, max-video-preview:-1\" \/>\n<link rel=\"canonical\" href=\"https:\/\/www.autohome-official.com\/en\/offroad-dachzelte\/\" \/>\n<meta property=\"og:locale\" content=\"en_US\" \/>\n<meta property=\"og:type\" content=\"article\" \/>\n<meta property=\"og:title\" content=\"Offroad-Dachzelte - Autohome Official\" \/>\n<meta property=\"og:description\" content=\"Offroad-Dachzelte Autohome und \u00a0Dachzelte f\u00fcr Offroad: eine Verbindung, die diese beiden \u00a0Termini fast zu Synonymen hat werden lassen, und zwar ab dem\" \/>\n<meta property=\"og:url\" content=\"https:\/\/www.autohome-official.com\/en\/offroad-dachzelte\/\" \/>\n<meta property=\"og:site_name\" content=\"Autohome Official\" \/>\n<meta property=\"article:publisher\" content=\"https:\/\/www.facebook.com\/Autohome.Official.Page\" \/>\n<meta property=\"og:image\" content=\"https:\/\/www.autohome-official.com\/wp-content\/uploads\/2026\/02\/Maggiolina-Autohome-logo.jpg\" \/>\n\t<meta property=\"og:image:width\" content=\"512\" \/>\n\t<meta property=\"og:image:height\" content=\"512\" \/>\n\t<meta property=\"og:image:type\" content=\"image\/jpeg\" \/>\n<meta name=\"twitter:card\" content=\"summary_large_image\" \/>\n<meta name=\"twitter:label1\" content=\"Est. reading time\" \/>\n\t<meta name=\"twitter:data1\" content=\"1 minute\" \/>\n<script type=\"application\/ld+json\" class=\"yoast-schema-graph\">{\"@context\":\"https:\/\/schema.org\",\"@graph\":[{\"@type\":\"WebPage\",\"@id\":\"https:\/\/www.autohome-official.com\/en\/offroad-dachzelte\/\",\"url\":\"https:\/\/www.autohome-official.com\/en\/offroad-dachzelte\/\",\"name\":\"Offroad-Dachzelte - Autohome\",\"isPartOf\":{\"@id\":\"https:\/\/www.autohome-official.com\/#website\"},\"datePublished\":\"2017-08-04T08:18:56+00:00\",\"dateModified\":\"2017-08-04T08:18:56+00:00\",\"description\":\"Alle Offroad-Dachzelte mit Markenzeichen Autohome: finden Sie das f\u00fcr Ihre Anspr\u00fcche bestgeeignete Modell und die n\u00e4chste abenteuerliche Exkursion in freier Natur kann beginnen.\",\"breadcrumb\":{\"@id\":\"https:\/\/www.autohome-official.com\/en\/offroad-dachzelte\/#breadcrumb\"},\"inLanguage\":\"en-US\",\"potentialAction\":[{\"@type\":\"ReadAction\",\"target\":[\"https:\/\/www.autohome-official.com\/en\/offroad-dachzelte\/\"]}]},{\"@type\":\"BreadcrumbList\",\"@id\":\"https:\/\/www.autohome-official.com\/en\/offroad-dachzelte\/#breadcrumb\",\"itemListElement\":[{\"@type\":\"ListItem\",\"position\":1,\"name\":\"Home\",\"item\":\"https:\/\/www.autohome-official.com\/en\/\"},{\"@type\":\"ListItem\",\"position\":2,\"name\":\"Offroad-Dachzelte\"}]},{\"@type\":\"WebSite\",\"@id\":\"https:\/\/www.autohome-official.com\/#website\",\"url\":\"https:\/\/www.autohome-official.com\/\",\"name\":\"Autohome\",\"description\":\"Tende da tetto - Dachzelte - Tentes de Toit - Roof Top Tents\",\"publisher\":{\"@id\":\"https:\/\/www.autohome-official.com\/#organization\"},\"alternateName\":\"Autohome Official\",\"potentialAction\":[{\"@type\":\"SearchAction\",\"target\":{\"@type\":\"EntryPoint\",\"urlTemplate\":\"https:\/\/www.autohome-official.com\/?s={search_term_string}\"},\"query-input\":{\"@type\":\"PropertyValueSpecification\",\"valueRequired\":true,\"valueName\":\"search_term_string\"}}],\"inLanguage\":\"en-US\"},{\"@type\":\"Organization\",\"@id\":\"https:\/\/www.autohome-official.com\/#organization\",\"name\":\"Autohome\",\"alternateName\":\"Autohome Official\",\"url\":\"https:\/\/www.autohome-official.com\/\",\"logo\":{\"@type\":\"ImageObject\",\"inLanguage\":\"en-US\",\"@id\":\"https:\/\/www.autohome-official.com\/#\/schema\/logo\/image\/\",\"url\":\"https:\/\/www.autohome-official.com\/wp-content\/uploads\/2026\/02\/Maggiolina-Autohome-logo.jpg\",\"contentUrl\":\"https:\/\/www.autohome-official.com\/wp-content\/uploads\/2026\/02\/Maggiolina-Autohome-logo.jpg\",\"width\":512,\"height\":512,\"caption\":\"Autohome\"},\"image\":{\"@id\":\"https:\/\/www.autohome-official.com\/#\/schema\/logo\/image\/\"},\"sameAs\":[\"https:\/\/www.facebook.com\/Autohome.Official.Page\",\"https:\/\/www.instagram.com\/autohome_official\/\",\"http:\/\/www.youtube.com\/user\/AutohomeOfficial\"],\"description\":\"Le prime tende da tetto auto al mondo, prodotte in Italia dal 1958.\",\"email\":\"info@autohome.it\",\"telephone\":\"0039 0376 99590\",\"legalName\":\"Zifer Italia SRL\",\"vatID\":\"IT01329850208\"}]}<\/script>\n<!-- \/ Yoast SEO Premium plugin. -->","yoast_head_json":{"title":"Offroad-Dachzelte - Autohome","description":"Alle Offroad-Dachzelte mit Markenzeichen Autohome: finden Sie das f\u00fcr Ihre Anspr\u00fcche bestgeeignete Modell und die n\u00e4chste abenteuerliche Exkursion in freier Natur kann beginnen.","robots":{"index":"index","follow":"follow","max-snippet":"max-snippet:-1","max-image-preview":"max-image-preview:large","max-video-preview":"max-video-preview:-1"},"canonical":"https:\/\/www.autohome-official.com\/en\/offroad-dachzelte\/","og_locale":"en_US","og_type":"article","og_title":"Offroad-Dachzelte - Autohome Official","og_description":"Offroad-Dachzelte Autohome und \u00a0Dachzelte f\u00fcr Offroad: eine Verbindung, die diese beiden \u00a0Termini fast zu Synonymen hat werden lassen, und zwar ab dem","og_url":"https:\/\/www.autohome-official.com\/en\/offroad-dachzelte\/","og_site_name":"Autohome Official","article_publisher":"https:\/\/www.facebook.com\/Autohome.Official.Page","og_image":[{"width":512,"height":512,"url":"https:\/\/www.autohome-official.com\/wp-content\/uploads\/2026\/02\/Maggiolina-Autohome-logo.jpg","type":"image\/jpeg"}],"twitter_card":"summary_large_image","twitter_misc":{"Est. reading time":"1 minute"},"schema":{"@context":"https:\/\/schema.org","@graph":[{"@type":"WebPage","@id":"https:\/\/www.autohome-official.com\/en\/offroad-dachzelte\/","url":"https:\/\/www.autohome-official.com\/en\/offroad-dachzelte\/","name":"Offroad-Dachzelte - Autohome","isPartOf":{"@id":"https:\/\/www.autohome-official.com\/#website"},"datePublished":"2017-08-04T08:18:56+00:00","dateModified":"2017-08-04T08:18:56+00:00","description":"Alle Offroad-Dachzelte mit Markenzeichen Autohome: finden Sie das f\u00fcr Ihre Anspr\u00fcche bestgeeignete Modell und die n\u00e4chste abenteuerliche Exkursion in freier Natur kann beginnen.","breadcrumb":{"@id":"https:\/\/www.autohome-official.com\/en\/offroad-dachzelte\/#breadcrumb"},"inLanguage":"en-US","potentialAction":[{"@type":"ReadAction","target":["https:\/\/www.autohome-official.com\/en\/offroad-dachzelte\/"]}]},{"@type":"BreadcrumbList","@id":"https:\/\/www.autohome-official.com\/en\/offroad-dachzelte\/#breadcrumb","itemListElement":[{"@type":"ListItem","position":1,"name":"Home","item":"https:\/\/www.autohome-official.com\/en\/"},{"@type":"ListItem","position":2,"name":"Offroad-Dachzelte"}]},{"@type":"WebSite","@id":"https:\/\/www.autohome-official.com\/#website","url":"https:\/\/www.autohome-official.com\/","name":"Autohome","description":"Tende da tetto - Dachzelte - Tentes de Toit - Roof Top Tents","publisher":{"@id":"https:\/\/www.autohome-official.com\/#organization"},"alternateName":"Autohome Official","potentialAction":[{"@type":"SearchAction","target":{"@type":"EntryPoint","urlTemplate":"https:\/\/www.autohome-official.com\/?s={search_term_string}"},"query-input":{"@type":"PropertyValueSpecification","valueRequired":true,"valueName":"search_term_string"}}],"inLanguage":"en-US"},{"@type":"Organization","@id":"https:\/\/www.autohome-official.com\/#organization","name":"Autohome","alternateName":"Autohome Official","url":"https:\/\/www.autohome-official.com\/","logo":{"@type":"ImageObject","inLanguage":"en-US","@id":"https:\/\/www.autohome-official.com\/#\/schema\/logo\/image\/","url":"https:\/\/www.autohome-official.com\/wp-content\/uploads\/2026\/02\/Maggiolina-Autohome-logo.jpg","contentUrl":"https:\/\/www.autohome-official.com\/wp-content\/uploads\/2026\/02\/Maggiolina-Autohome-logo.jpg","width":512,"height":512,"caption":"Autohome"},"image":{"@id":"https:\/\/www.autohome-official.com\/#\/schema\/logo\/image\/"},"sameAs":["https:\/\/www.facebook.com\/Autohome.Official.Page","https:\/\/www.instagram.com\/autohome_official\/","http:\/\/www.youtube.com\/user\/AutohomeOfficial"],"description":"Le prime tende da tetto auto al mondo, prodotte in Italia dal 1958.","email":"info@autohome.it","telephone":"0039 0376 99590","legalName":"Zifer Italia SRL","vatID":"IT01329850208"}]}},"_links":{"self":[{"href":"https:\/\/www.autohome-official.com\/en\/wp-json\/wp\/v2\/pages\/24653"}],"collection":[{"href":"https:\/\/www.autohome-official.com\/en\/wp-json\/wp\/v2\/pages"}],"about":[{"href":"https:\/\/www.autohome-official.com\/en\/wp-json\/wp\/v2\/types\/page"}],"author":[{"embeddable":true,"href":"https:\/\/www.autohome-official.com\/en\/wp-json\/wp\/v2\/users\/4"}],"replies":[{"embeddable":true,"href":"https:\/\/www.autohome-official.com\/en\/wp-json\/wp\/v2\/comments?post=24653"}],"version-history":[{"count":0,"href":"https:\/\/www.autohome-official.com\/en\/wp-json\/wp\/v2\/pages\/24653\/revisions"}],"wp:attachment":[{"href":"https:\/\/www.autohome-official.com\/en\/wp-json\/wp\/v2\/media?parent=24653"}],"curies":[{"name":"wp","href":"https:\/\/api.w.org\/{rel}","templated":true}]}}