{"id":38828,"date":"2019-08-02T16:17:29","date_gmt":"2019-08-02T14:17:29","guid":{"rendered":"https:\/\/www.autohome-official.com\/?page_id=38828"},"modified":"2021-11-02T09:47:17","modified_gmt":"2021-11-02T08:47:17","slug":"closures","status":"publish","type":"page","link":"https:\/\/www.autohome-official.com\/en\/products\/closures\/","title":{"rendered":"Closures"},"content":{"rendered":"<p>[vc_row][vc_column]<div class=\"breadcrumb-wrapper\"><ul class=\"breadcrumbs no-link\"><li><a href=\"https:\/\/www.autohome-official.com\/en\/\">Home<\/a> <span><i class=\"icon-right-open\"><\/i><\/span><\/li><li><a href=\"https:\/\/www.autohome-official.com:443\/en\/wp-json\/wp\/v2\/pages\/38828\/\"><\/a><\/li><\/ul><\/div>[\/vc_column][\/vc_row][vc_row el_class=&#8221;story-skin-white desktopPadding&#8221;][vc_column][vc_raw_html]JTNDaDElMjBzdHlsZSUzRCUyMmZvbnQtc2l6ZSUzQSUyMDQ1cHglM0IlMjB0ZXh0LXRyYW5zZm9ybSUzQXVwcGVyY2FzZSUzQiUyMiUzRSVFMiU4MCU5Q0hpZ2glMjBQZXJmb3JtYW5jZSVFMiU4MCU5RCUyMGJ5JTIwQXV0b2hvbWUlM0MlMkZoMSUzRSUwQSUzQ2gxJTIwc3R5bGUlM0QlMjJ0ZXh0LXRyYW5zZm9ybSUzQXVwcGVyY2FzZSUzQiUyMG1hcmdpbi1ib3R0b20lM0ElMjA1MHB4JTNCJTIwZm9udC1zaXplJTNBJTIwMS41ZW0lMjAlMjFJbXBvcnRhbnQlM0IlMjAlMjBjb2xvciUzQSUyMCUyMzkzOGY4ZiUzQiUyMiUzRVRoZSUyMGJlc3QlMjBpbiUyMHRlcm1zJTIwb2YlMjBwZXJmb3JtYW5jZSUyMGFuZCUyMHF1YWxpdHkuJTIwQW5kJTIwdGhhdCVFMiU4MCU5OXMlMjB0aGF0JTIxJTNDJTJGaDElM0UlMEElMEElM0NwJTIwc3R5bGUlM0QlMjJtYXJnaW4tYm90dG9tJTNBJTIwMzBweCUzQiUyMiUzRVdpdGglMjBjbG9zdXJlcyUyQyUyMHdlJTIwaGF2ZSUyMGdvbmUlMjBiZXlvbmQlMjB0aGUlMjB1c3VhbCUyMGFuZCUyMHRoZSUyMHN0YW5kYXJkJTJDJTIwY3JlYXRpbmclMjBhJTIwdGVjaG5vbG9naWNhbCUyMHByb2R1Y3QlMjB0aGF0JTIwaXMlMjBvZiUyMHRoZSUyMGhpZ2hlc3QlMjBxdWFsaXR5JTIwaW4lMjB0ZXJtcyUyMG9mJTIwbWF0ZXJpYWxzJTJDJTIwZGV2aWNlcyUyMGFuZCUyMGRlc2lnbi4lMEFPdXIlMjBpbm5vdmF0aXZlJTIwJUUyJTgwJTlDSGlnaCUyMFBlcmZvcm1hbmNlJUUyJTgwJTlEJTIwZG9vcnMlMjBhbmQlMjB3aW5kb3dzJTIwYXJlJTIwbWFkZSUyMG9mJTIwYWx1bWluaXVtJTIwYW5kJTIwc3RlZWwlMkMlMjBwdXJwb3NlLWRlc2lnbmVkJTIwZm9yJTIwb3VyJTIwc2hlbGxzJTIwdG8lMjBnZXQlMjB0aGUlMjBiZXN0JTIwb3V0JTIwb2YlMjB0aGVtLiUyMCUwQVRoZXJlJTIwaXMlMjBqdXN0JTIwbm90aGluZyUyMGxpa2UlMjBpdCUyMGluJTIwdGhlJTIwbWFya2V0LiUyMEp1c3QlMjB0aGUlMjBzYW1lJTIwb2xkJTIwY29sZC1yb2xsZWQlMjBwbGF0ZS4lMEFPdXIlMjBkb29ycyUyMGFuZCUyMHdpbmRvd3MlMjBhcmUlMjBzdHJvbmclMkMlMjByZWxpYWJsZSUyQyUyMGR1cmFibGUlMjBhbmQlMjBpZGVhbCUyMGZvciUyMG9mZi1yb2FkJTIwYWR2ZW50dXJlJTJDJTIwZXZlbiUyMGluJTIwdGhlJTIwdG91Z2hlc3QlMjBkcml2aW5nJTIwYW5kJTIwY2FtcGluZyUyMGNvbmRpdGlvbnMuJTNDJTJGcCUzRSUwQSUwQSUzQ3AlM0UlM0NzdHJvbmclM0VEaXN0aW5jdGl2ZSUyMGFkdmFudGFnZXMlMkMlMjB1cCUyMHRvJTIwVFVWJTIwc3RhbmRhcmQlM0ElM0MlMkZzdHJvbmclM0UlM0MlMkZwJTNFJTBBJTNDcCUyMHN0eWxlJTNEJTIybWFyZ2luLWJvdHRvbSUzQSUyMDMwcHglM0IlMjIlM0UlMEEtJTNDc3Ryb25nJTIwc3R5bGUlM0QlMjJtYXJnaW4tbGVmdCUzQTEwcHglM0IlMjIlM0VQcm9jZXNzaW5nJTNDJTJGc3Ryb25nJTNFJTNBJTIwbWFkZSUyMGZyb20lMjB0aGUlMjBleHRydXNpb24lMjBvZiUyMHNvbGlkJTIwYWx1bWluaXVtJTIwcm9kcyUyQyUyMHN1aXRhYmxlJTIwY3V0JTNDYnIlM0UlMEEtJTNDc3Ryb25nJTIwc3R5bGUlM0QlMjJtYXJnaW4tbGVmdCUzQTEwcHglM0IlMjIlM0VTdHJlbmd0aCUzQyUyRnN0cm9uZyUzRSUzQSUyMGluJTIwdGhpY2slMjByZWluZm9yY2VkJTIwYWx1bWluaXVtJTIwd2l0aCUyMGElMjBzdGFpbmxlc3MlMjBzdGVlbCUyMGNvcmUlMkMlMjBhYmxlJTIwdG8lMjBoYW5kbGUlMjB0aGUlMjB0b3VnaGVzdCUyMG1lY2hhbmljYWwlMjBmb3JjZXMlMjBhbmQlMjBoYXJzaGVzdCUyMGVudmlyb25tZW50YWwlMjBjb25kaXRpb25zJTNDYnIlM0UlMEEtJTNDc3Ryb25nJTIwc3R5bGUlM0QlMjJtYXJnaW4tbGVmdCUzQTEwcHglM0IlMjIlM0VFcmdvbm9taWNzJTNDJTJGc3Ryb25nJTNFJTNBJTIwY29tZm9ydGFibGUlMjBhbmQlMjBlYXN5JTIwdG8lMjBjbG9zZSUzQ2JyJTNFJTBBLSUzQ3N0cm9uZyUyMHN0eWxlJTNEJTIybWFyZ2luLWxlZnQlM0ExMHB4JTNCJTIyJTNFVmVyc2F0aWxpdHklM0MlMkZzdHJvbmclM0UlM0ElMjBhZGp1c3RhYmxlJTIwY2xvc2luZyUyMGZvciUyMHVuc3RpbnRpbmclMjBwZXJmb3JtYW5jZSUyMG92ZXIlMjB0aW1lJTNDYnIlM0UlMEEtJTNDc3Ryb25nJTIwc3R5bGUlM0QlMjJtYXJnaW4tbGVmdCUzQTEwcHglM0IlMjIlM0VQcmFjdGljYWxpdHklM0MlMkZzdHJvbmclM0UlM0ElMjBhJTIwc3BlY2lhbCUyMHNwcmluZyUyMGRldmljZSUyMHRvJTIwZ2V0JTIwcmlkJTIwb2YlMjBoYW5naW5nJTIwcGFydHMlMjB3aGVuJTIwb3BlbiUzQ2JyJTNFJTBBLSUzQ3N0cm9uZyUyMHN0eWxlJTNEJTIybWFyZ2luLWxlZnQlM0ExMHB4JTNCJTIyJTNFU2FmZXR5JTNDJTJGc3Ryb25nJTNFJTNBJTIwZml0dGVkJTIwd2l0aCUyMCVFMiU4MCU5Q1ByZXNzJTIwTG9jayVFMiU4MCU5RCUyQyUyMGFuJTIwYXV0b21hdGVkJTIwc3lzdGVtJTIwJTI4ZWFzeSUyMHRvJTIwYWN0aXZhdGUlMjklMjB0byUyMGVuc3VyZSUyMHBlcmZlY3QlMjBjbG9zaW5nLiUzQ2JyJTNFJTBBLSUzQ3N0cm9uZyUyMHN0eWxlJTNEJTIybWFyZ2luLWxlZnQlM0ExMHB4JTNCJTIyJTNFUXVhbGl0eSUyMGNlcnRpZmljYXRpb24lM0MlMkZzdHJvbmclM0UlM0ElMjAyJTIwY2xvc3VyZXMlMjBvbiUyMHRoZSUyMGZyb250JTJDJTIwbG9jYXRlZCUyMG9uJTIwdGhlJTIwc3VyZmFjZSUyMG1vc3QlMjBleHBvc2VkJTIwdG8lMjB0aGUlMjBhaXIlMjBpbXBhY3QlMkMlMjB0byUyMGd1YXJhbnRlZSUyMGdyZWF0ZXIlMjBzYWZldHklMjBpbiUyMHRoZSUyMGV2ZW50JTIwb2YlMjBoaWdoJTIwZHJpdmluZyUyMHNwZWVkJTJDJTIwYW5kJTIwb25seSUyMDElMjBjbG9zdXJlJTIwYmVoaW5kJTJDJTIwYXMlMjBhc2tlZCUyMGFuZCUyMGNlcnRpZmllZCUyMGJ5JTIwdGhlJTIwY2VydGlmaWNhdGlvbiUyMGJvZHklMjBUVVYlMjBTVUQuJTBBJTNDJTJGcCUzRSUwQSUzQ3AlMjBzdHlsZSUzRCUyMm1hcmdpbi1ib3R0b20lM0ElMjAxMDBweCUzQiUyMiUzRUFuZCUyMG1vcmUlRTIlODAlQTYlMjAlM0NiciUzRSUwQSUzQ3N0cm9uZyUzRVRoZXklMjBhcmUlMjBlbGVnYW50JTNDJTJGc3Ryb25nJTNFJTIwYW5kJTIwdHJhbnNmb3JtJTIwcHJhY3RpY2FsaXR5JTIwaW50byUyMHN0eWxlJTIwd2l0aCUyMGFuJTIwJTNDc3Ryb25nJTNFZXhjbHVzaXZlJTIwZGVzaWduJTNDJTJGc3Ryb25nJTNFJTIwY3JlYXRlZCUyMGJ5JTIwQXV0b2hvbWUuJTBBJTNDJTJGcCUzRSUwQSUzQ2RpdiUyMHN0eWxlJTNEJTIybWFyZ2luLXRvcCUzQTIwcHglM0IlMjIlM0UlM0NpbWclMjBzcmMlM0QlMjIlMkZ3cC1jb250ZW50JTJGdXBsb2FkcyUyRjIwMjAlMkYwMSUyRmljb25hX3BsYXkucG5nJTIyJTIwc3R5bGUlM0QlMjJ3aWR0aCUzQSUyMDMwcHglM0IlMjBkaXNwbGF5JTNBJTIwaW5saW5lLWJsb2NrJTNCJTIwdmVydGljYWwtYWxpZ24lM0ElMjBtaWRkbGUlM0IlMjBtYXJnaW4tbGVmdCUzQSUyMDEwcHglM0IlMjIlM0UlM0NkaXYlMjBjbGFzcyUzRCUyMnBvcG1ha2UtY2hpdXN1cmEtMjAxOSUyMiUyMHN0eWxlJTNEJTIyY29sb3IlM0ElMjM3NzclM0Jmb250LXdlaWdodCUzQTYwMCUzQmZvbnQtc2l6ZSUzQTE2cHglM0IlMjBkaXNwbGF5JTNBaW5saW5lLWJsb2NrJTNCJTIwdmVydGljYWwtYWxpZ24lM0FtaWRkbGUlM0IlMjBtYXJnaW4tbGVmdCUzQSUyMDhweCUzQiUyMiUzRURldGFpbHMlM0MlMkZkaXYlM0UlM0MlMkZkaXYlM0UlMEElMEE=[\/vc_raw_html][\/vc_column][\/vc_row][vc_row el_class=&#8221;row-90&#8243; css=&#8221;.vc_custom_1635842602377{margin-bottom: 30px !important;}&#8221;][vc_column offset=&#8221;vc_col-lg-4 vc_col-md-4 vc_col-xs-12&#8243; el_class=&#8221;box-image&#8221;][vc_single_image image=&#8221;59615&#8243; img_size=&#8221;full&#8221;][\/vc_column][vc_column offset=&#8221;vc_col-lg-4 vc_col-md-4 vc_col-xs-12&#8243; el_class=&#8221;box-image&#8221;][vc_single_image image=&#8221;59619&#8243; img_size=&#8221;full&#8221;][\/vc_column][vc_column offset=&#8221;vc_col-lg-4 vc_col-md-4 vc_col-xs-12&#8243; el_class=&#8221;box-image&#8221;][vc_single_image image=&#8221;59623&#8243; img_size=&#8221;full&#8221;][\/vc_column][\/vc_row][vc_row el_class=&#8221;story-skin-white desktopPadding&#8221;][vc_column][vc_raw_html css=&#8221;.vc_custom_1635407645799{margin-bottom: 30px !important;}&#8221;]JTNDaHIlM0U=[\/vc_raw_html][vc_raw_html]JTNDaDElMjBzdHlsZSUzRCUyMmZvbnQtc2l6ZSUzQSUyMDQ1cHglM0IlMjB0ZXh0LXRyYW5zZm9ybSUzQXVwcGVyY2FzZSUzQiUyMG1hcmdpbi10b3AlM0ElMjA1MHB4JTNCJTIyJTNFVEhFJTIwQ0xPU1VSRSUyMFdJVEglMjBLRVklMjBMT0NLJTIwQlklMjBBVVRPSE9NRSUzQyUyRmgxJTNFJTBBJTNDaDElMjBzdHlsZSUzRCUyMnRleHQtdHJhbnNmb3JtJTNBdXBwZXJjYXNlJTNCJTIwbWFyZ2luLWJvdHRvbSUzQSUyMDUwcHglM0IlMjBmb250LXNpemUlM0ElMjAxLjVlbSUyMCUyMUltcG9ydGFudCUzQiUyMCUyMGNvbG9yJTNBJTIwJTIzOTM4ZjhmJTNCJTIyJTNFTkVXJTIwMjAyMSUzQyUyRmgxJTNFJTBBJTBBJTNDcCUyMHN0eWxlJTNEJTIybWFyZ2luLWJvdHRvbSUzQSUyMDUwcHglM0IlMjIlM0UlM0NzdHJvbmclM0VUaGUlMjBuZXclMjBzZWN1cml0eSUyMHRlY2hub2xvZ3klMjB3aXRoJTIwa2V5JTIwbG9jayUyMGlzJTIwZGV2aXNlZCUyMGFuZCUyMGl0JTIwaXMlMjBzdWl0YWJsZSUyMGZvciUyMHJvb2YlMjB0ZW50JTIwbW9kZWxzJTIwdGhhdCUyMG9wZW4lMjB3aXRoJTIwZ2FzJTIwc3ByaW5ncyUzQSUyMGFuJTIwdXBncmFkZSUyMG9uJTIwZGVtYW5kJTIwZm9yJTIwQ29sdW1idXMlMjBhbmQlMjBBaXJ0b3AlMjByYW5nZS4lM0MlMkZzdHJvbmclM0UlMjBJdCUyMGlzJTIwbm90JTIwbmVjZXNzYXJ5JTIwb24lMjBNYWdnaW9saW5hJTIwbW9kZWxzJTIwd2l0aCUyMGNyYW5rJTIwb3BlbmluZyUyMCUyOHdpdGhvdXQlMjB0aGUlMjBjcmFuayUyMGhhbmRsZSUyMHRoZSUyMHNoZWxscyUyMGNhbm5vdCUyMGJlJTIwb3BlbmVkJTI5LiUyMFRoZSUyMGNyYW5rJTIwaGFuZGxlJTIwYWN0cyUyMGFzJTIwYW4lMjBhbnRpdGhlZnQlMjBzeXN0ZW0lMjBmb3IlMjBhbGwlMjB0aGUlMjBpbnRlcm5hbCUyMGx1Z2dhZ2UlM0ElMjBiYWdzJTJDJTIwYmxhbmtldHMlMkMlMjBiZWF1dHktY2FzZSUyQyUyMGFuZCUyMHZhbHVhYmxlJTIwb2JqZWN0cyUyMHJlbWFpbiUyMHdlbGwlMjBwcm90ZWN0ZWQuJTIwJTNDJTJGcCUzRSUwQSUwQSUzQ2gxJTIwc3R5bGUlM0QlMjJ0ZXh0LXRyYW5zZm9ybSUzQXVwcGVyY2FzZSUzQiUyMG1hcmdpbi1ib3R0b20lM0ElMjA1MHB4JTNCZm9udC1zaXplJTNBJTIwNDBweCUzQiUyMiUzRVBSRVZFTlRJTkclMjBJUyUyMEJFVFRFUiUyMFRIQU4lMjBTVUZGRVJJTkclMjElM0MlMkZoMSUzRSUwQSUwQSUzQ3AlM0UlM0NzdHJvbmclM0VUbyUyMGF2b2lkJTIwdGhlZnRzJTIwYW5kJTIwdW5wbGVhc2FudCUyMHN1cnByaXNlcyUyQyUyMHRoZSUyMGNvbnRlbnRzJTIwYW5kJTIwcGVyc29uYWwlMjBiZWxvbmdpbmdzJTIwaW5zaWRlJTIwdGhlJTIwcm9vZiUyMHRlbnQlMjBtdXN0JTIwYmUlMjBhZGVxdWF0ZWx5JTIwcHJvdGVjdGVkLiUyMEhvdyUzRiUyMEF1dG9ob21lJTIwdG9vayUyMGNhcmUlMjBvZiUyMGl0JTIxJTNDJTJGc3Ryb25nJTNFJTNDJTJGcCUzRSUwQSUzQ3AlMjBzdHlsZSUzRCUyMm1hcmdpbi1ib3R0b20lM0ElMjA1MHB4JTNCJTIyJTNFJTBBSW4lMjB0aGUlMjBjb25zdGFudCUyMGVmZm9ydCUyMHRvJTIwcGVyZmVjdCUyMGl0cyUyMHByb2R1Y3RzJTJDJTIwQXV0b2hvbWUlMjBhZGRzJTIwYSUyMG5ldyUyMGltcG9ydGFudCUyMHNvbHV0aW9uJTNBJTIwdGhlJTIwcG9zc2liaWxpdHklMjBvZiUyMGxvY2tpbmclMjB0aGUlMjByb29mJTIwdGVudC4lMjBBJTIwdmVyeSUyMHVzZWZ1bCUyMGRldmljZSUyMHRvJTIwcHJvdGVjdCUyMHlvdXJzZWxmJTIwZnJvbSUyMGNyaW1pbmFscyUyMGFuZCUyMGxpdmUlMjB5b3VyJTIwdHJpcCUyMHdpdGglMjBncmVhdGVyJTIwc2VyZW5pdHkuJTIwVGhlJTIwc3BlY2lhbCUyMGxvY2slMkMlMjBzcGVjaWZpY2FsbHklMjBkZXNpZ25lZCUyMGZvciUyMHRoaXMlMjB1c2UlMkMlMjBpcyUyMGludGVncmF0ZWQlMjBpbnRvJTIwdGhlJTIwY2xvc2luZyUyMGhvb2suJTNDYnIlMjAlMkYlM0UlMEFUaGUlMjBkZXZpY2UlMjBwZXJtYW5lbnRseSUyMHJlcGxhY2VzJTIwdW5yZWxpYWJsZSUyMGRldmljZXMlMjBzdWNoJTIwYXMlMjBpbXByb3Zpc2VkJTIwYmVsdHMlMkMlMjBzdGVlbCUyMGNhYmxlcyUyMG9yJTIwJTIyRElZJTIyJTIwY2hhaW5zLiUyMEl0JTIwYWxzbyUyMGF2b2lkcyUyMHVzaW5nJTIwbG9ja3MlMkMlMjB1bnN0YWJsZSUyMGFuZCUyMG5vdCUyMHZlcnklMjByYXRpb25hbCUyQyUyMHdoaWNoJTIwY2FuJTIwZ2VuZXJhdGUlMjB2aWJyYXRpb25zJTIwYW5kJTIwZGlzY29tZm9ydCUyMHdoaWxlJTIwdHJhdmVsbGluZy4lMEElM0MlMkZwJTNFJTBB[\/vc_raw_html][\/vc_column][\/vc_row][vc_row css=&#8221;.vc_custom_1635408673499{margin-bottom: 50px !important;}&#8221; el_class=&#8221;desktopPadding&#8221;][vc_column offset=&#8221;vc_col-lg-4 vc_col-md-4 vc_col-xs-12&#8243; el_class=&#8221;box-image&#8221;][vc_single_image image=&#8221;59626&#8243; img_size=&#8221;full&#8221;][\/vc_column][vc_column offset=&#8221;vc_col-lg-4 vc_col-md-4 vc_col-xs-12&#8243; el_class=&#8221;box-image&#8221;][vc_single_image image=&#8221;59630&#8243; img_size=&#8221;full&#8221;][\/vc_column][vc_column offset=&#8221;vc_col-lg-4 vc_col-md-4 vc_col-xs-12&#8243; el_class=&#8221;box-image&#8221;][vc_single_image image=&#8221;59634&#8243; img_size=&#8221;full&#8221;][\/vc_column][\/vc_row]<\/p>\n","protected":false},"excerpt":{"rendered":"<p>[vc_row][vc_column][\/vc_column][\/vc_row][vc_row el_class=&#8221;story-skin-white desktopPadding&#8221;][vc_column][vc_raw_html]JTNDaDElMjBzdHlsZSUzRCUyMmZvbnQtc2l6ZSUzQSUyMDQ1cHglM0IlMjB0ZXh0LXRyYW5zZm9ybSUzQXVwcGVyY2FzZSUzQiUyMiUzRSVFMiU4MCU5Q0hpZ2glMjBQZXJmb3JtYW5jZSVFMiU4MCU5RCUyMGJ5JTIwQXV0b2hvbWUlM0MlMkZoMSUzRSUwQSUzQ2gxJTIwc3R5bGUlM0QlMjJ0ZXh0LXRyYW5zZm9ybSUzQXVwcGVyY2FzZSUzQiUyMG1hcmdpbi1ib3R0b20lM0ElMjA1MHB4JTNCJTIwZm9udC1zaXplJTNBJTIwMS41ZW0lMjAlMjFJbXBvcnRhbnQlM0IlMjAlMjBjb2xvciUzQSUyMCUyMzkzOGY4ZiUzQiUyMiUzRVRoZSUyMGJlc3QlMjBpbiUyMHRlcm1zJTIwb2YlMjBwZXJmb3JtYW5jZSUyMGFuZCUyMHF1YWxpdHkuJTIwQW5kJTIwdGhhdCVFMiU4MCU5OXMlMjB0aGF0JTIxJTNDJTJGaDElM0UlMEElMEElM0NwJTIwc3R5bGUlM0QlMjJtYXJnaW4tYm90dG9tJTNBJTIwMzBweCUzQiUyMiUzRVdpdGglMjBjbG9zdXJlcyUyQyUyMHdlJTIwaGF2ZSUyMGdvbmUlMjBiZXlvbmQlMjB0aGUlMjB1c3VhbCUyMGFuZCUyMHRoZSUyMHN0YW5kYXJkJTJDJTIwY3JlYXRpbmclMjBhJTIwdGVjaG5vbG9naWNhbCUyMHByb2R1Y3QlMjB0aGF0JTIwaXMlMjBvZiUyMHRoZSUyMGhpZ2hlc3QlMjBxdWFsaXR5JTIwaW4lMjB0ZXJtcyUyMG9mJTIwbWF0ZXJpYWxzJTJDJTIwZGV2aWNlcyUyMGFuZCUyMGRlc2lnbi4lMEFPdXIlMjBpbm5vdmF0aXZlJTIwJUUyJTgwJTlDSGlnaCUyMFBlcmZvcm1hbmNlJUUyJTgwJTlEJTIwZG9vcnMlMjBhbmQlMjB3aW5kb3dzJTIwYXJlJTIwbWFkZSUyMG9mJTIwYWx1bWluaXVtJTIwYW5kJTIwc3RlZWwlMkMlMjBwdXJwb3NlLWRlc2lnbmVkJTIwZm9yJTIwb3VyJTIwc2hlbGxzJTIwdG8lMjBnZXQlMjB0aGUlMjBiZXN0JTIwb3V0JTIwb2YlMjB0aGVtLiUyMCUwQVRoZXJlJTIwaXMlMjBqdXN0JTIwbm90aGluZyUyMGxpa2UlMjBpdCUyMGluJTIwdGhlJTIwbWFya2V0LiUyMEp1c3QlMjB0aGUlMjBzYW1lJTIwb2xkJTIwY29sZC1yb2xsZWQlMjBwbGF0ZS4lMEFPdXIlMjBkb29ycyUyMGFuZCUyMHdpbmRvd3MlMjBhcmUlMjBzdHJvbmclMkMlMjByZWxpYWJsZSUyQyUyMGR1cmFibGUlMjBhbmQlMjBpZGVhbCUyMGZvciUyMG9mZi1yb2FkJTIwYWR2ZW50dXJlJTJDJTIwZXZlbiUyMGluJTIwdGhlJTIwdG91Z2hlc3QlMjBkcml2aW5nJTIwYW5kJTIwY2FtcGluZyUyMGNvbmRpdGlvbnMuJTNDJTJGcCUzRSUwQSUwQSUzQ3AlM0UlM0NzdHJvbmclM0VEaXN0aW5jdGl2ZSUyMGFkdmFudGFnZXMlMkMlMjB1cCUyMHRvJTIwVFVWJTIwc3RhbmRhcmQlM0ElM0MlMkZzdHJvbmclM0UlM0MlMkZwJTNFJTBBJTNDcCUyMHN0eWxlJTNEJTIybWFyZ2luLWJvdHRvbSUzQSUyMDMwcHglM0IlMjIlM0UlMEEtJTNDc3Ryb25nJTIwc3R5bGUlM0QlMjJtYXJnaW4tbGVmdCUzQTEwcHglM0IlMjIlM0VQcm9jZXNzaW5nJTNDJTJGc3Ryb25nJTNFJTNBJTIwbWFkZSUyMGZyb20lMjB0aGUlMjBleHRydXNpb24lMjBvZiUyMHNvbGlkJTIwYWx1bWluaXVtJTIwcm9kcyUyQyUyMHN1aXRhYmxlJTIwY3V0JTNDYnIlM0UlMEEtJTNDc3Ryb25nJTIwc3R5bGUlM0QlMjJtYXJnaW4tbGVmdCUzQTEwcHglM0IlMjIlM0VTdHJlbmd0aCUzQyUyRnN0cm9uZyUzRSUzQSUyMGluJTIwdGhpY2slMjByZWluZm9yY2VkJTIwYWx1bWluaXVtJTIwd2l0aCUyMGElMjBzdGFpbmxlc3MlMjBzdGVlbCUyMGNvcmUlMkMlMjBhYmxlJTIwdG8lMjBoYW5kbGUlMjB0aGUlMjB0b3VnaGVzdCUyMG1lY2hhbmljYWwlMjBmb3JjZXMlMjBhbmQlMjBoYXJzaGVzdCUyMGVudmlyb25tZW50YWwlMjBjb25kaXRpb25zJTNDYnIlM0UlMEEtJTNDc3Ryb25nJTIwc3R5bGUlM0QlMjJtYXJnaW4tbGVmdCUzQTEwcHglM0IlMjIlM0VFcmdvbm9taWNzJTNDJTJGc3Ryb25nJTNFJTNBJTIwY29tZm9ydGFibGUlMjBhbmQlMjBlYXN5JTIwdG8lMjBjbG9zZSUzQ2JyJTNFJTBBLSUzQ3N0cm9uZyUyMHN0eWxlJTNEJTIybWFyZ2luLWxlZnQlM0ExMHB4JTNCJTIyJTNFVmVyc2F0aWxpdHklM0MlMkZzdHJvbmclM0UlM0ElMjBhZGp1c3RhYmxlJTIwY2xvc2luZyUyMGZvciUyMHVuc3RpbnRpbmclMjBwZXJmb3JtYW5jZSUyMG92ZXIlMjB0aW1lJTNDYnIlM0UlMEEtJTNDc3Ryb25nJTIwc3R5bGUlM0QlMjJtYXJnaW4tbGVmdCUzQTEwcHglM0IlMjIlM0VQcmFjdGljYWxpdHklM0MlMkZzdHJvbmclM0UlM0ElMjBhJTIwc3BlY2lhbCUyMHNwcmluZyUyMGRldmljZSUyMHRvJTIwZ2V0JTIwcmlkJTIwb2YlMjBoYW5naW5nJTIwcGFydHMlMjB3aGVuJTIwb3BlbiUzQ2JyJTNFJTBBLSUzQ3N0cm9uZyUyMHN0eWxlJTNEJTIybWFyZ2luLWxlZnQlM0ExMHB4JTNCJTIyJTNFU2FmZXR5JTNDJTJGc3Ryb25nJTNFJTNBJTIwZml0dGVkJTIwd2l0aCUyMCVFMiU4MCU5Q1ByZXNzJTIwTG9jayVFMiU4MCU5RCUyQyUyMGFuJTIwYXV0b21hdGVkJTIwc3lzdGVtJTIwJTI4ZWFzeSUyMHRvJTIwYWN0aXZhdGUlMjklMjB0byUyMGVuc3VyZSUyMHBlcmZlY3QlMjBjbG9zaW5nLiUzQ2JyJTNFJTBBLSUzQ3N0cm9uZyUyMHN0eWxlJTNEJTIybWFyZ2luLWxlZnQlM0ExMHB4JTNCJTIyJTNFUXVhbGl0eSUyMGNlcnRpZmljYXRpb24lM0MlMkZzdHJvbmclM0UlM0ElMjAyJTIwY2xvc3VyZXMlMjBvbiUyMHRoZSUyMGZyb250JTJDJTIwbG9jYXRlZCUyMG9uJTIwdGhlJTIwc3VyZmFjZSUyMG1vc3QlMjBleHBvc2VkJTIwdG8lMjB0aGUlMjBhaXIlMjBpbXBhY3QlMkMlMjB0byUyMGd1YXJhbnRlZSUyMGdyZWF0ZXIlMjBzYWZldHklMjBpbiUyMHRoZSUyMGV2ZW50JTIwb2YlMjBoaWdoJTIwZHJpdmluZyUyMHNwZWVkJTJDJTIwYW5kJTIwb25seSUyMDElMjBjbG9zdXJlJTIwYmVoaW5kJTJDJTIwYXMlMjBhc2tlZCUyMGFuZCUyMGNlcnRpZmllZCUyMGJ5JTIwdGhlJTIwY2VydGlmaWNhdGlvbiUyMGJvZHklMjBUVVYlMjBTVUQuJTBBJTNDJTJGcCUzRSUwQSUzQ3AlMjBzdHlsZSUzRCUyMm1hcmdpbi1ib3R0b20lM0ElMjAxMDBweCUzQiUyMiUzRUFuZCUyMG1vcmUlRTIlODAlQTYlMjAlM0NiciUzRSUwQSUzQ3N0cm9uZyUzRVRoZXklMjBhcmUlMjBlbGVnYW50JTNDJTJGc3Ryb25nJTNFJTIwYW5kJTIwdHJhbnNmb3JtJTIwcHJhY3RpY2FsaXR5JTIwaW50byUyMHN0eWxlJTIwd2l0aCUyMGFuJTIwJTNDc3Ryb25nJTNFZXhjbHVzaXZlJTIwZGVzaWduJTNDJTJGc3Ryb25nJTNFJTIwY3JlYXRlZCUyMGJ5JTIwQXV0b2hvbWUuJTBBJTNDJTJGcCUzRSUwQSUzQ2RpdiUyMHN0eWxlJTNEJTIybWFyZ2luLXRvcCUzQTIwcHglM0IlMjIlM0UlM0NpbWclMjBzcmMlM0QlMjIlMkZ3cC1jb250ZW50JTJGdXBsb2FkcyUyRjIwMjAlMkYwMSUyRmljb25hX3BsYXkucG5nJTIyJTIwc3R5bGUlM0QlMjJ3aWR0aCUzQSUyMDMwcHglM0IlMjBkaXNwbGF5JTNBJTIwaW5saW5lLWJsb2NrJTNCJTIwdmVydGljYWwtYWxpZ24lM0ElMjBtaWRkbGUlM0IlMjBtYXJnaW4tbGVmdCUzQSUyMDEwcHglM0IlMjIlM0UlM0NkaXYlMjBjbGFzcyUzRCUyMnBvcG1ha2UtY2hpdXN1cmEtMjAxOSUyMiUyMHN0eWxlJTNEJTIyY29sb3IlM0ElMjM3NzclM0Jmb250LXdlaWdodCUzQTYwMCUzQmZvbnQtc2l6ZSUzQTE2cHglM0IlMjBkaXNwbGF5JTNBaW5saW5lLWJsb2NrJTNCJTIwdmVydGljYWwtYWxpZ24lM0FtaWRkbGUlM0IlMjBtYXJnaW4tbGVmdCUzQSUyMDhweCUzQiUyMiUzRURldGFpbHMlM0MlMkZkaXYlM0UlM0MlMkZkaXYlM0UlMEElMEE=[\/vc_raw_html][\/vc_column][\/vc_row][vc_row el_class=&#8221;row-90&#8243; css=&#8221;.vc_custom_1635842602377{margin-bottom: 30px !important;}&#8221;][vc_column offset=&#8221;vc_col-lg-4 vc_col-md-4 vc_col-xs-12&#8243; el_class=&#8221;box-image&#8221;][vc_single_image image=&#8221;59615&#8243; img_size=&#8221;full&#8221;][\/vc_column][vc_column offset=&#8221;vc_col-lg-4 vc_col-md-4 vc_col-xs-12&#8243; el_class=&#8221;box-image&#8221;][vc_single_image image=&#8221;59619&#8243; img_size=&#8221;full&#8221;][\/vc_column][vc_column offset=&#8221;vc_col-lg-4 vc_col-md-4 vc_col-xs-12&#8243; el_class=&#8221;box-image&#8221;][vc_single_image image=&#8221;59623&#8243; img_size=&#8221;full&#8221;][\/vc_column][\/vc_row][vc_row el_class=&#8221;story-skin-white<span class=\"excerpt-hellip\"> [\u2026]<\/span><\/p>\n","protected":false},"author":4,"featured_media":0,"parent":15682,"menu_order":0,"comment_status":"closed","ping_status":"closed","template":"","meta":{"footnotes":""},"class_list":["post-38828","page","type-page","status-publish","hentry"],"yoast_head":"<!-- This site is optimized with the Yoast SEO Premium plugin v23.7 (Yoast SEO v23.7) - https:\/\/yoast.com\/wordpress\/plugins\/seo\/ -->\n<title>Chiusure - Autohome<\/title>\n<meta name=\"description\" content=\"Tutte le tende da tetto auto Autohome, possiedono i requisiti di qualit\u00e0 e sicurezza Tuv Rheinland. Un vantaggio per il cliente che pu\u00f2 acquistare con fiducia una tenda da tetto di qualit\u00e0 e sicurezza certificata.\" \/>\n<meta name=\"robots\" content=\"index, follow, max-snippet:-1, max-image-preview:large, max-video-preview:-1\" \/>\n<link rel=\"canonical\" href=\"https:\/\/www.autohome-official.com\/en\/products\/closures\/\" \/>\n<meta property=\"og:locale\" content=\"en_US\" \/>\n<meta property=\"og:type\" content=\"article\" \/>\n<meta property=\"og:title\" content=\"Closures - Autohome Official\" \/>\n<meta property=\"og:description\" content=\"JTNDaDElMjBzdHlsZSUzRCUyMmZvbnQtc2l6ZSUzQSUyMDQ1cHglM0IlMjB0ZXh0LXRyYW5zZm9ybSUzQXVwcGVyY2FzZSUzQiUyMiUzRSVFMiU4MCU5Q0hpZ2glMjBQZXJmb3JtYW5jZSVFMiU4MCU5RCUy\" \/>\n<meta property=\"og:url\" content=\"https:\/\/www.autohome-official.com\/en\/products\/closures\/\" \/>\n<meta property=\"og:site_name\" content=\"Autohome Official\" \/>\n<meta property=\"article:publisher\" content=\"https:\/\/www.facebook.com\/Autohome.Official.Page\" \/>\n<meta property=\"article:modified_time\" content=\"2021-11-02T08:47:17+00:00\" \/>\n<meta property=\"og:image\" content=\"https:\/\/www.autohome-official.com\/wp-content\/uploads\/2026\/02\/Maggiolina-Autohome-logo.jpg\" \/>\n\t<meta property=\"og:image:width\" content=\"512\" \/>\n\t<meta property=\"og:image:height\" content=\"512\" \/>\n\t<meta property=\"og:image:type\" content=\"image\/jpeg\" \/>\n<meta name=\"twitter:card\" content=\"summary_large_image\" \/>\n<meta name=\"twitter:label1\" content=\"Est. reading time\" \/>\n\t<meta name=\"twitter:data1\" content=\"1 minute\" \/>\n<script type=\"application\/ld+json\" class=\"yoast-schema-graph\">{\"@context\":\"https:\/\/schema.org\",\"@graph\":[{\"@type\":\"WebPage\",\"@id\":\"https:\/\/www.autohome-official.com\/en\/products\/closures\/\",\"url\":\"https:\/\/www.autohome-official.com\/en\/products\/closures\/\",\"name\":\"Chiusure - Autohome\",\"isPartOf\":{\"@id\":\"https:\/\/www.autohome-official.com\/#website\"},\"datePublished\":\"2019-08-02T14:17:29+00:00\",\"dateModified\":\"2021-11-02T08:47:17+00:00\",\"description\":\"Tutte le tende da tetto auto Autohome, possiedono i requisiti di qualit\u00e0 e sicurezza Tuv Rheinland. Un vantaggio per il cliente che pu\u00f2 acquistare con fiducia una tenda da tetto di qualit\u00e0 e sicurezza certificata.\",\"breadcrumb\":{\"@id\":\"https:\/\/www.autohome-official.com\/en\/products\/closures\/#breadcrumb\"},\"inLanguage\":\"en-US\",\"potentialAction\":[{\"@type\":\"ReadAction\",\"target\":[\"https:\/\/www.autohome-official.com\/en\/products\/closures\/\"]}]},{\"@type\":\"BreadcrumbList\",\"@id\":\"https:\/\/www.autohome-official.com\/en\/products\/closures\/#breadcrumb\",\"itemListElement\":[{\"@type\":\"ListItem\",\"position\":1,\"name\":\"Home\",\"item\":\"https:\/\/www.autohome-official.com\/en\/\"},{\"@type\":\"ListItem\",\"position\":2,\"name\":\"Products\",\"item\":\"https:\/\/www.autohome-official.com\/en\/products\/\"},{\"@type\":\"ListItem\",\"position\":3,\"name\":\"Closures\"}]},{\"@type\":\"WebSite\",\"@id\":\"https:\/\/www.autohome-official.com\/#website\",\"url\":\"https:\/\/www.autohome-official.com\/\",\"name\":\"Autohome\",\"description\":\"Tende da tetto - Dachzelte - Tentes de Toit - Roof Top Tents\",\"publisher\":{\"@id\":\"https:\/\/www.autohome-official.com\/#organization\"},\"alternateName\":\"Autohome Official\",\"potentialAction\":[{\"@type\":\"SearchAction\",\"target\":{\"@type\":\"EntryPoint\",\"urlTemplate\":\"https:\/\/www.autohome-official.com\/?s={search_term_string}\"},\"query-input\":{\"@type\":\"PropertyValueSpecification\",\"valueRequired\":true,\"valueName\":\"search_term_string\"}}],\"inLanguage\":\"en-US\"},{\"@type\":\"Organization\",\"@id\":\"https:\/\/www.autohome-official.com\/#organization\",\"name\":\"Autohome\",\"alternateName\":\"Autohome Official\",\"url\":\"https:\/\/www.autohome-official.com\/\",\"logo\":{\"@type\":\"ImageObject\",\"inLanguage\":\"en-US\",\"@id\":\"https:\/\/www.autohome-official.com\/#\/schema\/logo\/image\/\",\"url\":\"https:\/\/www.autohome-official.com\/wp-content\/uploads\/2026\/02\/Maggiolina-Autohome-logo.jpg\",\"contentUrl\":\"https:\/\/www.autohome-official.com\/wp-content\/uploads\/2026\/02\/Maggiolina-Autohome-logo.jpg\",\"width\":512,\"height\":512,\"caption\":\"Autohome\"},\"image\":{\"@id\":\"https:\/\/www.autohome-official.com\/#\/schema\/logo\/image\/\"},\"sameAs\":[\"https:\/\/www.facebook.com\/Autohome.Official.Page\",\"https:\/\/www.instagram.com\/autohome_official\/\",\"http:\/\/www.youtube.com\/user\/AutohomeOfficial\"],\"description\":\"Le prime tende da tetto auto al mondo, prodotte in Italia dal 1958.\",\"email\":\"info@autohome.it\",\"telephone\":\"0039 0376 99590\",\"legalName\":\"Zifer Italia SRL\",\"vatID\":\"IT01329850208\"}]}<\/script>\n<!-- \/ Yoast SEO Premium plugin. -->","yoast_head_json":{"title":"Chiusure - Autohome","description":"Tutte le tende da tetto auto Autohome, possiedono i requisiti di qualit\u00e0 e sicurezza Tuv Rheinland. Un vantaggio per il cliente che pu\u00f2 acquistare con fiducia una tenda da tetto di qualit\u00e0 e sicurezza certificata.","robots":{"index":"index","follow":"follow","max-snippet":"max-snippet:-1","max-image-preview":"max-image-preview:large","max-video-preview":"max-video-preview:-1"},"canonical":"https:\/\/www.autohome-official.com\/en\/products\/closures\/","og_locale":"en_US","og_type":"article","og_title":"Closures - Autohome Official","og_description":"JTNDaDElMjBzdHlsZSUzRCUyMmZvbnQtc2l6ZSUzQSUyMDQ1cHglM0IlMjB0ZXh0LXRyYW5zZm9ybSUzQXVwcGVyY2FzZSUzQiUyMiUzRSVFMiU4MCU5Q0hpZ2glMjBQZXJmb3JtYW5jZSVFMiU4MCU5RCUy","og_url":"https:\/\/www.autohome-official.com\/en\/products\/closures\/","og_site_name":"Autohome Official","article_publisher":"https:\/\/www.facebook.com\/Autohome.Official.Page","article_modified_time":"2021-11-02T08:47:17+00:00","og_image":[{"width":512,"height":512,"url":"https:\/\/www.autohome-official.com\/wp-content\/uploads\/2026\/02\/Maggiolina-Autohome-logo.jpg","type":"image\/jpeg"}],"twitter_card":"summary_large_image","twitter_misc":{"Est. reading time":"1 minute"},"schema":{"@context":"https:\/\/schema.org","@graph":[{"@type":"WebPage","@id":"https:\/\/www.autohome-official.com\/en\/products\/closures\/","url":"https:\/\/www.autohome-official.com\/en\/products\/closures\/","name":"Chiusure - Autohome","isPartOf":{"@id":"https:\/\/www.autohome-official.com\/#website"},"datePublished":"2019-08-02T14:17:29+00:00","dateModified":"2021-11-02T08:47:17+00:00","description":"Tutte le tende da tetto auto Autohome, possiedono i requisiti di qualit\u00e0 e sicurezza Tuv Rheinland. Un vantaggio per il cliente che pu\u00f2 acquistare con fiducia una tenda da tetto di qualit\u00e0 e sicurezza certificata.","breadcrumb":{"@id":"https:\/\/www.autohome-official.com\/en\/products\/closures\/#breadcrumb"},"inLanguage":"en-US","potentialAction":[{"@type":"ReadAction","target":["https:\/\/www.autohome-official.com\/en\/products\/closures\/"]}]},{"@type":"BreadcrumbList","@id":"https:\/\/www.autohome-official.com\/en\/products\/closures\/#breadcrumb","itemListElement":[{"@type":"ListItem","position":1,"name":"Home","item":"https:\/\/www.autohome-official.com\/en\/"},{"@type":"ListItem","position":2,"name":"Products","item":"https:\/\/www.autohome-official.com\/en\/products\/"},{"@type":"ListItem","position":3,"name":"Closures"}]},{"@type":"WebSite","@id":"https:\/\/www.autohome-official.com\/#website","url":"https:\/\/www.autohome-official.com\/","name":"Autohome","description":"Tende da tetto - Dachzelte - Tentes de Toit - Roof Top Tents","publisher":{"@id":"https:\/\/www.autohome-official.com\/#organization"},"alternateName":"Autohome Official","potentialAction":[{"@type":"SearchAction","target":{"@type":"EntryPoint","urlTemplate":"https:\/\/www.autohome-official.com\/?s={search_term_string}"},"query-input":{"@type":"PropertyValueSpecification","valueRequired":true,"valueName":"search_term_string"}}],"inLanguage":"en-US"},{"@type":"Organization","@id":"https:\/\/www.autohome-official.com\/#organization","name":"Autohome","alternateName":"Autohome Official","url":"https:\/\/www.autohome-official.com\/","logo":{"@type":"ImageObject","inLanguage":"en-US","@id":"https:\/\/www.autohome-official.com\/#\/schema\/logo\/image\/","url":"https:\/\/www.autohome-official.com\/wp-content\/uploads\/2026\/02\/Maggiolina-Autohome-logo.jpg","contentUrl":"https:\/\/www.autohome-official.com\/wp-content\/uploads\/2026\/02\/Maggiolina-Autohome-logo.jpg","width":512,"height":512,"caption":"Autohome"},"image":{"@id":"https:\/\/www.autohome-official.com\/#\/schema\/logo\/image\/"},"sameAs":["https:\/\/www.facebook.com\/Autohome.Official.Page","https:\/\/www.instagram.com\/autohome_official\/","http:\/\/www.youtube.com\/user\/AutohomeOfficial"],"description":"Le prime tende da tetto auto al mondo, prodotte in Italia dal 1958.","email":"info@autohome.it","telephone":"0039 0376 99590","legalName":"Zifer Italia SRL","vatID":"IT01329850208"}]}},"_links":{"self":[{"href":"https:\/\/www.autohome-official.com\/en\/wp-json\/wp\/v2\/pages\/38828"}],"collection":[{"href":"https:\/\/www.autohome-official.com\/en\/wp-json\/wp\/v2\/pages"}],"about":[{"href":"https:\/\/www.autohome-official.com\/en\/wp-json\/wp\/v2\/types\/page"}],"author":[{"embeddable":true,"href":"https:\/\/www.autohome-official.com\/en\/wp-json\/wp\/v2\/users\/4"}],"replies":[{"embeddable":true,"href":"https:\/\/www.autohome-official.com\/en\/wp-json\/wp\/v2\/comments?post=38828"}],"version-history":[{"count":2,"href":"https:\/\/www.autohome-official.com\/en\/wp-json\/wp\/v2\/pages\/38828\/revisions"}],"predecessor-version":[{"id":59653,"href":"https:\/\/www.autohome-official.com\/en\/wp-json\/wp\/v2\/pages\/38828\/revisions\/59653"}],"up":[{"embeddable":true,"href":"https:\/\/www.autohome-official.com\/en\/wp-json\/wp\/v2\/pages\/15682"}],"wp:attachment":[{"href":"https:\/\/www.autohome-official.com\/en\/wp-json\/wp\/v2\/media?parent=38828"}],"curies":[{"name":"wp","href":"https:\/\/api.w.org\/{rel}","templated":true}]}}