{"id":13999,"date":"2016-11-07T10:18:59","date_gmt":"2016-11-07T09:18:59","guid":{"rendered":"https:\/\/www.autohome-official.com\/societe\/world-best-seller\/"},"modified":"2026-03-10T10:24:26","modified_gmt":"2026-03-10T09:24:26","slug":"world-best-seller","status":"publish","type":"page","link":"https:\/\/www.autohome-official.com\/fr\/societe\/world-best-seller\/","title":{"rendered":"World Best Seller"},"content":{"rendered":"<p>[vc_row][vc_column]<pre><span><span><a href=\"https:\/\/www.autohome-official.com\/fr\/\">Home<\/a><\/span><\/span><\/pre>\n[\/vc_column][\/vc_row][vc_row][vc_column offset=\u00a0\u00bbvc_hidden-xs\u00a0\u00bb][vc_single_image image=\u00a0\u00bb84466&Prime; img_size=\u00a0\u00bbfull\u00a0\u00bb][\/vc_column][\/vc_row][vc_row][vc_column offset=\u00a0\u00bbvc_hidden-lg vc_hidden-md vc_hidden-sm\u00a0\u00bb][vc_single_image image=\u00a0\u00bb84470&Prime; img_size=\u00a0\u00bbfull\u00a0\u00bb][\/vc_column][\/vc_row][vc_row][vc_column][vc_raw_html el_class=\u00a0\u00bbcustom-CMS-paragraph\u00a0\u00bb]JTNDaDIlM0VXT1JMRCUyMEJFU1QlMjBTRUxMRVIlM0NiciUyRiUzRSUwQVVOJTIwU1VDQyVDMyU4OFMlMjBRVUklMjBBJTIwQ0hBTkclQzMlODklMjBMQSUyMEZBJUMzJTg3T04lMjBERSUyMFZPWUFHRVIlM0MlMkZoMiUzRSUwQSUwQSUwQSUzQ3AlM0UlMEFEdSUyMFNhaGFyYSUyMCVDMyVBMCUyMGwlMjdBcmN0aXF1ZSUyQyUyMEF1dG9ob21lJUMyJUFFJTIwYWNjb21wYWduZSUyMGNldXglMjBxdWklMjB2b3lhZ2VudCUyMGF2ZWMlMjBwYXNzaW9uLiUwQVVuZSUyMGV4Y2VsbGVuY2UlMjBiYXMlQzMlQTllJTIwc3VyJTIwbGElMjBxdWFsaXQlQzMlQTklMkMlMjBwYXMlMjBzdXIlMjBsZXMlMjBtb3RzLiUwQVBhcmNlJTIwcXVlJTIwdm95YWdlciUyMGVuJTIwdG91dGUlMjBsaWJlcnQlQzMlQTklMkMlMjBjJTI3ZXN0JTIwZmFpcmUlMjBjb25maWFuY2UlMjAlQzMlQTAlMjBjZWx1aSUyMHF1aSUyMGElMjAlQzMlQTljcml0JTIwbCUyN2hpc3RvaXJlJTIwZGVzJTIwdGVudGVzJTIwZGUlMjB0b2l0LiUwQSUzQyUyRnAlM0UlMEE=[\/vc_raw_html][\/vc_column][\/vc_row][vc_row][vc_column offset=\u00a0\u00bbvc_hidden-lg vc_hidden-md vc_hidden-sm\u00a0\u00bb][vc_single_image image=\u00a0\u00bb83671&Prime; img_size=\u00a0\u00bbfull\u00a0\u00bb][\/vc_column][\/vc_row][vc_row][vc_column width=\u00a0\u00bb2\/3&Prime; offset=\u00a0\u00bbvc_hidden-xs\u00a0\u00bb][vc_single_image image=\u00a0\u00bb83663&Prime; img_size=\u00a0\u00bbfull\u00a0\u00bb][\/vc_column][vc_column width=\u00a0\u00bb1\/3&Prime;][vc_single_image image=\u00a0\u00bb83679&Prime; img_size=\u00a0\u00bbfull\u00a0\u00bb][\/vc_column][\/vc_row][vc_row][vc_column width=\u00a0\u00bb1\/3&Prime;][vc_single_image image=\u00a0\u00bb83683&Prime; img_size=\u00a0\u00bbfull\u00a0\u00bb el_class=\u00a0\u00bbCMS-image-zero-bottom\u00a0\u00bb][\/vc_column][vc_column width=\u00a0\u00bb2\/3&Prime; offset=\u00a0\u00bbvc_hidden-xs\u00a0\u00bb][vc_single_image image=\u00a0\u00bb83667&Prime; img_size=\u00a0\u00bbfull\u00a0\u00bb el_class=\u00a0\u00bbCMS-image-zero-bottom\u00a0\u00bb][\/vc_column][\/vc_row][vc_row][vc_column offset=\u00a0\u00bbvc_hidden-lg vc_hidden-md vc_hidden-sm\u00a0\u00bb][vc_single_image image=\u00a0\u00bb83675&Prime; img_size=\u00a0\u00bbfull\u00a0\u00bb el_class=\u00a0\u00bbCMS-image-zero-bottom\u00a0\u00bb][\/vc_column][\/vc_row]<\/p>\n","protected":false},"excerpt":{"rendered":"<p>[vc_row][vc_column][\/vc_column][\/vc_row][vc_row][vc_column offset=\u00a0\u00bbvc_hidden-xs\u00a0\u00bb][vc_single_image image=\u00a0\u00bb84466&Prime; img_size=\u00a0\u00bbfull\u00a0\u00bb][\/vc_column][\/vc_row][vc_row][vc_column offset=\u00a0\u00bbvc_hidden-lg vc_hidden-md vc_hidden-sm\u00a0\u00bb][vc_single_image image=\u00a0\u00bb84470&Prime; img_size=\u00a0\u00bbfull\u00a0\u00bb][\/vc_column][\/vc_row][vc_row][vc_column][vc_raw_html el_class=\u00a0\u00bbcustom-CMS-paragraph\u00a0\u00bb]JTNDaDIlM0VXT1JMRCUyMEJFU1QlMjBTRUxMRVIlM0NiciUyRiUzRSUwQVVOJTIwU1VDQyVDMyU4OFMlMjBRVUklMjBBJTIwQ0hBTkclQzMlODklMjBMQSUyMEZBJUMzJTg3T04lMjBERSUyMFZPWUFHRVIlM0MlMkZoMiUzRSUwQSUwQSUwQSUzQ3AlM0UlMEFEdSUyMFNhaGFyYSUyMCVDMyVBMCUyMGwlMjdBcmN0aXF1ZSUyQyUyMEF1dG9ob21lJUMyJUFFJTIwYWNjb21wYWduZSUyMGNldXglMjBxdWklMjB2b3lhZ2VudCUyMGF2ZWMlMjBwYXNzaW9uLiUwQVVuZSUyMGV4Y2VsbGVuY2UlMjBiYXMlQzMlQTllJTIwc3VyJTIwbGElMjBxdWFsaXQlQzMlQTklMkMlMjBwYXMlMjBzdXIlMjBsZXMlMjBtb3RzLiUwQVBhcmNlJTIwcXVlJTIwdm95YWdlciUyMGVuJTIwdG91dGUlMjBsaWJlcnQlQzMlQTklMkMlMjBjJTI3ZXN0JTIwZmFpcmUlMjBjb25maWFuY2UlMjAlQzMlQTAlMjBjZWx1aSUyMHF1aSUyMGElMjAlQzMlQTljcml0JTIwbCUyN2hpc3RvaXJlJTIwZGVzJTIwdGVudGVzJTIwZGUlMjB0b2l0LiUwQSUzQyUyRnAlM0UlMEE=[\/vc_raw_html][\/vc_column][\/vc_row][vc_row][vc_column offset=\u00a0\u00bbvc_hidden-lg vc_hidden-md vc_hidden-sm\u00a0\u00bb][vc_single_image image=\u00a0\u00bb83671&Prime; img_size=\u00a0\u00bbfull\u00a0\u00bb][\/vc_column][\/vc_row][vc_row][vc_column width=\u00a0\u00bb2\/3&Prime; offset=\u00a0\u00bbvc_hidden-xs\u00a0\u00bb][vc_single_image image=\u00a0\u00bb83663&Prime; img_size=\u00a0\u00bbfull\u00a0\u00bb][\/vc_column][vc_column width=\u00a0\u00bb1\/3&Prime;][vc_single_image image=\u00a0\u00bb83679&Prime; img_size=\u00a0\u00bbfull\u00a0\u00bb][\/vc_column][\/vc_row][vc_row][vc_column width=\u00a0\u00bb1\/3&Prime;][vc_single_image image=\u00a0\u00bb83683&Prime; img_size=\u00a0\u00bbfull\u00a0\u00bb el_class=\u00a0\u00bbCMS-image-zero-bottom\u00a0\u00bb][\/vc_column][vc_column<span class=\"excerpt-hellip\"> [\u2026]<\/span><\/p>\n","protected":false},"author":4,"featured_media":53091,"parent":13968,"menu_order":0,"comment_status":"closed","ping_status":"closed","template":"template-azienda.php","meta":{"footnotes":""},"class_list":["post-13999","page","type-page","status-publish","has-post-thumbnail","hentry"],"yoast_head":"<!-- This site is optimized with the Yoast SEO Premium plugin v23.7 (Yoast SEO v23.7) - https:\/\/yoast.com\/wordpress\/plugins\/seo\/ -->\n<title>World Best Seller | Le meilleures tentes de toit de voitures au monde<\/title>\n<meta name=\"description\" content=\"World Best Seller | Tentes de toit de voitures fabriqu\u00e9es en Italie. Autohome est leader sur le march\u00e9 en termes de ventes et de qualit\u00e9.\" \/>\n<meta name=\"robots\" content=\"index, follow, max-snippet:-1, max-image-preview:large, max-video-preview:-1\" \/>\n<link rel=\"canonical\" href=\"https:\/\/www.autohome-official.com\/fr\/societe\/world-best-seller\/\" \/>\n<meta property=\"og:locale\" content=\"fr_FR\" \/>\n<meta property=\"og:type\" content=\"article\" \/>\n<meta property=\"og:title\" content=\"World Best Seller - Autohome\" \/>\n<meta property=\"og:description\" content=\"JTNDaDIlM0VXT1JMRCUyMEJFU1QlMjBTRUxMRVIlM0NiciUyRiUzRSUwQVVOJTIwU1VDQyVDMyU4OFMlMjBRVUklMjBBJTIwQ0hBTkclQzMlODklMjBMQSUyMEZBJUMzJTg3T04lMjBERSUyMFZPWUFHRVIl\" \/>\n<meta property=\"og:url\" content=\"https:\/\/www.autohome-official.com\/fr\/societe\/world-best-seller\/\" \/>\n<meta property=\"og:site_name\" content=\"Autohome\" \/>\n<meta property=\"article:publisher\" content=\"https:\/\/www.facebook.com\/Autohome.Official.Page\" \/>\n<meta property=\"article:modified_time\" content=\"2026-03-10T09:24:26+00:00\" \/>\n<meta property=\"og:image\" content=\"https:\/\/www.autohome-official.com\/wp-content\/uploads\/2020\/11\/autohome-World-Best-Seller.jpg\" \/>\n\t<meta property=\"og:image:width\" content=\"800\" \/>\n\t<meta property=\"og:image:height\" content=\"533\" \/>\n\t<meta property=\"og:image:type\" content=\"image\/jpeg\" \/>\n<meta name=\"twitter:card\" content=\"summary_large_image\" \/>\n<meta name=\"twitter:label1\" content=\"Dur\u00e9e de lecture estim\u00e9e\" \/>\n\t<meta name=\"twitter:data1\" content=\"2 minutes\" \/>\n<script type=\"application\/ld+json\" class=\"yoast-schema-graph\">{\"@context\":\"https:\/\/schema.org\",\"@graph\":[{\"@type\":\"WebPage\",\"@id\":\"https:\/\/www.autohome-official.com\/fr\/societe\/world-best-seller\/\",\"url\":\"https:\/\/www.autohome-official.com\/fr\/societe\/world-best-seller\/\",\"name\":\"World Best Seller | Le meilleures tentes de toit de voitures au monde\",\"isPartOf\":{\"@id\":\"https:\/\/www.autohome-official.com\/#website\"},\"primaryImageOfPage\":{\"@id\":\"https:\/\/www.autohome-official.com\/fr\/societe\/world-best-seller\/#primaryimage\"},\"image\":{\"@id\":\"https:\/\/www.autohome-official.com\/fr\/societe\/world-best-seller\/#primaryimage\"},\"thumbnailUrl\":\"https:\/\/www.autohome-official.com\/wp-content\/uploads\/2020\/11\/autohome-World-Best-Seller.jpg\",\"datePublished\":\"2016-11-07T09:18:59+00:00\",\"dateModified\":\"2026-03-10T09:24:26+00:00\",\"description\":\"World Best Seller | Tentes de toit de voitures fabriqu\u00e9es en Italie. Autohome est leader sur le march\u00e9 en termes de ventes et de qualit\u00e9.\",\"breadcrumb\":{\"@id\":\"https:\/\/www.autohome-official.com\/fr\/societe\/world-best-seller\/#breadcrumb\"},\"inLanguage\":\"fr-FR\",\"potentialAction\":[{\"@type\":\"ReadAction\",\"target\":[\"https:\/\/www.autohome-official.com\/fr\/societe\/world-best-seller\/\"]}]},{\"@type\":\"ImageObject\",\"inLanguage\":\"fr-FR\",\"@id\":\"https:\/\/www.autohome-official.com\/fr\/societe\/world-best-seller\/#primaryimage\",\"url\":\"https:\/\/www.autohome-official.com\/wp-content\/uploads\/2020\/11\/autohome-World-Best-Seller.jpg\",\"contentUrl\":\"https:\/\/www.autohome-official.com\/wp-content\/uploads\/2020\/11\/autohome-World-Best-Seller.jpg\",\"width\":800,\"height\":533,\"caption\":\"autohome World Best Seller\"},{\"@type\":\"BreadcrumbList\",\"@id\":\"https:\/\/www.autohome-official.com\/fr\/societe\/world-best-seller\/#breadcrumb\",\"itemListElement\":[{\"@type\":\"ListItem\",\"position\":1,\"name\":\"Home\",\"item\":\"https:\/\/www.autohome-official.com\/fr\/\"},{\"@type\":\"ListItem\",\"position\":2,\"name\":\"Soci\u00e9t\u00e9\",\"item\":\"https:\/\/www.autohome-official.com\/fr\/societe\/\"},{\"@type\":\"ListItem\",\"position\":3,\"name\":\"World Best Seller\"}]},{\"@type\":\"WebSite\",\"@id\":\"https:\/\/www.autohome-official.com\/#website\",\"url\":\"https:\/\/www.autohome-official.com\/\",\"name\":\"Autohome\",\"description\":\"Tende da tetto - Dachzelte - Roof Top Tents - Tentes de Toit\",\"publisher\":{\"@id\":\"https:\/\/www.autohome-official.com\/#organization\"},\"alternateName\":\"Autohome Official\",\"potentialAction\":[{\"@type\":\"SearchAction\",\"target\":{\"@type\":\"EntryPoint\",\"urlTemplate\":\"https:\/\/www.autohome-official.com\/?s={search_term_string}\"},\"query-input\":{\"@type\":\"PropertyValueSpecification\",\"valueRequired\":true,\"valueName\":\"search_term_string\"}}],\"inLanguage\":\"fr-FR\"},{\"@type\":\"Organization\",\"@id\":\"https:\/\/www.autohome-official.com\/#organization\",\"name\":\"Autohome\",\"alternateName\":\"Autohome Official\",\"url\":\"https:\/\/www.autohome-official.com\/\",\"logo\":{\"@type\":\"ImageObject\",\"inLanguage\":\"fr-FR\",\"@id\":\"https:\/\/www.autohome-official.com\/#\/schema\/logo\/image\/\",\"url\":\"https:\/\/www.autohome-official.com\/wp-content\/uploads\/2026\/02\/Maggiolina-Autohome-logo.jpg\",\"contentUrl\":\"https:\/\/www.autohome-official.com\/wp-content\/uploads\/2026\/02\/Maggiolina-Autohome-logo.jpg\",\"width\":512,\"height\":512,\"caption\":\"Autohome\"},\"image\":{\"@id\":\"https:\/\/www.autohome-official.com\/#\/schema\/logo\/image\/\"},\"sameAs\":[\"https:\/\/www.facebook.com\/Autohome.Official.Page\",\"https:\/\/www.instagram.com\/autohome_official\/\",\"http:\/\/www.youtube.com\/user\/AutohomeOfficial\"],\"description\":\"Le prime tende da tetto auto al mondo, prodotte in Italia dal 1958.\",\"email\":\"info@autohome.it\",\"telephone\":\"0039 0376 99590\",\"legalName\":\"Zifer Italia SRL\",\"vatID\":\"IT01329850208\"}]}<\/script>\n<!-- \/ Yoast SEO Premium plugin. -->","yoast_head_json":{"title":"World Best Seller | Le meilleures tentes de toit de voitures au monde","description":"World Best Seller | Tentes de toit de voitures fabriqu\u00e9es en Italie. Autohome est leader sur le march\u00e9 en termes de ventes et de qualit\u00e9.","robots":{"index":"index","follow":"follow","max-snippet":"max-snippet:-1","max-image-preview":"max-image-preview:large","max-video-preview":"max-video-preview:-1"},"canonical":"https:\/\/www.autohome-official.com\/fr\/societe\/world-best-seller\/","og_locale":"fr_FR","og_type":"article","og_title":"World Best Seller - Autohome","og_description":"JTNDaDIlM0VXT1JMRCUyMEJFU1QlMjBTRUxMRVIlM0NiciUyRiUzRSUwQVVOJTIwU1VDQyVDMyU4OFMlMjBRVUklMjBBJTIwQ0hBTkclQzMlODklMjBMQSUyMEZBJUMzJTg3T04lMjBERSUyMFZPWUFHRVIl","og_url":"https:\/\/www.autohome-official.com\/fr\/societe\/world-best-seller\/","og_site_name":"Autohome","article_publisher":"https:\/\/www.facebook.com\/Autohome.Official.Page","article_modified_time":"2026-03-10T09:24:26+00:00","og_image":[{"width":800,"height":533,"url":"https:\/\/www.autohome-official.com\/wp-content\/uploads\/2020\/11\/autohome-World-Best-Seller.jpg","type":"image\/jpeg"}],"twitter_card":"summary_large_image","twitter_misc":{"Dur\u00e9e de lecture estim\u00e9e":"2 minutes"},"schema":{"@context":"https:\/\/schema.org","@graph":[{"@type":"WebPage","@id":"https:\/\/www.autohome-official.com\/fr\/societe\/world-best-seller\/","url":"https:\/\/www.autohome-official.com\/fr\/societe\/world-best-seller\/","name":"World Best Seller | Le meilleures tentes de toit de voitures au monde","isPartOf":{"@id":"https:\/\/www.autohome-official.com\/#website"},"primaryImageOfPage":{"@id":"https:\/\/www.autohome-official.com\/fr\/societe\/world-best-seller\/#primaryimage"},"image":{"@id":"https:\/\/www.autohome-official.com\/fr\/societe\/world-best-seller\/#primaryimage"},"thumbnailUrl":"https:\/\/www.autohome-official.com\/wp-content\/uploads\/2020\/11\/autohome-World-Best-Seller.jpg","datePublished":"2016-11-07T09:18:59+00:00","dateModified":"2026-03-10T09:24:26+00:00","description":"World Best Seller | Tentes de toit de voitures fabriqu\u00e9es en Italie. Autohome est leader sur le march\u00e9 en termes de ventes et de qualit\u00e9.","breadcrumb":{"@id":"https:\/\/www.autohome-official.com\/fr\/societe\/world-best-seller\/#breadcrumb"},"inLanguage":"fr-FR","potentialAction":[{"@type":"ReadAction","target":["https:\/\/www.autohome-official.com\/fr\/societe\/world-best-seller\/"]}]},{"@type":"ImageObject","inLanguage":"fr-FR","@id":"https:\/\/www.autohome-official.com\/fr\/societe\/world-best-seller\/#primaryimage","url":"https:\/\/www.autohome-official.com\/wp-content\/uploads\/2020\/11\/autohome-World-Best-Seller.jpg","contentUrl":"https:\/\/www.autohome-official.com\/wp-content\/uploads\/2020\/11\/autohome-World-Best-Seller.jpg","width":800,"height":533,"caption":"autohome World Best Seller"},{"@type":"BreadcrumbList","@id":"https:\/\/www.autohome-official.com\/fr\/societe\/world-best-seller\/#breadcrumb","itemListElement":[{"@type":"ListItem","position":1,"name":"Home","item":"https:\/\/www.autohome-official.com\/fr\/"},{"@type":"ListItem","position":2,"name":"Soci\u00e9t\u00e9","item":"https:\/\/www.autohome-official.com\/fr\/societe\/"},{"@type":"ListItem","position":3,"name":"World Best Seller"}]},{"@type":"WebSite","@id":"https:\/\/www.autohome-official.com\/#website","url":"https:\/\/www.autohome-official.com\/","name":"Autohome","description":"Tende da tetto - Dachzelte - Roof Top Tents - Tentes de Toit","publisher":{"@id":"https:\/\/www.autohome-official.com\/#organization"},"alternateName":"Autohome Official","potentialAction":[{"@type":"SearchAction","target":{"@type":"EntryPoint","urlTemplate":"https:\/\/www.autohome-official.com\/?s={search_term_string}"},"query-input":{"@type":"PropertyValueSpecification","valueRequired":true,"valueName":"search_term_string"}}],"inLanguage":"fr-FR"},{"@type":"Organization","@id":"https:\/\/www.autohome-official.com\/#organization","name":"Autohome","alternateName":"Autohome Official","url":"https:\/\/www.autohome-official.com\/","logo":{"@type":"ImageObject","inLanguage":"fr-FR","@id":"https:\/\/www.autohome-official.com\/#\/schema\/logo\/image\/","url":"https:\/\/www.autohome-official.com\/wp-content\/uploads\/2026\/02\/Maggiolina-Autohome-logo.jpg","contentUrl":"https:\/\/www.autohome-official.com\/wp-content\/uploads\/2026\/02\/Maggiolina-Autohome-logo.jpg","width":512,"height":512,"caption":"Autohome"},"image":{"@id":"https:\/\/www.autohome-official.com\/#\/schema\/logo\/image\/"},"sameAs":["https:\/\/www.facebook.com\/Autohome.Official.Page","https:\/\/www.instagram.com\/autohome_official\/","http:\/\/www.youtube.com\/user\/AutohomeOfficial"],"description":"Le prime tende da tetto auto al mondo, prodotte in Italia dal 1958.","email":"info@autohome.it","telephone":"0039 0376 99590","legalName":"Zifer Italia SRL","vatID":"IT01329850208"}]}},"_links":{"self":[{"href":"https:\/\/www.autohome-official.com\/fr\/wp-json\/wp\/v2\/pages\/13999"}],"collection":[{"href":"https:\/\/www.autohome-official.com\/fr\/wp-json\/wp\/v2\/pages"}],"about":[{"href":"https:\/\/www.autohome-official.com\/fr\/wp-json\/wp\/v2\/types\/page"}],"author":[{"embeddable":true,"href":"https:\/\/www.autohome-official.com\/fr\/wp-json\/wp\/v2\/users\/4"}],"replies":[{"embeddable":true,"href":"https:\/\/www.autohome-official.com\/fr\/wp-json\/wp\/v2\/comments?post=13999"}],"version-history":[{"count":2,"href":"https:\/\/www.autohome-official.com\/fr\/wp-json\/wp\/v2\/pages\/13999\/revisions"}],"predecessor-version":[{"id":84475,"href":"https:\/\/www.autohome-official.com\/fr\/wp-json\/wp\/v2\/pages\/13999\/revisions\/84475"}],"up":[{"embeddable":true,"href":"https:\/\/www.autohome-official.com\/fr\/wp-json\/wp\/v2\/pages\/13968"}],"wp:featuredmedia":[{"embeddable":true,"href":"https:\/\/www.autohome-official.com\/fr\/wp-json\/wp\/v2\/media\/53091"}],"wp:attachment":[{"href":"https:\/\/www.autohome-official.com\/fr\/wp-json\/wp\/v2\/media?parent=13999"}],"curies":[{"name":"wp","href":"https:\/\/api.w.org\/{rel}","templated":true}]}}