{"id":14361,"date":"2016-09-19T15:57:21","date_gmt":"2016-09-19T13:57:21","guid":{"rendered":"https:\/\/www.autohome-official.com\/societe\/dove-siamo\/"},"modified":"2026-04-18T11:59:52","modified_gmt":"2026-04-18T09:59:52","slug":"ou-sommes-nous","status":"publish","type":"page","link":"https:\/\/www.autohome-official.com\/fr\/societe\/ou-sommes-nous\/","title":{"rendered":"O\u00f9 sommes-nous"},"content":{"rendered":"<p>[vc_row][vc_column]<pre><span><span><a href=\"https:\/\/www.autohome-official.com\/fr\/\">Home<\/a><\/span><\/span><\/pre>\n[\/vc_column][\/vc_row][vc_row full_height=\u00a0\u00bbyes\u00a0\u00bb columns_placement=\u00a0\u00bbtop\u00a0\u00bb equal_height=\u00a0\u00bbyes\u00a0\u00bb el_class=\u00a0\u00bbcustom-CMS-paragraph\u00a0\u00bb][vc_column width=\u00a0\u00bb1\/2&Prime;][vc_raw_html]JTNDaDIlM0VPJUMzJTk5JTIwU09NTUVTLU5PVVMlM0MlMkZoMiUzRSUzQ2JyJTIwJTJGJTNFJTBBJTNDcCUzRSUzQ2IlM0VTb3J0aWVzJTIwZCUyN2F1dG9yb3V0ZXMlMjBjb25zZWlsbCVDMyVBOWVzJTNBJTNDJTJGYiUzRSUzQ2JyJTIwJTJGJTNFJTBBRW4lMjBwcm92ZW5hbmNlJTIwZHUlMjBOb3JkJTIwRXN0JTNBJUMyJUEwJTNDYiUzRU1hbnRvdWUlMjBOb3JkJTNDJTJGYiUzRSUzQ2JyJTNFRGlyZWN0aW9uJTIwQ3JlbW9uZSUyQyUyMENhc3RlbGx1Y2NoaW8lMkMlMjBCb3p6b2xvJTNDJTJGcCUzRSUzQ2JyJTIwJTJGJTNFJTBBJTBBJTNDcCUzRUVuJTIwcHJvdmVuYW5jZSUyMGR1JTIwTm9yZCUyME91ZXN0JTNBJTIwJTNDYiUzRUNyZW1vbmUlM0MlMkZiJTNFJTNDYnIlM0UlMjBEaXJlY3Rpb24lMjBNYW50b3VlJTJDJTIwUGlhZGVuYSUyQyUyMEJvenpvbG8lM0MlMkZwJTNFJTNDYnIlMjAlMkYlM0UlMEElMEElM0NwJTNFRW4lMjBwcm92ZW5hbmNlJTIwZHUlMjBTdWQlM0ElMjAlM0NiJTNFUGFybWUlM0MlMkZiJTNFJTNDYnIlM0UlMjBEaXJlY3Rpb24lMjBDcmVtb25hJTJDJTIwQ29sb3JubyUyQyUyMENhc2FsbWFnZ2lvcmUlMkMlMjBWaWxsYW5vdmElM0MlMkZwJTNFJTNDJTJGYnIlM0UlMEElM0NwJTNFJTBBJTNDYiUzRUElQzMlQTlyb3BvcnRzJTIwbGVzJTIwcGx1cyUyMHByb2NoZXMlM0ElM0MlMkZiJTNFJTNDYnIlMjAlMkYlM0UlMEElM0NiJTNFVmVyb25lJTIwVmlsbGFmcmFuY2ElM0MlMkZiJTNFJTIwJTI4NjAlMjBrbSUyOSUzQ2JyJTNFJTBBJTNDYiUzRUJvbG9nbmUlM0MlMkZiJTNFJTIwJTI4MTE5JTIwa20lMjklM0NiciUzRSUwQSUzQ2IlM0VNaWxhbiUyMExpbmF0ZSUzQyUyRmIlM0UlMjAlMjgxMjglMjBrbSUyOSUzQ2JyJTNFJTBBJTNDYiUzRUJlcmdhbWUlMjBPcmlvJTIwYWwlMjBTZXJpbyUzQyUyRmIlM0UlMjAlMjgxMzMlMjBrbSUyOSUzQ2JyJTNFJTBBJTNDYiUzRU1pbGFuJTIwTWFscGVuc2ElM0MlMkZiJTNFJTIwJTI4MTg1JTIwa20lMjklM0MlMkZwJTNFJTNDYnIlMjAlMkYlM0UlMEElMEElM0NwJTNFJTNDYiUzRVBPU0lUSU9OJTIwR1BTJTNBJTNDJTJGYiUzRSUzQ2JyJTIwJTJGJTNFJTBBNDUlQzIlQjAlMjA0JTI3JTIwMTklMjclMjclMjBOb3J0aCUzQ2JyJTNFMTAlQzIlQjAlMjAyNiUyNyUyMDQwJTI3JTI3JTIwRWFzdCUzQyUyRnAlM0U=[\/vc_raw_html][\/vc_column][vc_column width=\u00a0\u00bb1\/2&Prime; el_class=\u00a0\u00bbcustom-CMS-map\u00a0\u00bb][vc_raw_html]JTNDaWZyYW1lJTIwc3JjJTNEJTIyaHR0cHMlM0ElMkYlMkZ3d3cuZ29vZ2xlLmNvbSUyRm1hcHMlMkZlbWJlZCUzRnBiJTNEJTIxMW0xNCUyMTFtOCUyMTFtMyUyMTFkMTEyNzAuNzY3OTQzNTkyMzEzJTIxMmQxMC40NDQ1NDIlMjEzZDQ1LjA3MTc1OSUyMTNtMiUyMTFpMTAyNCUyMTJpNzY4JTIxNGYxMy4xJTIxM20zJTIxMW0yJTIxMXMweDAlMjUzQTB4YmZjZTA3MjBjMzg5ZjgzZSUyMTJzQVVUT0hPTUUlMjE1ZTAlMjEzbTIlMjExc2l0JTIxMnNpdCUyMTR2MTU1NTU5MzA5MjI5MCUyMTVtMiUyMTFzaXQlMjEyc2l0JTIyJTIwd2lkdGglM0QlMjI4MDAlMjIlMjBoZWlnaHQlM0QlMjI4MDAlMjIlMjBmcmFtZWJvcmRlciUzRCUyMjAlMjIlMjBzdHlsZSUzRCUyMmJvcmRlciUzQTAlMjIlMjBhbGxvd2Z1bGxzY3JlZW4lM0UlM0MlMkZpZnJhbWUlM0U=[\/vc_raw_html][\/vc_column][\/vc_row]<\/p>\n","protected":false},"excerpt":{"rendered":"<p>[vc_row][vc_column][\/vc_column][\/vc_row][vc_row full_height=\u00a0\u00bbyes\u00a0\u00bb columns_placement=\u00a0\u00bbtop\u00a0\u00bb equal_height=\u00a0\u00bbyes\u00a0\u00bb el_class=\u00a0\u00bbcustom-CMS-paragraph\u00a0\u00bb][vc_column width=\u00a0\u00bb1\/2&Prime;][vc_raw_html]JTNDaDIlM0VPJUMzJTk5JTIwU09NTUVTLU5PVVMlM0MlMkZoMiUzRSUzQ2JyJTIwJTJGJTNFJTBBJTNDcCUzRSUzQ2IlM0VTb3J0aWVzJTIwZCUyN2F1dG9yb3V0ZXMlMjBjb25zZWlsbCVDMyVBOWVzJTNBJTNDJTJGYiUzRSUzQ2JyJTIwJTJGJTNFJTBBRW4lMjBwcm92ZW5hbmNlJTIwZHUlMjBOb3JkJTIwRXN0JTNBJUMyJUEwJTNDYiUzRU1hbnRvdWUlMjBOb3JkJTNDJTJGYiUzRSUzQ2JyJTNFRGlyZWN0aW9uJTIwQ3JlbW9uZSUyQyUyMENhc3RlbGx1Y2NoaW8lMkMlMjBCb3p6b2xvJTNDJTJGcCUzRSUzQ2JyJTIwJTJGJTNFJTBBJTBBJTNDcCUzRUVuJTIwcHJvdmVuYW5jZSUyMGR1JTIwTm9yZCUyME91ZXN0JTNBJTIwJTNDYiUzRUNyZW1vbmUlM0MlMkZiJTNFJTNDYnIlM0UlMjBEaXJlY3Rpb24lMjBNYW50b3VlJTJDJTIwUGlhZGVuYSUyQyUyMEJvenpvbG8lM0MlMkZwJTNFJTNDYnIlMjAlMkYlM0UlMEElMEElM0NwJTNFRW4lMjBwcm92ZW5hbmNlJTIwZHUlMjBTdWQlM0ElMjAlM0NiJTNFUGFybWUlM0MlMkZiJTNFJTNDYnIlM0UlMjBEaXJlY3Rpb24lMjBDcmVtb25hJTJDJTIwQ29sb3JubyUyQyUyMENhc2FsbWFnZ2lvcmUlMkMlMjBWaWxsYW5vdmElM0MlMkZwJTNFJTNDJTJGYnIlM0UlMEElM0NwJTNFJTBBJTNDYiUzRUElQzMlQTlyb3BvcnRzJTIwbGVzJTIwcGx1cyUyMHByb2NoZXMlM0ElM0MlMkZiJTNFJTNDYnIlMjAlMkYlM0UlMEElM0NiJTNFVmVyb25lJTIwVmlsbGFmcmFuY2ElM0MlMkZiJTNFJTIwJTI4NjAlMjBrbSUyOSUzQ2JyJTNFJTBBJTNDYiUzRUJvbG9nbmUlM0MlMkZiJTNFJTIwJTI4MTE5JTIwa20lMjklM0NiciUzRSUwQSUzQ2IlM0VNaWxhbiUyMExpbmF0ZSUzQyUyRmIlM0UlMjAlMjgxMjglMjBrbSUyOSUzQ2JyJTNFJTBBJTNDYiUzRUJlcmdhbWUlMjBPcmlvJTIwYWwlMjBTZXJpbyUzQyUyRmIlM0UlMjAlMjgxMzMlMjBrbSUyOSUzQ2JyJTNFJTBBJTNDYiUzRU1pbGFuJTIwTWFscGVuc2ElM0MlMkZiJTNFJTIwJTI4MTg1JTIwa20lMjklM0MlMkZwJTNFJTNDYnIlMjAlMkYlM0UlMEElMEElM0NwJTNFJTNDYiUzRVBPU0lUSU9OJTIwR1BTJTNBJTNDJTJGYiUzRSUzQ2JyJTIwJTJGJTNFJTBBNDUlQzIlQjAlMjA0JTI3JTIwMTklMjclMjclMjBOb3J0aCUzQ2JyJTNFMTAlQzIlQjAlMjAyNiUyNyUyMDQwJTI3JTI3JTIwRWFzdCUzQyUyRnAlM0U=[\/vc_raw_html][\/vc_column][vc_column width=\u00a0\u00bb1\/2&Prime; el_class=\u00a0\u00bbcustom-CMS-map\u00a0\u00bb][vc_raw_html]JTNDaWZyYW1lJTIwc3JjJTNEJTIyaHR0cHMlM0ElMkYlMkZ3d3cuZ29vZ2xlLmNvbSUyRm1hcHMlMkZlbWJlZCUzRnBiJTNEJTIxMW0xNCUyMTFtOCUyMTFtMyUyMTFkMTEyNzAuNzY3OTQzNTkyMzEzJTIxMmQxMC40NDQ1NDIlMjEzZDQ1LjA3MTc1OSUyMTNtMiUyMTFpMTAyNCUyMTJpNzY4JTIxNGYxMy4xJTIxM20zJTIxMW0yJTIxMXMweDAlMjUzQTB4YmZjZTA3MjBjMzg5ZjgzZSUyMTJzQVVUT0hPTUUlMjE1ZTAlMjEzbTIlMjExc2l0JTIxMnNpdCUyMTR2MTU1NTU5MzA5MjI5MCUyMTVtMiUyMTFzaXQlMjEyc2l0JTIyJTIwd2lkdGglM0QlMjI4MDAlMjIlMjBoZWlnaHQlM0QlMjI4MDAlMjIlMjBmcmFtZWJvcmRlciUzRCUyMjAlMjIlMjBzdHlsZSUzRCUyMmJvcmRlciUzQTAlMjIlMjBhbGxvd2Z1bGxzY3JlZW4lM0UlM0MlMkZpZnJhbWUlM0U=[\/vc_raw_html][\/vc_column][\/vc_row]<\/p>\n","protected":false},"author":4,"featured_media":53081,"parent":13968,"menu_order":0,"comment_status":"closed","ping_status":"closed","template":"template-azienda.php","meta":{"footnotes":""},"class_list":["post-14361","page","type-page","status-publish","has-post-thumbnail","hentry"],"yoast_head":"<!-- This site is optimized with the Yoast SEO Premium plugin v23.7 (Yoast SEO v23.7) - https:\/\/yoast.com\/wordpress\/plugins\/seo\/ -->\n<title>O\u00f9 sommes-nous - Venez d\u00e9couvrir le tente de toit Autohome original<\/title>\n<meta name=\"description\" content=\"O\u00f9 sommes-nous: venez d\u00e9couvrir o\u00f9, depuis 1958, nous r\u00e9alisons le innovant tente de toit de voiture, original et leader sur le march\u00e9.\" \/>\n<meta name=\"robots\" content=\"index, follow, max-snippet:-1, max-image-preview:large, max-video-preview:-1\" \/>\n<link rel=\"canonical\" href=\"https:\/\/www.autohome-official.com\/fr\/societe\/ou-sommes-nous\/\" \/>\n<meta property=\"og:locale\" content=\"fr_FR\" \/>\n<meta property=\"og:type\" content=\"article\" \/>\n<meta property=\"og:title\" content=\"O\u00f9 sommes-nous - Autohome Official\" \/>\n<meta property=\"og:description\" content=\"JTNDaDIlM0VPJUMzJTk5JTIwU09NTUVTLU5PVVMlM0MlMkZoMiUzRSUzQ2JyJTIwJTJGJTNFJTBBJTNDcCUzRSUzQ2IlM0VTb3J0aWVzJTIwZCUyN2F1dG9yb3V0ZXMlMjBjb25zZWlsbCVDMyVBOWVzJTNB\" \/>\n<meta property=\"og:url\" content=\"https:\/\/www.autohome-official.com\/fr\/societe\/ou-sommes-nous\/\" \/>\n<meta property=\"og:site_name\" content=\"Autohome Official\" \/>\n<meta property=\"article:publisher\" content=\"https:\/\/www.facebook.com\/Autohome.Official.Page\" \/>\n<meta property=\"article:modified_time\" content=\"2026-04-18T09:59:52+00:00\" \/>\n<meta property=\"og:image\" content=\"https:\/\/www.autohome-official.com\/wp-content\/uploads\/2020\/11\/Hier-finden-Ou\u0300-sommes-nous-Sie-uns-location-dove-siamo-.jpg\" \/>\n\t<meta property=\"og:image:width\" content=\"800\" \/>\n\t<meta property=\"og:image:height\" content=\"533\" \/>\n\t<meta property=\"og:image:type\" content=\"image\/jpeg\" \/>\n<meta name=\"twitter:card\" content=\"summary_large_image\" \/>\n<meta name=\"twitter:label1\" content=\"Dur\u00e9e de lecture estim\u00e9e\" \/>\n\t<meta name=\"twitter:data1\" content=\"1 minute\" \/>\n<script type=\"application\/ld+json\" class=\"yoast-schema-graph\">{\"@context\":\"https:\/\/schema.org\",\"@graph\":[{\"@type\":\"WebPage\",\"@id\":\"https:\/\/www.autohome-official.com\/fr\/societe\/ou-sommes-nous\/\",\"url\":\"https:\/\/www.autohome-official.com\/fr\/societe\/ou-sommes-nous\/\",\"name\":\"O\u00f9 sommes-nous - Venez d\u00e9couvrir le tente de toit Autohome original\",\"isPartOf\":{\"@id\":\"https:\/\/www.autohome-official.com\/#website\"},\"primaryImageOfPage\":{\"@id\":\"https:\/\/www.autohome-official.com\/fr\/societe\/ou-sommes-nous\/#primaryimage\"},\"image\":{\"@id\":\"https:\/\/www.autohome-official.com\/fr\/societe\/ou-sommes-nous\/#primaryimage\"},\"thumbnailUrl\":\"https:\/\/www.autohome-official.com\/wp-content\/uploads\/2020\/11\/Hier-finden-Ou\u0300-sommes-nous-Sie-uns-location-dove-siamo-.jpg\",\"datePublished\":\"2016-09-19T13:57:21+00:00\",\"dateModified\":\"2026-04-18T09:59:52+00:00\",\"description\":\"O\u00f9 sommes-nous: venez d\u00e9couvrir o\u00f9, depuis 1958, nous r\u00e9alisons le innovant tente de toit de voiture, original et leader sur le march\u00e9.\",\"breadcrumb\":{\"@id\":\"https:\/\/www.autohome-official.com\/fr\/societe\/ou-sommes-nous\/#breadcrumb\"},\"inLanguage\":\"fr-FR\",\"potentialAction\":[{\"@type\":\"ReadAction\",\"target\":[\"https:\/\/www.autohome-official.com\/fr\/societe\/ou-sommes-nous\/\"]}]},{\"@type\":\"ImageObject\",\"inLanguage\":\"fr-FR\",\"@id\":\"https:\/\/www.autohome-official.com\/fr\/societe\/ou-sommes-nous\/#primaryimage\",\"url\":\"https:\/\/www.autohome-official.com\/wp-content\/uploads\/2020\/11\/Hier-finden-Ou\u0300-sommes-nous-Sie-uns-location-dove-siamo-.jpg\",\"contentUrl\":\"https:\/\/www.autohome-official.com\/wp-content\/uploads\/2020\/11\/Hier-finden-Ou\u0300-sommes-nous-Sie-uns-location-dove-siamo-.jpg\",\"width\":800,\"height\":533,\"caption\":\"Ou\u0300 sommes-nous\"},{\"@type\":\"BreadcrumbList\",\"@id\":\"https:\/\/www.autohome-official.com\/fr\/societe\/ou-sommes-nous\/#breadcrumb\",\"itemListElement\":[{\"@type\":\"ListItem\",\"position\":1,\"name\":\"Home\",\"item\":\"https:\/\/www.autohome-official.com\/fr\/\"},{\"@type\":\"ListItem\",\"position\":2,\"name\":\"Soci\u00e9t\u00e9\",\"item\":\"https:\/\/www.autohome-official.com\/fr\/societe\/\"},{\"@type\":\"ListItem\",\"position\":3,\"name\":\"O\u00f9 sommes-nous\"}]},{\"@type\":\"WebSite\",\"@id\":\"https:\/\/www.autohome-official.com\/#website\",\"url\":\"https:\/\/www.autohome-official.com\/\",\"name\":\"Autohome\",\"description\":\"Tende da tetto - Dachzelte - Tentes de Toit - Roof Top Tents\",\"publisher\":{\"@id\":\"https:\/\/www.autohome-official.com\/#organization\"},\"alternateName\":\"Autohome Official\",\"potentialAction\":[{\"@type\":\"SearchAction\",\"target\":{\"@type\":\"EntryPoint\",\"urlTemplate\":\"https:\/\/www.autohome-official.com\/?s={search_term_string}\"},\"query-input\":{\"@type\":\"PropertyValueSpecification\",\"valueRequired\":true,\"valueName\":\"search_term_string\"}}],\"inLanguage\":\"fr-FR\"},{\"@type\":\"Organization\",\"@id\":\"https:\/\/www.autohome-official.com\/#organization\",\"name\":\"Autohome\",\"alternateName\":\"Autohome Official\",\"url\":\"https:\/\/www.autohome-official.com\/\",\"logo\":{\"@type\":\"ImageObject\",\"inLanguage\":\"fr-FR\",\"@id\":\"https:\/\/www.autohome-official.com\/#\/schema\/logo\/image\/\",\"url\":\"https:\/\/www.autohome-official.com\/wp-content\/uploads\/2026\/02\/Maggiolina-Autohome-logo.jpg\",\"contentUrl\":\"https:\/\/www.autohome-official.com\/wp-content\/uploads\/2026\/02\/Maggiolina-Autohome-logo.jpg\",\"width\":512,\"height\":512,\"caption\":\"Autohome\"},\"image\":{\"@id\":\"https:\/\/www.autohome-official.com\/#\/schema\/logo\/image\/\"},\"sameAs\":[\"https:\/\/www.facebook.com\/Autohome.Official.Page\",\"https:\/\/www.instagram.com\/autohome_official\/\",\"http:\/\/www.youtube.com\/user\/AutohomeOfficial\"],\"description\":\"Le prime tende da tetto auto al mondo, prodotte in Italia dal 1958.\",\"email\":\"info@autohome.it\",\"telephone\":\"0039 0376 99590\",\"legalName\":\"Zifer Italia SRL\",\"vatID\":\"IT01329850208\"}]}<\/script>\n<!-- \/ Yoast SEO Premium plugin. -->","yoast_head_json":{"title":"O\u00f9 sommes-nous - Venez d\u00e9couvrir le tente de toit Autohome original","description":"O\u00f9 sommes-nous: venez d\u00e9couvrir o\u00f9, depuis 1958, nous r\u00e9alisons le innovant tente de toit de voiture, original et leader sur le march\u00e9.","robots":{"index":"index","follow":"follow","max-snippet":"max-snippet:-1","max-image-preview":"max-image-preview:large","max-video-preview":"max-video-preview:-1"},"canonical":"https:\/\/www.autohome-official.com\/fr\/societe\/ou-sommes-nous\/","og_locale":"fr_FR","og_type":"article","og_title":"O\u00f9 sommes-nous - Autohome Official","og_description":"JTNDaDIlM0VPJUMzJTk5JTIwU09NTUVTLU5PVVMlM0MlMkZoMiUzRSUzQ2JyJTIwJTJGJTNFJTBBJTNDcCUzRSUzQ2IlM0VTb3J0aWVzJTIwZCUyN2F1dG9yb3V0ZXMlMjBjb25zZWlsbCVDMyVBOWVzJTNB","og_url":"https:\/\/www.autohome-official.com\/fr\/societe\/ou-sommes-nous\/","og_site_name":"Autohome Official","article_publisher":"https:\/\/www.facebook.com\/Autohome.Official.Page","article_modified_time":"2026-04-18T09:59:52+00:00","og_image":[{"width":800,"height":533,"url":"https:\/\/www.autohome-official.com\/wp-content\/uploads\/2020\/11\/Hier-finden-Ou\u0300-sommes-nous-Sie-uns-location-dove-siamo-.jpg","type":"image\/jpeg"}],"twitter_card":"summary_large_image","twitter_misc":{"Dur\u00e9e de lecture estim\u00e9e":"1 minute"},"schema":{"@context":"https:\/\/schema.org","@graph":[{"@type":"WebPage","@id":"https:\/\/www.autohome-official.com\/fr\/societe\/ou-sommes-nous\/","url":"https:\/\/www.autohome-official.com\/fr\/societe\/ou-sommes-nous\/","name":"O\u00f9 sommes-nous - Venez d\u00e9couvrir le tente de toit Autohome original","isPartOf":{"@id":"https:\/\/www.autohome-official.com\/#website"},"primaryImageOfPage":{"@id":"https:\/\/www.autohome-official.com\/fr\/societe\/ou-sommes-nous\/#primaryimage"},"image":{"@id":"https:\/\/www.autohome-official.com\/fr\/societe\/ou-sommes-nous\/#primaryimage"},"thumbnailUrl":"https:\/\/www.autohome-official.com\/wp-content\/uploads\/2020\/11\/Hier-finden-Ou\u0300-sommes-nous-Sie-uns-location-dove-siamo-.jpg","datePublished":"2016-09-19T13:57:21+00:00","dateModified":"2026-04-18T09:59:52+00:00","description":"O\u00f9 sommes-nous: venez d\u00e9couvrir o\u00f9, depuis 1958, nous r\u00e9alisons le innovant tente de toit de voiture, original et leader sur le march\u00e9.","breadcrumb":{"@id":"https:\/\/www.autohome-official.com\/fr\/societe\/ou-sommes-nous\/#breadcrumb"},"inLanguage":"fr-FR","potentialAction":[{"@type":"ReadAction","target":["https:\/\/www.autohome-official.com\/fr\/societe\/ou-sommes-nous\/"]}]},{"@type":"ImageObject","inLanguage":"fr-FR","@id":"https:\/\/www.autohome-official.com\/fr\/societe\/ou-sommes-nous\/#primaryimage","url":"https:\/\/www.autohome-official.com\/wp-content\/uploads\/2020\/11\/Hier-finden-Ou\u0300-sommes-nous-Sie-uns-location-dove-siamo-.jpg","contentUrl":"https:\/\/www.autohome-official.com\/wp-content\/uploads\/2020\/11\/Hier-finden-Ou\u0300-sommes-nous-Sie-uns-location-dove-siamo-.jpg","width":800,"height":533,"caption":"Ou\u0300 sommes-nous"},{"@type":"BreadcrumbList","@id":"https:\/\/www.autohome-official.com\/fr\/societe\/ou-sommes-nous\/#breadcrumb","itemListElement":[{"@type":"ListItem","position":1,"name":"Home","item":"https:\/\/www.autohome-official.com\/fr\/"},{"@type":"ListItem","position":2,"name":"Soci\u00e9t\u00e9","item":"https:\/\/www.autohome-official.com\/fr\/societe\/"},{"@type":"ListItem","position":3,"name":"O\u00f9 sommes-nous"}]},{"@type":"WebSite","@id":"https:\/\/www.autohome-official.com\/#website","url":"https:\/\/www.autohome-official.com\/","name":"Autohome","description":"Tende da tetto - Dachzelte - Tentes de Toit - Roof Top Tents","publisher":{"@id":"https:\/\/www.autohome-official.com\/#organization"},"alternateName":"Autohome Official","potentialAction":[{"@type":"SearchAction","target":{"@type":"EntryPoint","urlTemplate":"https:\/\/www.autohome-official.com\/?s={search_term_string}"},"query-input":{"@type":"PropertyValueSpecification","valueRequired":true,"valueName":"search_term_string"}}],"inLanguage":"fr-FR"},{"@type":"Organization","@id":"https:\/\/www.autohome-official.com\/#organization","name":"Autohome","alternateName":"Autohome Official","url":"https:\/\/www.autohome-official.com\/","logo":{"@type":"ImageObject","inLanguage":"fr-FR","@id":"https:\/\/www.autohome-official.com\/#\/schema\/logo\/image\/","url":"https:\/\/www.autohome-official.com\/wp-content\/uploads\/2026\/02\/Maggiolina-Autohome-logo.jpg","contentUrl":"https:\/\/www.autohome-official.com\/wp-content\/uploads\/2026\/02\/Maggiolina-Autohome-logo.jpg","width":512,"height":512,"caption":"Autohome"},"image":{"@id":"https:\/\/www.autohome-official.com\/#\/schema\/logo\/image\/"},"sameAs":["https:\/\/www.facebook.com\/Autohome.Official.Page","https:\/\/www.instagram.com\/autohome_official\/","http:\/\/www.youtube.com\/user\/AutohomeOfficial"],"description":"Le prime tende da tetto auto al mondo, prodotte in Italia dal 1958.","email":"info@autohome.it","telephone":"0039 0376 99590","legalName":"Zifer Italia SRL","vatID":"IT01329850208"}]}},"_links":{"self":[{"href":"https:\/\/www.autohome-official.com\/fr\/wp-json\/wp\/v2\/pages\/14361"}],"collection":[{"href":"https:\/\/www.autohome-official.com\/fr\/wp-json\/wp\/v2\/pages"}],"about":[{"href":"https:\/\/www.autohome-official.com\/fr\/wp-json\/wp\/v2\/types\/page"}],"author":[{"embeddable":true,"href":"https:\/\/www.autohome-official.com\/fr\/wp-json\/wp\/v2\/users\/4"}],"replies":[{"embeddable":true,"href":"https:\/\/www.autohome-official.com\/fr\/wp-json\/wp\/v2\/comments?post=14361"}],"version-history":[{"count":3,"href":"https:\/\/www.autohome-official.com\/fr\/wp-json\/wp\/v2\/pages\/14361\/revisions"}],"predecessor-version":[{"id":86142,"href":"https:\/\/www.autohome-official.com\/fr\/wp-json\/wp\/v2\/pages\/14361\/revisions\/86142"}],"up":[{"embeddable":true,"href":"https:\/\/www.autohome-official.com\/fr\/wp-json\/wp\/v2\/pages\/13968"}],"wp:featuredmedia":[{"embeddable":true,"href":"https:\/\/www.autohome-official.com\/fr\/wp-json\/wp\/v2\/media\/53081"}],"wp:attachment":[{"href":"https:\/\/www.autohome-official.com\/fr\/wp-json\/wp\/v2\/media?parent=14361"}],"curies":[{"name":"wp","href":"https:\/\/api.w.org\/{rel}","templated":true}]}}