{"id":14363,"date":"2016-09-19T15:57:07","date_gmt":"2016-09-19T13:57:07","guid":{"rendered":"https:\/\/www.autohome-official.com\/societe\/responsabilita\/"},"modified":"2026-03-12T10:38:12","modified_gmt":"2026-03-12T09:38:12","slug":"responsabilita","status":"publish","type":"page","link":"https:\/\/www.autohome-official.com\/fr\/societe\/responsabilita\/","title":{"rendered":"Responsabilit\u00e9"},"content":{"rendered":"<p>[vc_row css=\u00a0\u00bb.vc_custom_1770292495920{padding-top: 0px !important;}\u00a0\u00bb][vc_column]<pre><span><span><a href=\"https:\/\/www.autohome-official.com\/fr\/\">Home<\/a><\/span><\/span><\/pre>\n[\/vc_column][\/vc_row][vc_row el_class=\u00a0\u00bbcustom-CMS-paragraph responsabilita-list\u00a0\u00bb][vc_column width=\u00a0\u00bb1\/2&Prime; el_class=\u00a0\u00bbresp-info-col\u00a0\u00bb][vc_raw_html el_class=\u00a0\u00bbresponsabilita\u00a0\u00bb]JTNDaDIlM0VBVVRPSE9NRSVDMiVBRSUzQ2JyJTIwJTJGJTNFJTBBUyVDMyU4OVJJRVVYJTIwRVQlMjBUUkFOU1BBUkVOQ0UlM0MlMkZoMiUzRSUwQSUzQ3VsJTNFJTBBJTIwJTA5JTNDbGklM0VTb3V0aWVudCUyMGxlJTIwTWFkZSUyMGluJTIwSXRhbHkuJTNDJTJGbGklM0UlMEElMjAlMDklM0NsaSUzRVZhbG9yaXNlJTIwbGElMjByZWNoZXJjaGUlMjB0ZWNobm9sb2dpcXVlLiUzQyUyRmxpJTNFJTBBJTIwJTA5JTNDbGklM0VOZSUyMGNob2lzaXQlMjBxdWUlMjBkZXMlMjBtYXRpJUMzJUE4cmVzJTIwcHJlbWklQzMlQThyZXMlMjBkZSUyMHByZW1pJUMzJUE4cmUlMjBxdWFsaXQlQzMlQTkuJTNDJTJGbGklM0UlMEElMjAlMDklM0NsaSUzRUZhYnJpcXVlJTIwZGFucyUyMGxlJTIwcmVzcGVjdCUyMGRlJTIwbCVFMiU4MCU5OWVudmlyb25uZW1lbnQuJTNDJTJGbGklM0UlMEElMjAlMDklM0NsaSUzRVByb2pldHRlJTIwYXZlYyUyMGV0JTIwcG91ciUyMGxlcyUyMHByb2Zlc3Npb25uZWxzJTIwZGUlMjBsJUUyJTgwJTk5YXZlbnR1cmUuJTNDJTJGbGklM0UlMEElMjAlMDklM0NsaSUzRVByb21ldXQlMjBsYSUyMGJlYXV0JUMzJUE5JTIwZXQlMjBsZSUyMGRlc2lnbi4lM0MlMkZsaSUzRSUwQSUyMCUwOSUzQ2xpJTNFSW5zcGlyZSUyMGwlRTIlODAlOTlhdmVudHVyZSUyMGV0JTIwbGElMjB2aWUlMjBlbiUyMHBsZWluJTIwYWlyLiUzQyUyRmxpJTNFJTBBJTIwJTA5JTNDbGklM0VQcm9kdWl0cyUyMG9yaWdpbmF1eCUyMGdhcmFudGlzJTIwZGUlMjBldCUyMGNvdXZlcnRzJTIwcGFyJTIwbGElMjBjZXJ0aWZpY2F0aW9uJTIwZGUlMjBxdWFsaXQlQzMlQTklMjBkZSUyMHByb2R1aXQlMjBkZSUyMFQlQzMlOUNWLUlEJTNBJTIwMDAwMDAyNDQ2MS4lM0MlMkZsaSUzRSUwQSUyMCUwOSUzQ2xpJTNFQXV0b2hvbWUlQzIlQUUlMjBJbnRlcm5hdGlvbmFsJTIwVHJhZGUlMjBNYXJrJTIwTiVDMiVCMDg4NjIzLiUzQyUyRmxpJTNFJTBBJTNDJTJGdWwlM0UlMEE=[\/vc_raw_html][\/vc_column][vc_column width=\u00a0\u00bb1\/2&Prime;][vc_single_image image=\u00a0\u00bb82985&Prime; img_size=\u00a0\u00bbfull\u00a0\u00bb][\/vc_column][\/vc_row]<\/p>\n","protected":false},"excerpt":{"rendered":"<p>[vc_row css=\u00a0\u00bb.vc_custom_1770292495920{padding-top: 0px !important;}\u00a0\u00bb][vc_column][\/vc_column][\/vc_row][vc_row el_class=\u00a0\u00bbcustom-CMS-paragraph responsabilita-list\u00a0\u00bb][vc_column width=\u00a0\u00bb1\/2&Prime; el_class=\u00a0\u00bbresp-info-col\u00a0\u00bb][vc_raw_html el_class=\u00a0\u00bbresponsabilita\u00a0\u00bb]JTNDaDIlM0VBVVRPSE9NRSVDMiVBRSUzQ2JyJTIwJTJGJTNFJTBBUyVDMyU4OVJJRVVYJTIwRVQlMjBUUkFOU1BBUkVOQ0UlM0MlMkZoMiUzRSUwQSUzQ3VsJTNFJTBBJTIwJTA5JTNDbGklM0VTb3V0aWVudCUyMGxlJTIwTWFkZSUyMGluJTIwSXRhbHkuJTNDJTJGbGklM0UlMEElMjAlMDklM0NsaSUzRVZhbG9yaXNlJTIwbGElMjByZWNoZXJjaGUlMjB0ZWNobm9sb2dpcXVlLiUzQyUyRmxpJTNFJTBBJTIwJTA5JTNDbGklM0VOZSUyMGNob2lzaXQlMjBxdWUlMjBkZXMlMjBtYXRpJUMzJUE4cmVzJTIwcHJlbWklQzMlQThyZXMlMjBkZSUyMHByZW1pJUMzJUE4cmUlMjBxdWFsaXQlQzMlQTkuJTNDJTJGbGklM0UlMEElMjAlMDklM0NsaSUzRUZhYnJpcXVlJTIwZGFucyUyMGxlJTIwcmVzcGVjdCUyMGRlJTIwbCVFMiU4MCU5OWVudmlyb25uZW1lbnQuJTNDJTJGbGklM0UlMEElMjAlMDklM0NsaSUzRVByb2pldHRlJTIwYXZlYyUyMGV0JTIwcG91ciUyMGxlcyUyMHByb2Zlc3Npb25uZWxzJTIwZGUlMjBsJUUyJTgwJTk5YXZlbnR1cmUuJTNDJTJGbGklM0UlMEElMjAlMDklM0NsaSUzRVByb21ldXQlMjBsYSUyMGJlYXV0JUMzJUE5JTIwZXQlMjBsZSUyMGRlc2lnbi4lM0MlMkZsaSUzRSUwQSUyMCUwOSUzQ2xpJTNFSW5zcGlyZSUyMGwlRTIlODAlOTlhdmVudHVyZSUyMGV0JTIwbGElMjB2aWUlMjBlbiUyMHBsZWluJTIwYWlyLiUzQyUyRmxpJTNFJTBBJTIwJTA5JTNDbGklM0VQcm9kdWl0cyUyMG9yaWdpbmF1eCUyMGdhcmFudGlzJTIwZGUlMjBldCUyMGNvdXZlcnRzJTIwcGFyJTIwbGElMjBjZXJ0aWZpY2F0aW9uJTIwZGUlMjBxdWFsaXQlQzMlQTklMjBkZSUyMHByb2R1aXQlMjBkZSUyMFQlQzMlOUNWLUlEJTNBJTIwMDAwMDAyNDQ2MS4lM0MlMkZsaSUzRSUwQSUyMCUwOSUzQ2xpJTNFQXV0b2hvbWUlQzIlQUUlMjBJbnRlcm5hdGlvbmFsJTIwVHJhZGUlMjBNYXJrJTIwTiVDMiVCMDg4NjIzLiUzQyUyRmxpJTNFJTBBJTNDJTJGdWwlM0UlMEE=[\/vc_raw_html][\/vc_column][vc_column width=\u00a0\u00bb1\/2&Prime;][vc_single_image image=\u00a0\u00bb82985&Prime; img_size=\u00a0\u00bbfull\u00a0\u00bb][\/vc_column][\/vc_row]<\/p>\n","protected":false},"author":4,"featured_media":53086,"parent":13968,"menu_order":0,"comment_status":"closed","ping_status":"closed","template":"template-azienda.php","meta":{"footnotes":""},"class_list":["post-14363","page","type-page","status-publish","has-post-thumbnail","hentry"],"yoast_head":"<!-- This site is optimized with the Yoast SEO Premium plugin v23.7 (Yoast SEO v23.7) - https:\/\/yoast.com\/wordpress\/plugins\/seo\/ -->\n<title>Responsabilit\u00e9 - Les meilleures tentes de toit au monde, certifi\u00e9e TUV<\/title>\n<meta name=\"description\" content=\"Nous concevons et fabriquons les meilleures tentes de toit au monde, la seule qualit\u00e9 certifi\u00e9e TUV. D\u00e9couvrez tous les d\u00e9tails!\" \/>\n<meta name=\"robots\" content=\"index, follow, max-snippet:-1, max-image-preview:large, max-video-preview:-1\" \/>\n<link rel=\"canonical\" href=\"https:\/\/www.autohome-official.com\/fr\/societe\/responsabilita\/\" \/>\n<meta property=\"og:locale\" content=\"fr_FR\" \/>\n<meta property=\"og:type\" content=\"article\" \/>\n<meta property=\"og:title\" content=\"Responsabilit\u00e9 - Autohome Official\" \/>\n<meta property=\"og:description\" content=\"JTNDaDIlM0VBVVRPSE9NRSVDMiVBRSUzQ2JyJTIwJTJGJTNFJTBBUyVDMyU4OVJJRVVYJTIwRVQlMjBUUkFOU1BBUkVOQ0UlM0MlMkZoMiUzRSUwQSUzQ3VsJTNFJTBBJTIwJTA5JTNDbGklM0VTb3V0aWVu\" \/>\n<meta property=\"og:url\" content=\"https:\/\/www.autohome-official.com\/fr\/societe\/responsabilita\/\" \/>\n<meta property=\"og:site_name\" content=\"Autohome Official\" \/>\n<meta property=\"article:publisher\" content=\"https:\/\/www.facebook.com\/Autohome.Official.Page\" \/>\n<meta property=\"article:modified_time\" content=\"2026-03-12T09:38:12+00:00\" \/>\n<meta property=\"og:image\" content=\"https:\/\/www.autohome-official.com\/wp-content\/uploads\/2020\/11\/Responsabilita\u0300-Responsibility-Responsabilite\u0301-Verantwortung.jpg\" \/>\n\t<meta property=\"og:image:width\" content=\"800\" \/>\n\t<meta property=\"og:image:height\" content=\"533\" \/>\n\t<meta property=\"og:image:type\" content=\"image\/jpeg\" \/>\n<meta name=\"twitter:card\" content=\"summary_large_image\" \/>\n<meta name=\"twitter:label1\" content=\"Dur\u00e9e de lecture estim\u00e9e\" \/>\n\t<meta name=\"twitter:data1\" content=\"1 minute\" \/>\n<script type=\"application\/ld+json\" class=\"yoast-schema-graph\">{\"@context\":\"https:\/\/schema.org\",\"@graph\":[{\"@type\":\"WebPage\",\"@id\":\"https:\/\/www.autohome-official.com\/fr\/societe\/responsabilita\/\",\"url\":\"https:\/\/www.autohome-official.com\/fr\/societe\/responsabilita\/\",\"name\":\"Responsabilit\u00e9 - Les meilleures tentes de toit au monde, certifi\u00e9e TUV\",\"isPartOf\":{\"@id\":\"https:\/\/www.autohome-official.com\/#website\"},\"primaryImageOfPage\":{\"@id\":\"https:\/\/www.autohome-official.com\/fr\/societe\/responsabilita\/#primaryimage\"},\"image\":{\"@id\":\"https:\/\/www.autohome-official.com\/fr\/societe\/responsabilita\/#primaryimage\"},\"thumbnailUrl\":\"https:\/\/www.autohome-official.com\/wp-content\/uploads\/2020\/11\/Responsabilita\u0300-Responsibility-Responsabilite\u0301-Verantwortung.jpg\",\"datePublished\":\"2016-09-19T13:57:07+00:00\",\"dateModified\":\"2026-03-12T09:38:12+00:00\",\"description\":\"Nous concevons et fabriquons les meilleures tentes de toit au monde, la seule qualit\u00e9 certifi\u00e9e TUV. D\u00e9couvrez tous les d\u00e9tails!\",\"breadcrumb\":{\"@id\":\"https:\/\/www.autohome-official.com\/fr\/societe\/responsabilita\/#breadcrumb\"},\"inLanguage\":\"fr-FR\",\"potentialAction\":[{\"@type\":\"ReadAction\",\"target\":[\"https:\/\/www.autohome-official.com\/fr\/societe\/responsabilita\/\"]}]},{\"@type\":\"ImageObject\",\"inLanguage\":\"fr-FR\",\"@id\":\"https:\/\/www.autohome-official.com\/fr\/societe\/responsabilita\/#primaryimage\",\"url\":\"https:\/\/www.autohome-official.com\/wp-content\/uploads\/2020\/11\/Responsabilita\u0300-Responsibility-Responsabilite\u0301-Verantwortung.jpg\",\"contentUrl\":\"https:\/\/www.autohome-official.com\/wp-content\/uploads\/2020\/11\/Responsabilita\u0300-Responsibility-Responsabilite\u0301-Verantwortung.jpg\",\"width\":800,\"height\":533,\"caption\":\"Responsabilite\u0301\"},{\"@type\":\"BreadcrumbList\",\"@id\":\"https:\/\/www.autohome-official.com\/fr\/societe\/responsabilita\/#breadcrumb\",\"itemListElement\":[{\"@type\":\"ListItem\",\"position\":1,\"name\":\"Home\",\"item\":\"https:\/\/www.autohome-official.com\/fr\/\"},{\"@type\":\"ListItem\",\"position\":2,\"name\":\"Soci\u00e9t\u00e9\",\"item\":\"https:\/\/www.autohome-official.com\/fr\/societe\/\"},{\"@type\":\"ListItem\",\"position\":3,\"name\":\"Responsabilit\u00e9\"}]},{\"@type\":\"WebSite\",\"@id\":\"https:\/\/www.autohome-official.com\/#website\",\"url\":\"https:\/\/www.autohome-official.com\/\",\"name\":\"Autohome\",\"description\":\"Tende da tetto - Dachzelte - Tentes de Toit - Roof Top Tents\",\"publisher\":{\"@id\":\"https:\/\/www.autohome-official.com\/#organization\"},\"alternateName\":\"Autohome Official\",\"potentialAction\":[{\"@type\":\"SearchAction\",\"target\":{\"@type\":\"EntryPoint\",\"urlTemplate\":\"https:\/\/www.autohome-official.com\/?s={search_term_string}\"},\"query-input\":{\"@type\":\"PropertyValueSpecification\",\"valueRequired\":true,\"valueName\":\"search_term_string\"}}],\"inLanguage\":\"fr-FR\"},{\"@type\":\"Organization\",\"@id\":\"https:\/\/www.autohome-official.com\/#organization\",\"name\":\"Autohome\",\"alternateName\":\"Autohome Official\",\"url\":\"https:\/\/www.autohome-official.com\/\",\"logo\":{\"@type\":\"ImageObject\",\"inLanguage\":\"fr-FR\",\"@id\":\"https:\/\/www.autohome-official.com\/#\/schema\/logo\/image\/\",\"url\":\"https:\/\/www.autohome-official.com\/wp-content\/uploads\/2026\/02\/Maggiolina-Autohome-logo.jpg\",\"contentUrl\":\"https:\/\/www.autohome-official.com\/wp-content\/uploads\/2026\/02\/Maggiolina-Autohome-logo.jpg\",\"width\":512,\"height\":512,\"caption\":\"Autohome\"},\"image\":{\"@id\":\"https:\/\/www.autohome-official.com\/#\/schema\/logo\/image\/\"},\"sameAs\":[\"https:\/\/www.facebook.com\/Autohome.Official.Page\",\"https:\/\/www.instagram.com\/autohome_official\/\",\"http:\/\/www.youtube.com\/user\/AutohomeOfficial\"],\"description\":\"Le prime tende da tetto auto al mondo, prodotte in Italia dal 1958.\",\"email\":\"info@autohome.it\",\"telephone\":\"0039 0376 99590\",\"legalName\":\"Zifer Italia SRL\",\"vatID\":\"IT01329850208\"}]}<\/script>\n<!-- \/ Yoast SEO Premium plugin. -->","yoast_head_json":{"title":"Responsabilit\u00e9 - Les meilleures tentes de toit au monde, certifi\u00e9e TUV","description":"Nous concevons et fabriquons les meilleures tentes de toit au monde, la seule qualit\u00e9 certifi\u00e9e TUV. D\u00e9couvrez tous les d\u00e9tails!","robots":{"index":"index","follow":"follow","max-snippet":"max-snippet:-1","max-image-preview":"max-image-preview:large","max-video-preview":"max-video-preview:-1"},"canonical":"https:\/\/www.autohome-official.com\/fr\/societe\/responsabilita\/","og_locale":"fr_FR","og_type":"article","og_title":"Responsabilit\u00e9 - Autohome Official","og_description":"JTNDaDIlM0VBVVRPSE9NRSVDMiVBRSUzQ2JyJTIwJTJGJTNFJTBBUyVDMyU4OVJJRVVYJTIwRVQlMjBUUkFOU1BBUkVOQ0UlM0MlMkZoMiUzRSUwQSUzQ3VsJTNFJTBBJTIwJTA5JTNDbGklM0VTb3V0aWVu","og_url":"https:\/\/www.autohome-official.com\/fr\/societe\/responsabilita\/","og_site_name":"Autohome Official","article_publisher":"https:\/\/www.facebook.com\/Autohome.Official.Page","article_modified_time":"2026-03-12T09:38:12+00:00","og_image":[{"width":800,"height":533,"url":"https:\/\/www.autohome-official.com\/wp-content\/uploads\/2020\/11\/Responsabilita\u0300-Responsibility-Responsabilite\u0301-Verantwortung.jpg","type":"image\/jpeg"}],"twitter_card":"summary_large_image","twitter_misc":{"Dur\u00e9e de lecture estim\u00e9e":"1 minute"},"schema":{"@context":"https:\/\/schema.org","@graph":[{"@type":"WebPage","@id":"https:\/\/www.autohome-official.com\/fr\/societe\/responsabilita\/","url":"https:\/\/www.autohome-official.com\/fr\/societe\/responsabilita\/","name":"Responsabilit\u00e9 - Les meilleures tentes de toit au monde, certifi\u00e9e TUV","isPartOf":{"@id":"https:\/\/www.autohome-official.com\/#website"},"primaryImageOfPage":{"@id":"https:\/\/www.autohome-official.com\/fr\/societe\/responsabilita\/#primaryimage"},"image":{"@id":"https:\/\/www.autohome-official.com\/fr\/societe\/responsabilita\/#primaryimage"},"thumbnailUrl":"https:\/\/www.autohome-official.com\/wp-content\/uploads\/2020\/11\/Responsabilita\u0300-Responsibility-Responsabilite\u0301-Verantwortung.jpg","datePublished":"2016-09-19T13:57:07+00:00","dateModified":"2026-03-12T09:38:12+00:00","description":"Nous concevons et fabriquons les meilleures tentes de toit au monde, la seule qualit\u00e9 certifi\u00e9e TUV. D\u00e9couvrez tous les d\u00e9tails!","breadcrumb":{"@id":"https:\/\/www.autohome-official.com\/fr\/societe\/responsabilita\/#breadcrumb"},"inLanguage":"fr-FR","potentialAction":[{"@type":"ReadAction","target":["https:\/\/www.autohome-official.com\/fr\/societe\/responsabilita\/"]}]},{"@type":"ImageObject","inLanguage":"fr-FR","@id":"https:\/\/www.autohome-official.com\/fr\/societe\/responsabilita\/#primaryimage","url":"https:\/\/www.autohome-official.com\/wp-content\/uploads\/2020\/11\/Responsabilita\u0300-Responsibility-Responsabilite\u0301-Verantwortung.jpg","contentUrl":"https:\/\/www.autohome-official.com\/wp-content\/uploads\/2020\/11\/Responsabilita\u0300-Responsibility-Responsabilite\u0301-Verantwortung.jpg","width":800,"height":533,"caption":"Responsabilite\u0301"},{"@type":"BreadcrumbList","@id":"https:\/\/www.autohome-official.com\/fr\/societe\/responsabilita\/#breadcrumb","itemListElement":[{"@type":"ListItem","position":1,"name":"Home","item":"https:\/\/www.autohome-official.com\/fr\/"},{"@type":"ListItem","position":2,"name":"Soci\u00e9t\u00e9","item":"https:\/\/www.autohome-official.com\/fr\/societe\/"},{"@type":"ListItem","position":3,"name":"Responsabilit\u00e9"}]},{"@type":"WebSite","@id":"https:\/\/www.autohome-official.com\/#website","url":"https:\/\/www.autohome-official.com\/","name":"Autohome","description":"Tende da tetto - Dachzelte - Tentes de Toit - Roof Top Tents","publisher":{"@id":"https:\/\/www.autohome-official.com\/#organization"},"alternateName":"Autohome Official","potentialAction":[{"@type":"SearchAction","target":{"@type":"EntryPoint","urlTemplate":"https:\/\/www.autohome-official.com\/?s={search_term_string}"},"query-input":{"@type":"PropertyValueSpecification","valueRequired":true,"valueName":"search_term_string"}}],"inLanguage":"fr-FR"},{"@type":"Organization","@id":"https:\/\/www.autohome-official.com\/#organization","name":"Autohome","alternateName":"Autohome Official","url":"https:\/\/www.autohome-official.com\/","logo":{"@type":"ImageObject","inLanguage":"fr-FR","@id":"https:\/\/www.autohome-official.com\/#\/schema\/logo\/image\/","url":"https:\/\/www.autohome-official.com\/wp-content\/uploads\/2026\/02\/Maggiolina-Autohome-logo.jpg","contentUrl":"https:\/\/www.autohome-official.com\/wp-content\/uploads\/2026\/02\/Maggiolina-Autohome-logo.jpg","width":512,"height":512,"caption":"Autohome"},"image":{"@id":"https:\/\/www.autohome-official.com\/#\/schema\/logo\/image\/"},"sameAs":["https:\/\/www.facebook.com\/Autohome.Official.Page","https:\/\/www.instagram.com\/autohome_official\/","http:\/\/www.youtube.com\/user\/AutohomeOfficial"],"description":"Le prime tende da tetto auto al mondo, prodotte in Italia dal 1958.","email":"info@autohome.it","telephone":"0039 0376 99590","legalName":"Zifer Italia SRL","vatID":"IT01329850208"}]}},"_links":{"self":[{"href":"https:\/\/www.autohome-official.com\/fr\/wp-json\/wp\/v2\/pages\/14363"}],"collection":[{"href":"https:\/\/www.autohome-official.com\/fr\/wp-json\/wp\/v2\/pages"}],"about":[{"href":"https:\/\/www.autohome-official.com\/fr\/wp-json\/wp\/v2\/types\/page"}],"author":[{"embeddable":true,"href":"https:\/\/www.autohome-official.com\/fr\/wp-json\/wp\/v2\/users\/4"}],"replies":[{"embeddable":true,"href":"https:\/\/www.autohome-official.com\/fr\/wp-json\/wp\/v2\/comments?post=14363"}],"version-history":[{"count":2,"href":"https:\/\/www.autohome-official.com\/fr\/wp-json\/wp\/v2\/pages\/14363\/revisions"}],"predecessor-version":[{"id":84544,"href":"https:\/\/www.autohome-official.com\/fr\/wp-json\/wp\/v2\/pages\/14363\/revisions\/84544"}],"up":[{"embeddable":true,"href":"https:\/\/www.autohome-official.com\/fr\/wp-json\/wp\/v2\/pages\/13968"}],"wp:featuredmedia":[{"embeddable":true,"href":"https:\/\/www.autohome-official.com\/fr\/wp-json\/wp\/v2\/media\/53086"}],"wp:attachment":[{"href":"https:\/\/www.autohome-official.com\/fr\/wp-json\/wp\/v2\/media?parent=14363"}],"curies":[{"name":"wp","href":"https:\/\/api.w.org\/{rel}","templated":true}]}}