{"id":14372,"date":"2017-01-11T16:33:07","date_gmt":"2017-01-11T15:33:07","guid":{"rendered":"https:\/\/www.autohome-official.com\/note-legali\/"},"modified":"2025-09-19T11:56:40","modified_gmt":"2025-09-19T09:56:40","slug":"note-legali","status":"publish","type":"page","link":"https:\/\/www.autohome-official.com\/fr\/note-legali\/","title":{"rendered":"NOTES JURIDIQUES"},"content":{"rendered":"<p>[vc_row el_class=\u00a0\u00bbstory-skin-white mb0&Prime; css=\u00a0\u00bb.vc_custom_1484143920958{padding-top: 78px !important;}\u00a0\u00bb][vc_column]<pre><span><span><a href=\"https:\/\/www.autohome-official.com\/fr\/\">Home<\/a><\/span><\/span><\/pre>\n[\/vc_column][\/vc_row][vc_row el_class=\u00a0\u00bbstory-skin-white row-90&Prime;][vc_column][vc_column_text]<\/p>\n<h1>NOTE LEGALI<\/h1>\n<h2>Renseignements soci\u00e9taires<\/h2>\n<p>Zifer Italia Srl &#8211; Viale Risorgimento, 23 46017 Rivarolo Mantovano (MN)- Capital social 88 000,00 \u20acenti\u00e8rement lib\u00e9r\u00e9s \u2013 Immatricul\u00e9e au Registre des Soci\u00e9t\u00e9s de Mantoue &#8211; Immatriculation REA MN n. 15213 &#8211; Reg. Soci\u00e9t\u00e9s MN 01329850208 &#8211; Reg. Trib de Mantoue n \u00b0 9513 \u2013 Code TVA et des imp\u00f4ts IT01329850208 &#8211; Courriel certifi\u00e9 : ziferitalia@pec-mynet.it<br \/>\nAdministrateurs et repr\u00e9sentants l\u00e9gaux de la soci\u00e9t\u00e9 : Giuseppe Fercodini et Giacomo Fercodini<\/p>\n<h2>1. INTRODUCTION<\/h2>\n<p>La navigation sur ce site est r\u00e9gie par les conditions d&rsquo;utilisation indiqu\u00e9es ici.<br \/>\nLes utilisateurs qui naviguent sur ce site Web sont soumis aux pr\u00e9sentes Conditions g\u00e9n\u00e9rales et \u00e0 leur utilisation.<br \/>\nL&rsquo;Utilisateur qui n&rsquo;accepte pas les conditions g\u00e9n\u00e9rales et les m\u00e9thodes d&rsquo;utilisation du site Web dans leur int\u00e9gralit\u00e9 ou ne les comprend pas, ne doit pas proc\u00e9der \u00e0 l&rsquo;utilisation du site Web.<br \/>\nLa navigation sur le site est gratuite, \u00e0 l&rsquo;exception du t\u00e9l\u00e9phone ou des autres frais n\u00e9cessaires \u00e0 la connexion au r\u00e9seau, qui sont \u00e0 la charge de l&rsquo;Utilisateur.<br \/>\nLa soci\u00e9t\u00e9 se r\u00e9serve le droit d&rsquo;apporter des modifications substantielles aux pr\u00e9sentes Conditions d&rsquo;utilisation \u00e0 tout moment, en informant les utilisateurs en les publiant sur ce site.<br \/>\nLe Site Internet www.shop.autohome-official.com et www.autohome-official.com est de propri\u00e9t\u00e9 exclusive de ZIFER ITALIA S.r.l. bas\u00e9e \u00e0 Rivarolo Mantovano, Viale Risorgimento n. 23 (Code de la TVA et des imp\u00f4ts 01329850208).<\/p>\n<h2>2. OBLIGATIONS DE L&rsquo;UTILISATEUR<\/h2>\n<p>\u00ab\u00a0Utilisateur\u00a0\u00bb d\u00e9signe la personne qui utilise les services offerts par le site Web. L&rsquo;Utilisateur qui navigue sur ce site Web doit s&rsquo;assurer qu&rsquo;il respecte les garanties de s\u00e9curit\u00e9 informatique de base (par exemple, antivirus, pare-feu, etc.). L&rsquo;Utilisateur est tenu d&rsquo;utiliser ce site conform\u00e9ment \u00e0 la loi, \u00e0 l&rsquo;ordre public, \u00e0 la moralit\u00e9 et aux dispositions du site susmentionn\u00e9. Il est express\u00e9ment interdit \u00e0 l&rsquo;utilisateur :<br \/>\n\u2022 divulguer du mat\u00e9riel ill\u00e9gal, harcelant, diffamatoire, offensant, mena\u00e7ant, vulgaire, obsc\u00e8ne ;<br \/>\n\u2022 transmettre des documents qui encouragent les comportements contraires aux r\u00e8glements, codes de conduite ou autres en vigueur ;<br \/>\n\u2022 d&rsquo;acc\u00e9der sans autorisation \u00e0 d&rsquo;autres r\u00e9seaux informatiques, d&rsquo;interf\u00e9rer avec l&rsquo;utilisation du site par des tiers, de violer toute loi ou r\u00e9glementation concernant l&rsquo;utilisation des r\u00e9seaux publics de t\u00e9l\u00e9communications ;<br \/>\n\u2022 interf\u00e9rer avec ou de quelque mani\u00e8re que ce soit endommager ou limiter les r\u00e9seaux ou les sites Web li\u00e9s au site ;<br \/>\n\u2022 faire, transmettre ou stocker des copies \u00e9lectroniques du mat\u00e9riel appartenant au Site et au Propri\u00e9taire du Service, sans autorisation ;<br \/>\nL&rsquo;Utilisateur enregistr\u00e9 sur les r\u00e9seaux sociaux (par exemple Facebook, Twitter, LinkedIn et YouTube) qui partage des commentaires, des tweets ou des photos sur les pages sociales de ZIFER ITALIA SRL \u2013Autohome accepte que ces messages\/t\u00e9l\u00e9chargements soient \u00e9galement partag\u00e9s sur ce site Web.<br \/>\nDans tous les cas, les t\u00e9l\u00e9chargements de fichiers\/liens\/images\/messages, etc., doivent respecter l&rsquo;interdiction de l&rsquo;utilisation d&rsquo;expressions harcelantes, mena\u00e7antes, diffamatoires, offensantes, obsc\u00e8nes, bl\u00e2mables. En t\u00e9l\u00e9chargeant les contenus susmentionn\u00e9s, l&rsquo;Utilisateur assume toute responsabilit\u00e9 pour le contenu qu&rsquo;ils contiennent.<\/p>\n<h2>3. OBLIGATIONS GARANTIES DE SERVICE ET D\u00c9NIS DE RESPONSABILIT\u00c9<\/h2>\n<p>ZIFER ITALIA SRL s&rsquo;engage \u00e0 fournir \u00e0 l&rsquo;Utilisateur la convivialit\u00e9 de ce site et des services qui y sont propos\u00e9s, ainsi que les outils de communication (par exemple sociaux) qui y sont connect\u00e9s, en prenant soin de leur mise en \u0153uvre compatible avec l&rsquo;\u00e9tat actuel de l&rsquo;\u00e9volution des outils informatiques.<br \/>\nLe site est mis \u00e0 disposition sans aucune garantie ou licence sp\u00e9cifique et l&rsquo;Utilisateur qui l&rsquo;utilise assume tous les risques li\u00e9s \u00e0 l&rsquo;utilisation d&rsquo;Internet et des applications informatiques (mat\u00e9riels et logiciels).<br \/>\nZIFER ITALIA SRL n&rsquo;offre aucune garantie et elle n&rsquo;assume aucune responsabilit\u00e9 quant \u00e0 l&rsquo;exactitude et \u00e0 l&rsquo;exhaustivit\u00e9 des informations publi\u00e9es sur le site. Dans la mesure permise par la loi, la soci\u00e9t\u00e9 d\u00e9cline toute responsabilit\u00e9 ou obligation de quelque nature que ce soit d\u00e9coulant de ou li\u00e9e de quelque mani\u00e8re que ce soit \u00e0 l&rsquo;utilisation de ce site Web ou de son contenu.<br \/>\nLe propri\u00e9taire du site n&rsquo;est donc pas responsable de tout dommage et\/ou perte et\/ou dysfonctionnement et\/ou pr\u00e9judice de quelque nature que ce soit, qui pourrait r\u00e9sulter pour l&rsquo;Utilisateur de l&rsquo;utilisation du service fourni, ni de toute contamination du syst\u00e8me informatique d\u00e9coulant de l&rsquo;acc\u00e8s, de l&rsquo;interconnexion, du t\u00e9l\u00e9chargement de mat\u00e9riel et de programmes informatiques \u00e0 partir du site (par exemple les virus ou les codes malveillants); par cons\u00e9quent, les frais de r\u00e9paration\/restauration connexes doivent \u00eatre \u00e0 la charge de l&rsquo;Utilisateur.<br \/>\nEn particulier, ZIFER ITALIA SRL d\u00e9cline toute responsabilit\u00e9 pour :<br \/>\n\u2022 l&rsquo;incompatibilit\u00e9 du site Web avec les \u00e9quipements, les logiciels et les liens de t\u00e9l\u00e9communication mis \u00e0 la disposition de l&rsquo;utilisateur ;<br \/>\n\u2022 les probl\u00e8mes techniques, y compris les erreurs ou les interruptions de site ;<br \/>\n\u2022 attaques subies par l&rsquo;Utilisateur lors de la navigation (par exemple virus, logiciels malveillants) ;<br \/>\n\u2022 dommages aux \u00e9quipements\/logiciels informatiques que l\u2019Utilisateur utilise pour la navigation.<br \/>\nZIFER ITALIA SRL se r\u00e9serve \u00e9galement le droit de modifier, ajouter et\/ou supprimer des parties du site Web, sans pr\u00e9avis, en plus du droit de suspendre sa publication temporairement ou ind\u00e9finiment, en tout ou en partie.<br \/>\nIl n&rsquo;est pas responsable de toute utilisation de ce site et des services qui y sont propos\u00e9s par l&rsquo;Utilisateur ou par des tiers en violation de la loi, de la moralit\u00e9 ou de l&rsquo;ordre public, ou en violation des dispositions des pr\u00e9sentes conditions d&rsquo;utilisation.<br \/>\nLa soci\u00e9t\u00e9 a le droit d&rsquo;utiliser des liens vers des sites Web tiers pour rendre les services offerts aux utilisateurs utilisables sans aucune responsabilit\u00e9 en n&rsquo;exer\u00e7ant aucun contr\u00f4le sur les liens vers ces sites Web et leur contenu et n&rsquo;est pas responsable du contenu \u2013 \u00e9ventuellement illicite \u2013 de ces sites directement ou indirectement li\u00e9s.<br \/>\nL&rsquo;utilisateur est autoris\u00e9 \u00e0 utiliser les liens vers ce site Web tant qu&rsquo;ils ne sont pas reproduits.<br \/>\n\u2022 L&rsquo;acc\u00e8s au Site peut \u00eatre temporairement interrompu en raison de r\u00e9parations, d&rsquo;entretien ou de l&rsquo;insertion de nouveaux outils et services. Tout en s&rsquo;engageant \u00e0 assurer la disponibilit\u00e9 r\u00e9guli\u00e8re du site Web 24 heures sur 24, ZIFER ITALIA SRL ne sera pas tenue responsable si, pour une raison quelconque, le site Web devient indisponible \u00e0 un certain moment ou pour une certaine p\u00e9riode.<\/p>\n<h2>4. DROITS DE PROPRI\u00c9T\u00c9 INDUSTRIELLE ET INTELLECTUELLE<\/h2>\n<p>Ce site est prot\u00e9g\u00e9 par la l\u00e9gislation italienne sur la propri\u00e9t\u00e9 industrielle et le droit d&rsquo;auteur.<br \/>\nTous les contenus du site Web, tels que &#8211; mais sans s&rsquo;y limiter &#8211; textes, images, graphiques, ic\u00f4nes, logos, marques d\u00e9pos\u00e9es, t\u00e9l\u00e9chargements num\u00e9riques, collections de donn\u00e9es, logiciels, vid\u00e9os, fiches techniques, photographies, images graphiques, pistes audio vid\u00e9o, graphiques, symboles, ainsi que tous les logiciels et contenus sont la propri\u00e9t\u00e9 exclusive de ZIFER ITALIA SRL ou de partenaires ou de tiers qui ont autoris\u00e9 ZIFER ITALIA SRL \u00e0 les utiliser.<br \/>\nL\u2019utilisation de ce site Web ne pr\u00e9voit pas la d\u00e9livrance de licences, ni le droit d&rsquo;utiliser les marques et\/ou le mat\u00e9riel sur le site Web ou les autorisations d&rsquo;utilisation de contenu sur le site tels que (mais sans s&rsquo;y limiter) des graphiques, des ic\u00f4nes, des logos, des images, des t\u00e9l\u00e9chargements num\u00e9riques, des collections de donn\u00e9es, des logiciels, des vid\u00e9os, des fiches techniques.<br \/>\nIl est interdit \u00e0 l&rsquo;Utilisateur de copier, publier, diffuser, transmettre, sauvegarder, dupliquer, reproduire et utiliser, retransmettre et\/ou autrement mettre \u00e0 disposition ce qui est publi\u00e9 sur le site, sauf dans les cas o\u00f9 cela est express\u00e9ment pr\u00e9vu sur le site et en tout cas uniquement et exclusivement pour un usage personnel et non commercial.<\/p>\n<h2>5. LOIS APPLICABLE ET JURIDICTION COMPETENTE<\/h2>\n<p>La loi applicable aux relations d\u00e9coulant de l&rsquo;utilisation de ce site Web et de l&rsquo;utilisation des services offerts est la loi italienne. Les conditions g\u00e9n\u00e9rales d&rsquo;utilisation indiqu\u00e9es ici doivent \u00eatre interpr\u00e9t\u00e9es \u00e0 la lumi\u00e8re et conform\u00e9ment aux r\u00e8gles actuelles du droit italien. En cas de litige, le tribunal de Mantoue est seul comp\u00e9tent.<\/p>\n<h2>6. DISPOSITIONS FINALES<\/h2>\n<p>Ces mentions l\u00e9gales font partie int\u00e9grante du site o\u00f9 elles se trouvent. Toute nullit\u00e9, invalidit\u00e9, totale ou partielle, de parties individuelles de ces notes l\u00e9gales ne privera pas les parties restantes des notes l\u00e9gales de validit\u00e9 ou d&rsquo;efficacit\u00e9. Pour tout ce qui n&rsquo;est pas express\u00e9ment indiqu\u00e9 dans ces notes l\u00e9gales, il faut se r\u00e9f\u00e9rer aux dispositions du Code civil et de la r\u00e9glementation en vigueur sur le territoire national, y compris la r\u00e9glementation.[\/vc_column_text][\/vc_column][\/vc_row]<\/p>\n","protected":false},"excerpt":{"rendered":"<p>[vc_row el_class=\u00a0\u00bbstory-skin-white mb0&Prime; css=\u00a0\u00bb.vc_custom_1484143920958{padding-top: 78px !important;}\u00a0\u00bb][vc_column][\/vc_column][\/vc_row][vc_row el_class=\u00a0\u00bbstory-skin-white row-90&Prime;][vc_column][vc_column_text] NOTE LEGALI Renseignements soci\u00e9taires Zifer Italia Srl &#8211; Viale Risorgimento, 23 46017 Rivarolo Mantovano (MN)- Capital social 88<span class=\"excerpt-hellip\"> [\u2026]<\/span><\/p>\n","protected":false},"author":4,"featured_media":0,"parent":0,"menu_order":0,"comment_status":"closed","ping_status":"closed","template":"","meta":{"footnotes":""},"class_list":["post-14372","page","type-page","status-publish","hentry"],"yoast_head":"<!-- This site is optimized with the Yoast SEO Premium plugin v23.7 (Yoast SEO v23.7) - https:\/\/yoast.com\/wordpress\/plugins\/seo\/ -->\n<title>NOTES JURIDIQUES - Autohome<\/title>\n<meta name=\"description\" content=\"NOTE LEGALI Renseignements soci\u00e9taires Zifer Italia Srl - Viale Risorgimento, 23 46017 Rivarolo Mantovano (MN)- Capital social 88 000,00 \u20acenti\u00e8rement\" \/>\n<meta name=\"robots\" content=\"index, follow, max-snippet:-1, max-image-preview:large, max-video-preview:-1\" \/>\n<link rel=\"canonical\" href=\"https:\/\/www.autohome-official.com\/fr\/note-legali\/\" \/>\n<meta property=\"og:locale\" content=\"fr_FR\" \/>\n<meta property=\"og:type\" content=\"article\" \/>\n<meta property=\"og:title\" content=\"NOTES JURIDIQUES - Autohome\" \/>\n<meta property=\"og:description\" content=\"NOTE LEGALI Renseignements soci\u00e9taires Zifer Italia Srl - Viale Risorgimento, 23 46017 Rivarolo Mantovano (MN)- Capital social 88 000,00 \u20acenti\u00e8rement\" \/>\n<meta property=\"og:url\" content=\"https:\/\/www.autohome-official.com\/fr\/note-legali\/\" \/>\n<meta property=\"og:site_name\" content=\"Autohome\" \/>\n<meta property=\"article:publisher\" content=\"https:\/\/www.facebook.com\/Autohome.Official.Page\" \/>\n<meta property=\"article:modified_time\" content=\"2025-09-19T09:56:40+00:00\" \/>\n<meta property=\"og:image\" content=\"https:\/\/www.autohome-official.com\/wp-content\/uploads\/2026\/02\/Maggiolina-Autohome-logo.jpg\" \/>\n\t<meta property=\"og:image:width\" content=\"512\" \/>\n\t<meta property=\"og:image:height\" content=\"512\" \/>\n\t<meta property=\"og:image:type\" content=\"image\/jpeg\" \/>\n<meta name=\"twitter:card\" content=\"summary_large_image\" \/>\n<meta name=\"twitter:label1\" content=\"Dur\u00e9e de lecture estim\u00e9e\" \/>\n\t<meta name=\"twitter:data1\" content=\"8 minutes\" \/>\n<script type=\"application\/ld+json\" class=\"yoast-schema-graph\">{\"@context\":\"https:\/\/schema.org\",\"@graph\":[{\"@type\":\"WebPage\",\"@id\":\"https:\/\/www.autohome-official.com\/fr\/note-legali\/\",\"url\":\"https:\/\/www.autohome-official.com\/fr\/note-legali\/\",\"name\":\"NOTES JURIDIQUES - Autohome\",\"isPartOf\":{\"@id\":\"https:\/\/www.autohome-official.com\/#website\"},\"datePublished\":\"2017-01-11T15:33:07+00:00\",\"dateModified\":\"2025-09-19T09:56:40+00:00\",\"description\":\"NOTE LEGALI Renseignements soci\u00e9taires Zifer Italia Srl - Viale Risorgimento, 23 46017 Rivarolo Mantovano (MN)- Capital social 88 000,00 \u20acenti\u00e8rement\",\"breadcrumb\":{\"@id\":\"https:\/\/www.autohome-official.com\/fr\/note-legali\/#breadcrumb\"},\"inLanguage\":\"fr-FR\",\"potentialAction\":[{\"@type\":\"ReadAction\",\"target\":[\"https:\/\/www.autohome-official.com\/fr\/note-legali\/\"]}]},{\"@type\":\"BreadcrumbList\",\"@id\":\"https:\/\/www.autohome-official.com\/fr\/note-legali\/#breadcrumb\",\"itemListElement\":[{\"@type\":\"ListItem\",\"position\":1,\"name\":\"Home\",\"item\":\"https:\/\/www.autohome-official.com\/fr\/\"},{\"@type\":\"ListItem\",\"position\":2,\"name\":\"NOTES JURIDIQUES\"}]},{\"@type\":\"WebSite\",\"@id\":\"https:\/\/www.autohome-official.com\/#website\",\"url\":\"https:\/\/www.autohome-official.com\/\",\"name\":\"Autohome\",\"description\":\"Tende da tetto - Dachzelte - Roof Top Tents - Tentes de Toit\",\"publisher\":{\"@id\":\"https:\/\/www.autohome-official.com\/#organization\"},\"alternateName\":\"Autohome Official\",\"potentialAction\":[{\"@type\":\"SearchAction\",\"target\":{\"@type\":\"EntryPoint\",\"urlTemplate\":\"https:\/\/www.autohome-official.com\/?s={search_term_string}\"},\"query-input\":{\"@type\":\"PropertyValueSpecification\",\"valueRequired\":true,\"valueName\":\"search_term_string\"}}],\"inLanguage\":\"fr-FR\"},{\"@type\":\"Organization\",\"@id\":\"https:\/\/www.autohome-official.com\/#organization\",\"name\":\"Autohome\",\"alternateName\":\"Autohome Official\",\"url\":\"https:\/\/www.autohome-official.com\/\",\"logo\":{\"@type\":\"ImageObject\",\"inLanguage\":\"fr-FR\",\"@id\":\"https:\/\/www.autohome-official.com\/#\/schema\/logo\/image\/\",\"url\":\"https:\/\/www.autohome-official.com\/wp-content\/uploads\/2026\/02\/Maggiolina-Autohome-logo.jpg\",\"contentUrl\":\"https:\/\/www.autohome-official.com\/wp-content\/uploads\/2026\/02\/Maggiolina-Autohome-logo.jpg\",\"width\":512,\"height\":512,\"caption\":\"Autohome\"},\"image\":{\"@id\":\"https:\/\/www.autohome-official.com\/#\/schema\/logo\/image\/\"},\"sameAs\":[\"https:\/\/www.facebook.com\/Autohome.Official.Page\",\"https:\/\/www.instagram.com\/autohome_official\/\",\"http:\/\/www.youtube.com\/user\/AutohomeOfficial\"],\"description\":\"Le prime tende da tetto auto al mondo, prodotte in Italia dal 1958.\",\"email\":\"info@autohome.it\",\"telephone\":\"0039 0376 99590\",\"legalName\":\"Zifer Italia SRL\",\"vatID\":\"IT01329850208\"}]}<\/script>\n<!-- \/ Yoast SEO Premium plugin. -->","yoast_head_json":{"title":"NOTES JURIDIQUES - Autohome","description":"NOTE LEGALI Renseignements soci\u00e9taires Zifer Italia Srl - Viale Risorgimento, 23 46017 Rivarolo Mantovano (MN)- Capital social 88 000,00 \u20acenti\u00e8rement","robots":{"index":"index","follow":"follow","max-snippet":"max-snippet:-1","max-image-preview":"max-image-preview:large","max-video-preview":"max-video-preview:-1"},"canonical":"https:\/\/www.autohome-official.com\/fr\/note-legali\/","og_locale":"fr_FR","og_type":"article","og_title":"NOTES JURIDIQUES - Autohome","og_description":"NOTE LEGALI Renseignements soci\u00e9taires Zifer Italia Srl - Viale Risorgimento, 23 46017 Rivarolo Mantovano (MN)- Capital social 88 000,00 \u20acenti\u00e8rement","og_url":"https:\/\/www.autohome-official.com\/fr\/note-legali\/","og_site_name":"Autohome","article_publisher":"https:\/\/www.facebook.com\/Autohome.Official.Page","article_modified_time":"2025-09-19T09:56:40+00:00","og_image":[{"width":512,"height":512,"url":"https:\/\/www.autohome-official.com\/wp-content\/uploads\/2026\/02\/Maggiolina-Autohome-logo.jpg","type":"image\/jpeg"}],"twitter_card":"summary_large_image","twitter_misc":{"Dur\u00e9e de lecture estim\u00e9e":"8 minutes"},"schema":{"@context":"https:\/\/schema.org","@graph":[{"@type":"WebPage","@id":"https:\/\/www.autohome-official.com\/fr\/note-legali\/","url":"https:\/\/www.autohome-official.com\/fr\/note-legali\/","name":"NOTES JURIDIQUES - Autohome","isPartOf":{"@id":"https:\/\/www.autohome-official.com\/#website"},"datePublished":"2017-01-11T15:33:07+00:00","dateModified":"2025-09-19T09:56:40+00:00","description":"NOTE LEGALI Renseignements soci\u00e9taires Zifer Italia Srl - Viale Risorgimento, 23 46017 Rivarolo Mantovano (MN)- Capital social 88 000,00 \u20acenti\u00e8rement","breadcrumb":{"@id":"https:\/\/www.autohome-official.com\/fr\/note-legali\/#breadcrumb"},"inLanguage":"fr-FR","potentialAction":[{"@type":"ReadAction","target":["https:\/\/www.autohome-official.com\/fr\/note-legali\/"]}]},{"@type":"BreadcrumbList","@id":"https:\/\/www.autohome-official.com\/fr\/note-legali\/#breadcrumb","itemListElement":[{"@type":"ListItem","position":1,"name":"Home","item":"https:\/\/www.autohome-official.com\/fr\/"},{"@type":"ListItem","position":2,"name":"NOTES JURIDIQUES"}]},{"@type":"WebSite","@id":"https:\/\/www.autohome-official.com\/#website","url":"https:\/\/www.autohome-official.com\/","name":"Autohome","description":"Tende da tetto - Dachzelte - Roof Top Tents - Tentes de Toit","publisher":{"@id":"https:\/\/www.autohome-official.com\/#organization"},"alternateName":"Autohome Official","potentialAction":[{"@type":"SearchAction","target":{"@type":"EntryPoint","urlTemplate":"https:\/\/www.autohome-official.com\/?s={search_term_string}"},"query-input":{"@type":"PropertyValueSpecification","valueRequired":true,"valueName":"search_term_string"}}],"inLanguage":"fr-FR"},{"@type":"Organization","@id":"https:\/\/www.autohome-official.com\/#organization","name":"Autohome","alternateName":"Autohome Official","url":"https:\/\/www.autohome-official.com\/","logo":{"@type":"ImageObject","inLanguage":"fr-FR","@id":"https:\/\/www.autohome-official.com\/#\/schema\/logo\/image\/","url":"https:\/\/www.autohome-official.com\/wp-content\/uploads\/2026\/02\/Maggiolina-Autohome-logo.jpg","contentUrl":"https:\/\/www.autohome-official.com\/wp-content\/uploads\/2026\/02\/Maggiolina-Autohome-logo.jpg","width":512,"height":512,"caption":"Autohome"},"image":{"@id":"https:\/\/www.autohome-official.com\/#\/schema\/logo\/image\/"},"sameAs":["https:\/\/www.facebook.com\/Autohome.Official.Page","https:\/\/www.instagram.com\/autohome_official\/","http:\/\/www.youtube.com\/user\/AutohomeOfficial"],"description":"Le prime tende da tetto auto al mondo, prodotte in Italia dal 1958.","email":"info@autohome.it","telephone":"0039 0376 99590","legalName":"Zifer Italia SRL","vatID":"IT01329850208"}]}},"_links":{"self":[{"href":"https:\/\/www.autohome-official.com\/fr\/wp-json\/wp\/v2\/pages\/14372"}],"collection":[{"href":"https:\/\/www.autohome-official.com\/fr\/wp-json\/wp\/v2\/pages"}],"about":[{"href":"https:\/\/www.autohome-official.com\/fr\/wp-json\/wp\/v2\/types\/page"}],"author":[{"embeddable":true,"href":"https:\/\/www.autohome-official.com\/fr\/wp-json\/wp\/v2\/users\/4"}],"replies":[{"embeddable":true,"href":"https:\/\/www.autohome-official.com\/fr\/wp-json\/wp\/v2\/comments?post=14372"}],"version-history":[{"count":1,"href":"https:\/\/www.autohome-official.com\/fr\/wp-json\/wp\/v2\/pages\/14372\/revisions"}],"predecessor-version":[{"id":79993,"href":"https:\/\/www.autohome-official.com\/fr\/wp-json\/wp\/v2\/pages\/14372\/revisions\/79993"}],"wp:attachment":[{"href":"https:\/\/www.autohome-official.com\/fr\/wp-json\/wp\/v2\/media?parent=14372"}],"curies":[{"name":"wp","href":"https:\/\/api.w.org\/{rel}","templated":true}]}}