{"id":14412,"date":"2016-09-16T15:32:30","date_gmt":"2016-09-16T13:32:30","guid":{"rendered":"https:\/\/www.autohome-official.com\/catalogo\/"},"modified":"2026-03-25T19:01:01","modified_gmt":"2026-03-25T18:01:01","slug":"catalogo-2-2","status":"publish","type":"page","link":"https:\/\/www.autohome-official.com\/fr\/catalogo-2-2\/","title":{"rendered":"Catalogue"},"content":{"rendered":"<p>[vc_row el_class=\u00a0\u00bbmb0 story-skin-white\u00a0\u00bb css=\u00a0\u00bb.vc_custom_1774461657612{padding-top: 111px !important;}\u00a0\u00bb][vc_column]<pre><span><span><a href=\"https:\/\/www.autohome-official.com\/fr\/\">Home<\/a><\/span><\/span><\/pre>\n[\/vc_column][vc_column][vc_empty_space height=\u00a0\u00bb30px\u00a0\u00bb el_class=\u00a0\u00bbautohome_mobile_hide\u00a0\u00bb][\/vc_column][\/vc_row][vc_row el_class=\u00a0\u00bbstory-skin-white\u00a0\u00bb][vc_column][vc_tta_tabs style=\u00a0\u00bbflat\u00a0\u00bb shape=\u00a0\u00bbsquare\u00a0\u00bb color=\u00a0\u00bbwhite\u00a0\u00bb gap=\u00a0\u00bb1&Prime; active_section=\u00a0\u00bb1&Prime; no_fill_content_area=\u00a0\u00bbtrue\u00a0\u00bb el_class=\u00a0\u00bbproduct-page maggiolina-airlander\u00a0\u00bb][vc_tta_section title=\u00a0\u00bbFEUILLETEZ LA CATALOGUE\u00a0\u00bb tab_id=\u00a0\u00bb1512636148875-04982bb4-e0d2&Prime;][vc_row_inner][vc_column_inner offset=\u00a0\u00bbvc_hidden-sm vc_hidden-xs\u00a0\u00bb][vc_empty_space height=\u00a0\u00bb30px\u00a0\u00bb][\/vc_column_inner][vc_column_inner][vc_raw_html]JTNDaDElMjBzdHlsZSUzRCUyMmZvbnQtc2l6ZSUzQSUyMDQwcHglM0IlMjIlM0VDQVRBTE9HVUUlMjBPRkZJQ0lFTCUyMEFVVE9IT01FJTIwMjAyNCUyRjIwMjUlM0MlMkZoMSUzRSUwQSUwQSUyMA==[\/vc_raw_html][\/vc_column_inner][vc_column_inner][vc_empty_space height=\u00a0\u00bb15px\u00a0\u00bb][\/vc_column_inner][vc_column_inner el_class=\u00a0\u00bbmobilePaddingSide\u00a0\u00bb width=\u00a0\u00bb1\/3&Prime;][vc_single_image image=\u00a0\u00bb77687&Prime; img_size=\u00a0\u00bb300&#215;424&Prime; alignment=\u00a0\u00bbcenter\u00a0\u00bb el_class=\u00a0\u00bbautoWidth catalog24fr\u00a0\u00bb][\/vc_column_inner][vc_column_inner el_class=\u00a0\u00bbmobilePaddingSide\u00a0\u00bb width=\u00a0\u00bb2\/3&Prime;][vc_column_text]Un Catalogue riche en images \u00e9motionnantes, o\u00f9 chacun de nous peut retrouver le luxe plus grand qui soit: la libert\u00e9.<br \/>\nFeuilletez le catalogue et partez pour vos vacances, ou un simple week-end tranquille ou un voyage d&rsquo;aventure plus important<br \/>\nAutohome: le catalogue des auvents de toit de voiture les plus originaux vendus dans le monde.<\/p>\n<p>&nbsp;<\/p>\n<p>&nbsp;<\/p>\n<p>&nbsp;<\/p>\n<h5><a class=\"catalog24fr\" style=\"text-decoration: underline !important;\" rel=\"noopener noreferrer\">FEUILLETEZ LA CATALOGUE ON-LINE<\/a><\/h5>\n<h5><a id=\"block-download-catalogo\" class=\"catalogDown\" style=\"text-decoration: underline;\" href=\"https:\/\/www.autohome-official.com\/wp-content\/uploads\/2024\/09\/Catalogo Autohome_2024 FR_compressed.pdf\" target=\"_blank\" rel=\"noopener noreferrer\" download=\"\">DOWNLOAD PDF<\/a><\/h5>\n<p>[\/vc_column_text][\/vc_column_inner][vc_column_inner offset=\u00a0\u00bbvc_hidden-sm vc_hidden-xs\u00a0\u00bb][vc_empty_space height=\u00a0\u00bb30px\u00a0\u00bb][\/vc_column_inner][vc_column_inner offset=\u00a0\u00bbvc_hidden-lg vc_hidden-md vc_hidden-sm vc_hidden-xs\u00a0\u00bb][vc_raw_html]JTVCcmVhbDNkZmxpcGJvb2slMjBpZCUzRCUyNzY0JTI3JTVEJTBBJTVCcmVhbDNkZmxpcGJvb2slMjBpZCUzRCUyMjYxJTIyJTVE[\/vc_raw_html][\/vc_column_inner][\/vc_row_inner][\/vc_tta_section][vc_tta_section title=\u00a0\u00bbFEUILLETEZ LA PRICE LIST\u00a0\u00bb tab_id=\u00a0\u00bb1562082016785-78eb9187-7078&Prime;][vc_row_inner][vc_column_inner][vc_empty_space height=\u00a0\u00bb30px\u00a0\u00bb][\/vc_column_inner][vc_column_inner][vc_raw_html]JTNDaDElMjBzdHlsZSUzRCUyMmZvbnQtc2l6ZSUzQSUyMDQwcHglM0IlMjIlM0VQUklDRSUyMExJU1QlMjBPRkZJQ0lFTCUyMEFVVE9IT01FJTIwMjAyNSUzQyUyRmgxJTNFJTBBJTBBJTIw[\/vc_raw_html][\/vc_column_inner][vc_column_inner][vc_empty_space height=\u00a0\u00bb15px\u00a0\u00bb][\/vc_column_inner][vc_column_inner el_class=\u00a0\u00bbmobilePaddingSide\u00a0\u00bb width=\u00a0\u00bb1\/3&Prime;][vc_single_image image=\u00a0\u00bb79303&Prime; img_size=\u00a0\u00bb300&#215;424&Prime; alignment=\u00a0\u00bbcenter\u00a0\u00bb el_class=\u00a0\u00bbautoWidth listino25impo\u00a0\u00bb][\/vc_column_inner][vc_column_inner el_class=\u00a0\u00bbmobilePaddingSide\u00a0\u00bb width=\u00a0\u00bb2\/3&Prime;][vc_column_text]<\/p>\n<h5><a class=\"listino25impo\" rel=\"noopener noreferrer\"><u>CONSULTER LA LISTE DE PRIX EN LIGNE<\/u><\/a><\/h5>\n<h5><a class=\"catalogDown\" style=\"text-decoration: underline;\" href=\"#\" target=\"_blank\" rel=\"noopener noreferrer\" download=\"https:\/\/www.autohome-official.com\/wp-content\/uploads\/2025\/05\/Listino-INGLESE-IMPONIBILE-GENNAIO-2025.pdf\">DOWNLOAD PDF<\/a><\/h5>\n<p>[\/vc_column_text][\/vc_column_inner][vc_column_inner][vc_empty_space height=\u00a0\u00bb30px\u00a0\u00bb][\/vc_column_inner][\/vc_row_inner][\/vc_tta_section][\/vc_tta_tabs][\/vc_column][\/vc_row]<\/p>\n","protected":false},"excerpt":{"rendered":"<p>[vc_row el_class=\u00a0\u00bbmb0 story-skin-white\u00a0\u00bb css=\u00a0\u00bb.vc_custom_1774461657612{padding-top: 111px !important;}\u00a0\u00bb][vc_column][\/vc_column][vc_column][vc_empty_space height=\u00a0\u00bb30px\u00a0\u00bb el_class=\u00a0\u00bbautohome_mobile_hide\u00a0\u00bb][\/vc_column][\/vc_row][vc_row el_class=\u00a0\u00bbstory-skin-white\u00a0\u00bb][vc_column][vc_tta_tabs style=\u00a0\u00bbflat\u00a0\u00bb shape=\u00a0\u00bbsquare\u00a0\u00bb color=\u00a0\u00bbwhite\u00a0\u00bb gap=\u00a0\u00bb1&Prime; active_section=\u00a0\u00bb1&Prime; no_fill_content_area=\u00a0\u00bbtrue\u00a0\u00bb el_class=\u00a0\u00bbproduct-page maggiolina-airlander\u00a0\u00bb][vc_tta_section title=\u00a0\u00bbFEUILLETEZ LA CATALOGUE\u00a0\u00bb tab_id=\u00a0\u00bb1512636148875-04982bb4-e0d2&Prime;][vc_row_inner][vc_column_inner offset=\u00a0\u00bbvc_hidden-sm vc_hidden-xs\u00a0\u00bb][vc_empty_space height=\u00a0\u00bb30px\u00a0\u00bb][\/vc_column_inner][vc_column_inner][vc_raw_html]JTNDaDElMjBzdHlsZSUzRCUyMmZvbnQtc2l6ZSUzQSUyMDQwcHglM0IlMjIlM0VDQVRBTE9HVUUlMjBPRkZJQ0lFTCUyMEFVVE9IT01FJTIwMjAyNCUyRjIwMjUlM0MlMkZoMSUzRSUwQSUwQSUyMA==[\/vc_raw_html][\/vc_column_inner][vc_column_inner][vc_empty_space height=\u00a0\u00bb15px\u00a0\u00bb][\/vc_column_inner][vc_column_inner el_class=\u00a0\u00bbmobilePaddingSide\u00a0\u00bb<span class=\"excerpt-hellip\"> [\u2026]<\/span><\/p>\n","protected":false},"author":4,"featured_media":53881,"parent":0,"menu_order":0,"comment_status":"closed","ping_status":"closed","template":"","meta":{"footnotes":""},"class_list":["post-14412","page","type-page","status-publish","has-post-thumbnail","hentry"],"yoast_head":"<!-- This site is optimized with the Yoast SEO Premium plugin v23.7 (Yoast SEO v23.7) - https:\/\/yoast.com\/wordpress\/plugins\/seo\/ -->\n<title>Catalogue officiel des tentes de toit<\/title>\n<meta name=\"description\" content=\"Catalogue officiel des tentes de toit originales Autohome. Consultez-le pour commencer \u00e0 vivre vos vacances ou vos voyages d&#039;aventure. T\u00e9l\u00e9chargez-le !\" \/>\n<meta name=\"robots\" content=\"index, follow, max-snippet:-1, max-image-preview:large, max-video-preview:-1\" \/>\n<link rel=\"canonical\" href=\"https:\/\/www.autohome-official.com\/fr\/catalogo-2-2\/\" \/>\n<meta property=\"og:locale\" content=\"fr_FR\" \/>\n<meta property=\"og:type\" content=\"article\" \/>\n<meta property=\"og:title\" content=\"Catalogue - Autohome\" \/>\n<meta property=\"og:description\" content=\"JTNDaDElMjBzdHlsZSUzRCUyMmZvbnQtc2l6ZSUzQSUyMDQwcHglM0IlMjIlM0VDQVRBTE9HVUUlMjBPRkZJQ0lFTCUyMEFVVE9IT01FJTIwMjAyNCUyRjIwMjUlM0MlMkZoMSUzRSUwQSUwQSUyMA==Un\" \/>\n<meta property=\"og:url\" content=\"https:\/\/www.autohome-official.com\/fr\/catalogo-2-2\/\" \/>\n<meta property=\"og:site_name\" content=\"Autohome\" \/>\n<meta property=\"article:publisher\" content=\"https:\/\/www.facebook.com\/Autohome.Official.Page\" \/>\n<meta property=\"article:modified_time\" content=\"2026-03-25T18:01:01+00:00\" \/>\n<meta property=\"og:image\" content=\"https:\/\/www.autohome-official.com\/wp-content\/uploads\/2021\/01\/Catalogue-Autohome-Official.jpg\" \/>\n\t<meta property=\"og:image:width\" content=\"800\" \/>\n\t<meta property=\"og:image:height\" content=\"533\" \/>\n\t<meta property=\"og:image:type\" content=\"image\/jpeg\" \/>\n<meta name=\"twitter:card\" content=\"summary_large_image\" \/>\n<meta name=\"twitter:label1\" content=\"Dur\u00e9e de lecture estim\u00e9e\" \/>\n\t<meta name=\"twitter:data1\" content=\"1 minute\" \/>\n<script type=\"application\/ld+json\" class=\"yoast-schema-graph\">{\"@context\":\"https:\/\/schema.org\",\"@graph\":[{\"@type\":\"WebPage\",\"@id\":\"https:\/\/www.autohome-official.com\/fr\/catalogo-2-2\/\",\"url\":\"https:\/\/www.autohome-official.com\/fr\/catalogo-2-2\/\",\"name\":\"Catalogue officiel des tentes de toit\",\"isPartOf\":{\"@id\":\"https:\/\/www.autohome-official.com\/#website\"},\"primaryImageOfPage\":{\"@id\":\"https:\/\/www.autohome-official.com\/fr\/catalogo-2-2\/#primaryimage\"},\"image\":{\"@id\":\"https:\/\/www.autohome-official.com\/fr\/catalogo-2-2\/#primaryimage\"},\"thumbnailUrl\":\"https:\/\/www.autohome-official.com\/wp-content\/uploads\/2021\/01\/Catalogue-Autohome-Official.jpg\",\"datePublished\":\"2016-09-16T13:32:30+00:00\",\"dateModified\":\"2026-03-25T18:01:01+00:00\",\"description\":\"Catalogue officiel des tentes de toit originales Autohome. Consultez-le pour commencer \u00e0 vivre vos vacances ou vos voyages d'aventure. T\u00e9l\u00e9chargez-le !\",\"breadcrumb\":{\"@id\":\"https:\/\/www.autohome-official.com\/fr\/catalogo-2-2\/#breadcrumb\"},\"inLanguage\":\"fr-FR\",\"potentialAction\":[{\"@type\":\"ReadAction\",\"target\":[\"https:\/\/www.autohome-official.com\/fr\/catalogo-2-2\/\"]}]},{\"@type\":\"ImageObject\",\"inLanguage\":\"fr-FR\",\"@id\":\"https:\/\/www.autohome-official.com\/fr\/catalogo-2-2\/#primaryimage\",\"url\":\"https:\/\/www.autohome-official.com\/wp-content\/uploads\/2021\/01\/Catalogue-Autohome-Official.jpg\",\"contentUrl\":\"https:\/\/www.autohome-official.com\/wp-content\/uploads\/2021\/01\/Catalogue-Autohome-Official.jpg\",\"width\":800,\"height\":533,\"caption\":\"Catalogue Autohome Official\"},{\"@type\":\"BreadcrumbList\",\"@id\":\"https:\/\/www.autohome-official.com\/fr\/catalogo-2-2\/#breadcrumb\",\"itemListElement\":[{\"@type\":\"ListItem\",\"position\":1,\"name\":\"Home\",\"item\":\"https:\/\/www.autohome-official.com\/fr\/\"},{\"@type\":\"ListItem\",\"position\":2,\"name\":\"Catalogue\"}]},{\"@type\":\"WebSite\",\"@id\":\"https:\/\/www.autohome-official.com\/#website\",\"url\":\"https:\/\/www.autohome-official.com\/\",\"name\":\"Autohome\",\"description\":\"Tende da tetto - Dachzelte - Roof Top Tents - Tentes de Toit\",\"publisher\":{\"@id\":\"https:\/\/www.autohome-official.com\/#organization\"},\"alternateName\":\"Autohome Official\",\"potentialAction\":[{\"@type\":\"SearchAction\",\"target\":{\"@type\":\"EntryPoint\",\"urlTemplate\":\"https:\/\/www.autohome-official.com\/?s={search_term_string}\"},\"query-input\":{\"@type\":\"PropertyValueSpecification\",\"valueRequired\":true,\"valueName\":\"search_term_string\"}}],\"inLanguage\":\"fr-FR\"},{\"@type\":\"Organization\",\"@id\":\"https:\/\/www.autohome-official.com\/#organization\",\"name\":\"Autohome\",\"alternateName\":\"Autohome Official\",\"url\":\"https:\/\/www.autohome-official.com\/\",\"logo\":{\"@type\":\"ImageObject\",\"inLanguage\":\"fr-FR\",\"@id\":\"https:\/\/www.autohome-official.com\/#\/schema\/logo\/image\/\",\"url\":\"https:\/\/www.autohome-official.com\/wp-content\/uploads\/2026\/02\/Maggiolina-Autohome-logo.jpg\",\"contentUrl\":\"https:\/\/www.autohome-official.com\/wp-content\/uploads\/2026\/02\/Maggiolina-Autohome-logo.jpg\",\"width\":512,\"height\":512,\"caption\":\"Autohome\"},\"image\":{\"@id\":\"https:\/\/www.autohome-official.com\/#\/schema\/logo\/image\/\"},\"sameAs\":[\"https:\/\/www.facebook.com\/Autohome.Official.Page\",\"https:\/\/www.instagram.com\/autohome_official\/\",\"http:\/\/www.youtube.com\/user\/AutohomeOfficial\"],\"description\":\"Le prime tende da tetto auto al mondo, prodotte in Italia dal 1958.\",\"email\":\"info@autohome.it\",\"telephone\":\"0039 0376 99590\",\"legalName\":\"Zifer Italia SRL\",\"vatID\":\"IT01329850208\"}]}<\/script>\n<!-- \/ Yoast SEO Premium plugin. -->","yoast_head_json":{"title":"Catalogue officiel des tentes de toit","description":"Catalogue officiel des tentes de toit originales Autohome. Consultez-le pour commencer \u00e0 vivre vos vacances ou vos voyages d'aventure. T\u00e9l\u00e9chargez-le !","robots":{"index":"index","follow":"follow","max-snippet":"max-snippet:-1","max-image-preview":"max-image-preview:large","max-video-preview":"max-video-preview:-1"},"canonical":"https:\/\/www.autohome-official.com\/fr\/catalogo-2-2\/","og_locale":"fr_FR","og_type":"article","og_title":"Catalogue - Autohome","og_description":"JTNDaDElMjBzdHlsZSUzRCUyMmZvbnQtc2l6ZSUzQSUyMDQwcHglM0IlMjIlM0VDQVRBTE9HVUUlMjBPRkZJQ0lFTCUyMEFVVE9IT01FJTIwMjAyNCUyRjIwMjUlM0MlMkZoMSUzRSUwQSUwQSUyMA==Un","og_url":"https:\/\/www.autohome-official.com\/fr\/catalogo-2-2\/","og_site_name":"Autohome","article_publisher":"https:\/\/www.facebook.com\/Autohome.Official.Page","article_modified_time":"2026-03-25T18:01:01+00:00","og_image":[{"width":800,"height":533,"url":"https:\/\/www.autohome-official.com\/wp-content\/uploads\/2021\/01\/Catalogue-Autohome-Official.jpg","type":"image\/jpeg"}],"twitter_card":"summary_large_image","twitter_misc":{"Dur\u00e9e de lecture estim\u00e9e":"1 minute"},"schema":{"@context":"https:\/\/schema.org","@graph":[{"@type":"WebPage","@id":"https:\/\/www.autohome-official.com\/fr\/catalogo-2-2\/","url":"https:\/\/www.autohome-official.com\/fr\/catalogo-2-2\/","name":"Catalogue officiel des tentes de toit","isPartOf":{"@id":"https:\/\/www.autohome-official.com\/#website"},"primaryImageOfPage":{"@id":"https:\/\/www.autohome-official.com\/fr\/catalogo-2-2\/#primaryimage"},"image":{"@id":"https:\/\/www.autohome-official.com\/fr\/catalogo-2-2\/#primaryimage"},"thumbnailUrl":"https:\/\/www.autohome-official.com\/wp-content\/uploads\/2021\/01\/Catalogue-Autohome-Official.jpg","datePublished":"2016-09-16T13:32:30+00:00","dateModified":"2026-03-25T18:01:01+00:00","description":"Catalogue officiel des tentes de toit originales Autohome. Consultez-le pour commencer \u00e0 vivre vos vacances ou vos voyages d'aventure. T\u00e9l\u00e9chargez-le !","breadcrumb":{"@id":"https:\/\/www.autohome-official.com\/fr\/catalogo-2-2\/#breadcrumb"},"inLanguage":"fr-FR","potentialAction":[{"@type":"ReadAction","target":["https:\/\/www.autohome-official.com\/fr\/catalogo-2-2\/"]}]},{"@type":"ImageObject","inLanguage":"fr-FR","@id":"https:\/\/www.autohome-official.com\/fr\/catalogo-2-2\/#primaryimage","url":"https:\/\/www.autohome-official.com\/wp-content\/uploads\/2021\/01\/Catalogue-Autohome-Official.jpg","contentUrl":"https:\/\/www.autohome-official.com\/wp-content\/uploads\/2021\/01\/Catalogue-Autohome-Official.jpg","width":800,"height":533,"caption":"Catalogue Autohome Official"},{"@type":"BreadcrumbList","@id":"https:\/\/www.autohome-official.com\/fr\/catalogo-2-2\/#breadcrumb","itemListElement":[{"@type":"ListItem","position":1,"name":"Home","item":"https:\/\/www.autohome-official.com\/fr\/"},{"@type":"ListItem","position":2,"name":"Catalogue"}]},{"@type":"WebSite","@id":"https:\/\/www.autohome-official.com\/#website","url":"https:\/\/www.autohome-official.com\/","name":"Autohome","description":"Tende da tetto - Dachzelte - Roof Top Tents - Tentes de Toit","publisher":{"@id":"https:\/\/www.autohome-official.com\/#organization"},"alternateName":"Autohome Official","potentialAction":[{"@type":"SearchAction","target":{"@type":"EntryPoint","urlTemplate":"https:\/\/www.autohome-official.com\/?s={search_term_string}"},"query-input":{"@type":"PropertyValueSpecification","valueRequired":true,"valueName":"search_term_string"}}],"inLanguage":"fr-FR"},{"@type":"Organization","@id":"https:\/\/www.autohome-official.com\/#organization","name":"Autohome","alternateName":"Autohome Official","url":"https:\/\/www.autohome-official.com\/","logo":{"@type":"ImageObject","inLanguage":"fr-FR","@id":"https:\/\/www.autohome-official.com\/#\/schema\/logo\/image\/","url":"https:\/\/www.autohome-official.com\/wp-content\/uploads\/2026\/02\/Maggiolina-Autohome-logo.jpg","contentUrl":"https:\/\/www.autohome-official.com\/wp-content\/uploads\/2026\/02\/Maggiolina-Autohome-logo.jpg","width":512,"height":512,"caption":"Autohome"},"image":{"@id":"https:\/\/www.autohome-official.com\/#\/schema\/logo\/image\/"},"sameAs":["https:\/\/www.facebook.com\/Autohome.Official.Page","https:\/\/www.instagram.com\/autohome_official\/","http:\/\/www.youtube.com\/user\/AutohomeOfficial"],"description":"Le prime tende da tetto auto al mondo, prodotte in Italia dal 1958.","email":"info@autohome.it","telephone":"0039 0376 99590","legalName":"Zifer Italia SRL","vatID":"IT01329850208"}]}},"_links":{"self":[{"href":"https:\/\/www.autohome-official.com\/fr\/wp-json\/wp\/v2\/pages\/14412"}],"collection":[{"href":"https:\/\/www.autohome-official.com\/fr\/wp-json\/wp\/v2\/pages"}],"about":[{"href":"https:\/\/www.autohome-official.com\/fr\/wp-json\/wp\/v2\/types\/page"}],"author":[{"embeddable":true,"href":"https:\/\/www.autohome-official.com\/fr\/wp-json\/wp\/v2\/users\/4"}],"replies":[{"embeddable":true,"href":"https:\/\/www.autohome-official.com\/fr\/wp-json\/wp\/v2\/comments?post=14412"}],"version-history":[{"count":4,"href":"https:\/\/www.autohome-official.com\/fr\/wp-json\/wp\/v2\/pages\/14412\/revisions"}],"predecessor-version":[{"id":84957,"href":"https:\/\/www.autohome-official.com\/fr\/wp-json\/wp\/v2\/pages\/14412\/revisions\/84957"}],"wp:featuredmedia":[{"embeddable":true,"href":"https:\/\/www.autohome-official.com\/fr\/wp-json\/wp\/v2\/media\/53881"}],"wp:attachment":[{"href":"https:\/\/www.autohome-official.com\/fr\/wp-json\/wp\/v2\/media?parent=14412"}],"curies":[{"name":"wp","href":"https:\/\/api.w.org\/{rel}","templated":true}]}}