{"id":14429,"date":"2016-12-01T10:51:26","date_gmt":"2016-12-01T09:51:26","guid":{"rendered":"https:\/\/www.autohome-official.com\/produits\/textile-report\/"},"modified":"2025-09-18T11:32:59","modified_gmt":"2025-09-18T09:32:59","slug":"textile-report","status":"publish","type":"page","link":"https:\/\/www.autohome-official.com\/fr\/produits\/textile-report\/","title":{"rendered":"Textile Report"},"content":{"rendered":"<p>[vc_row el_class=\u00a0\u00bbstory-skin-white first-row-noslider\u00a0\u00bb css=\u00a0\u00bb.vc_custom_1499768467636{padding-top: 78px !important;}\u00a0\u00bb][vc_column]<pre><span><span><a href=\"https:\/\/www.autohome-official.com\/fr\/\">Home<\/a><\/span><\/span><\/pre>\n[\/vc_column][\/vc_row][vc_row el_class=\u00a0\u00bbstory-skin-white row-90 mobileNoPadding\u00a0\u00bb][vc_column][vc_raw_html]JTNDaDElM0VURVhUSUxFJTIwUkVQT1JUJTNDJTJGaDElM0UlMEElM0NoMyUzRSVDMyU4OVZBTFVBVElPTiUyMFFVQUxJVEFUSVZFJTIwREVTJTIwVElTU1VTJTIwQVVUT0hPTUUlM0ElM0MlMkZoMyUzRSUwQSUzQ2JyJTNF[\/vc_raw_html][\/vc_column][vc_column][vc_single_image image=\u00a0\u00bb56379&Prime; img_size=\u00a0\u00bbfull\u00a0\u00bb][\/vc_column][\/vc_row][vc_row el_class=\u00a0\u00bbstory-skin-white row-90&Prime;][vc_column][vc_column_text]Un tissu, afin d&rsquo;\u00eatre d\u00e9fini optimal, ne doit pas se limiter \u00e0 poss\u00e9der des caract\u00e9ristiques d&rsquo;imperm\u00e9abilit\u00e9 ou \u00e0 \u00eatre \u00ab\u00e9tanche\u00bb (cela serait dans ce cas un tr\u00e8s mauvais tissu pour le bivouac), il doit aussi poss\u00e9der des qualit\u00e9s d&rsquo;a\u00e9ration: afin d&rsquo;obtenir un r\u00e9el bien \u00eatre, Chaque centim\u00e8tre de tissu doit laisser passer l&rsquo;air : il doit \u00eatre hautement transpirant et permettre un passage rapide de la vapeur d&rsquo;eau afin de garantir un bien \u00eatre r\u00e9el.<br \/>\nCela repr\u00e9sente, surtout dans un espace restreint, un principe fondamental permettant de contraster efficacement la formation de condensation et de r\u00e9duire la chaleur, permettant l&rsquo;\u00e9vacuation naturelle de la vapeur d&rsquo;eau cr\u00e9e par les occupants de la tente pendant la nuit.<br \/>\nEn cas de n&rsquo;importe quels changements de temp\u00e9rature et une augmentation substantielle de la condensation naturelle sous la tente, ce probl\u00e8me peut \u00eatre seulement reduit en permettant un courant d&rsquo;air constant sous la tente.<\/p>\n<p>Nous conseillons de ne pas utiliser n&rsquo;importe quels appareils comme des ventilateurs, des d\u00e9shumidificateurs ou des autres appareils commercialement fournis:<br \/>\n1. Le Rapport qui existe entre l&rsquo;imperm\u00e9abilit\u00e9 (colonne d&rsquo;eau support\u00e9 par le tissu ISO 811) et l&rsquo;a\u00e9ration (perm\u00e9abilit\u00e9 \u00e0 l&rsquo;air ISO 9237\/97), en corr\u00e9lation avec les dimensions et les volumes int\u00e9rieurs de la tente (de l&rsquo;habitacle) et la surface en m2 de tissu employ\u00e9: il s&rsquo;agit de la r\u00e8gle fondamentale pour un environnement sain.<br \/>\n2. Le type d&rsquo;application du tissu: la pose sur le toit ou sur les parois de la tente peut engendrer des sollicitations et r\u00e9tr\u00e9cissements de tissu, des effets li\u00e9s aux agents atmosph\u00e9riques (y compris l&rsquo;amplitude thermique et les temp\u00e9ratures \u00e9lev\u00e9es).<br \/>\n3. L&rsquo;\u00e9lasticit\u00e9 (ISO 5081) et la r\u00e9sistance aux d\u00e9chirures (ASTM D1424), \u00e0 la salet\u00e9 et aux moisissures.<br \/>\n4. La solidit\u00e9 de la couleur (ISO 105B04) face aux diff\u00e9rentes conditions atmosph\u00e9riques, en rapport aussi avec les diff\u00e9rentes r\u00e9actions des tissus et mat\u00e9riaux utilis\u00e9s.<br \/>\n5. La r\u00e9sistance \u00e0 la lumi\u00e8re (ISO 105B02) permettant de contraster les premi\u00e8res lueurs de l&rsquo;aube ainsi que les lumi\u00e8res nocturnes.<br \/>\n6. Le poids (ISO 3801) du tissu permettant une meilleure isolation, sans n\u00e9gliger le volume qu&rsquo;occupe le tissu lorsque il est repli\u00e9.<br \/>\n7. La facilit\u00e9 d&rsquo;entretien et la propret\u00e9 des tissus.[\/vc_column_text][\/vc_column][\/vc_row][vc_row el_class=\u00a0\u00bbstory-skin-white row-90 mobileNoPadding\u00a0\u00bb][vc_column][vc_raw_html]JTNDYnIlM0UlMEElM0NoMiUzRUxBJTIwVkVSSVQlQzMlODklMjBTVVIlMjBMQSUyMFRSQU5TUElSQUJJTElUJUMzJTg5JTIwREVTJTIwTEVTJTIwVElTU1UlM0MlMkZoMiUzRSUwQSUzQ2JyJTNF[\/vc_raw_html][\/vc_column][\/vc_row][vc_row full_width=\u00a0\u00bbstretch_row\u00a0\u00bb el_class=\u00a0\u00bbstory-skin-white\u00a0\u00bb css=\u00a0\u00bb.vc_custom_1480588578657{padding-right: 5% !important;padding-left: 5% !important;}\u00a0\u00bb][vc_column width=\u00a0\u00bb1\/2&Prime; offset=\u00a0\u00bbvc_hidden-sm vc_hidden-xs\u00a0\u00bb][vc_single_image image=\u00a0\u00bb27945&Prime; img_size=\u00a0\u00bbfull\u00a0\u00bb el_class=\u00a0\u00bbmb0&Prime; css=\u00a0\u00bb.vc_custom_1513183000671{padding-right: 1px !important;}\u00a0\u00bb][vc_column_text]<strong>Transpirabilit\u00e9<\/strong><br \/>\nDralon Tissu: mm\/s 23,1<br \/>\nK100-K200 Tissu: mm\/s 9,3[\/vc_column_text][\/vc_column][vc_column width=\u00a0\u00bb1\/2&Prime; offset=\u00a0\u00bbvc_hidden-sm vc_hidden-xs\u00a0\u00bb][vc_single_image image=\u00a0\u00bb27950&Prime; img_size=\u00a0\u00bbfull\u00a0\u00bb el_class=\u00a0\u00bbmb0&Prime; css=\u00a0\u00bb.vc_custom_1513183011462{padding-left: 1px !important;}\u00a0\u00bb][vc_column_text]<strong>Transmission de la vapeur d&rsquo;eau\u00a0<\/strong><br \/>\nAirtex Tissu: g\/m\u00b2\/24hrs: 440[\/vc_column_text][\/vc_column][\/vc_row][vc_row full_width=\u00a0\u00bbstretch_row\u00a0\u00bb el_class=\u00a0\u00bbstory-skin-white\u00a0\u00bb css=\u00a0\u00bb.vc_custom_1480588578657{padding-right: 5% !important;padding-left: 5% !important;}\u00a0\u00bb][vc_column offset=\u00a0\u00bbvc_hidden-lg vc_hidden-md\u00a0\u00bb][vc_single_image image=\u00a0\u00bb47087&Prime; img_size=\u00a0\u00bbfull\u00a0\u00bb el_class=\u00a0\u00bbmb0&Prime; css=\u00a0\u00bb.vc_custom_1587655533755{padding-right: 1px !important;}\u00a0\u00bb][vc_column_text]<strong>Transpirabilit\u00e9<\/strong><br \/>\nDralon Tissu: mm\/s 23,1<br \/>\nK100-K200 Tissu: mm\/s 9,3[\/vc_column_text][\/vc_column][vc_column offset=\u00a0\u00bbvc_hidden-lg vc_hidden-md\u00a0\u00bb][vc_single_image image=\u00a0\u00bb47091&Prime; img_size=\u00a0\u00bbfull\u00a0\u00bb el_class=\u00a0\u00bbmb0&Prime; css=\u00a0\u00bb.vc_custom_1587655546199{padding-left: 1px !important;}\u00a0\u00bb][vc_column_text]<strong>Transmission de la vapeur d&rsquo;eau\u00a0<\/strong><br \/>\nAirtex Tissu: g\/m\u00b2\/24hrs: 440[\/vc_column_text][\/vc_column][\/vc_row][vc_row el_class=\u00a0\u00bbstory-skin-white row-90&Prime;][vc_column][vc_column_text]Tous affirment que leurs tissus sont transpirants mais il existe une m\u00e9thode simple et rapide pour d\u00e9couvrir la v\u00e9rit\u00e9 et comprendre ce que l&rsquo;on ach\u00e8te.<br \/>\nApprochez-vous de la tente, prenez un pan de tissu, d&rsquo;une main collez-le parfaitement contre votre bouche et soufflez dedans avec force.<br \/>\nSi vous sentez l&rsquo;air dans la paume de votre de votre main, cela signifie que le tissu est transpirant. Un autre \u00e9l\u00e9ment tout aussi fondamental est la vitesse de transmission de la vapeur d&rsquo;eau du tissu, qui ne doit pas \u00eatre inf\u00e9rieur \u00e0 350 g\/m\u00b2\/24hrs. Seules une grande transpirabilit\u00e9 ou une excellente vitesse de transmission de la vapeur d&rsquo;eau sont en en mesure de limiter efficacement la formation d&rsquo;humidit\u00e9 \u00e0 l&rsquo;int\u00e9rieur de la tente, garantissant ainsi un environnement plus frais et salutaire. Prenez garde \u00e0 bien choisir![\/vc_column_text][\/vc_column][\/vc_row][vc_row el_class=\u00a0\u00bbstory-skin-white row-90 mobileNoPadding\u00a0\u00bb][vc_column][vc_raw_html]JTNDYnIlM0UlMEElM0NoMiUzRVRFWFRJTEUlMjBDT01QQVJBVElWRSUzQyUyRmgyJTNFJTBBJTNDYnIlM0U=[\/vc_raw_html][\/vc_column][\/vc_row][vc_row el_class=\u00a0\u00bbstory-skin-white row-90&Prime;][vc_column width=\u00a0\u00bb1\/3&Prime;][vc_single_image image=\u00a0\u00bb56391&Prime; img_size=\u00a0\u00bbfull\u00a0\u00bb][\/vc_column][vc_column width=\u00a0\u00bb1\/3&Prime;][vc_single_image image=\u00a0\u00bb56387&Prime; img_size=\u00a0\u00bbfull\u00a0\u00bb][\/vc_column][vc_column width=\u00a0\u00bb1\/3&Prime;][vc_single_image image=\u00a0\u00bb56383&Prime; img_size=\u00a0\u00bbfull\u00a0\u00bb][\/vc_column][\/vc_row]<\/p>\n","protected":false},"excerpt":{"rendered":"<p>[vc_row el_class=\u00a0\u00bbstory-skin-white first-row-noslider\u00a0\u00bb css=\u00a0\u00bb.vc_custom_1499768467636{padding-top: 78px !important;}\u00a0\u00bb][vc_column][\/vc_column][\/vc_row][vc_row el_class=\u00a0\u00bbstory-skin-white row-90 mobileNoPadding\u00a0\u00bb][vc_column][vc_raw_html]JTNDaDElM0VURVhUSUxFJTIwUkVQT1JUJTNDJTJGaDElM0UlMEElM0NoMyUzRSVDMyU4OVZBTFVBVElPTiUyMFFVQUxJVEFUSVZFJTIwREVTJTIwVElTU1VTJTIwQVVUT0hPTUUlM0ElM0MlMkZoMyUzRSUwQSUzQ2JyJTNF[\/vc_raw_html][\/vc_column][vc_column][vc_single_image image=\u00a0\u00bb56379&Prime; img_size=\u00a0\u00bbfull\u00a0\u00bb][\/vc_column][\/vc_row][vc_row el_class=\u00a0\u00bbstory-skin-white row-90&Prime;][vc_column][vc_column_text]Un tissu, afin d&rsquo;\u00eatre d\u00e9fini optimal, ne doit pas se limiter \u00e0 poss\u00e9der des<span class=\"excerpt-hellip\"> [\u2026]<\/span><\/p>\n","protected":false},"author":4,"featured_media":53723,"parent":14012,"menu_order":0,"comment_status":"closed","ping_status":"closed","template":"","meta":{"footnotes":""},"class_list":["post-14429","page","type-page","status-publish","has-post-thumbnail","hentry"],"yoast_head":"<!-- This site is optimized with the Yoast SEO Premium plugin v23.7 (Yoast SEO v23.7) - https:\/\/yoast.com\/wordpress\/plugins\/seo\/ -->\n<title>Caract\u00e9ristiques techniques des tissus des tentes de toit de voiture de la gamme Autohome.<\/title>\n<meta name=\"description\" content=\"Tissus de qualit\u00e9, imperm\u00e9ables et respirants, pour un confort optimal que seules la haute respirabilit\u00e9 et l&#039;\u00e9vacuation rapide de la vapeur d&#039;eau peuvent offrir.\" \/>\n<meta name=\"robots\" content=\"index, follow, max-snippet:-1, max-image-preview:large, max-video-preview:-1\" \/>\n<link rel=\"canonical\" href=\"https:\/\/www.autohome-official.com\/fr\/produits\/textile-report\/\" \/>\n<meta property=\"og:locale\" content=\"fr_FR\" \/>\n<meta property=\"og:type\" content=\"article\" \/>\n<meta property=\"og:title\" content=\"Textile Report - Autohome\" \/>\n<meta property=\"og:description\" content=\"JTNDaDElM0VURVhUSUxFJTIwUkVQT1JUJTNDJTJGaDElM0UlMEElM0NoMyUzRSVDMyU4OVZBTFVBVElPTiUyMFFVQUxJVEFUSVZFJTIwREVTJTIwVElTU1VTJTIwQVVUT0hPTUUlM0ElM0MlMkZoMyUzRSUw\" \/>\n<meta property=\"og:url\" content=\"https:\/\/www.autohome-official.com\/fr\/produits\/textile-report\/\" \/>\n<meta property=\"og:site_name\" content=\"Autohome\" \/>\n<meta property=\"article:publisher\" content=\"https:\/\/www.facebook.com\/Autohome.Official.Page\" \/>\n<meta property=\"article:modified_time\" content=\"2025-09-18T09:32:59+00:00\" \/>\n<meta property=\"og:image\" content=\"https:\/\/www.autohome-official.com\/wp-content\/uploads\/2021\/01\/Textile-Autohome-Official.jpg\" \/>\n\t<meta property=\"og:image:width\" content=\"800\" \/>\n\t<meta property=\"og:image:height\" content=\"533\" \/>\n\t<meta property=\"og:image:type\" content=\"image\/jpeg\" \/>\n<meta name=\"twitter:card\" content=\"summary_large_image\" \/>\n<meta name=\"twitter:label1\" content=\"Dur\u00e9e de lecture estim\u00e9e\" \/>\n\t<meta name=\"twitter:data1\" content=\"4 minutes\" \/>\n<script type=\"application\/ld+json\" class=\"yoast-schema-graph\">{\"@context\":\"https:\/\/schema.org\",\"@graph\":[{\"@type\":\"WebPage\",\"@id\":\"https:\/\/www.autohome-official.com\/fr\/produits\/textile-report\/\",\"url\":\"https:\/\/www.autohome-official.com\/fr\/produits\/textile-report\/\",\"name\":\"Caract\u00e9ristiques techniques des tissus des tentes de toit de voiture de la gamme Autohome.\",\"isPartOf\":{\"@id\":\"https:\/\/www.autohome-official.com\/#website\"},\"primaryImageOfPage\":{\"@id\":\"https:\/\/www.autohome-official.com\/fr\/produits\/textile-report\/#primaryimage\"},\"image\":{\"@id\":\"https:\/\/www.autohome-official.com\/fr\/produits\/textile-report\/#primaryimage\"},\"thumbnailUrl\":\"https:\/\/www.autohome-official.com\/wp-content\/uploads\/2021\/01\/Textile-Autohome-Official.jpg\",\"datePublished\":\"2016-12-01T09:51:26+00:00\",\"dateModified\":\"2025-09-18T09:32:59+00:00\",\"description\":\"Tissus de qualit\u00e9, imperm\u00e9ables et respirants, pour un confort optimal que seules la haute respirabilit\u00e9 et l'\u00e9vacuation rapide de la vapeur d'eau peuvent offrir.\",\"breadcrumb\":{\"@id\":\"https:\/\/www.autohome-official.com\/fr\/produits\/textile-report\/#breadcrumb\"},\"inLanguage\":\"fr-FR\",\"potentialAction\":[{\"@type\":\"ReadAction\",\"target\":[\"https:\/\/www.autohome-official.com\/fr\/produits\/textile-report\/\"]}]},{\"@type\":\"ImageObject\",\"inLanguage\":\"fr-FR\",\"@id\":\"https:\/\/www.autohome-official.com\/fr\/produits\/textile-report\/#primaryimage\",\"url\":\"https:\/\/www.autohome-official.com\/wp-content\/uploads\/2021\/01\/Textile-Autohome-Official.jpg\",\"contentUrl\":\"https:\/\/www.autohome-official.com\/wp-content\/uploads\/2021\/01\/Textile-Autohome-Official.jpg\",\"width\":800,\"height\":533,\"caption\":\"Textile Autohome Official\"},{\"@type\":\"BreadcrumbList\",\"@id\":\"https:\/\/www.autohome-official.com\/fr\/produits\/textile-report\/#breadcrumb\",\"itemListElement\":[{\"@type\":\"ListItem\",\"position\":1,\"name\":\"Home\",\"item\":\"https:\/\/www.autohome-official.com\/fr\/\"},{\"@type\":\"ListItem\",\"position\":2,\"name\":\"Produits\",\"item\":\"https:\/\/www.autohome-official.com\/fr\/produits\/\"},{\"@type\":\"ListItem\",\"position\":3,\"name\":\"Textile Report\"}]},{\"@type\":\"WebSite\",\"@id\":\"https:\/\/www.autohome-official.com\/#website\",\"url\":\"https:\/\/www.autohome-official.com\/\",\"name\":\"Autohome\",\"description\":\"Tende da tetto - Dachzelte - Roof Top Tents - Tentes de Toit\",\"publisher\":{\"@id\":\"https:\/\/www.autohome-official.com\/#organization\"},\"alternateName\":\"Autohome Official\",\"potentialAction\":[{\"@type\":\"SearchAction\",\"target\":{\"@type\":\"EntryPoint\",\"urlTemplate\":\"https:\/\/www.autohome-official.com\/?s={search_term_string}\"},\"query-input\":{\"@type\":\"PropertyValueSpecification\",\"valueRequired\":true,\"valueName\":\"search_term_string\"}}],\"inLanguage\":\"fr-FR\"},{\"@type\":\"Organization\",\"@id\":\"https:\/\/www.autohome-official.com\/#organization\",\"name\":\"Autohome\",\"alternateName\":\"Autohome Official\",\"url\":\"https:\/\/www.autohome-official.com\/\",\"logo\":{\"@type\":\"ImageObject\",\"inLanguage\":\"fr-FR\",\"@id\":\"https:\/\/www.autohome-official.com\/#\/schema\/logo\/image\/\",\"url\":\"https:\/\/www.autohome-official.com\/wp-content\/uploads\/2026\/02\/Maggiolina-Autohome-logo.jpg\",\"contentUrl\":\"https:\/\/www.autohome-official.com\/wp-content\/uploads\/2026\/02\/Maggiolina-Autohome-logo.jpg\",\"width\":512,\"height\":512,\"caption\":\"Autohome\"},\"image\":{\"@id\":\"https:\/\/www.autohome-official.com\/#\/schema\/logo\/image\/\"},\"sameAs\":[\"https:\/\/www.facebook.com\/Autohome.Official.Page\",\"https:\/\/www.instagram.com\/autohome_official\/\",\"http:\/\/www.youtube.com\/user\/AutohomeOfficial\"],\"description\":\"Le prime tende da tetto auto al mondo, prodotte in Italia dal 1958.\",\"email\":\"info@autohome.it\",\"telephone\":\"0039 0376 99590\",\"legalName\":\"Zifer Italia SRL\",\"vatID\":\"IT01329850208\"}]}<\/script>\n<!-- \/ Yoast SEO Premium plugin. -->","yoast_head_json":{"title":"Caract\u00e9ristiques techniques des tissus des tentes de toit de voiture de la gamme Autohome.","description":"Tissus de qualit\u00e9, imperm\u00e9ables et respirants, pour un confort optimal que seules la haute respirabilit\u00e9 et l'\u00e9vacuation rapide de la vapeur d'eau peuvent offrir.","robots":{"index":"index","follow":"follow","max-snippet":"max-snippet:-1","max-image-preview":"max-image-preview:large","max-video-preview":"max-video-preview:-1"},"canonical":"https:\/\/www.autohome-official.com\/fr\/produits\/textile-report\/","og_locale":"fr_FR","og_type":"article","og_title":"Textile Report - Autohome","og_description":"JTNDaDElM0VURVhUSUxFJTIwUkVQT1JUJTNDJTJGaDElM0UlMEElM0NoMyUzRSVDMyU4OVZBTFVBVElPTiUyMFFVQUxJVEFUSVZFJTIwREVTJTIwVElTU1VTJTIwQVVUT0hPTUUlM0ElM0MlMkZoMyUzRSUw","og_url":"https:\/\/www.autohome-official.com\/fr\/produits\/textile-report\/","og_site_name":"Autohome","article_publisher":"https:\/\/www.facebook.com\/Autohome.Official.Page","article_modified_time":"2025-09-18T09:32:59+00:00","og_image":[{"width":800,"height":533,"url":"https:\/\/www.autohome-official.com\/wp-content\/uploads\/2021\/01\/Textile-Autohome-Official.jpg","type":"image\/jpeg"}],"twitter_card":"summary_large_image","twitter_misc":{"Dur\u00e9e de lecture estim\u00e9e":"4 minutes"},"schema":{"@context":"https:\/\/schema.org","@graph":[{"@type":"WebPage","@id":"https:\/\/www.autohome-official.com\/fr\/produits\/textile-report\/","url":"https:\/\/www.autohome-official.com\/fr\/produits\/textile-report\/","name":"Caract\u00e9ristiques techniques des tissus des tentes de toit de voiture de la gamme Autohome.","isPartOf":{"@id":"https:\/\/www.autohome-official.com\/#website"},"primaryImageOfPage":{"@id":"https:\/\/www.autohome-official.com\/fr\/produits\/textile-report\/#primaryimage"},"image":{"@id":"https:\/\/www.autohome-official.com\/fr\/produits\/textile-report\/#primaryimage"},"thumbnailUrl":"https:\/\/www.autohome-official.com\/wp-content\/uploads\/2021\/01\/Textile-Autohome-Official.jpg","datePublished":"2016-12-01T09:51:26+00:00","dateModified":"2025-09-18T09:32:59+00:00","description":"Tissus de qualit\u00e9, imperm\u00e9ables et respirants, pour un confort optimal que seules la haute respirabilit\u00e9 et l'\u00e9vacuation rapide de la vapeur d'eau peuvent offrir.","breadcrumb":{"@id":"https:\/\/www.autohome-official.com\/fr\/produits\/textile-report\/#breadcrumb"},"inLanguage":"fr-FR","potentialAction":[{"@type":"ReadAction","target":["https:\/\/www.autohome-official.com\/fr\/produits\/textile-report\/"]}]},{"@type":"ImageObject","inLanguage":"fr-FR","@id":"https:\/\/www.autohome-official.com\/fr\/produits\/textile-report\/#primaryimage","url":"https:\/\/www.autohome-official.com\/wp-content\/uploads\/2021\/01\/Textile-Autohome-Official.jpg","contentUrl":"https:\/\/www.autohome-official.com\/wp-content\/uploads\/2021\/01\/Textile-Autohome-Official.jpg","width":800,"height":533,"caption":"Textile Autohome Official"},{"@type":"BreadcrumbList","@id":"https:\/\/www.autohome-official.com\/fr\/produits\/textile-report\/#breadcrumb","itemListElement":[{"@type":"ListItem","position":1,"name":"Home","item":"https:\/\/www.autohome-official.com\/fr\/"},{"@type":"ListItem","position":2,"name":"Produits","item":"https:\/\/www.autohome-official.com\/fr\/produits\/"},{"@type":"ListItem","position":3,"name":"Textile Report"}]},{"@type":"WebSite","@id":"https:\/\/www.autohome-official.com\/#website","url":"https:\/\/www.autohome-official.com\/","name":"Autohome","description":"Tende da tetto - Dachzelte - Roof Top Tents - Tentes de Toit","publisher":{"@id":"https:\/\/www.autohome-official.com\/#organization"},"alternateName":"Autohome Official","potentialAction":[{"@type":"SearchAction","target":{"@type":"EntryPoint","urlTemplate":"https:\/\/www.autohome-official.com\/?s={search_term_string}"},"query-input":{"@type":"PropertyValueSpecification","valueRequired":true,"valueName":"search_term_string"}}],"inLanguage":"fr-FR"},{"@type":"Organization","@id":"https:\/\/www.autohome-official.com\/#organization","name":"Autohome","alternateName":"Autohome Official","url":"https:\/\/www.autohome-official.com\/","logo":{"@type":"ImageObject","inLanguage":"fr-FR","@id":"https:\/\/www.autohome-official.com\/#\/schema\/logo\/image\/","url":"https:\/\/www.autohome-official.com\/wp-content\/uploads\/2026\/02\/Maggiolina-Autohome-logo.jpg","contentUrl":"https:\/\/www.autohome-official.com\/wp-content\/uploads\/2026\/02\/Maggiolina-Autohome-logo.jpg","width":512,"height":512,"caption":"Autohome"},"image":{"@id":"https:\/\/www.autohome-official.com\/#\/schema\/logo\/image\/"},"sameAs":["https:\/\/www.facebook.com\/Autohome.Official.Page","https:\/\/www.instagram.com\/autohome_official\/","http:\/\/www.youtube.com\/user\/AutohomeOfficial"],"description":"Le prime tende da tetto auto al mondo, prodotte in Italia dal 1958.","email":"info@autohome.it","telephone":"0039 0376 99590","legalName":"Zifer Italia SRL","vatID":"IT01329850208"}]}},"_links":{"self":[{"href":"https:\/\/www.autohome-official.com\/fr\/wp-json\/wp\/v2\/pages\/14429"}],"collection":[{"href":"https:\/\/www.autohome-official.com\/fr\/wp-json\/wp\/v2\/pages"}],"about":[{"href":"https:\/\/www.autohome-official.com\/fr\/wp-json\/wp\/v2\/types\/page"}],"author":[{"embeddable":true,"href":"https:\/\/www.autohome-official.com\/fr\/wp-json\/wp\/v2\/users\/4"}],"replies":[{"embeddable":true,"href":"https:\/\/www.autohome-official.com\/fr\/wp-json\/wp\/v2\/comments?post=14429"}],"version-history":[{"count":1,"href":"https:\/\/www.autohome-official.com\/fr\/wp-json\/wp\/v2\/pages\/14429\/revisions"}],"predecessor-version":[{"id":79703,"href":"https:\/\/www.autohome-official.com\/fr\/wp-json\/wp\/v2\/pages\/14429\/revisions\/79703"}],"up":[{"embeddable":true,"href":"https:\/\/www.autohome-official.com\/fr\/wp-json\/wp\/v2\/pages\/14012"}],"wp:featuredmedia":[{"embeddable":true,"href":"https:\/\/www.autohome-official.com\/fr\/wp-json\/wp\/v2\/media\/53723"}],"wp:attachment":[{"href":"https:\/\/www.autohome-official.com\/fr\/wp-json\/wp\/v2\/media?parent=14429"}],"curies":[{"name":"wp","href":"https:\/\/api.w.org\/{rel}","templated":true}]}}