{"id":16228,"date":"2017-07-09T23:37:49","date_gmt":"2017-07-09T21:37:49","guid":{"rendered":"https:\/\/www.autohome-official.com\/?page_id=16228\/"},"modified":"2026-04-07T07:18:40","modified_gmt":"2026-04-07T05:18:40","slug":"jucy","status":"publish","type":"page","link":"https:\/\/www.autohome-official.com\/fr\/experience\/jucy\/","title":{"rendered":"JUCY"},"content":{"rendered":"<p>[vc_row full_width=\u00a0\u00bbstretch_row\u00a0\u00bb equal_height=\u00a0\u00bbyes\u00a0\u00bb el_class=\u00a0\u00bbmb0 story-skin-white\u00a0\u00bb][vc_column offset=\u00a0\u00bbvc_hidden-sm\u00a0\u00bb]<pre><span><span><a href=\"https:\/\/www.autohome-official.com\/fr\/\">Home<\/a><\/span><\/span><\/pre>\n[\/vc_column][\/vc_row][vc_row full_width=\u00a0\u00bbstretch_row\u00a0\u00bb equal_height=\u00a0\u00bbyes\u00a0\u00bb el_class=\u00a0\u00bbmb0 story-skin-white\u00a0\u00bb][vc_column offset=\u00a0\u00bbvc_hidden-sm\u00a0\u00bb][vc_raw_html el_class=\u00a0\u00bbcustom-CMS-paragraph\u00a0\u00bb]JTNDaDIlM0VBVVRPSE9NRSUyMFBPVVIlMjBKVUNZJTNDJTJGaDIlM0UlMEElMEElM0NwJTNFJTBBJTNDYiUzRVVORSUyMFZSQUlFJTIwSElTVE9JUkUlMkMlMjBVTkUlMjBISVNUT0lSRSUyMFZSQUlFJTIwJTIxJTNDJTJGYiUzRSUwQSUzQ2JyJTJGJTNFJTBBQXZlYyUyMEpVQ1klMkMlMjBub3VzJTIwcHJvbW91dm9ucyUyMGwlRTIlODAlOTlhbXVzZW1lbnQlMkMlMjBsJTI3YXZlbnR1cmUlMjBldCUyMGxlJTIwdm95YWdlLiUyME5vdXMlMjBzb21tZXMlMjBmaWVycyUyMGQlMjdvZmZyaXIlMjBkZXMlMjBleHAlQzMlQTlyaWVuY2VzJTIwZGUlMjB2b3lhZ2UlMjB1bmlxdWVzJTIwZXQlMjBwYXNzaW9ubmFudGVzLiUwQSUzQ2JyJTJGJTNFJTBBJTNDYnIlMkYlM0UlMEElM0NiJTNFSElTVE9JUkUlM0MlMkZiJTNFJTBBJTNDYnIlMkYlM0UlMEFKVUNZJTIwZXN0JTIwbiVDMyVBOWUlMjBlbiUyMDIwMDElMjAlQzMlQTAlMjBBdWNrbGFuZCUyQyUyMGVuJTIwTm91dmVsbGUtWiVDMyVBOWxhbmRlJTJDJTIwYXZlYyUyMHNldWxlbWVudCUyMDM1JTIwdm9pdHVyZXMlMjAlQzMlQTAlMjBsb3Vlci4lMjBBdWpvdXJkJTI3aHVpJTJDJTIwbm91cyUyMGF2b25zJTIwcGx1cyUyMGRlJTIwMy44MDAlMjB2b2l0dXJlcyUyQyUyMCUyMmNhbXBhcyUyMiUyMGV0JTIwY2FtcGluZy1jYXJzJTIwZW4lMjBBdXN0cmFsaWUlMkMlMjBlbiUyME5vdXZlbGxlLVolQzMlQTlsYW5kZSUyMGV0JTIwYXV4JTIwJUMzJTg5dGF0cy1VbmlzLiUyMEVuJTIwTm91dmVsbGUtWiVDMyVBOWxhbmRlJTJDJTIwbm91cyUyMG9yZ2FuaXNvbnMlMjAlQzMlQTlnYWxlbWVudCUyMGRlcyUyMGNyb2lzaSVDMyVBOHJlcyUyMGF2ZWMlMjBKVUNZJTIwTWlsZm9yZCUyMFNvdW5kJTIwZXQlMjBKVUNZJTIwU25vb3plJTIwQWNjb21vZGF0aW9uJTIwJUMzJUEwJTIwQXVja2xhbmQlMjBldCUyMENocmlzdGNodXJjaCUyQyUyMGV0JTIwJUMzJUEwJTIwUXVlZW5zdG93biUyMG5vdXMlMjB0cmF2YWlsbG9ucyUyMHN1ciUyMGxhJTIwcm91dGUlMjElMjElMEElM0NiciUyRiUzRSUwQU1hbGdyJUMzJUE5JTIwY2V0dGUlMjBjcm9pc3NhbmNlJTIwZXh0cmFvcmRpbmFpcmUlMkMlMjBub3VzJTIwcmVzdG9ucyUyMHVuZSUyMGVudHJlcHJpc2UlMjBmYW1pbGlhbGUlMkMlMjBkJUMzJUE5dGVudWUlMjBldCUyMGclQzMlQTlyJUMzJUE5ZSUyMHBhciUyMGxlcyUyMGZyJUMzJUE4cmVzJTIwVGltJTIwZXQlMjBEYW4lMjBBbHBlJTJDJTIwcXVpJTIwYWRvcHRlbnQlMjB0b3Vqb3VycyUyMHVuZSUyMGFwcHJvY2hlJTIwcHJhdGlxdWUlMjBlbiUyMHRhbnQlMjBxdWUlMjBDaGVmJTIwSlVDSUZJRVIlMjBldCUyMERpcmVjdGV1ciUyMGRlJTIwbCUyN2V4cGxvaXRhdGlvbi4lMEElM0MlMkZwJTNF[\/vc_raw_html][\/vc_column][\/vc_row][vc_row full_width=\u00a0\u00bbstretch_row\u00a0\u00bb equal_height=\u00a0\u00bbyes\u00a0\u00bb el_class=\u00a0\u00bbmb0 story-skin-white\u00a0\u00bb][vc_column width=\u00a0\u00bb1\/3&Prime;][vc_single_image image=\u00a0\u00bb82087&Prime; img_size=\u00a0\u00bbfull\u00a0\u00bb][\/vc_column][vc_column width=\u00a0\u00bb2\/3&Prime; offset=\u00a0\u00bbvc_hidden-xs\u00a0\u00bb][vc_single_image image=\u00a0\u00bb82055&Prime; img_size=\u00a0\u00bbfull\u00a0\u00bb][\/vc_column][\/vc_row][vc_row full_width=\u00a0\u00bbstretch_row\u00a0\u00bb equal_height=\u00a0\u00bbyes\u00a0\u00bb content_placement=\u00a0\u00bbmiddle\u00a0\u00bb el_class=\u00a0\u00bbmb0 story-skin-white\u00a0\u00bb][vc_column el_class=\u00a0\u00bbstory-skin-white\u00a0\u00bb][vc_raw_html 0=\u00a0\u00bb\u00a0\u00bb el_class=\u00a0\u00bbcustom-CMS-paragraph\u00a0\u00bb]JTNDcCUzRSUzQ2IlM0VNYXJxdWUlM0MlMkZzcGFuJTNFJTNDJTJGYiUzRSUzQ2JyJTIwJTJGJTNFJTBBTm90cmUlMjBvYmplY3RpZiUyMGVzdCUyMGRlJTIwZG9ubmVyJTIwJTIybGUlMjBjaGVtaW4lMjIlMjBhdXglMjB2b3lhZ2V1cnMuJTIwTm90cmUlMjBtYXJxdWUlMjBwJUMzJUE5dGlsbGFudGUlMjBldCUyMGFtdXNhbnRlJTIwZXN0JTIwdW4lMjBub20lMjBxdWklMkMlMjBlbiUyMEF1c3RyYWxpZSUyQyUyMCVDMyVBOXZvcXVlJTIwbGVzJTIwZmFtaWxsZXMlMjBlbiUyMHZveWFnZSUyMGV0JTIwbm90cmUlMjBtaXNzaW9uJTIwZXN0JTIwY2VsbGUlMjBkZSUyMHBlaW5kcmUlMjBsZSUyMG1vbmRlJTIwZW4lMjB2ZXJ0JTIwZXQlMjBlbiUyMHZpb2xldCUyMSUwQSUzQ2JyJTJGJTNFJTBBSlVDWSUyMGNvbm5lY3RlJTIwdW5lJTIwY29tbXVuYXV0JUMzJUE5JTIwZGUlMjB2b3lhZ2V1cnMlMjBhdmVjJTIwcGx1cyUyMGRlJTIwODguMDAwJTIwZmFucyUyMHN1ciUyMEZhY2Vib29rJTJDJTIwcGx1cyUyMGRlJTIwMjEuMDAwJTIwc3VyJTIwSW5zdGFncmFtJTJDJTIwcGx1cyUyMGRlJTIwMiUyMG1pbGxpb25zJTIwZGUlMjB2dWVzJTIwc3VyJTIwWW91VHViZS4lMEElM0MlMkZwJTNF[\/vc_raw_html][\/vc_column][\/vc_row][vc_row full_width=\u00a0\u00bbstretch_row\u00a0\u00bb equal_height=\u00a0\u00bbyes\u00a0\u00bb el_class=\u00a0\u00bbmb0 story-skin-white\u00a0\u00bb][vc_column width=\u00a0\u00bb2\/3&Prime; offset=\u00a0\u00bbvc_hidden-xs\u00a0\u00bb][vc_single_image image=\u00a0\u00bb82071&Prime; img_size=\u00a0\u00bbfull\u00a0\u00bb][\/vc_column][vc_column width=\u00a0\u00bb1\/3&Prime;][vc_single_image image=\u00a0\u00bb82091&Prime; img_size=\u00a0\u00bbfull\u00a0\u00bb][\/vc_column][\/vc_row][vc_row full_width=\u00a0\u00bbstretch_row\u00a0\u00bb equal_height=\u00a0\u00bbyes\u00a0\u00bb el_class=\u00a0\u00bbmb0 story-skin-white\u00a0\u00bb][vc_column el_class=\u00a0\u00bbwhite-arrow-left-on-640&Prime; offset=\u00a0\u00bbvc_hidden-sm vc_hidden-xs\u00a0\u00bb][vc_raw_html 0=\u00a0\u00bb\u00a0\u00bb el_class=\u00a0\u00bbcustom-CMS-paragraph\u00a0\u00bb]JTNDcCUzRSUzQ2IlM0VWZWhpY3VsZXMlM0MlMkZiJTNFJTNDYnIlMjAlMkYlM0UlMEFOb3VzJTIwc29tbWVzJTIwY29ubnVzJTIwc3VydG91dCUyMHBvdXIlMjBub3RyZSUyMGdhbW1lJTIwZGUlMjBjYW1waW5nLWNhcnMlMjBldCUyMGRlJTIwbWluaS1jYW1waW5nLWNhcnMlMjAlMjhub3VzJTIwbGVzJTIwYXBwZWxvbnMlMjAlMjJjYW1wYXMlMjIlMjklM0ElMjBkZXMlMjB2JUMzJUE5aGljdWxlcyUyMGlubm92YW50cyUyQyUyMGJpZW4lMjAlQzMlQTlxdWlwJUMzJUE5cyUyQyUyMHZlcnRzJTIwZXQlMjB2aW9sZXRzLiUyME5vdXMlMjBsZXMlMjBjb25jZXZvbnMlMjBldCUyMGxlcyUyMGZhYnJpcXVvbnMlMjBkYW5zJTIwbm90cmUlMjBzaXRlJTIwZGUlMjBwcm9kdWN0aW9uJTIwZCUyN0F1Y2tsYW5kJTIwZXQlMjBkZSUyMExvcyUyMEFuZ2VsZXMlMkMlMjBhcHBlbCVDMyVBOWUlMjBKVUNZJTIwYnklMjBEZXNpZ24uJTIwRGUlMjBjZXR0ZSUyMGZhJUMzJUE3b24lMkMlMjBub3VzJTIwc29tbWVzJTIwZW4lMjBtZXN1cmUlMjBkZSUyMGNvbnRyJUMzJUI0bGVyJTIwbGElMjBxdWFsaXQlQzMlQTklMjBldCUyMGxhJTIwZm9uY3Rpb25uYWxpdCVDMyVBOSUyMGRlJTIwbm9zJTIwcHJvZHVpdHMlMjBkJUMzJUE4cyUyMGxlcyUyMHByZW1pJUMzJUE4cmVzJTIwJUMzJUE5dGFwZXMuJTIwJTBBJTNDYnIlMkYlM0UlMEFVbmUlMjBhdmVudHVyZSUyMEpVQ1klMjBjb21tZW5jZSUyMGF2ZWMlMjBuJUUyJTgwJTk5aW1wb3J0ZSUyMHF1ZWwlMjB2JUMzJUE5aGljdWxlJTIwdm91cyUyMGNob2lzaXNzZXolMjBwYXJtaSUyMG5vdHJlJTIwbGFyZ2UlMjBnYW1tZSUzQSUyMHZvaXR1cmVzJTJDJTIwY2FtcGluZy1jYXJzJTIwb3UlMjBjYW1wYXMlMjBwYXJmYWl0cyUyMHBvdXIlMjBsZSUyMHZveWFnZXVyJTIwYXZlbnR1cmV1eCUyMGV0JTIwYXR0ZW50aWYlMjAlQzMlQTAlMjBzb24lMjBidWRnZXQlMjElMEElM0MlMkZwJTNF[\/vc_raw_html][\/vc_column][\/vc_row][vc_row full_width=\u00a0\u00bbstretch_row\u00a0\u00bb equal_height=\u00a0\u00bbyes\u00a0\u00bb el_class=\u00a0\u00bbmb0 story-skin-white\u00a0\u00bb][vc_column width=\u00a0\u00bb1\/3&Prime;][vc_single_image image=\u00a0\u00bb82095&Prime; img_size=\u00a0\u00bbfull\u00a0\u00bb][\/vc_column][vc_column width=\u00a0\u00bb2\/3&Prime; offset=\u00a0\u00bbvc_hidden-xs\u00a0\u00bb][vc_single_image image=\u00a0\u00bb82063&Prime; img_size=\u00a0\u00bbfull\u00a0\u00bb][\/vc_column][\/vc_row][vc_row full_width=\u00a0\u00bbstretch_row\u00a0\u00bb equal_height=\u00a0\u00bbyes\u00a0\u00bb content_placement=\u00a0\u00bbmiddle\u00a0\u00bb el_class=\u00a0\u00bbmb0 story-skin-white\u00a0\u00bb][vc_column el_class=\u00a0\u00bbstory-skin-white\u00a0\u00bb][vc_raw_html 0=\u00a0\u00bb\u00a0\u00bb el_class=\u00a0\u00bbcustom-CMS-paragraph\u00a0\u00bb]JTNDcCUzRSUzQ2IlM0VDbGllc250cyUzQyUyRmIlM0UlM0NiciUyMCUyRiUzRSUwQSUwQU5vdXMlMjBzb21tZXMlMjBsYSUyMG1hcnF1ZSUyMGRlJTIwciVDMyVBOWYlQzMlQTlyZW5jZSUyMHBvdXIlMjBsZXMlMjB2b3lhZ2V1cnMlMjBlbnRyZSUyMDE4JTIwZXQlMjAzNSUyMGFucy4lMjBRdWUlMjB2b3VzJTIwc295ZXolMjByJUMzJUE5ZWxsZW1lbnQlMjBqZXVuZSUyMG91JTIwJUMyJUFCJTIwamV1bmUlMjAlQzMlQTAlMjBqYW1haXMlMjAlQzIlQkIlMkMlMjB2b3VzJTIwdG9tYmVyZXolMjBhbW91cmV1eCUyMGR1JTIwc3R5bGUlMjBKVUNZLiUyMCUyMCUwQSUzQ2JyJTJGJTNFJTBBRW4lMjBjaG9pc2lzc2FudCUyMEpVQ1klMkMlMjB2b3VzJTIwYiVDMyVBOW4lQzMlQTlmaWNpZXJleiUyMGRlJTNBJTIwc2VydmljZSUyMGNsaWVudHMlMjBleGNlcHRpb25uZWwlMjBldCUyMGFtaWNhbCUyQyUyMGFzc2lzdGFuY2UlMjB0JUMzJUE5bCVDMyVBOXBob25pcXVlJTIwZ3JhdHVpdGUlMkMlMjBsaXZlJTIwY2hhdCUyQyUyMHNpdGVzJTIwV2ViJTIwZmFjaWxlbWVudCUyMGFjY2Vzc2libGVzJTJDJTIwb2ZmcmVzJTIwc3AlQzMlQTljaWFsZXMlMjBldCUyMHRvdXQlMjBjZSUyMGRvbnQlMjB2b3VzJTIwYXZleiUyMGJlc29pbiUyMHBvdXIlMjByZW5kcmUlMjB2b3RyZSUyMHZveWFnZSUyMHNwZWN0YWN1bGFpcmUlMjBkdSUyMGQlQzMlQTlidXQlMjAlQzMlQTAlMjBsYSUyMGZpbi4lMEElM0MlMkZwJTNF[\/vc_raw_html][\/vc_column][\/vc_row][vc_row full_width=\u00a0\u00bbstretch_row\u00a0\u00bb equal_height=\u00a0\u00bbyes\u00a0\u00bb el_class=\u00a0\u00bbmb0 story-skin-white\u00a0\u00bb][vc_column width=\u00a0\u00bb1\/3&Prime; offset=\u00a0\u00bbvc_hidden-xs\u00a0\u00bb][vc_single_image image=\u00a0\u00bb82015&Prime; img_size=\u00a0\u00bbfull\u00a0\u00bb][\/vc_column][vc_column width=\u00a0\u00bb1\/3&Prime; offset=\u00a0\u00bbvc_hidden-xs\u00a0\u00bb][vc_single_image image=\u00a0\u00bb82019&Prime; img_size=\u00a0\u00bbfull\u00a0\u00bb][\/vc_column][vc_column width=\u00a0\u00bb1\/3&Prime;][vc_single_image image=\u00a0\u00bb82023&Prime; img_size=\u00a0\u00bbfull\u00a0\u00bb][\/vc_column][\/vc_row][vc_row full_width=\u00a0\u00bbstretch_row\u00a0\u00bb equal_height=\u00a0\u00bbyes\u00a0\u00bb content_placement=\u00a0\u00bbmiddle\u00a0\u00bb el_class=\u00a0\u00bbmb0 story-skin-white\u00a0\u00bb][vc_column el_class=\u00a0\u00bbwhite-arrow-left-on-640&Prime; offset=\u00a0\u00bbvc_hidden-xs\u00a0\u00bb][vc_raw_html 0=\u00a0\u00bb\u00a0\u00bb el_class=\u00a0\u00bbcustom-CMS-paragraph\u00a0\u00bb]JTNDcCUzRSUzQ2IlM0VQZXJzb25uZWwlM0MlMkZiJTNFJTNDJTJGYnIlM0UlMEFKVUNZJTIwY29tcHRlJTIwcGx1cyUyMGRlJTIwMzIwJTIwY29sbGFib3JhdGV1cnMlMjBhbXVzYW50cyUyMGV0JTIwcCVDMyVBOXRpbGxhbnRzJTIwZGFucyUyMGxlJTIwYnV0JTIwZCUyN29yZ2FuaXNlciUyMHVuJTIwdm95YWdlJTIwYXZlYyUyMGxlJTIwJUMyJUFCViVDMiVCQiUyMG1hanVzY3VsZS4lMEElM0NiciUyRiUzRSUwQUxlJTIwcGVyc29ubmVsJTIwZGUlMjBKVUNZJTIwZXN0JTIwZXhwJUMzJUE5cmltZW50JUMzJUE5JTJDJTIwcGFzc2lvbm4lQzMlQTklMkMlMjBhbWljYWwlMjBldCUyMGNvbXAlQzMlQTl0ZW50LiUyMENoYWN1biUyMGQlMjdldXglMjB2aXQlMjBldCUyMHJlc3BpcmUlMjBxdW90aWRpZW5uZW1lbnQlMjBub3MlMjB2YWxldXJzJTNBJTIwQW11c2VtZW50JTJDJTIwRmFtaWxsZSUyQyUyMFBhc3Npb24lMkMlMjBGaWVydCVDMyVBOS4lMEElM0MlMkZwJTNFJTBB[\/vc_raw_html][\/vc_column][\/vc_row][vc_row full_width=\u00a0\u00bbstretch_row\u00a0\u00bb equal_height=\u00a0\u00bbyes\u00a0\u00bb el_class=\u00a0\u00bbmb0 story-skin-white\u00a0\u00bb][vc_column width=\u00a0\u00bb2\/3&Prime; offset=\u00a0\u00bbvc_hidden-xs\u00a0\u00bb][vc_single_image image=\u00a0\u00bb82059&Prime; img_size=\u00a0\u00bbfull\u00a0\u00bb][\/vc_column][vc_column width=\u00a0\u00bb1\/3&Prime;][vc_single_image image=\u00a0\u00bb82027&Prime; img_size=\u00a0\u00bbfull\u00a0\u00bb][\/vc_column][\/vc_row][vc_row full_width=\u00a0\u00bbstretch_row\u00a0\u00bb equal_height=\u00a0\u00bbyes\u00a0\u00bb el_class=\u00a0\u00bbmb0 story-skin-white\u00a0\u00bb][vc_column width=\u00a0\u00bb1\/3&Prime;][vc_single_image image=\u00a0\u00bb82031&Prime; img_size=\u00a0\u00bbfull\u00a0\u00bb][\/vc_column][vc_column width=\u00a0\u00bb2\/3&Prime; offset=\u00a0\u00bbvc_hidden-xs\u00a0\u00bb][vc_single_image image=\u00a0\u00bb82067&Prime; img_size=\u00a0\u00bbfull\u00a0\u00bb][\/vc_column][\/vc_row]<\/p>\n","protected":false},"excerpt":{"rendered":"<p>[vc_row full_width=\u00a0\u00bbstretch_row\u00a0\u00bb equal_height=\u00a0\u00bbyes\u00a0\u00bb el_class=\u00a0\u00bbmb0 story-skin-white\u00a0\u00bb][vc_column offset=\u00a0\u00bbvc_hidden-sm\u00a0\u00bb][\/vc_column][\/vc_row][vc_row full_width=\u00a0\u00bbstretch_row\u00a0\u00bb equal_height=\u00a0\u00bbyes\u00a0\u00bb el_class=\u00a0\u00bbmb0 story-skin-white\u00a0\u00bb][vc_column offset=\u00a0\u00bbvc_hidden-sm\u00a0\u00bb][vc_raw_html el_class=\u00a0\u00bbcustom-CMS-paragraph\u00a0\u00bb]JTNDaDIlM0VBVVRPSE9NRSUyMFBPVVIlMjBKVUNZJTNDJTJGaDIlM0UlMEElMEElM0NwJTNFJTBBJTNDYiUzRVVORSUyMFZSQUlFJTIwSElTVE9JUkUlMkMlMjBVTkUlMjBISVNUT0lSRSUyMFZSQUlFJTIwJTIxJTNDJTJGYiUzRSUwQSUzQ2JyJTJGJTNFJTBBQXZlYyUyMEpVQ1klMkMlMjBub3VzJTIwcHJvbW91dm9ucyUyMGwlRTIlODAlOTlhbXVzZW1lbnQlMkMlMjBsJTI3YXZlbnR1cmUlMjBldCUyMGxlJTIwdm95YWdlLiUyME5vdXMlMjBzb21tZXMlMjBmaWVycyUyMGQlMjdvZmZyaXIlMjBkZXMlMjBleHAlQzMlQTlyaWVuY2VzJTIwZGUlMjB2b3lhZ2UlMjB1bmlxdWVzJTIwZXQlMjBwYXNzaW9ubmFudGVzLiUwQSUzQ2JyJTJGJTNFJTBBJTNDYnIlMkYlM0UlMEElM0NiJTNFSElTVE9JUkUlM0MlMkZiJTNFJTBBJTNDYnIlMkYlM0UlMEFKVUNZJTIwZXN0JTIwbiVDMyVBOWUlMjBlbiUyMDIwMDElMjAlQzMlQTAlMjBBdWNrbGFuZCUyQyUyMGVuJTIwTm91dmVsbGUtWiVDMyVBOWxhbmRlJTJDJTIwYXZlYyUyMHNldWxlbWVudCUyMDM1JTIwdm9pdHVyZXMlMjAlQzMlQTAlMjBsb3Vlci4lMjBBdWpvdXJkJTI3aHVpJTJDJTIwbm91cyUyMGF2b25zJTIwcGx1cyUyMGRlJTIwMy44MDAlMjB2b2l0dXJlcyUyQyUyMCUyMmNhbXBhcyUyMiUyMGV0JTIwY2FtcGluZy1jYXJzJTIwZW4lMjBBdXN0cmFsaWUlMkMlMjBlbiUyME5vdXZlbGxlLVolQzMlQTlsYW5kZSUyMGV0JTIwYXV4JTIwJUMzJTg5dGF0cy1VbmlzLiUyMEVuJTIwTm91dmVsbGUtWiVDMyVBOWxhbmRlJTJDJTIwbm91cyUyMG9yZ2FuaXNvbnMlMjAlQzMlQTlnYWxlbWVudCUyMGRlcyUyMGNyb2lzaSVDMyVBOHJlcyUyMGF2ZWMlMjBKVUNZJTIwTWlsZm9yZCUyMFNvdW5kJTIwZXQlMjBKVUNZJTIwU25vb3plJTIwQWNjb21vZGF0aW9uJTIwJUMzJUEwJTIwQXVja2xhbmQlMjBldCUyMENocmlzdGNodXJjaCUyQyUyMGV0JTIwJUMzJUEwJTIwUXVlZW5zdG93biUyMG5vdXMlMjB0cmF2YWlsbG9ucyUyMHN1ciUyMGxhJTIwcm91dGUlMjElMjElMEElM0NiciUyRiUzRSUwQU1hbGdyJUMzJUE5JTIwY2V0dGUlMjBjcm9pc3NhbmNlJTIwZXh0cmFvcmRpbmFpcmUlMkMlMjBub3VzJTIwcmVzdG9ucyUyMHVuZSUyMGVudHJlcHJpc2UlMjBmYW1pbGlhbGUlMkMlMjBkJUMzJUE5dGVudWUlMjBldCUyMGclQzMlQTlyJUMzJUE5ZSUyMHBhciUyMGxlcyUyMGZyJUMzJUE4cmVzJTIwVGltJTIwZXQlMjBEYW4lMjBBbHBlJTJDJTIwcXVpJTIwYWRvcHRlbnQlMjB0b3Vqb3VycyUyMHVuZSUyMGFwcHJvY2hlJTIwcHJhdGlxdWUlMjBlbiUyMHRhbnQlMjBxdWUlMjBDaGVmJTIwSlVDSUZJRVIlMjBldCUyMERpcmVjdGV1ciUyMGRlJTIwbCUyN2V4cGxvaXRhdGlvbi4lMEElM0MlMkZwJTNF[\/vc_raw_html][\/vc_column][\/vc_row][vc_row full_width=\u00a0\u00bbstretch_row\u00a0\u00bb equal_height=\u00a0\u00bbyes\u00a0\u00bb el_class=\u00a0\u00bbmb0 story-skin-white\u00a0\u00bb][vc_column width=\u00a0\u00bb1\/3&Prime;][vc_single_image image=\u00a0\u00bb82087&Prime; img_size=\u00a0\u00bbfull\u00a0\u00bb][\/vc_column][vc_column width=\u00a0\u00bb2\/3&Prime; offset=\u00a0\u00bbvc_hidden-xs\u00a0\u00bb][vc_single_image image=\u00a0\u00bb82055&Prime; img_size=\u00a0\u00bbfull\u00a0\u00bb][\/vc_column][\/vc_row][vc_row full_width=\u00a0\u00bbstretch_row\u00a0\u00bb equal_height=\u00a0\u00bbyes\u00a0\u00bb content_placement=\u00a0\u00bbmiddle\u00a0\u00bb<span class=\"excerpt-hellip\"> [\u2026]<\/span><\/p>\n","protected":false},"author":2,"featured_media":53775,"parent":14755,"menu_order":0,"comment_status":"closed","ping_status":"closed","template":"template-experience.php","meta":{"footnotes":""},"class_list":["post-16228","page","type-page","status-publish","has-post-thumbnail","hentry"],"yoast_head":"<!-- This site is optimized with the Yoast SEO Premium plugin v23.7 (Yoast SEO v23.7) - https:\/\/yoast.com\/wordpress\/plugins\/seo\/ -->\n<title>JUCY - Autohome<\/title>\n<meta name=\"description\" content=\"Autohome pour Jucy. La tente de toit Maggiolina dot\u00e9e de coques couleur violet. Une longue histoire, une histoire vraie. Jucy met en avant le divertissement et l&#039;aventure. Exp\u00e9riences de voyage uniques et \u00e9motionnantes en Australie, aux \u00c9tats-Unis et en Nouvelle-Z\u00e9lande.\" \/>\n<meta name=\"robots\" content=\"index, follow, max-snippet:-1, max-image-preview:large, max-video-preview:-1\" \/>\n<link rel=\"canonical\" href=\"https:\/\/www.autohome-official.com\/fr\/experience\/jucy\/\" \/>\n<meta property=\"og:locale\" content=\"fr_FR\" \/>\n<meta property=\"og:type\" content=\"article\" \/>\n<meta property=\"og:title\" content=\"JUCY - Autohome Official\" \/>\n<meta property=\"og:description\" content=\"JTNDaDIlM0VBVVRPSE9NRSUyMFBPVVIlMjBKVUNZJTNDJTJGaDIlM0UlMEElMEElM0NwJTNFJTBBJTNDYiUzRVVORSUyMFZSQUlFJTIwSElTVE9JUkUlMkMlMjBVTkUlMjBISVNUT0lSRSUyMFZSQUlFJTIw\" \/>\n<meta property=\"og:url\" content=\"https:\/\/www.autohome-official.com\/fr\/experience\/jucy\/\" \/>\n<meta property=\"og:site_name\" content=\"Autohome Official\" \/>\n<meta property=\"article:publisher\" content=\"https:\/\/www.facebook.com\/Autohome.Official.Page\" \/>\n<meta property=\"article:modified_time\" content=\"2026-04-07T05:18:40+00:00\" \/>\n<meta property=\"og:image\" content=\"https:\/\/www.autohome-official.com\/wp-content\/uploads\/2021\/01\/Jucy-Autohome-Official.jpg\" \/>\n\t<meta property=\"og:image:width\" content=\"800\" \/>\n\t<meta property=\"og:image:height\" content=\"533\" \/>\n\t<meta property=\"og:image:type\" content=\"image\/jpeg\" \/>\n<meta name=\"twitter:card\" content=\"summary_large_image\" \/>\n<meta name=\"twitter:label1\" content=\"Dur\u00e9e de lecture estim\u00e9e\" \/>\n\t<meta name=\"twitter:data1\" content=\"4 minutes\" \/>\n<script type=\"application\/ld+json\" class=\"yoast-schema-graph\">{\"@context\":\"https:\/\/schema.org\",\"@graph\":[{\"@type\":\"WebPage\",\"@id\":\"https:\/\/www.autohome-official.com\/fr\/experience\/jucy\/\",\"url\":\"https:\/\/www.autohome-official.com\/fr\/experience\/jucy\/\",\"name\":\"JUCY - Autohome\",\"isPartOf\":{\"@id\":\"https:\/\/www.autohome-official.com\/#website\"},\"primaryImageOfPage\":{\"@id\":\"https:\/\/www.autohome-official.com\/fr\/experience\/jucy\/#primaryimage\"},\"image\":{\"@id\":\"https:\/\/www.autohome-official.com\/fr\/experience\/jucy\/#primaryimage\"},\"thumbnailUrl\":\"https:\/\/www.autohome-official.com\/wp-content\/uploads\/2021\/01\/Jucy-Autohome-Official.jpg\",\"datePublished\":\"2017-07-09T21:37:49+00:00\",\"dateModified\":\"2026-04-07T05:18:40+00:00\",\"description\":\"Autohome pour Jucy. La tente de toit Maggiolina dot\u00e9e de coques couleur violet. Une longue histoire, une histoire vraie. Jucy met en avant le divertissement et l'aventure. Exp\u00e9riences de voyage uniques et \u00e9motionnantes en Australie, aux \u00c9tats-Unis et en Nouvelle-Z\u00e9lande.\",\"breadcrumb\":{\"@id\":\"https:\/\/www.autohome-official.com\/fr\/experience\/jucy\/#breadcrumb\"},\"inLanguage\":\"fr-FR\",\"potentialAction\":[{\"@type\":\"ReadAction\",\"target\":[\"https:\/\/www.autohome-official.com\/fr\/experience\/jucy\/\"]}]},{\"@type\":\"ImageObject\",\"inLanguage\":\"fr-FR\",\"@id\":\"https:\/\/www.autohome-official.com\/fr\/experience\/jucy\/#primaryimage\",\"url\":\"https:\/\/www.autohome-official.com\/wp-content\/uploads\/2021\/01\/Jucy-Autohome-Official.jpg\",\"contentUrl\":\"https:\/\/www.autohome-official.com\/wp-content\/uploads\/2021\/01\/Jucy-Autohome-Official.jpg\",\"width\":800,\"height\":533,\"caption\":\"Jucy Autohome Official\"},{\"@type\":\"BreadcrumbList\",\"@id\":\"https:\/\/www.autohome-official.com\/fr\/experience\/jucy\/#breadcrumb\",\"itemListElement\":[{\"@type\":\"ListItem\",\"position\":1,\"name\":\"Home\",\"item\":\"https:\/\/www.autohome-official.com\/fr\/\"},{\"@type\":\"ListItem\",\"position\":2,\"name\":\"Experience\",\"item\":\"https:\/\/www.autohome-official.com\/fr\/experience\/\"},{\"@type\":\"ListItem\",\"position\":3,\"name\":\"JUCY\"}]},{\"@type\":\"WebSite\",\"@id\":\"https:\/\/www.autohome-official.com\/#website\",\"url\":\"https:\/\/www.autohome-official.com\/\",\"name\":\"Autohome\",\"description\":\"Tende da tetto - Dachzelte - Tentes de Toit - Roof Top Tents\",\"publisher\":{\"@id\":\"https:\/\/www.autohome-official.com\/#organization\"},\"alternateName\":\"Autohome Official\",\"potentialAction\":[{\"@type\":\"SearchAction\",\"target\":{\"@type\":\"EntryPoint\",\"urlTemplate\":\"https:\/\/www.autohome-official.com\/?s={search_term_string}\"},\"query-input\":{\"@type\":\"PropertyValueSpecification\",\"valueRequired\":true,\"valueName\":\"search_term_string\"}}],\"inLanguage\":\"fr-FR\"},{\"@type\":\"Organization\",\"@id\":\"https:\/\/www.autohome-official.com\/#organization\",\"name\":\"Autohome\",\"alternateName\":\"Autohome Official\",\"url\":\"https:\/\/www.autohome-official.com\/\",\"logo\":{\"@type\":\"ImageObject\",\"inLanguage\":\"fr-FR\",\"@id\":\"https:\/\/www.autohome-official.com\/#\/schema\/logo\/image\/\",\"url\":\"https:\/\/www.autohome-official.com\/wp-content\/uploads\/2026\/02\/Maggiolina-Autohome-logo.jpg\",\"contentUrl\":\"https:\/\/www.autohome-official.com\/wp-content\/uploads\/2026\/02\/Maggiolina-Autohome-logo.jpg\",\"width\":512,\"height\":512,\"caption\":\"Autohome\"},\"image\":{\"@id\":\"https:\/\/www.autohome-official.com\/#\/schema\/logo\/image\/\"},\"sameAs\":[\"https:\/\/www.facebook.com\/Autohome.Official.Page\",\"https:\/\/www.instagram.com\/autohome_official\/\",\"http:\/\/www.youtube.com\/user\/AutohomeOfficial\"],\"description\":\"Le prime tende da tetto auto al mondo, prodotte in Italia dal 1958.\",\"email\":\"info@autohome.it\",\"telephone\":\"0039 0376 99590\",\"legalName\":\"Zifer Italia SRL\",\"vatID\":\"IT01329850208\"}]}<\/script>\n<!-- \/ Yoast SEO Premium plugin. -->","yoast_head_json":{"title":"JUCY - Autohome","description":"Autohome pour Jucy. La tente de toit Maggiolina dot\u00e9e de coques couleur violet. Une longue histoire, une histoire vraie. Jucy met en avant le divertissement et l'aventure. Exp\u00e9riences de voyage uniques et \u00e9motionnantes en Australie, aux \u00c9tats-Unis et en Nouvelle-Z\u00e9lande.","robots":{"index":"index","follow":"follow","max-snippet":"max-snippet:-1","max-image-preview":"max-image-preview:large","max-video-preview":"max-video-preview:-1"},"canonical":"https:\/\/www.autohome-official.com\/fr\/experience\/jucy\/","og_locale":"fr_FR","og_type":"article","og_title":"JUCY - Autohome Official","og_description":"JTNDaDIlM0VBVVRPSE9NRSUyMFBPVVIlMjBKVUNZJTNDJTJGaDIlM0UlMEElMEElM0NwJTNFJTBBJTNDYiUzRVVORSUyMFZSQUlFJTIwSElTVE9JUkUlMkMlMjBVTkUlMjBISVNUT0lSRSUyMFZSQUlFJTIw","og_url":"https:\/\/www.autohome-official.com\/fr\/experience\/jucy\/","og_site_name":"Autohome Official","article_publisher":"https:\/\/www.facebook.com\/Autohome.Official.Page","article_modified_time":"2026-04-07T05:18:40+00:00","og_image":[{"width":800,"height":533,"url":"https:\/\/www.autohome-official.com\/wp-content\/uploads\/2021\/01\/Jucy-Autohome-Official.jpg","type":"image\/jpeg"}],"twitter_card":"summary_large_image","twitter_misc":{"Dur\u00e9e de lecture estim\u00e9e":"4 minutes"},"schema":{"@context":"https:\/\/schema.org","@graph":[{"@type":"WebPage","@id":"https:\/\/www.autohome-official.com\/fr\/experience\/jucy\/","url":"https:\/\/www.autohome-official.com\/fr\/experience\/jucy\/","name":"JUCY - Autohome","isPartOf":{"@id":"https:\/\/www.autohome-official.com\/#website"},"primaryImageOfPage":{"@id":"https:\/\/www.autohome-official.com\/fr\/experience\/jucy\/#primaryimage"},"image":{"@id":"https:\/\/www.autohome-official.com\/fr\/experience\/jucy\/#primaryimage"},"thumbnailUrl":"https:\/\/www.autohome-official.com\/wp-content\/uploads\/2021\/01\/Jucy-Autohome-Official.jpg","datePublished":"2017-07-09T21:37:49+00:00","dateModified":"2026-04-07T05:18:40+00:00","description":"Autohome pour Jucy. La tente de toit Maggiolina dot\u00e9e de coques couleur violet. Une longue histoire, une histoire vraie. Jucy met en avant le divertissement et l'aventure. Exp\u00e9riences de voyage uniques et \u00e9motionnantes en Australie, aux \u00c9tats-Unis et en Nouvelle-Z\u00e9lande.","breadcrumb":{"@id":"https:\/\/www.autohome-official.com\/fr\/experience\/jucy\/#breadcrumb"},"inLanguage":"fr-FR","potentialAction":[{"@type":"ReadAction","target":["https:\/\/www.autohome-official.com\/fr\/experience\/jucy\/"]}]},{"@type":"ImageObject","inLanguage":"fr-FR","@id":"https:\/\/www.autohome-official.com\/fr\/experience\/jucy\/#primaryimage","url":"https:\/\/www.autohome-official.com\/wp-content\/uploads\/2021\/01\/Jucy-Autohome-Official.jpg","contentUrl":"https:\/\/www.autohome-official.com\/wp-content\/uploads\/2021\/01\/Jucy-Autohome-Official.jpg","width":800,"height":533,"caption":"Jucy Autohome Official"},{"@type":"BreadcrumbList","@id":"https:\/\/www.autohome-official.com\/fr\/experience\/jucy\/#breadcrumb","itemListElement":[{"@type":"ListItem","position":1,"name":"Home","item":"https:\/\/www.autohome-official.com\/fr\/"},{"@type":"ListItem","position":2,"name":"Experience","item":"https:\/\/www.autohome-official.com\/fr\/experience\/"},{"@type":"ListItem","position":3,"name":"JUCY"}]},{"@type":"WebSite","@id":"https:\/\/www.autohome-official.com\/#website","url":"https:\/\/www.autohome-official.com\/","name":"Autohome","description":"Tende da tetto - Dachzelte - Tentes de Toit - Roof Top Tents","publisher":{"@id":"https:\/\/www.autohome-official.com\/#organization"},"alternateName":"Autohome Official","potentialAction":[{"@type":"SearchAction","target":{"@type":"EntryPoint","urlTemplate":"https:\/\/www.autohome-official.com\/?s={search_term_string}"},"query-input":{"@type":"PropertyValueSpecification","valueRequired":true,"valueName":"search_term_string"}}],"inLanguage":"fr-FR"},{"@type":"Organization","@id":"https:\/\/www.autohome-official.com\/#organization","name":"Autohome","alternateName":"Autohome Official","url":"https:\/\/www.autohome-official.com\/","logo":{"@type":"ImageObject","inLanguage":"fr-FR","@id":"https:\/\/www.autohome-official.com\/#\/schema\/logo\/image\/","url":"https:\/\/www.autohome-official.com\/wp-content\/uploads\/2026\/02\/Maggiolina-Autohome-logo.jpg","contentUrl":"https:\/\/www.autohome-official.com\/wp-content\/uploads\/2026\/02\/Maggiolina-Autohome-logo.jpg","width":512,"height":512,"caption":"Autohome"},"image":{"@id":"https:\/\/www.autohome-official.com\/#\/schema\/logo\/image\/"},"sameAs":["https:\/\/www.facebook.com\/Autohome.Official.Page","https:\/\/www.instagram.com\/autohome_official\/","http:\/\/www.youtube.com\/user\/AutohomeOfficial"],"description":"Le prime tende da tetto auto al mondo, prodotte in Italia dal 1958.","email":"info@autohome.it","telephone":"0039 0376 99590","legalName":"Zifer Italia SRL","vatID":"IT01329850208"}]}},"_links":{"self":[{"href":"https:\/\/www.autohome-official.com\/fr\/wp-json\/wp\/v2\/pages\/16228"}],"collection":[{"href":"https:\/\/www.autohome-official.com\/fr\/wp-json\/wp\/v2\/pages"}],"about":[{"href":"https:\/\/www.autohome-official.com\/fr\/wp-json\/wp\/v2\/types\/page"}],"author":[{"embeddable":true,"href":"https:\/\/www.autohome-official.com\/fr\/wp-json\/wp\/v2\/users\/2"}],"replies":[{"embeddable":true,"href":"https:\/\/www.autohome-official.com\/fr\/wp-json\/wp\/v2\/comments?post=16228"}],"version-history":[{"count":3,"href":"https:\/\/www.autohome-official.com\/fr\/wp-json\/wp\/v2\/pages\/16228\/revisions"}],"predecessor-version":[{"id":85247,"href":"https:\/\/www.autohome-official.com\/fr\/wp-json\/wp\/v2\/pages\/16228\/revisions\/85247"}],"up":[{"embeddable":true,"href":"https:\/\/www.autohome-official.com\/fr\/wp-json\/wp\/v2\/pages\/14755"}],"wp:featuredmedia":[{"embeddable":true,"href":"https:\/\/www.autohome-official.com\/fr\/wp-json\/wp\/v2\/media\/53775"}],"wp:attachment":[{"href":"https:\/\/www.autohome-official.com\/fr\/wp-json\/wp\/v2\/media?parent=16228"}],"curies":[{"name":"wp","href":"https:\/\/api.w.org\/{rel}","templated":true}]}}