{"id":17672,"date":"2017-07-10T23:47:27","date_gmt":"2017-07-10T21:47:27","guid":{"rendered":"https:\/\/www.autohome-official.com\/?page_id=17672\/"},"modified":"2026-04-07T07:50:23","modified_gmt":"2026-04-07T05:50:23","slug":"smukfest","status":"publish","type":"page","link":"https:\/\/www.autohome-official.com\/fr\/experience\/smukfest\/","title":{"rendered":"SmukFest"},"content":{"rendered":"<p>[vc_row full_width=\u00a0\u00bbstretch_row\u00a0\u00bb equal_height=\u00a0\u00bbyes\u00a0\u00bb el_class=\u00a0\u00bbmb0 story-skin-white\u00a0\u00bb][vc_column]<pre><span><span><a href=\"https:\/\/www.autohome-official.com\/fr\/\">Home<\/a><\/span><\/span><\/pre>\n[\/vc_column][\/vc_row][vc_row full_width=\u00a0\u00bbstretch_row\u00a0\u00bb equal_height=\u00a0\u00bbyes\u00a0\u00bb el_class=\u00a0\u00bbmb0 story-skin-white\u00a0\u00bb][vc_column][vc_raw_html el_class=\u00a0\u00bbcustom-CMS-paragraph\u00a0\u00bb]JTNDaDIlM0VURU5USE9VU0UlM0MlMkZoMiUzRSUwQSUwQSUzQ3AlM0UlMEFUZW50aG91c2UlMjBlc3QlMjB1bmUlMjB2ZXJzaW9uJTIwc3AlQzMlQTljaWFsZSUyMGRlJTIwVGVudGUlMjBBdXRvaG9tZSUyMGNyJUMzJUE5JUMzJUE5ZSUyMGVuJTIwY29sbGFib3JhdGlvbiUyMGF2ZWMlMjBsZSUyMHBlcnNvbm5lbCUyMGRlJTIwU01VS0ZFU1QlMjBhZmluJTIwZGUlMjBwZXJtZXR0cmUlMjBhdSUyMGdyYW5kJTIwcHVibGljJTIwZGUlMjBjYW1wZXIlMjBjb25mb3J0YWJsZW1lbnQlMjBwZW5kYW50JTIwbGUlMjBjJUMzJUE5bCVDMyVBOGJyZSUyMGZlc3RpdmFsJTIwZGUlMjBsYSUyMGJpJUMzJUE4cmUlMjBxdWklMjBzZSUyMHRpZW50JTIwY2hhcXVlJTIwYW5uJUMzJUE5ZSUyMCVDMyVBMCUyMFNrYW5kZXJib3JnJTJDJTIwYXUlMjBEYW5lbWFyay4lMEElM0MlMkZwJTNFJTBBJTNDYSUyMGhyZWYlM0QlMjIlMkZmciUyRmdhbGxlcnklMkZzbXVrZmVzdC1nYWxsZXJ5JTJGJTIyJTNFJTNDYiUzRU1PUkUlMjBTTVVLRkVTVCUyMEdBTExFUlklM0MlMkZiJTNFJTNDJTJGYSUzRQ==[\/vc_raw_html][\/vc_column][\/vc_row][vc_row full_width=\u00a0\u00bbstretch_row\u00a0\u00bb equal_height=\u00a0\u00bbyes\u00a0\u00bb el_class=\u00a0\u00bbmb0 story-skin-white\u00a0\u00bb][vc_column width=\u00a0\u00bb2\/3&Prime; offset=\u00a0\u00bbvc_hidden-xs\u00a0\u00bb][vc_single_image image=\u00a0\u00bb81979&Prime; img_size=\u00a0\u00bbfull\u00a0\u00bb][\/vc_column][vc_column width=\u00a0\u00bb1\/3&Prime;][vc_single_image image=\u00a0\u00bb81943&Prime; img_size=\u00a0\u00bbfull\u00a0\u00bb][\/vc_column][\/vc_row][vc_row full_width=\u00a0\u00bbstretch_row\u00a0\u00bb equal_height=\u00a0\u00bbyes\u00a0\u00bb content_placement=\u00a0\u00bbmiddle\u00a0\u00bb el_class=\u00a0\u00bbmb0 story-skin-white\u00a0\u00bb][vc_column][vc_raw_html 0=\u00a0\u00bb\u00a0\u00bb el_class=\u00a0\u00bbcustom-CMS-paragraph\u00a0\u00bb]JTNDcCUzRSUzQ2IlM0VRdWFuZCUyMHZvdXMlMjBsb3VleiUyMHVuZSUyMHRlbnRob3VzZSUyQyUyMHZvdXMlMjBvYnRlbmV6JTNBJTNDJTJGYiUzRSUzQyUyRnAlM0UlMEElMEElM0NwJTNFLSUyMFVuZSUyMHRlbnRlJTIwc291bGV2JUMzJUE5ZSUyMGR1JTIwc29sJTIwJTI4ZW52aXJvbiUyMDMwJTIwY20lMjklMjBhdmVjJTIwdW4lMjBtYXRlbGFzJTIwZGUlMjAxMzUlMjB4JTIwMjAwJTIwY20lM0MlMkZwJTNFJTBBJTBBJTNDcCUzRS0lMjAlQzMlODljbGFpcmFnZSUyMGludCVDMyVBOXJpZXVyJTIwYXZlYyUyMHByaXNlJTIwZGUlMjBjaGFyZ2UlMjB0JUMzJUE5bCVDMyVBOXBob25pcXVlJTJDJTIwZXRjJTNDJTJGcCUzRSUwQSUwQSUzQ3AlM0UtJTIwQW1wbGUlMjBlc3BhY2UlMjBwb3VyJTIwbGVzJTIwYWNjZXNzb2lyZXMlM0MlMkZwJTNFJTBBJTBBJTNDcCUzRS0lMjBQZXRpdGUlMjBhcm1vaXJlJTIwdmVycm91aWxsYWJsZSUyMCVDMyVBMCUyMGwlMjdpbnQlQzMlQTlyaWV1ciUyMGRlJTIwbGElMjB0ZW50ZSUwQSUzQyUyRnAlM0U=[\/vc_raw_html][\/vc_column][\/vc_row][vc_row full_width=\u00a0\u00bbstretch_row\u00a0\u00bb equal_height=\u00a0\u00bbyes\u00a0\u00bb el_class=\u00a0\u00bbmb0 story-skin-white\u00a0\u00bb][vc_column width=\u00a0\u00bb1\/3&Prime;][vc_single_image image=\u00a0\u00bb81947&Prime; img_size=\u00a0\u00bbfull\u00a0\u00bb][\/vc_column][vc_column width=\u00a0\u00bb2\/3&Prime; offset=\u00a0\u00bbvc_hidden-xs\u00a0\u00bb][vc_single_image image=\u00a0\u00bb81983&Prime; img_size=\u00a0\u00bbfull\u00a0\u00bb][\/vc_column][\/vc_row][vc_row full_width=\u00a0\u00bbstretch_row\u00a0\u00bb equal_height=\u00a0\u00bbyes\u00a0\u00bb content_placement=\u00a0\u00bbmiddle\u00a0\u00bb el_class=\u00a0\u00bbmb0 story-skin-white\u00a0\u00bb][vc_column el_class=\u00a0\u00bbstory-skin-white\u00a0\u00bb][vc_raw_html 0=\u00a0\u00bb\u00a0\u00bb el_class=\u00a0\u00bbcustom-CMS-paragraph\u00a0\u00bb]JTNDcCUzRSUzQ2IlM0VBdXRvaG9tZSUyMGVzdCUyMHByJUMzJUE5c2VudCUyMCVDMyVBMCUyMHNtdWtmZXN0JTIwZGVwdWlzJTIwMjAwOCUzQyUyRmIlM0UlM0MlMkZwJTNFJTBBJTBBJTNDcCUzRSUwQUVuJTIwbW95ZW5uZSUyQyUyMHBsdXMlMjBkZSUyMDQ1MCUyMHRlbnRlcyUyMHBhcmZhaXRlbWVudCUyMHBlcnNvbm5hbGlzJUMzJUE5ZXMlMjBzb250JTIwaW5zdGFsbCVDMyVBOWVzJTIwYXUlMjBzb2wlMjBkYW5zJTIwbGUlMjBncmFuZCUyMHBhcmMlMjBwciVDMyVBOHMlMjBkZSUyMGxhJTIwZm9yJUMzJUFBdC4lMjAlMEElM0NiciUyRiUzRSUwQUQlMjdhdXRyZXMlMjB0ZW50ZXMlMjBzb250JTIwaW5zdGFsbCVDMyVBOWVzJTIwc3VyJTIwbGVzJTIwdG9pdHMlMjBkZXMlMjB2b2l0dXJlcyUyMHBvdXIlMjBhY2N1ZWlsbGlyJTIwbGUlMjBwZXJzb25uZWwlMjBjaGFyZyVDMyVBOSUyMGRlJTIwbCUyN29yZ2FuaXNhdGlvbiUyMGR1JTIwRmVzdGl2YWwuJTBBJTNDJTJGcCUzRQ==[\/vc_raw_html][\/vc_column][\/vc_row][vc_row full_width=\u00a0\u00bbstretch_row\u00a0\u00bb equal_height=\u00a0\u00bbyes\u00a0\u00bb el_class=\u00a0\u00bbmb0 story-skin-white\u00a0\u00bb][vc_column width=\u00a0\u00bb2\/3&Prime; offset=\u00a0\u00bbvc_hidden-xs\u00a0\u00bb][vc_single_image image=\u00a0\u00bb81987&Prime; img_size=\u00a0\u00bbfull\u00a0\u00bb][\/vc_column][vc_column width=\u00a0\u00bb1\/3&Prime;][vc_single_image image=\u00a0\u00bb81951&Prime; img_size=\u00a0\u00bbfull\u00a0\u00bb][\/vc_column][\/vc_row][vc_row full_width=\u00a0\u00bbstretch_row\u00a0\u00bb equal_height=\u00a0\u00bbyes\u00a0\u00bb content_placement=\u00a0\u00bbmiddle\u00a0\u00bb el_class=\u00a0\u00bbmb0 story-skin-white\u00a0\u00bb][vc_column][vc_raw_html 0=\u00a0\u00bb\u00a0\u00bb el_class=\u00a0\u00bbcustom-CMS-paragraph\u00a0\u00bb]JTNDcCUzRSUzQ2IlM0VTbXVrZmVzdCUzQyUyRmIlM0UlM0MlMkZwJTNFJTBBJTNDcCUzRSUwQVVuZSUyMGdyYW5kZSUyMGFzc29jaWF0aW9uJTJDJTIwZCVDMyVBOXRlbnVlJTIwJUMzJUEwJTIwMTAwJTI1JTIwcGFyJTIwU2thbmRlcmJvcmclMjBGZXN0aXZhbGtsdWIlMkMlMjBxdWklMjBjb21wdGUlMjAxNC4wMDAlMjBtZW1icmVzJTIwYXlhbnQlMjBsZSUyMGRyb2l0JTIwZGUlMjB2b3RlJTIwJUMzJUEwJTIwbCUyN2Fzc2VtYmwlQzMlQTllLiUwQSUzQ2JyJTJGJTNFJTBBRGVzJTIwbWlsbGllcnMlMjBkZSUyMGIlQzMlQTluJUMzJUE5dm9sZXMlMjBjciVDMyVBOWVudCUyMGV0JTIwb3JnYW5pc2VudCUyMGxlJTIwRmVzdGl2YWwlMjBkZSUyMFNrYW5kZXJib3JnJTIwYXZlYyUyMHBhc3Npb24lMjBldCUyMGVudGhvdXNpYXNtZSUyQyUyMHNhbnMlMjBidXQlMjBsdWNyYXRpZi4lMEElM0MlMkZwJTNF[\/vc_raw_html][\/vc_column][\/vc_row][vc_row full_width=\u00a0\u00bbstretch_row\u00a0\u00bb equal_height=\u00a0\u00bbyes\u00a0\u00bb el_class=\u00a0\u00bbmb0 story-skin-white\u00a0\u00bb][vc_column width=\u00a0\u00bb1\/3&Prime;][vc_single_image image=\u00a0\u00bb81955&Prime; img_size=\u00a0\u00bbfull\u00a0\u00bb][\/vc_column][vc_column width=\u00a0\u00bb2\/3&Prime; offset=\u00a0\u00bbvc_hidden-xs\u00a0\u00bb][vc_single_image image=\u00a0\u00bb81991&Prime; img_size=\u00a0\u00bbfull\u00a0\u00bb][\/vc_column][\/vc_row][vc_row full_width=\u00a0\u00bbstretch_row\u00a0\u00bb equal_height=\u00a0\u00bbyes\u00a0\u00bb content_placement=\u00a0\u00bbmiddle\u00a0\u00bb el_class=\u00a0\u00bbmb0 story-skin-white\u00a0\u00bb][vc_column el_class=\u00a0\u00bbstory-skin-white\u00a0\u00bb][vc_raw_html 0=\u00a0\u00bb\u00a0\u00bb el_class=\u00a0\u00bbcustom-CMS-paragraph\u00a0\u00bb]JTNDcCUzRSUzQ2IlM0VWaXNpdGV1cnMlM0MlMkZiJTNFJTNDJTJGcCUzRSUwQSUwQSUzQ3AlM0UlMEFUb3Vqb3VycyUyMGVuJTIwY3JvaXNzYW5jZSUyQyUyMGNoYXF1ZSUyMGFubiVDMyVBOWUlMjBsZXMlMjBiaWxsZXRzJTIwc29udCUyMHZlbmR1cyUyMHByZXNxdWUlMjB0b3Vqb3VycyUyMDElMjBtb2lzJTIwYXZhbnQlMjBsZSUyMGQlQzMlQTlidXQlMjBkdSUyMGZlc3RpdmFsJTJDJTIwZXQlMjBsZXMlMjByJUMzJUE5c2VydmF0aW9ucyUyMGRlJTIwbGElMjBUZW50aG91c2UlMjBzb250JTIwcmFwaWRlbWVudCUyMHRlcm1pbiVDMyVBOWVzJTIwZGFucyUyMHF1ZWxxdWVzJTIwam91cnMuJTBBJTNDJTJGcCUzRQ==[\/vc_raw_html][\/vc_column][\/vc_row][vc_row full_width=\u00a0\u00bbstretch_row\u00a0\u00bb equal_height=\u00a0\u00bbyes\u00a0\u00bb el_class=\u00a0\u00bbmb0 story-skin-white\u00a0\u00bb][vc_column width=\u00a0\u00bb2\/3&Prime; offset=\u00a0\u00bbvc_hidden-xs\u00a0\u00bb][vc_single_image image=\u00a0\u00bb81983&Prime; img_size=\u00a0\u00bbfull\u00a0\u00bb][\/vc_column][vc_column width=\u00a0\u00bb1\/3&Prime;][vc_single_image image=\u00a0\u00bb81959&Prime; img_size=\u00a0\u00bbfull\u00a0\u00bb][\/vc_column][\/vc_row][vc_row full_width=\u00a0\u00bbstretch_row_content_no_spaces\u00a0\u00bb equal_height=\u00a0\u00bbyes\u00a0\u00bb content_placement=\u00a0\u00bbmiddle\u00a0\u00bb el_class=\u00a0\u00bbmb0 story-skin-white\u00a0\u00bb][vc_column][vc_raw_html 0=\u00a0\u00bb\u00a0\u00bb el_class=\u00a0\u00bbcustom-CMS-paragraph\u00a0\u00bb]JTNDcCUzRSUzQ2IlM0VTJUMzJUE5Y3VyaXQlQzMlQTklM0MlMkZiJTNFJTNDJTJGcCUzRSUwQSUzQ3AlM0UlMEFMYSUyMHMlQzMlQTljdXJpdCVDMyVBOSUyMGVzdCUyMCVDMyVBOWdhbGVtZW50JTIwb3JnYW5pcyVDMyVBOWUlMjBzdXIlMjB1bmUlMjBiYXNlJTIwdm9sb250YWlyZS4uJTBBJTNDYnIlMkYlM0UlMEFMZSUyMHBlcnNvbm5lbCUyMHRyJUMzJUE4cyUyMGJpZW4lMjBwciVDMyVBOXBhciVDMyVBOSUyMGV0JTIwc291cmlhbnQlMjBnJUMzJUE4cmUlMjBsZSUyMHNlcnZpY2UlMjBkZSUyMHMlQzMlQTljdXJpdCVDMyVBOSUyMGVudmVycyUyMHRvdXMlMjBsZXMlMjB2aXNpdGV1cnMlMkMlMjBpbXBvc2FudCUyMGRlcyUyMG5vcm1lcyUyMGRlJTIwY29tcG9ydGVtZW50JTIwZXQlMjB1bmUlMjBwb2xpdGlxdWUlMjBkJTI3YWxjb29sJTIwc3RyaWN0ZS4lMEElM0MlMkZwJTNF[\/vc_raw_html][\/vc_column][\/vc_row]<\/p>\n","protected":false},"excerpt":{"rendered":"<p>[vc_row full_width=\u00a0\u00bbstretch_row\u00a0\u00bb equal_height=\u00a0\u00bbyes\u00a0\u00bb el_class=\u00a0\u00bbmb0 story-skin-white\u00a0\u00bb][vc_column][\/vc_column][\/vc_row][vc_row full_width=\u00a0\u00bbstretch_row\u00a0\u00bb equal_height=\u00a0\u00bbyes\u00a0\u00bb el_class=\u00a0\u00bbmb0 story-skin-white\u00a0\u00bb][vc_column][vc_raw_html el_class=\u00a0\u00bbcustom-CMS-paragraph\u00a0\u00bb]JTNDaDIlM0VURU5USE9VU0UlM0MlMkZoMiUzRSUwQSUwQSUzQ3AlM0UlMEFUZW50aG91c2UlMjBlc3QlMjB1bmUlMjB2ZXJzaW9uJTIwc3AlQzMlQTljaWFsZSUyMGRlJTIwVGVudGUlMjBBdXRvaG9tZSUyMGNyJUMzJUE5JUMzJUE5ZSUyMGVuJTIwY29sbGFib3JhdGlvbiUyMGF2ZWMlMjBsZSUyMHBlcnNvbm5lbCUyMGRlJTIwU01VS0ZFU1QlMjBhZmluJTIwZGUlMjBwZXJtZXR0cmUlMjBhdSUyMGdyYW5kJTIwcHVibGljJTIwZGUlMjBjYW1wZXIlMjBjb25mb3J0YWJsZW1lbnQlMjBwZW5kYW50JTIwbGUlMjBjJUMzJUE5bCVDMyVBOGJyZSUyMGZlc3RpdmFsJTIwZGUlMjBsYSUyMGJpJUMzJUE4cmUlMjBxdWklMjBzZSUyMHRpZW50JTIwY2hhcXVlJTIwYW5uJUMzJUE5ZSUyMCVDMyVBMCUyMFNrYW5kZXJib3JnJTJDJTIwYXUlMjBEYW5lbWFyay4lMEElM0MlMkZwJTNFJTBBJTNDYSUyMGhyZWYlM0QlMjIlMkZmciUyRmdhbGxlcnklMkZzbXVrZmVzdC1nYWxsZXJ5JTJGJTIyJTNFJTNDYiUzRU1PUkUlMjBTTVVLRkVTVCUyMEdBTExFUlklM0MlMkZiJTNFJTNDJTJGYSUzRQ==[\/vc_raw_html][\/vc_column][\/vc_row][vc_row full_width=\u00a0\u00bbstretch_row\u00a0\u00bb equal_height=\u00a0\u00bbyes\u00a0\u00bb el_class=\u00a0\u00bbmb0 story-skin-white\u00a0\u00bb][vc_column width=\u00a0\u00bb2\/3&Prime; offset=\u00a0\u00bbvc_hidden-xs\u00a0\u00bb][vc_single_image image=\u00a0\u00bb81979&Prime; img_size=\u00a0\u00bbfull\u00a0\u00bb][\/vc_column][vc_column width=\u00a0\u00bb1\/3&Prime;][vc_single_image image=\u00a0\u00bb81943&Prime; img_size=\u00a0\u00bbfull\u00a0\u00bb][\/vc_column][\/vc_row][vc_row full_width=\u00a0\u00bbstretch_row\u00a0\u00bb equal_height=\u00a0\u00bbyes\u00a0\u00bb content_placement=\u00a0\u00bbmiddle\u00a0\u00bb el_class=\u00a0\u00bbmb0 story-skin-white\u00a0\u00bb][vc_column][vc_raw_html<span class=\"excerpt-hellip\"> [\u2026]<\/span><\/p>\n","protected":false},"author":2,"featured_media":53771,"parent":14755,"menu_order":0,"comment_status":"closed","ping_status":"closed","template":"template-experience.php","meta":{"footnotes":""},"class_list":["post-17672","page","type-page","status-publish","has-post-thumbnail","hentry"],"yoast_head":"<!-- This site is optimized with the Yoast SEO Premium plugin v23.7 (Yoast SEO v23.7) - https:\/\/yoast.com\/wordpress\/plugins\/seo\/ -->\n<title>SmukFest TentHouse - Autohome<\/title>\n<meta name=\"description\" content=\"Tenthouse est une version sp\u00e9ciale de Tente Autohome cr\u00e9\u00e9e en collaboration avec le personnel de SMUKFEST afin de permettre au grand public de camper confortablement pendant le c\u00e9l\u00e8bre festival de la bi\u00e8re qui se tient chaque ann\u00e9e \u00e0 Skanderborg, au Danemark.\" \/>\n<meta name=\"robots\" content=\"index, follow, max-snippet:-1, max-image-preview:large, max-video-preview:-1\" \/>\n<link rel=\"canonical\" href=\"https:\/\/www.autohome-official.com\/fr\/experience\/smukfest\/\" \/>\n<meta property=\"og:locale\" content=\"fr_FR\" \/>\n<meta property=\"og:type\" content=\"article\" \/>\n<meta property=\"og:title\" content=\"SmukFest - Autohome\" \/>\n<meta property=\"og:description\" content=\"JTNDaDIlM0VURU5USE9VU0UlM0MlMkZoMiUzRSUwQSUwQSUzQ3AlM0UlMEFUZW50aG91c2UlMjBlc3QlMjB1bmUlMjB2ZXJzaW9uJTIwc3AlQzMlQTljaWFsZSUyMGRlJTIwVGVudGUlMjBBdXRvaG9tZSUy\" \/>\n<meta property=\"og:url\" content=\"https:\/\/www.autohome-official.com\/fr\/experience\/smukfest\/\" \/>\n<meta property=\"og:site_name\" content=\"Autohome\" \/>\n<meta property=\"article:publisher\" content=\"https:\/\/www.facebook.com\/Autohome.Official.Page\" \/>\n<meta property=\"article:modified_time\" content=\"2026-04-07T05:50:23+00:00\" \/>\n<meta property=\"og:image\" content=\"https:\/\/www.autohome-official.com\/wp-content\/uploads\/2021\/01\/SmukFest-Autohome-Official.jpg\" \/>\n\t<meta property=\"og:image:width\" content=\"800\" \/>\n\t<meta property=\"og:image:height\" content=\"533\" \/>\n\t<meta property=\"og:image:type\" content=\"image\/jpeg\" \/>\n<meta name=\"twitter:card\" content=\"summary_large_image\" \/>\n<meta name=\"twitter:label1\" content=\"Dur\u00e9e de lecture estim\u00e9e\" \/>\n\t<meta name=\"twitter:data1\" content=\"1 minute\" \/>\n<script type=\"application\/ld+json\" class=\"yoast-schema-graph\">{\"@context\":\"https:\/\/schema.org\",\"@graph\":[{\"@type\":\"WebPage\",\"@id\":\"https:\/\/www.autohome-official.com\/fr\/experience\/smukfest\/\",\"url\":\"https:\/\/www.autohome-official.com\/fr\/experience\/smukfest\/\",\"name\":\"SmukFest TentHouse - Autohome\",\"isPartOf\":{\"@id\":\"https:\/\/www.autohome-official.com\/#website\"},\"primaryImageOfPage\":{\"@id\":\"https:\/\/www.autohome-official.com\/fr\/experience\/smukfest\/#primaryimage\"},\"image\":{\"@id\":\"https:\/\/www.autohome-official.com\/fr\/experience\/smukfest\/#primaryimage\"},\"thumbnailUrl\":\"https:\/\/www.autohome-official.com\/wp-content\/uploads\/2021\/01\/SmukFest-Autohome-Official.jpg\",\"datePublished\":\"2017-07-10T21:47:27+00:00\",\"dateModified\":\"2026-04-07T05:50:23+00:00\",\"description\":\"Tenthouse est une version sp\u00e9ciale de Tente Autohome cr\u00e9\u00e9e en collaboration avec le personnel de SMUKFEST afin de permettre au grand public de camper confortablement pendant le c\u00e9l\u00e8bre festival de la bi\u00e8re qui se tient chaque ann\u00e9e \u00e0 Skanderborg, au Danemark.\",\"breadcrumb\":{\"@id\":\"https:\/\/www.autohome-official.com\/fr\/experience\/smukfest\/#breadcrumb\"},\"inLanguage\":\"fr-FR\",\"potentialAction\":[{\"@type\":\"ReadAction\",\"target\":[\"https:\/\/www.autohome-official.com\/fr\/experience\/smukfest\/\"]}]},{\"@type\":\"ImageObject\",\"inLanguage\":\"fr-FR\",\"@id\":\"https:\/\/www.autohome-official.com\/fr\/experience\/smukfest\/#primaryimage\",\"url\":\"https:\/\/www.autohome-official.com\/wp-content\/uploads\/2021\/01\/SmukFest-Autohome-Official.jpg\",\"contentUrl\":\"https:\/\/www.autohome-official.com\/wp-content\/uploads\/2021\/01\/SmukFest-Autohome-Official.jpg\",\"width\":800,\"height\":533,\"caption\":\"SmukFest Autohome Official\"},{\"@type\":\"BreadcrumbList\",\"@id\":\"https:\/\/www.autohome-official.com\/fr\/experience\/smukfest\/#breadcrumb\",\"itemListElement\":[{\"@type\":\"ListItem\",\"position\":1,\"name\":\"Home\",\"item\":\"https:\/\/www.autohome-official.com\/fr\/\"},{\"@type\":\"ListItem\",\"position\":2,\"name\":\"Experience\",\"item\":\"https:\/\/www.autohome-official.com\/fr\/experience\/\"},{\"@type\":\"ListItem\",\"position\":3,\"name\":\"SmukFest\"}]},{\"@type\":\"WebSite\",\"@id\":\"https:\/\/www.autohome-official.com\/#website\",\"url\":\"https:\/\/www.autohome-official.com\/\",\"name\":\"Autohome\",\"description\":\"Tende da tetto - Dachzelte - Roof Top Tents - Tentes de Toit\",\"publisher\":{\"@id\":\"https:\/\/www.autohome-official.com\/#organization\"},\"alternateName\":\"Autohome Official\",\"potentialAction\":[{\"@type\":\"SearchAction\",\"target\":{\"@type\":\"EntryPoint\",\"urlTemplate\":\"https:\/\/www.autohome-official.com\/?s={search_term_string}\"},\"query-input\":{\"@type\":\"PropertyValueSpecification\",\"valueRequired\":true,\"valueName\":\"search_term_string\"}}],\"inLanguage\":\"fr-FR\"},{\"@type\":\"Organization\",\"@id\":\"https:\/\/www.autohome-official.com\/#organization\",\"name\":\"Autohome\",\"alternateName\":\"Autohome Official\",\"url\":\"https:\/\/www.autohome-official.com\/\",\"logo\":{\"@type\":\"ImageObject\",\"inLanguage\":\"fr-FR\",\"@id\":\"https:\/\/www.autohome-official.com\/#\/schema\/logo\/image\/\",\"url\":\"https:\/\/www.autohome-official.com\/wp-content\/uploads\/2026\/02\/Maggiolina-Autohome-logo.jpg\",\"contentUrl\":\"https:\/\/www.autohome-official.com\/wp-content\/uploads\/2026\/02\/Maggiolina-Autohome-logo.jpg\",\"width\":512,\"height\":512,\"caption\":\"Autohome\"},\"image\":{\"@id\":\"https:\/\/www.autohome-official.com\/#\/schema\/logo\/image\/\"},\"sameAs\":[\"https:\/\/www.facebook.com\/Autohome.Official.Page\",\"https:\/\/www.instagram.com\/autohome_official\/\",\"http:\/\/www.youtube.com\/user\/AutohomeOfficial\"],\"description\":\"Le prime tende da tetto auto al mondo, prodotte in Italia dal 1958.\",\"email\":\"info@autohome.it\",\"telephone\":\"0039 0376 99590\",\"legalName\":\"Zifer Italia SRL\",\"vatID\":\"IT01329850208\"}]}<\/script>\n<!-- \/ Yoast SEO Premium plugin. -->","yoast_head_json":{"title":"SmukFest TentHouse - Autohome","description":"Tenthouse est une version sp\u00e9ciale de Tente Autohome cr\u00e9\u00e9e en collaboration avec le personnel de SMUKFEST afin de permettre au grand public de camper confortablement pendant le c\u00e9l\u00e8bre festival de la bi\u00e8re qui se tient chaque ann\u00e9e \u00e0 Skanderborg, au Danemark.","robots":{"index":"index","follow":"follow","max-snippet":"max-snippet:-1","max-image-preview":"max-image-preview:large","max-video-preview":"max-video-preview:-1"},"canonical":"https:\/\/www.autohome-official.com\/fr\/experience\/smukfest\/","og_locale":"fr_FR","og_type":"article","og_title":"SmukFest - Autohome","og_description":"JTNDaDIlM0VURU5USE9VU0UlM0MlMkZoMiUzRSUwQSUwQSUzQ3AlM0UlMEFUZW50aG91c2UlMjBlc3QlMjB1bmUlMjB2ZXJzaW9uJTIwc3AlQzMlQTljaWFsZSUyMGRlJTIwVGVudGUlMjBBdXRvaG9tZSUy","og_url":"https:\/\/www.autohome-official.com\/fr\/experience\/smukfest\/","og_site_name":"Autohome","article_publisher":"https:\/\/www.facebook.com\/Autohome.Official.Page","article_modified_time":"2026-04-07T05:50:23+00:00","og_image":[{"width":800,"height":533,"url":"https:\/\/www.autohome-official.com\/wp-content\/uploads\/2021\/01\/SmukFest-Autohome-Official.jpg","type":"image\/jpeg"}],"twitter_card":"summary_large_image","twitter_misc":{"Dur\u00e9e de lecture estim\u00e9e":"1 minute"},"schema":{"@context":"https:\/\/schema.org","@graph":[{"@type":"WebPage","@id":"https:\/\/www.autohome-official.com\/fr\/experience\/smukfest\/","url":"https:\/\/www.autohome-official.com\/fr\/experience\/smukfest\/","name":"SmukFest TentHouse - Autohome","isPartOf":{"@id":"https:\/\/www.autohome-official.com\/#website"},"primaryImageOfPage":{"@id":"https:\/\/www.autohome-official.com\/fr\/experience\/smukfest\/#primaryimage"},"image":{"@id":"https:\/\/www.autohome-official.com\/fr\/experience\/smukfest\/#primaryimage"},"thumbnailUrl":"https:\/\/www.autohome-official.com\/wp-content\/uploads\/2021\/01\/SmukFest-Autohome-Official.jpg","datePublished":"2017-07-10T21:47:27+00:00","dateModified":"2026-04-07T05:50:23+00:00","description":"Tenthouse est une version sp\u00e9ciale de Tente Autohome cr\u00e9\u00e9e en collaboration avec le personnel de SMUKFEST afin de permettre au grand public de camper confortablement pendant le c\u00e9l\u00e8bre festival de la bi\u00e8re qui se tient chaque ann\u00e9e \u00e0 Skanderborg, au Danemark.","breadcrumb":{"@id":"https:\/\/www.autohome-official.com\/fr\/experience\/smukfest\/#breadcrumb"},"inLanguage":"fr-FR","potentialAction":[{"@type":"ReadAction","target":["https:\/\/www.autohome-official.com\/fr\/experience\/smukfest\/"]}]},{"@type":"ImageObject","inLanguage":"fr-FR","@id":"https:\/\/www.autohome-official.com\/fr\/experience\/smukfest\/#primaryimage","url":"https:\/\/www.autohome-official.com\/wp-content\/uploads\/2021\/01\/SmukFest-Autohome-Official.jpg","contentUrl":"https:\/\/www.autohome-official.com\/wp-content\/uploads\/2021\/01\/SmukFest-Autohome-Official.jpg","width":800,"height":533,"caption":"SmukFest Autohome Official"},{"@type":"BreadcrumbList","@id":"https:\/\/www.autohome-official.com\/fr\/experience\/smukfest\/#breadcrumb","itemListElement":[{"@type":"ListItem","position":1,"name":"Home","item":"https:\/\/www.autohome-official.com\/fr\/"},{"@type":"ListItem","position":2,"name":"Experience","item":"https:\/\/www.autohome-official.com\/fr\/experience\/"},{"@type":"ListItem","position":3,"name":"SmukFest"}]},{"@type":"WebSite","@id":"https:\/\/www.autohome-official.com\/#website","url":"https:\/\/www.autohome-official.com\/","name":"Autohome","description":"Tende da tetto - Dachzelte - Roof Top Tents - Tentes de Toit","publisher":{"@id":"https:\/\/www.autohome-official.com\/#organization"},"alternateName":"Autohome Official","potentialAction":[{"@type":"SearchAction","target":{"@type":"EntryPoint","urlTemplate":"https:\/\/www.autohome-official.com\/?s={search_term_string}"},"query-input":{"@type":"PropertyValueSpecification","valueRequired":true,"valueName":"search_term_string"}}],"inLanguage":"fr-FR"},{"@type":"Organization","@id":"https:\/\/www.autohome-official.com\/#organization","name":"Autohome","alternateName":"Autohome Official","url":"https:\/\/www.autohome-official.com\/","logo":{"@type":"ImageObject","inLanguage":"fr-FR","@id":"https:\/\/www.autohome-official.com\/#\/schema\/logo\/image\/","url":"https:\/\/www.autohome-official.com\/wp-content\/uploads\/2026\/02\/Maggiolina-Autohome-logo.jpg","contentUrl":"https:\/\/www.autohome-official.com\/wp-content\/uploads\/2026\/02\/Maggiolina-Autohome-logo.jpg","width":512,"height":512,"caption":"Autohome"},"image":{"@id":"https:\/\/www.autohome-official.com\/#\/schema\/logo\/image\/"},"sameAs":["https:\/\/www.facebook.com\/Autohome.Official.Page","https:\/\/www.instagram.com\/autohome_official\/","http:\/\/www.youtube.com\/user\/AutohomeOfficial"],"description":"Le prime tende da tetto auto al mondo, prodotte in Italia dal 1958.","email":"info@autohome.it","telephone":"0039 0376 99590","legalName":"Zifer Italia SRL","vatID":"IT01329850208"}]}},"_links":{"self":[{"href":"https:\/\/www.autohome-official.com\/fr\/wp-json\/wp\/v2\/pages\/17672"}],"collection":[{"href":"https:\/\/www.autohome-official.com\/fr\/wp-json\/wp\/v2\/pages"}],"about":[{"href":"https:\/\/www.autohome-official.com\/fr\/wp-json\/wp\/v2\/types\/page"}],"author":[{"embeddable":true,"href":"https:\/\/www.autohome-official.com\/fr\/wp-json\/wp\/v2\/users\/2"}],"replies":[{"embeddable":true,"href":"https:\/\/www.autohome-official.com\/fr\/wp-json\/wp\/v2\/comments?post=17672"}],"version-history":[{"count":3,"href":"https:\/\/www.autohome-official.com\/fr\/wp-json\/wp\/v2\/pages\/17672\/revisions"}],"predecessor-version":[{"id":85286,"href":"https:\/\/www.autohome-official.com\/fr\/wp-json\/wp\/v2\/pages\/17672\/revisions\/85286"}],"up":[{"embeddable":true,"href":"https:\/\/www.autohome-official.com\/fr\/wp-json\/wp\/v2\/pages\/14755"}],"wp:featuredmedia":[{"embeddable":true,"href":"https:\/\/www.autohome-official.com\/fr\/wp-json\/wp\/v2\/media\/53771"}],"wp:attachment":[{"href":"https:\/\/www.autohome-official.com\/fr\/wp-json\/wp\/v2\/media?parent=17672"}],"curies":[{"name":"wp","href":"https:\/\/api.w.org\/{rel}","templated":true}]}}