{"id":24332,"date":"2017-08-03T19:31:40","date_gmt":"2017-08-03T17:31:40","guid":{"rendered":"https:\/\/www.autohome-official.com\/?page_id=24332\/"},"modified":"2026-03-10T16:09:27","modified_gmt":"2026-03-10T15:09:27","slug":"smukfest-gallery","status":"publish","type":"page","link":"https:\/\/www.autohome-official.com\/fr\/gallery\/smukfest-gallery\/","title":{"rendered":"Smukfest Gallery"},"content":{"rendered":"<p>[vc_row el_class=\u00a0\u00bbmb0 story-skin-video\u00a0\u00bb][vc_column]<pre><span><span><a href=\"https:\/\/www.autohome-official.com\/fr\/\">Home<\/a><\/span><\/span><\/pre>\n[\/vc_column][\/vc_row][vc_row css=\u00a0\u00bb.vc_custom_1480096674555{margin-right: 5% !important;margin-left: 5% !important;}\u00a0\u00bb el_class=\u00a0\u00bbstory-skin-video\u00a0\u00bb][vc_column css=\u00a0\u00bb.vc_custom_1773155321744{margin-top: 50px !important;}\u00a0\u00bb][vc_media_grid style=\u00a0\u00bbpagination\u00a0\u00bb items_per_page=\u00a0\u00bb24&Prime; element_width=\u00a0\u00bb2&Prime; gap=\u00a0\u00bb15&Prime; paging_design=\u00a0\u00bbpagination_default\u00a0\u00bb paging_color=\u00a0\u00bbwhite\u00a0\u00bb item=\u00a0\u00bb10954&Prime; initial_loading_animation=\u00a0\u00bbnone\u00a0\u00bb grid_id=\u00a0\u00bbvc_gid:1773154979172-ddc2eea1-ce46-5&Prime; include=\u00a0\u00bb24333,24337,24341,24345,24349,24353,24357,24361,24365,24369,24373,24377,24381,24385,24389,24393,24397,24401,24405,24409,24413,24417,24421,24425,24429,24433,24437,24441,24445,24449,24453,24457,24461,24465,24469,24473,24477,24481,24485,24489,24493,24497,24501,24505,24509,24513,24517,24521,24525,24529,24533,24537,24541,24545,24549,24553,24557,24561,24565&Prime;][\/vc_column][\/vc_row]<\/p>\n","protected":false},"excerpt":{"rendered":"<p>[vc_row el_class=\u00a0\u00bbmb0 story-skin-video\u00a0\u00bb][vc_column][\/vc_column][\/vc_row][vc_row css=\u00a0\u00bb.vc_custom_1480096674555{margin-right: 5% !important;margin-left: 5% !important;}\u00a0\u00bb el_class=\u00a0\u00bbstory-skin-video\u00a0\u00bb][vc_column css=\u00a0\u00bb.vc_custom_1773155321744{margin-top: 50px !important;}\u00a0\u00bb][vc_media_grid style=\u00a0\u00bbpagination\u00a0\u00bb items_per_page=\u00a0\u00bb24&Prime; element_width=\u00a0\u00bb2&Prime; gap=\u00a0\u00bb15&Prime; paging_design=\u00a0\u00bbpagination_default\u00a0\u00bb paging_color=\u00a0\u00bbwhite\u00a0\u00bb item=\u00a0\u00bb10954&Prime; initial_loading_animation=\u00a0\u00bbnone\u00a0\u00bb grid_id=\u00a0\u00bbvc_gid:1773154979172-ddc2eea1-ce46-5&Prime; include=\u00a0\u00bb24333,24337,24341,24345,24349,24353,24357,24361,24365,24369,24373,24377,24381,24385,24389,24393,24397,24401,24405,24409,24413,24417,24421,24425,24429,24433,24437,24441,24445,24449,24453,24457,24461,24465,24469,24473,24477,24481,24485,24489,24493,24497,24501,24505,24509,24513,24517,24521,24525,24529,24533,24537,24541,24545,24549,24553,24557,24561,24565&Prime;][\/vc_column][\/vc_row]<\/p>\n","protected":false},"author":2,"featured_media":53838,"parent":14771,"menu_order":0,"comment_status":"closed","ping_status":"closed","template":"template-gallery.php","meta":{"footnotes":""},"class_list":["post-24332","page","type-page","status-publish","has-post-thumbnail","hentry"],"yoast_head":"<!-- This site is optimized with the Yoast SEO Premium plugin v23.7 (Yoast SEO v23.7) - https:\/\/yoast.com\/wordpress\/plugins\/seo\/ -->\n<title>Galerie photos du Smukfest<\/title>\n<meta name=\"description\" content=\"Tentes de toit Autohome install\u00e9es au sol lors du prestigieux festival de la bi\u00e8re de l&#039;Europe du nord. D\u00e9couvrez tous les d\u00e9tails sur notre site !\" \/>\n<meta name=\"robots\" content=\"index, follow, max-snippet:-1, max-image-preview:large, max-video-preview:-1\" \/>\n<link rel=\"canonical\" href=\"https:\/\/www.autohome-official.com\/fr\/gallery\/smukfest-gallery\/\" \/>\n<meta property=\"og:locale\" content=\"fr_FR\" \/>\n<meta property=\"og:type\" content=\"article\" \/>\n<meta property=\"og:title\" content=\"Smukfest Gallery - Autohome\" \/>\n<meta property=\"og:url\" content=\"https:\/\/www.autohome-official.com\/fr\/gallery\/smukfest-gallery\/\" \/>\n<meta property=\"og:site_name\" content=\"Autohome\" \/>\n<meta property=\"article:publisher\" content=\"https:\/\/www.facebook.com\/Autohome.Official.Page\" \/>\n<meta property=\"article:modified_time\" content=\"2026-03-10T15:09:27+00:00\" \/>\n<meta property=\"og:image\" content=\"https:\/\/www.autohome-official.com\/wp-content\/uploads\/2021\/01\/SmukFest-gallery-Autohome-Official.jpg\" \/>\n\t<meta property=\"og:image:width\" content=\"800\" \/>\n\t<meta property=\"og:image:height\" content=\"533\" \/>\n\t<meta property=\"og:image:type\" content=\"image\/jpeg\" \/>\n<meta name=\"twitter:card\" content=\"summary_large_image\" \/>\n<meta name=\"twitter:label1\" content=\"Dur\u00e9e de lecture estim\u00e9e\" \/>\n\t<meta name=\"twitter:data1\" content=\"13 minutes\" \/>\n<script type=\"application\/ld+json\" class=\"yoast-schema-graph\">{\"@context\":\"https:\/\/schema.org\",\"@graph\":[{\"@type\":\"WebPage\",\"@id\":\"https:\/\/www.autohome-official.com\/fr\/gallery\/smukfest-gallery\/\",\"url\":\"https:\/\/www.autohome-official.com\/fr\/gallery\/smukfest-gallery\/\",\"name\":\"Galerie photos du Smukfest\",\"isPartOf\":{\"@id\":\"https:\/\/www.autohome-official.com\/#website\"},\"primaryImageOfPage\":{\"@id\":\"https:\/\/www.autohome-official.com\/fr\/gallery\/smukfest-gallery\/#primaryimage\"},\"image\":{\"@id\":\"https:\/\/www.autohome-official.com\/fr\/gallery\/smukfest-gallery\/#primaryimage\"},\"thumbnailUrl\":\"https:\/\/www.autohome-official.com\/wp-content\/uploads\/2021\/01\/SmukFest-gallery-Autohome-Official.jpg\",\"datePublished\":\"2017-08-03T17:31:40+00:00\",\"dateModified\":\"2026-03-10T15:09:27+00:00\",\"description\":\"Tentes de toit Autohome install\u00e9es au sol lors du prestigieux festival de la bi\u00e8re de l'Europe du nord. D\u00e9couvrez tous les d\u00e9tails sur notre site !\",\"breadcrumb\":{\"@id\":\"https:\/\/www.autohome-official.com\/fr\/gallery\/smukfest-gallery\/#breadcrumb\"},\"inLanguage\":\"fr-FR\",\"potentialAction\":[{\"@type\":\"ReadAction\",\"target\":[\"https:\/\/www.autohome-official.com\/fr\/gallery\/smukfest-gallery\/\"]}]},{\"@type\":\"ImageObject\",\"inLanguage\":\"fr-FR\",\"@id\":\"https:\/\/www.autohome-official.com\/fr\/gallery\/smukfest-gallery\/#primaryimage\",\"url\":\"https:\/\/www.autohome-official.com\/wp-content\/uploads\/2021\/01\/SmukFest-gallery-Autohome-Official.jpg\",\"contentUrl\":\"https:\/\/www.autohome-official.com\/wp-content\/uploads\/2021\/01\/SmukFest-gallery-Autohome-Official.jpg\",\"width\":800,\"height\":533,\"caption\":\"SmukFest gallery Autohome Official\"},{\"@type\":\"BreadcrumbList\",\"@id\":\"https:\/\/www.autohome-official.com\/fr\/gallery\/smukfest-gallery\/#breadcrumb\",\"itemListElement\":[{\"@type\":\"ListItem\",\"position\":1,\"name\":\"Home\",\"item\":\"https:\/\/www.autohome-official.com\/fr\/\"},{\"@type\":\"ListItem\",\"position\":2,\"name\":\"Gallery\",\"item\":\"https:\/\/www.autohome-official.com\/fr\/gallery\/\"},{\"@type\":\"ListItem\",\"position\":3,\"name\":\"Smukfest Gallery\"}]},{\"@type\":\"WebSite\",\"@id\":\"https:\/\/www.autohome-official.com\/#website\",\"url\":\"https:\/\/www.autohome-official.com\/\",\"name\":\"Autohome\",\"description\":\"Tende da tetto - Dachzelte - Roof Top Tents - Tentes de Toit\",\"publisher\":{\"@id\":\"https:\/\/www.autohome-official.com\/#organization\"},\"alternateName\":\"Autohome Official\",\"potentialAction\":[{\"@type\":\"SearchAction\",\"target\":{\"@type\":\"EntryPoint\",\"urlTemplate\":\"https:\/\/www.autohome-official.com\/?s={search_term_string}\"},\"query-input\":{\"@type\":\"PropertyValueSpecification\",\"valueRequired\":true,\"valueName\":\"search_term_string\"}}],\"inLanguage\":\"fr-FR\"},{\"@type\":\"Organization\",\"@id\":\"https:\/\/www.autohome-official.com\/#organization\",\"name\":\"Autohome\",\"alternateName\":\"Autohome Official\",\"url\":\"https:\/\/www.autohome-official.com\/\",\"logo\":{\"@type\":\"ImageObject\",\"inLanguage\":\"fr-FR\",\"@id\":\"https:\/\/www.autohome-official.com\/#\/schema\/logo\/image\/\",\"url\":\"https:\/\/www.autohome-official.com\/wp-content\/uploads\/2026\/02\/Maggiolina-Autohome-logo.jpg\",\"contentUrl\":\"https:\/\/www.autohome-official.com\/wp-content\/uploads\/2026\/02\/Maggiolina-Autohome-logo.jpg\",\"width\":512,\"height\":512,\"caption\":\"Autohome\"},\"image\":{\"@id\":\"https:\/\/www.autohome-official.com\/#\/schema\/logo\/image\/\"},\"sameAs\":[\"https:\/\/www.facebook.com\/Autohome.Official.Page\",\"https:\/\/www.instagram.com\/autohome_official\/\",\"http:\/\/www.youtube.com\/user\/AutohomeOfficial\"],\"description\":\"Le prime tende da tetto auto al mondo, prodotte in Italia dal 1958.\",\"email\":\"info@autohome.it\",\"telephone\":\"0039 0376 99590\",\"legalName\":\"Zifer Italia SRL\",\"vatID\":\"IT01329850208\"}]}<\/script>\n<!-- \/ Yoast SEO Premium plugin. -->","yoast_head_json":{"title":"Galerie photos du Smukfest","description":"Tentes de toit Autohome install\u00e9es au sol lors du prestigieux festival de la bi\u00e8re de l'Europe du nord. D\u00e9couvrez tous les d\u00e9tails sur notre site !","robots":{"index":"index","follow":"follow","max-snippet":"max-snippet:-1","max-image-preview":"max-image-preview:large","max-video-preview":"max-video-preview:-1"},"canonical":"https:\/\/www.autohome-official.com\/fr\/gallery\/smukfest-gallery\/","og_locale":"fr_FR","og_type":"article","og_title":"Smukfest Gallery - Autohome","og_url":"https:\/\/www.autohome-official.com\/fr\/gallery\/smukfest-gallery\/","og_site_name":"Autohome","article_publisher":"https:\/\/www.facebook.com\/Autohome.Official.Page","article_modified_time":"2026-03-10T15:09:27+00:00","og_image":[{"width":800,"height":533,"url":"https:\/\/www.autohome-official.com\/wp-content\/uploads\/2021\/01\/SmukFest-gallery-Autohome-Official.jpg","type":"image\/jpeg"}],"twitter_card":"summary_large_image","twitter_misc":{"Dur\u00e9e de lecture estim\u00e9e":"13 minutes"},"schema":{"@context":"https:\/\/schema.org","@graph":[{"@type":"WebPage","@id":"https:\/\/www.autohome-official.com\/fr\/gallery\/smukfest-gallery\/","url":"https:\/\/www.autohome-official.com\/fr\/gallery\/smukfest-gallery\/","name":"Galerie photos du Smukfest","isPartOf":{"@id":"https:\/\/www.autohome-official.com\/#website"},"primaryImageOfPage":{"@id":"https:\/\/www.autohome-official.com\/fr\/gallery\/smukfest-gallery\/#primaryimage"},"image":{"@id":"https:\/\/www.autohome-official.com\/fr\/gallery\/smukfest-gallery\/#primaryimage"},"thumbnailUrl":"https:\/\/www.autohome-official.com\/wp-content\/uploads\/2021\/01\/SmukFest-gallery-Autohome-Official.jpg","datePublished":"2017-08-03T17:31:40+00:00","dateModified":"2026-03-10T15:09:27+00:00","description":"Tentes de toit Autohome install\u00e9es au sol lors du prestigieux festival de la bi\u00e8re de l'Europe du nord. D\u00e9couvrez tous les d\u00e9tails sur notre site !","breadcrumb":{"@id":"https:\/\/www.autohome-official.com\/fr\/gallery\/smukfest-gallery\/#breadcrumb"},"inLanguage":"fr-FR","potentialAction":[{"@type":"ReadAction","target":["https:\/\/www.autohome-official.com\/fr\/gallery\/smukfest-gallery\/"]}]},{"@type":"ImageObject","inLanguage":"fr-FR","@id":"https:\/\/www.autohome-official.com\/fr\/gallery\/smukfest-gallery\/#primaryimage","url":"https:\/\/www.autohome-official.com\/wp-content\/uploads\/2021\/01\/SmukFest-gallery-Autohome-Official.jpg","contentUrl":"https:\/\/www.autohome-official.com\/wp-content\/uploads\/2021\/01\/SmukFest-gallery-Autohome-Official.jpg","width":800,"height":533,"caption":"SmukFest gallery Autohome Official"},{"@type":"BreadcrumbList","@id":"https:\/\/www.autohome-official.com\/fr\/gallery\/smukfest-gallery\/#breadcrumb","itemListElement":[{"@type":"ListItem","position":1,"name":"Home","item":"https:\/\/www.autohome-official.com\/fr\/"},{"@type":"ListItem","position":2,"name":"Gallery","item":"https:\/\/www.autohome-official.com\/fr\/gallery\/"},{"@type":"ListItem","position":3,"name":"Smukfest Gallery"}]},{"@type":"WebSite","@id":"https:\/\/www.autohome-official.com\/#website","url":"https:\/\/www.autohome-official.com\/","name":"Autohome","description":"Tende da tetto - Dachzelte - Roof Top Tents - Tentes de Toit","publisher":{"@id":"https:\/\/www.autohome-official.com\/#organization"},"alternateName":"Autohome Official","potentialAction":[{"@type":"SearchAction","target":{"@type":"EntryPoint","urlTemplate":"https:\/\/www.autohome-official.com\/?s={search_term_string}"},"query-input":{"@type":"PropertyValueSpecification","valueRequired":true,"valueName":"search_term_string"}}],"inLanguage":"fr-FR"},{"@type":"Organization","@id":"https:\/\/www.autohome-official.com\/#organization","name":"Autohome","alternateName":"Autohome Official","url":"https:\/\/www.autohome-official.com\/","logo":{"@type":"ImageObject","inLanguage":"fr-FR","@id":"https:\/\/www.autohome-official.com\/#\/schema\/logo\/image\/","url":"https:\/\/www.autohome-official.com\/wp-content\/uploads\/2026\/02\/Maggiolina-Autohome-logo.jpg","contentUrl":"https:\/\/www.autohome-official.com\/wp-content\/uploads\/2026\/02\/Maggiolina-Autohome-logo.jpg","width":512,"height":512,"caption":"Autohome"},"image":{"@id":"https:\/\/www.autohome-official.com\/#\/schema\/logo\/image\/"},"sameAs":["https:\/\/www.facebook.com\/Autohome.Official.Page","https:\/\/www.instagram.com\/autohome_official\/","http:\/\/www.youtube.com\/user\/AutohomeOfficial"],"description":"Le prime tende da tetto auto al mondo, prodotte in Italia dal 1958.","email":"info@autohome.it","telephone":"0039 0376 99590","legalName":"Zifer Italia SRL","vatID":"IT01329850208"}]}},"_links":{"self":[{"href":"https:\/\/www.autohome-official.com\/fr\/wp-json\/wp\/v2\/pages\/24332"}],"collection":[{"href":"https:\/\/www.autohome-official.com\/fr\/wp-json\/wp\/v2\/pages"}],"about":[{"href":"https:\/\/www.autohome-official.com\/fr\/wp-json\/wp\/v2\/types\/page"}],"author":[{"embeddable":true,"href":"https:\/\/www.autohome-official.com\/fr\/wp-json\/wp\/v2\/users\/2"}],"replies":[{"embeddable":true,"href":"https:\/\/www.autohome-official.com\/fr\/wp-json\/wp\/v2\/comments?post=24332"}],"version-history":[{"count":2,"href":"https:\/\/www.autohome-official.com\/fr\/wp-json\/wp\/v2\/pages\/24332\/revisions"}],"predecessor-version":[{"id":84502,"href":"https:\/\/www.autohome-official.com\/fr\/wp-json\/wp\/v2\/pages\/24332\/revisions\/84502"}],"up":[{"embeddable":true,"href":"https:\/\/www.autohome-official.com\/fr\/wp-json\/wp\/v2\/pages\/14771"}],"wp:featuredmedia":[{"embeddable":true,"href":"https:\/\/www.autohome-official.com\/fr\/wp-json\/wp\/v2\/media\/53838"}],"wp:attachment":[{"href":"https:\/\/www.autohome-official.com\/fr\/wp-json\/wp\/v2\/media?parent=24332"}],"curies":[{"name":"wp","href":"https:\/\/api.w.org\/{rel}","templated":true}]}}