{"id":24649,"date":"2017-08-04T10:13:51","date_gmt":"2017-08-04T08:13:51","guid":{"rendered":"https:\/\/www.autohome-official.com\/dachzelte-4x4\/"},"modified":"2017-08-04T10:13:51","modified_gmt":"2017-08-04T08:13:51","slug":"dachzelte-4x4","status":"publish","type":"page","link":"https:\/\/www.autohome-official.com\/fr\/dachzelte-4x4\/","title":{"rendered":"Dachzelte 4&#215;4"},"content":{"rendered":"<h1>Dachzelte 4&#215;4<\/h1>\n<p>Willkommen auf der Autohome-Seite, die \u00fcber <strong>Dachzelte f<\/strong><strong>\u00fc<\/strong><strong>r\u00a0 4&#215;4<\/strong> informiert. Dieser Dachzelttyp hat schon immer das <strong>Herz\u00a0 der Autohome-Produktion<\/strong>\u00a0 mit ihrer Palette, die f\u00fcr Gel\u00e4ndewagen, SUV, Pick-Up, Crossover und alle anderen 4&#215;4-Modelle der wichtigsten Automarken der Automobilbranche konzipiert ist,\u00a0 verk\u00f6rpert.<\/p>\n<p>Die <strong>Dachzelte f<\/strong><strong>\u00fc<\/strong><strong>r\u00a0 4&#215;4<\/strong> untergliedern sich in eine Reihe von Modellen; jedes einzelne ist durch ein eigenes Design und spezifische Materialien gekennzeichnet, die die Voraussetzung daf\u00fcr sind, unter allen klimatischen Bedingungen die besten Leistungen zu bringen. Ob Sie auf das zeitlose Design von <strong>Maggiolina<\/strong>, die klassischen Auto-Dachzelte, die innovativen Linien der Reihe <strong>Columbus<\/strong> oder auf die \u00a0Ger\u00e4umigkeit der Zelte aus Gewebe, wie <strong>Air-Camping<\/strong>, <strong>Overland<\/strong>, <strong>Overzone<\/strong> und <strong>Overcamp<\/strong>, setzen, was auch immer Ihre Wahl sein wird, die Dachzelte f\u00fcr 4&#215;4 sind f\u00fcr eine <strong>stabile und sichere Koppelung<\/strong> <strong>an alle 4&#215;4-Modelle<\/strong> studiert. Das dazu verwendete Hightech-Material gew\u00e4hrleistet immer:<\/p>\n<ul>\n<li>Undurchl\u00e4ssigkeit<\/li>\n<li>Atmungsaktivit\u00e4t<\/li>\n<li>Festigkeit<\/li>\n<li>\u00c4u\u03b2erst schneller Auf-und Abbau (wird mit nur einer Handbewegung ge\u00f6ffnet und geschlossen)<\/li>\n<li>Ein komplettes Sortiment an Zubeh\u00f6r<\/li>\n<\/ul>\n<p>Den Dachzelten \u00a04&#215;4 liegt eine <strong>handwerkliche Bautechnik<\/strong> zugrunde, die dem verwendeten Material au\u03b2erordentliche Festigkeit und Qualit\u00e4t verleiht. Die bereits in die Extrem-Camping-Legende eingegangenen Autohome-Dachzelte warten nur noch auf die n\u00e4chstbeste Gelegenheit f\u00fcr abenteuerliche Exkursionen.<\/p>\n","protected":false},"excerpt":{"rendered":"<p>Dachzelte 4&#215;4 Willkommen auf der Autohome-Seite, die \u00fcber Dachzelte f\u00fcr\u00a0 4&#215;4 informiert. Dieser Dachzelttyp hat schon immer das Herz\u00a0 der Autohome-Produktion\u00a0 mit ihrer Palette, die f\u00fcr<span class=\"excerpt-hellip\"> [\u2026]<\/span><\/p>\n","protected":false},"author":4,"featured_media":0,"parent":0,"menu_order":0,"comment_status":"closed","ping_status":"closed","template":"","meta":{"footnotes":""},"class_list":["post-24649","page","type-page","status-publish","hentry"],"yoast_head":"<!-- This site is optimized with the Yoast SEO Premium plugin v23.7 (Yoast SEO v23.7) - https:\/\/yoast.com\/wordpress\/plugins\/seo\/ -->\n<title>Dachzelte 4x4 - Autohome<\/title>\n<meta name=\"description\" content=\"Willkommen auf der Autohome-Seite, die Dachzelten f\u00fcr 4x4 gewidmet ist: entdecken Sie die Modelle, die f\u00fcr alle Gel\u00e4ndewagen- und 4x4-Fahrzeugtypen geeignet sind.\" \/>\n<meta name=\"robots\" content=\"index, follow, max-snippet:-1, max-image-preview:large, max-video-preview:-1\" \/>\n<link rel=\"canonical\" href=\"https:\/\/www.autohome-official.com\/fr\/dachzelte-4x4\/\" \/>\n<meta property=\"og:locale\" content=\"fr_FR\" \/>\n<meta property=\"og:type\" content=\"article\" \/>\n<meta property=\"og:title\" content=\"Dachzelte 4x4 - Autohome\" \/>\n<meta property=\"og:description\" content=\"Dachzelte 4x4 Willkommen auf der Autohome-Seite, die \u00fcber Dachzelte f\u00fcr\u00a0 4x4 informiert. Dieser Dachzelttyp hat schon immer das Herz\u00a0 der\" \/>\n<meta property=\"og:url\" content=\"https:\/\/www.autohome-official.com\/fr\/dachzelte-4x4\/\" \/>\n<meta property=\"og:site_name\" content=\"Autohome\" \/>\n<meta property=\"article:publisher\" content=\"https:\/\/www.facebook.com\/Autohome.Official.Page\" \/>\n<meta property=\"og:image\" content=\"https:\/\/www.autohome-official.com\/wp-content\/uploads\/2026\/02\/Maggiolina-Autohome-logo.jpg\" \/>\n\t<meta property=\"og:image:width\" content=\"512\" \/>\n\t<meta property=\"og:image:height\" content=\"512\" \/>\n\t<meta property=\"og:image:type\" content=\"image\/jpeg\" \/>\n<meta name=\"twitter:card\" content=\"summary_large_image\" \/>\n<meta name=\"twitter:label1\" content=\"Dur\u00e9e de lecture estim\u00e9e\" \/>\n\t<meta name=\"twitter:data1\" content=\"1 minute\" \/>\n<script type=\"application\/ld+json\" class=\"yoast-schema-graph\">{\"@context\":\"https:\/\/schema.org\",\"@graph\":[{\"@type\":\"WebPage\",\"@id\":\"https:\/\/www.autohome-official.com\/fr\/dachzelte-4x4\/\",\"url\":\"https:\/\/www.autohome-official.com\/fr\/dachzelte-4x4\/\",\"name\":\"Dachzelte 4x4 - Autohome\",\"isPartOf\":{\"@id\":\"https:\/\/www.autohome-official.com\/#website\"},\"datePublished\":\"2017-08-04T08:13:51+00:00\",\"dateModified\":\"2017-08-04T08:13:51+00:00\",\"description\":\"Willkommen auf der Autohome-Seite, die Dachzelten f\u00fcr 4x4 gewidmet ist: entdecken Sie die Modelle, die f\u00fcr alle Gel\u00e4ndewagen- und 4x4-Fahrzeugtypen geeignet sind.\",\"breadcrumb\":{\"@id\":\"https:\/\/www.autohome-official.com\/fr\/dachzelte-4x4\/#breadcrumb\"},\"inLanguage\":\"fr-FR\",\"potentialAction\":[{\"@type\":\"ReadAction\",\"target\":[\"https:\/\/www.autohome-official.com\/fr\/dachzelte-4x4\/\"]}]},{\"@type\":\"BreadcrumbList\",\"@id\":\"https:\/\/www.autohome-official.com\/fr\/dachzelte-4x4\/#breadcrumb\",\"itemListElement\":[{\"@type\":\"ListItem\",\"position\":1,\"name\":\"Home\",\"item\":\"https:\/\/www.autohome-official.com\/fr\/\"},{\"@type\":\"ListItem\",\"position\":2,\"name\":\"Dachzelte 4&#215;4\"}]},{\"@type\":\"WebSite\",\"@id\":\"https:\/\/www.autohome-official.com\/#website\",\"url\":\"https:\/\/www.autohome-official.com\/\",\"name\":\"Autohome\",\"description\":\"Tende da tetto - Dachzelte - Roof Top Tents - Tentes de Toit\",\"publisher\":{\"@id\":\"https:\/\/www.autohome-official.com\/#organization\"},\"alternateName\":\"Autohome Official\",\"potentialAction\":[{\"@type\":\"SearchAction\",\"target\":{\"@type\":\"EntryPoint\",\"urlTemplate\":\"https:\/\/www.autohome-official.com\/?s={search_term_string}\"},\"query-input\":{\"@type\":\"PropertyValueSpecification\",\"valueRequired\":true,\"valueName\":\"search_term_string\"}}],\"inLanguage\":\"fr-FR\"},{\"@type\":\"Organization\",\"@id\":\"https:\/\/www.autohome-official.com\/#organization\",\"name\":\"Autohome\",\"alternateName\":\"Autohome Official\",\"url\":\"https:\/\/www.autohome-official.com\/\",\"logo\":{\"@type\":\"ImageObject\",\"inLanguage\":\"fr-FR\",\"@id\":\"https:\/\/www.autohome-official.com\/#\/schema\/logo\/image\/\",\"url\":\"https:\/\/www.autohome-official.com\/wp-content\/uploads\/2026\/02\/Maggiolina-Autohome-logo.jpg\",\"contentUrl\":\"https:\/\/www.autohome-official.com\/wp-content\/uploads\/2026\/02\/Maggiolina-Autohome-logo.jpg\",\"width\":512,\"height\":512,\"caption\":\"Autohome\"},\"image\":{\"@id\":\"https:\/\/www.autohome-official.com\/#\/schema\/logo\/image\/\"},\"sameAs\":[\"https:\/\/www.facebook.com\/Autohome.Official.Page\",\"https:\/\/www.instagram.com\/autohome_official\/\",\"http:\/\/www.youtube.com\/user\/AutohomeOfficial\"],\"description\":\"Le prime tende da tetto auto al mondo, prodotte in Italia dal 1958.\",\"email\":\"info@autohome.it\",\"telephone\":\"0039 0376 99590\",\"legalName\":\"Zifer Italia SRL\",\"vatID\":\"IT01329850208\"}]}<\/script>\n<!-- \/ Yoast SEO Premium plugin. -->","yoast_head_json":{"title":"Dachzelte 4x4 - Autohome","description":"Willkommen auf der Autohome-Seite, die Dachzelten f\u00fcr 4x4 gewidmet ist: entdecken Sie die Modelle, die f\u00fcr alle Gel\u00e4ndewagen- und 4x4-Fahrzeugtypen geeignet sind.","robots":{"index":"index","follow":"follow","max-snippet":"max-snippet:-1","max-image-preview":"max-image-preview:large","max-video-preview":"max-video-preview:-1"},"canonical":"https:\/\/www.autohome-official.com\/fr\/dachzelte-4x4\/","og_locale":"fr_FR","og_type":"article","og_title":"Dachzelte 4x4 - Autohome","og_description":"Dachzelte 4x4 Willkommen auf der Autohome-Seite, die \u00fcber Dachzelte f\u00fcr\u00a0 4x4 informiert. Dieser Dachzelttyp hat schon immer das Herz\u00a0 der","og_url":"https:\/\/www.autohome-official.com\/fr\/dachzelte-4x4\/","og_site_name":"Autohome","article_publisher":"https:\/\/www.facebook.com\/Autohome.Official.Page","og_image":[{"width":512,"height":512,"url":"https:\/\/www.autohome-official.com\/wp-content\/uploads\/2026\/02\/Maggiolina-Autohome-logo.jpg","type":"image\/jpeg"}],"twitter_card":"summary_large_image","twitter_misc":{"Dur\u00e9e de lecture estim\u00e9e":"1 minute"},"schema":{"@context":"https:\/\/schema.org","@graph":[{"@type":"WebPage","@id":"https:\/\/www.autohome-official.com\/fr\/dachzelte-4x4\/","url":"https:\/\/www.autohome-official.com\/fr\/dachzelte-4x4\/","name":"Dachzelte 4x4 - Autohome","isPartOf":{"@id":"https:\/\/www.autohome-official.com\/#website"},"datePublished":"2017-08-04T08:13:51+00:00","dateModified":"2017-08-04T08:13:51+00:00","description":"Willkommen auf der Autohome-Seite, die Dachzelten f\u00fcr 4x4 gewidmet ist: entdecken Sie die Modelle, die f\u00fcr alle Gel\u00e4ndewagen- und 4x4-Fahrzeugtypen geeignet sind.","breadcrumb":{"@id":"https:\/\/www.autohome-official.com\/fr\/dachzelte-4x4\/#breadcrumb"},"inLanguage":"fr-FR","potentialAction":[{"@type":"ReadAction","target":["https:\/\/www.autohome-official.com\/fr\/dachzelte-4x4\/"]}]},{"@type":"BreadcrumbList","@id":"https:\/\/www.autohome-official.com\/fr\/dachzelte-4x4\/#breadcrumb","itemListElement":[{"@type":"ListItem","position":1,"name":"Home","item":"https:\/\/www.autohome-official.com\/fr\/"},{"@type":"ListItem","position":2,"name":"Dachzelte 4&#215;4"}]},{"@type":"WebSite","@id":"https:\/\/www.autohome-official.com\/#website","url":"https:\/\/www.autohome-official.com\/","name":"Autohome","description":"Tende da tetto - Dachzelte - Roof Top Tents - Tentes de Toit","publisher":{"@id":"https:\/\/www.autohome-official.com\/#organization"},"alternateName":"Autohome Official","potentialAction":[{"@type":"SearchAction","target":{"@type":"EntryPoint","urlTemplate":"https:\/\/www.autohome-official.com\/?s={search_term_string}"},"query-input":{"@type":"PropertyValueSpecification","valueRequired":true,"valueName":"search_term_string"}}],"inLanguage":"fr-FR"},{"@type":"Organization","@id":"https:\/\/www.autohome-official.com\/#organization","name":"Autohome","alternateName":"Autohome Official","url":"https:\/\/www.autohome-official.com\/","logo":{"@type":"ImageObject","inLanguage":"fr-FR","@id":"https:\/\/www.autohome-official.com\/#\/schema\/logo\/image\/","url":"https:\/\/www.autohome-official.com\/wp-content\/uploads\/2026\/02\/Maggiolina-Autohome-logo.jpg","contentUrl":"https:\/\/www.autohome-official.com\/wp-content\/uploads\/2026\/02\/Maggiolina-Autohome-logo.jpg","width":512,"height":512,"caption":"Autohome"},"image":{"@id":"https:\/\/www.autohome-official.com\/#\/schema\/logo\/image\/"},"sameAs":["https:\/\/www.facebook.com\/Autohome.Official.Page","https:\/\/www.instagram.com\/autohome_official\/","http:\/\/www.youtube.com\/user\/AutohomeOfficial"],"description":"Le prime tende da tetto auto al mondo, prodotte in Italia dal 1958.","email":"info@autohome.it","telephone":"0039 0376 99590","legalName":"Zifer Italia SRL","vatID":"IT01329850208"}]}},"_links":{"self":[{"href":"https:\/\/www.autohome-official.com\/fr\/wp-json\/wp\/v2\/pages\/24649"}],"collection":[{"href":"https:\/\/www.autohome-official.com\/fr\/wp-json\/wp\/v2\/pages"}],"about":[{"href":"https:\/\/www.autohome-official.com\/fr\/wp-json\/wp\/v2\/types\/page"}],"author":[{"embeddable":true,"href":"https:\/\/www.autohome-official.com\/fr\/wp-json\/wp\/v2\/users\/4"}],"replies":[{"embeddable":true,"href":"https:\/\/www.autohome-official.com\/fr\/wp-json\/wp\/v2\/comments?post=24649"}],"version-history":[{"count":0,"href":"https:\/\/www.autohome-official.com\/fr\/wp-json\/wp\/v2\/pages\/24649\/revisions"}],"wp:attachment":[{"href":"https:\/\/www.autohome-official.com\/fr\/wp-json\/wp\/v2\/media?parent=24649"}],"curies":[{"name":"wp","href":"https:\/\/api.w.org\/{rel}","templated":true}]}}