{"id":41156,"date":"2019-11-22T14:46:52","date_gmt":"2019-11-22T13:46:52","guid":{"rendered":"https:\/\/www.autohome-official.com\/?page_id=41156"},"modified":"2020-05-19T16:07:25","modified_gmt":"2020-05-19T14:07:25","slug":"qualite-et-securite-textile","status":"publish","type":"page","link":"https:\/\/www.autohome-official.com\/fr\/qualite-et-securite-textile\/","title":{"rendered":"Qualit\u00e9 et s\u00e9curit\u00e9 &#8211; TEXTILE"},"content":{"rendered":"<p>[vc_row css=\u00a0\u00bb.vc_custom_1524229632556{margin-right: 92px !important;}\u00a0\u00bb][vc_column][vc_empty_space height=\u00a0\u00bb80px\u00a0\u00bb][vc_raw_html]JTNDaDQlM0UlMEFBVVRPSE9NRSUyMCUzQyUyRmJyJTNFJTBBQ09ORFVJUkUlMjBET1VDRU1FTlQlMjBFVCUyMERPUk1JUiUyMFBBSVNJQkxFTUVOVCUyMCUzQyUyRmJyJTNFJTBBJTNDJTJGaDQlM0UlMEElM0NwJTNFJTIwTGElMjBzJUMzJUE5Y3VyaXQlQzMlQTklMjBlc3QlMjBpbmVzdGltYWJsZSUyMGNoZXolMjBBdXRvaG9tZSUyMGV0JTIwcG91ciUyMGNldHRlJTIwcmFpc29uJTIwbm90cmUlMjBDZW50cmUlMjBkZSUyMHJlY2hlcmNoZSUyMGV0JTIwZGUlMjBkJUMzJUE5dmVsb3BwZW1lbnQlMjBhJTIwdG91am91cnMlMjB0cmF2YWlsbCVDMyVBOSUyMHN1ciUyMGRldXglMjBmcm9udHMlM0ElMjBkJTI3YWJvcmQlMjBwb3VyJTIwZ2FyYW50aXIlMjBkZXMlMjAlQzIlQUJ2b3lhZ2VzJTIwc2FucyUyMHByb2JsJUMzJUE4bWUlQzIlQkIlMjBldCUyMGVuc3VpdGUlMjBwb3VyJTIwYXNzdXJlciUyMGRlcyUyMCVDMiVBQm51aXRzJTIwcGFpc2libGVzJUMyJUJCLiUyMCUyMCUzQyUyRmJyJTNFJTNDJTJGYnIlM0UlMjAlM0MlMkZwJTNFJTBBJTNDaDQlM0UlMjBWT1lBR0VTJTIwU0FOUyUyMFBST0JMJUMzJTg4TUUlMjAlM0MlMkZoNCUzRSUwQSUzQ3AlM0UlMjBMYSUyMHRlbnRlJTIwZGUlMjB0b2l0JTIwZXN0JTIwdW5lJTIwY2hhcmdlJTIwc291bWlzZSUyMCVDMyVBMCUyMHVuZSUyMGNvbnRyYWludGUlMjBkeW5hbWlxdWUlMjBsb3JzJTIwZGUlMjBsYSUyMGNvbmR1aXRlJTIwc3VyJTIwcm91dGUlMjBldCUyQyUyMGNvbW1lJTIwdG91dGUlMjBhdXRyZSUyMGNoYXJnZSUyMCVDMyVBMCUyMGwlMjdleHQlQzMlQTlyaWV1ciUyMGR1JTIwdiVDMyVBOWhpY3VsZSUyQyUyMGRvaXQlMjAlQzMlQUF0cmUlMjBzb2xpZGVtZW50JTIwYW5jciVDMyVBOWUlMjBldCUyMGdhcmFudGlyJTIwbGElMjBzJUMzJUE5Y3VyaXQlQzMlQTklMkMlMjBhZmluJTIwZGUlMjBuZSUyMHBhcyUyMGNvbnN0aXR1ZXIlMjB1biUyMGRhbmdlci4lMjBMZXMlMjB0ZW50ZXMlMjBkZSUyMHRvaXQlMjBBdXRvaG9tZSUyMHNvbnQlMjBwcm9kdWl0ZXMlMjBhdmVjJTIwbGVzJTIwbWVpbGxldXJzJTIwbWF0JUMzJUE5cmlhdXglMjBwb3VyJTIwJUMzJUFBdHJlJTIwc29saWRlcyUyMGV0JTIwcm9idXN0ZXMlMkMlMjBjYXBhYmxlcyUyMGRlJTIwc3VwcG9ydGVyJTIwbGVzJTIwY29udHJhaW50ZXMlMjBkZSUyMGwlMjdhc3BoYWx0ZSUyMGV0JTIwbGElMjB0cmElQzMlQUVuJUMzJUE5ZSUyMGElQzMlQTlyb2R5bmFtaXF1ZSUyMGR1JTIwdmVudC4lMjBFbGxlcyUyMG9udCUyMHBhc3MlQzMlQTklMjBkZXMlMjB0ZXN0cyUyMGRlJTIwY2VydGlmaWNhdGlvbiUyMHJpZ291cmV1eCUyMHN1ciUyMGxlJTIwcHJvZHVpdCUyMGV0JTIwbGVzJTIwbWF0JUMzJUE5cmlhdXglMjBwb3VyJTIwZHVyZXIlMjBwZW5kYW50JTIwZGVzJTIwYW5uJUMzJUE5ZXMlMjBzYW5zJTIwcHJvYmwlQzMlQThtZS4lMjAlM0MlMkZiciUzRSUzQyUyRmJyJTNFJTIwJTIwJTNDJTJGcCUzRQ==[\/vc_raw_html][vc_raw_html]JTNDaDQlM0UlMjBOVUlUUyUyMFBBSVNJQkxFUyUyMCUyMCUzQyUyRmJyJTNFJTIwJTNDJTJGaDQlM0UlMEElM0NwJTNFJTIwTGElMjBtJUMzJUFBbWUlMjBhdHRlbnRpb24lMjBxdWUlMjBub3VzJTIwYXZvbnMlMjBwb3J0JUMzJUE5ZSUyMCVDMyVBMCUyMGxhJTIwcyVDMyVBOWN1cml0JUMzJUE5JTIwZHluYW1pcXVlJTIwYSUyMCVDMyVBOWdhbGVtZW50JTIwJUMzJUE5dCVDMyVBOSUyMGFjY29yZCVDMyVBOWUlMjAlQzMlQTAlMjBsYSUyMHF1YWxpdCVDMyVBOSUyMGR1JTIwc29tbWVpbC4lMjBEZXMlMjBtYXQlQzMlQTlyaWF1eCUyMGRlJTIwcHJlbWllciUyMGNob2l4JTJDJTIwZGVzJTIwZmluaXRpb25zJTIwc29pZ24lQzMlQTllcyUyQyUyMGwlMjdhdHRlbnRpb24lMjBhdXglMjBkJUMzJUE5dGFpbHMlMjBmb250JTIwcXVlJTIwZGFucyUyMGxhJTIwdGVudGUlMjBBdXRvaG9tZSUyMHZvdXMlMjBkb3JtZXolMjBkYW5zJTIwdW4lMjB2cmFpJTIwbGl0JTJDJTIwaXNvbCVDMyVBOSUyMGRlJTIwbGElMjBjaGFsZXVyJTIwZXQlMjBkdSUyMGZyb2lkJTIwZXQlMjBpbnNvbm9yaXMlQzMlQTklMjBkdSUyMGJydWl0JTIwZGUlMjBsYSUyMHBsdWllLiUyMCUyMCUzQyUyRmJyJTNFJTIwJTNDJTJGYnIlM0UlMjAlM0MlMkZwJTNFJTBBJTNDaDQlM0UlMjBBVFRFTlRJT04lMjAlM0MlMkZiciUzRSUyMCUzQyUyRmg0JTNFJTBBJTNDcCUzRSUyMFN1ciUyMGxlJTIwbWFyY2glQzMlQTklMjBpbCUyMHklMjBhJTIwZGVzJTIwdGVudGVzJTIwZGUlMjB0b2l0JTIwcXVpJTIwbiUyN29udCUyMHBhcyUyMGRlJTIwdnJhaWUlMjBjZXJ0aWZpY2F0aW9uJTIwZGUlMjBwcm9kdWl0LiUyME0lQzMlQTlmaWV6LXZvdXMlMjBkZXMlMjBjZXJ0aWZpY2F0aW9ucyUyMHRlbGxlcyUyMHF1ZSUyMElTTyUyMDkwMDElMjBxdWUlMjBjZXJ0YWlucyUyMHZlbmRldXJzJTIwYWZmaWNoZW50JTJDJTIwY2FyJTIwZWxsZXMlMjBjb25jZXJuZW50JTIwbCUyN29yZ2FuaXNhdGlvbiUyMGRlJTIwbCUyN2VudHJlcHJpc2UlMjBldCUyMG5lJTIwc29udCUyMHBhcyUyMGR1JTIwdG91dCUyMHVuZSUyMGdhcmFudGllJTIwZGUlMjBxdWFsaXQlQzMlQTklMjBldCUyMGRlJTIwcyVDMyVBOWN1cml0JUMzJUE5JTIwZGUlMjBsYSUyMHRlbnRlJTIwZGUlMjB0b2l0JTIwcXVlJTIwdm91cyUyMGFsbGV6JTIwYWNoZXRlci4lMjAlM0MlMkZiciUzRSUwQUF1JTIwY29udHJhaXJlJTJDJTIwbGVzJTIwdGVudGVzJTIwZGUlMjB0b2l0JTIwQXV0b2hvbWUlMjBvbnQlMjBwYXNzJUMzJUE5JTIwZGVzJTIwdGVzdHMlMjBzdHJpY3RzJTIwZGUlMjBxdWFsaXQlQzMlQTklMjBkZXMlMjBtYXQlQzMlQTlyaWF1eCUyMHV0aWxpcyVDMyVBOXMlMkMlMjBlZmZlY3R1JUMzJUE5cyUyMGRhbnMlMjBsZXMlMjBsYWJvcmF0b2lyZXMlMjBkZXMlMjBvcmdhbmlzbWVzJTIwcXVhbGlmaSVDMyVBOXMlMkMlMjB5JTIwY29tcHJpcyUyMGxlJTIwVCVDMyU5Q1YlMjBhbGxlbWFuZC4lMjAlM0MlMkZwJTNF[\/vc_raw_html][vc_empty_space height=\u00a0\u00bb30px\u00a0\u00bb][\/vc_column][\/vc_row]<\/p>\n","protected":false},"excerpt":{"rendered":"<p>[vc_row css=\u00a0\u00bb.vc_custom_1524229632556{margin-right: 92px !important;}\u00a0\u00bb][vc_column][vc_empty_space height=\u00a0\u00bb80px\u00a0\u00bb][vc_raw_html]JTNDaDQlM0UlMEFBVVRPSE9NRSUyMCUzQyUyRmJyJTNFJTBBQ09ORFVJUkUlMjBET1VDRU1FTlQlMjBFVCUyMERPUk1JUiUyMFBBSVNJQkxFTUVOVCUyMCUzQyUyRmJyJTNFJTBBJTNDJTJGaDQlM0UlMEElM0NwJTNFJTIwTGElMjBzJUMzJUE5Y3VyaXQlQzMlQTklMjBlc3QlMjBpbmVzdGltYWJsZSUyMGNoZXolMjBBdXRvaG9tZSUyMGV0JTIwcG91ciUyMGNldHRlJTIwcmFpc29uJTIwbm90cmUlMjBDZW50cmUlMjBkZSUyMHJlY2hlcmNoZSUyMGV0JTIwZGUlMjBkJUMzJUE5dmVsb3BwZW1lbnQlMjBhJTIwdG91am91cnMlMjB0cmF2YWlsbCVDMyVBOSUyMHN1ciUyMGRldXglMjBmcm9udHMlM0ElMjBkJTI3YWJvcmQlMjBwb3VyJTIwZ2FyYW50aXIlMjBkZXMlMjAlQzIlQUJ2b3lhZ2VzJTIwc2FucyUyMHByb2JsJUMzJUE4bWUlQzIlQkIlMjBldCUyMGVuc3VpdGUlMjBwb3VyJTIwYXNzdXJlciUyMGRlcyUyMCVDMiVBQm51aXRzJTIwcGFpc2libGVzJUMyJUJCLiUyMCUyMCUzQyUyRmJyJTNFJTNDJTJGYnIlM0UlMjAlM0MlMkZwJTNFJTBBJTNDaDQlM0UlMjBWT1lBR0VTJTIwU0FOUyUyMFBST0JMJUMzJTg4TUUlMjAlM0MlMkZoNCUzRSUwQSUzQ3AlM0UlMjBMYSUyMHRlbnRlJTIwZGUlMjB0b2l0JTIwZXN0JTIwdW5lJTIwY2hhcmdlJTIwc291bWlzZSUyMCVDMyVBMCUyMHVuZSUyMGNvbnRyYWludGUlMjBkeW5hbWlxdWUlMjBsb3JzJTIwZGUlMjBsYSUyMGNvbmR1aXRlJTIwc3VyJTIwcm91dGUlMjBldCUyQyUyMGNvbW1lJTIwdG91dGUlMjBhdXRyZSUyMGNoYXJnZSUyMCVDMyVBMCUyMGwlMjdleHQlQzMlQTlyaWV1ciUyMGR1JTIwdiVDMyVBOWhpY3VsZSUyQyUyMGRvaXQlMjAlQzMlQUF0cmUlMjBzb2xpZGVtZW50JTIwYW5jciVDMyVBOWUlMjBldCUyMGdhcmFudGlyJTIwbGElMjBzJUMzJUE5Y3VyaXQlQzMlQTklMkMlMjBhZmluJTIwZGUlMjBuZSUyMHBhcyUyMGNvbnN0aXR1ZXIlMjB1biUyMGRhbmdlci4lMjBMZXMlMjB0ZW50ZXMlMjBkZSUyMHRvaXQlMjBBdXRvaG9tZSUyMHNvbnQlMjBwcm9kdWl0ZXMlMjBhdmVjJTIwbGVzJTIwbWVpbGxldXJzJTIwbWF0JUMzJUE5cmlhdXglMjBwb3VyJTIwJUMzJUFBdHJlJTIwc29saWRlcyUyMGV0JTIwcm9idXN0ZXMlMkMlMjBjYXBhYmxlcyUyMGRlJTIwc3VwcG9ydGVyJTIwbGVzJTIwY29udHJhaW50ZXMlMjBkZSUyMGwlMjdhc3BoYWx0ZSUyMGV0JTIwbGElMjB0cmElQzMlQUVuJUMzJUE5ZSUyMGElQzMlQTlyb2R5bmFtaXF1ZSUyMGR1JTIwdmVudC4lMjBFbGxlcyUyMG9udCUyMHBhc3MlQzMlQTklMjBkZXMlMjB0ZXN0cyUyMGRlJTIwY2VydGlmaWNhdGlvbiUyMHJpZ291cmV1eCUyMHN1ciUyMGxlJTIwcHJvZHVpdCUyMGV0JTIwbGVzJTIwbWF0JUMzJUE5cmlhdXglMjBwb3VyJTIwZHVyZXIlMjBwZW5kYW50JTIwZGVzJTIwYW5uJUMzJUE5ZXMlMjBzYW5zJTIwcHJvYmwlQzMlQThtZS4lMjAlM0MlMkZiciUzRSUzQyUyRmJyJTNFJTIwJTIwJTNDJTJGcCUzRQ==[\/vc_raw_html][vc_raw_html]JTNDaDQlM0UlMjBOVUlUUyUyMFBBSVNJQkxFUyUyMCUyMCUzQyUyRmJyJTNFJTIwJTNDJTJGaDQlM0UlMEElM0NwJTNFJTIwTGElMjBtJUMzJUFBbWUlMjBhdHRlbnRpb24lMjBxdWUlMjBub3VzJTIwYXZvbnMlMjBwb3J0JUMzJUE5ZSUyMCVDMyVBMCUyMGxhJTIwcyVDMyVBOWN1cml0JUMzJUE5JTIwZHluYW1pcXVlJTIwYSUyMCVDMyVBOWdhbGVtZW50JTIwJUMzJUE5dCVDMyVBOSUyMGFjY29yZCVDMyVBOWUlMjAlQzMlQTAlMjBsYSUyMHF1YWxpdCVDMyVBOSUyMGR1JTIwc29tbWVpbC4lMjBEZXMlMjBtYXQlQzMlQTlyaWF1eCUyMGRlJTIwcHJlbWllciUyMGNob2l4JTJDJTIwZGVzJTIwZmluaXRpb25zJTIwc29pZ24lQzMlQTllcyUyQyUyMGwlMjdhdHRlbnRpb24lMjBhdXglMjBkJUMzJUE5dGFpbHMlMjBmb250JTIwcXVlJTIwZGFucyUyMGxhJTIwdGVudGUlMjBBdXRvaG9tZSUyMHZvdXMlMjBkb3JtZXolMjBkYW5zJTIwdW4lMjB2cmFpJTIwbGl0JTJDJTIwaXNvbCVDMyVBOSUyMGRlJTIwbGElMjBjaGFsZXVyJTIwZXQlMjBkdSUyMGZyb2lkJTIwZXQlMjBpbnNvbm9yaXMlQzMlQTklMjBkdSUyMGJydWl0JTIwZGUlMjBsYSUyMHBsdWllLiUyMCUyMCUzQyUyRmJyJTNFJTIwJTNDJTJGYnIlM0UlMjAlM0MlMkZwJTNFJTBBJTNDaDQlM0UlMjBBVFRFTlRJT04lMjAlM0MlMkZiciUzRSUyMCUzQyUyRmg0JTNFJTBBJTNDcCUzRSUyMFN1ciUyMGxlJTIwbWFyY2glQzMlQTklMjBpbCUyMHklMjBhJTIwZGVzJTIwdGVudGVzJTIwZGUlMjB0b2l0JTIwcXVpJTIwbiUyN29udCUyMHBhcyUyMGRlJTIwdnJhaWUlMjBjZXJ0aWZpY2F0aW9uJTIwZGUlMjBwcm9kdWl0LiUyME0lQzMlQTlmaWV6LXZvdXMlMjBkZXMlMjBjZXJ0aWZpY2F0aW9ucyUyMHRlbGxlcyUyMHF1ZSUyMElTTyUyMDkwMDElMjBxdWUlMjBjZXJ0YWlucyUyMHZlbmRldXJzJTIwYWZmaWNoZW50JTJDJTIwY2FyJTIwZWxsZXMlMjBjb25jZXJuZW50JTIwbCUyN29yZ2FuaXNhdGlvbiUyMGRlJTIwbCUyN2VudHJlcHJpc2UlMjBldCUyMG5lJTIwc29udCUyMHBhcyUyMGR1JTIwdG91dCUyMHVuZSUyMGdhcmFudGllJTIwZGUlMjBxdWFsaXQlQzMlQTklMjBldCUyMGRlJTIwcyVDMyVBOWN1cml0JUMzJUE5JTIwZGUlMjBsYSUyMHRlbnRlJTIwZGUlMjB0b2l0JTIwcXVlJTIwdm91cyUyMGFsbGV6JTIwYWNoZXRlci4lMjAlM0MlMkZiciUzRSUwQUF1JTIwY29udHJhaXJlJTJDJTIwbGVzJTIwdGVudGVzJTIwZGUlMjB0b2l0JTIwQXV0b2hvbWUlMjBvbnQlMjBwYXNzJUMzJUE5JTIwZGVzJTIwdGVzdHMlMjBzdHJpY3RzJTIwZGUlMjBxdWFsaXQlQzMlQTklMjBkZXMlMjBtYXQlQzMlQTlyaWF1eCUyMHV0aWxpcyVDMyVBOXMlMkMlMjBlZmZlY3R1JUMzJUE5cyUyMGRhbnMlMjBsZXMlMjBsYWJvcmF0b2lyZXMlMjBkZXMlMjBvcmdhbmlzbWVzJTIwcXVhbGlmaSVDMyVBOXMlMkMlMjB5JTIwY29tcHJpcyUyMGxlJTIwVCVDMyU5Q1YlMjBhbGxlbWFuZC4lMjAlM0MlMkZwJTNF[\/vc_raw_html][vc_empty_space height=\u00a0\u00bb30px\u00a0\u00bb][\/vc_column][\/vc_row]<\/p>\n","protected":false},"author":4,"featured_media":0,"parent":0,"menu_order":0,"comment_status":"closed","ping_status":"closed","template":"","meta":{"footnotes":""},"class_list":["post-41156","page","type-page","status-publish","hentry"],"yoast_head":"<!-- This site is optimized with the Yoast SEO Premium plugin v23.7 (Yoast SEO v23.7) - https:\/\/yoast.com\/wordpress\/plugins\/seo\/ -->\n<title>Qualit\u00e9 et s\u00e9curit\u00e9 - TEXTILE - Autohome Official<\/title>\n<meta name=\"description\" content=\"JTNDaDQlM0UlMEFBVVRPSE9NRSUyMCUzQyUyRmJyJTNFJTBBQ09ORFVJUkUlMjBET1VDRU1FTlQlMjBFVCUyMERPUk1JUiUyMFBBSVNJQkxFTUVOVCUyMCUzQyUyRmJyJTNFJTBBJTNDJTJGaDQlM0UlMEEl\" \/>\n<meta name=\"robots\" content=\"index, follow, max-snippet:-1, max-image-preview:large, max-video-preview:-1\" \/>\n<link rel=\"canonical\" href=\"https:\/\/www.autohome-official.com\/fr\/qualite-et-securite-textile\/\" \/>\n<meta property=\"og:locale\" content=\"fr_FR\" \/>\n<meta property=\"og:type\" content=\"article\" \/>\n<meta property=\"og:title\" content=\"Qualit\u00e9 et s\u00e9curit\u00e9 - TEXTILE - Autohome Official\" \/>\n<meta property=\"og:description\" content=\"JTNDaDQlM0UlMEFBVVRPSE9NRSUyMCUzQyUyRmJyJTNFJTBBQ09ORFVJUkUlMjBET1VDRU1FTlQlMjBFVCUyMERPUk1JUiUyMFBBSVNJQkxFTUVOVCUyMCUzQyUyRmJyJTNFJTBBJTNDJTJGaDQlM0UlMEEl\" \/>\n<meta property=\"og:url\" content=\"https:\/\/www.autohome-official.com\/fr\/qualite-et-securite-textile\/\" \/>\n<meta property=\"og:site_name\" content=\"Autohome Official\" \/>\n<meta property=\"article:publisher\" content=\"https:\/\/www.facebook.com\/Autohome.Official.Page\" \/>\n<meta property=\"article:modified_time\" content=\"2020-05-19T14:07:25+00:00\" \/>\n<meta property=\"og:image\" content=\"https:\/\/www.autohome-official.com\/wp-content\/uploads\/2026\/02\/Maggiolina-Autohome-logo.jpg\" \/>\n\t<meta property=\"og:image:width\" content=\"512\" \/>\n\t<meta property=\"og:image:height\" content=\"512\" \/>\n\t<meta property=\"og:image:type\" content=\"image\/jpeg\" \/>\n<meta name=\"twitter:card\" content=\"summary_large_image\" \/>\n<meta name=\"twitter:label1\" content=\"Dur\u00e9e de lecture estim\u00e9e\" \/>\n\t<meta name=\"twitter:data1\" content=\"1 minute\" \/>\n<script type=\"application\/ld+json\" class=\"yoast-schema-graph\">{\"@context\":\"https:\/\/schema.org\",\"@graph\":[{\"@type\":\"WebPage\",\"@id\":\"https:\/\/www.autohome-official.com\/fr\/qualite-et-securite-textile\/\",\"url\":\"https:\/\/www.autohome-official.com\/fr\/qualite-et-securite-textile\/\",\"name\":\"Qualit\u00e9 et s\u00e9curit\u00e9 - TEXTILE - Autohome Official\",\"isPartOf\":{\"@id\":\"https:\/\/www.autohome-official.com\/#website\"},\"datePublished\":\"2019-11-22T13:46:52+00:00\",\"dateModified\":\"2020-05-19T14:07:25+00:00\",\"description\":\"JTNDaDQlM0UlMEFBVVRPSE9NRSUyMCUzQyUyRmJyJTNFJTBBQ09ORFVJUkUlMjBET1VDRU1FTlQlMjBFVCUyMERPUk1JUiUyMFBBSVNJQkxFTUVOVCUyMCUzQyUyRmJyJTNFJTBBJTNDJTJGaDQlM0UlMEEl\",\"breadcrumb\":{\"@id\":\"https:\/\/www.autohome-official.com\/fr\/qualite-et-securite-textile\/#breadcrumb\"},\"inLanguage\":\"fr-FR\",\"potentialAction\":[{\"@type\":\"ReadAction\",\"target\":[\"https:\/\/www.autohome-official.com\/fr\/qualite-et-securite-textile\/\"]}]},{\"@type\":\"BreadcrumbList\",\"@id\":\"https:\/\/www.autohome-official.com\/fr\/qualite-et-securite-textile\/#breadcrumb\",\"itemListElement\":[{\"@type\":\"ListItem\",\"position\":1,\"name\":\"Home\",\"item\":\"https:\/\/www.autohome-official.com\/fr\/\"},{\"@type\":\"ListItem\",\"position\":2,\"name\":\"Qualit\u00e9 et s\u00e9curit\u00e9 &#8211; TEXTILE\"}]},{\"@type\":\"WebSite\",\"@id\":\"https:\/\/www.autohome-official.com\/#website\",\"url\":\"https:\/\/www.autohome-official.com\/\",\"name\":\"Autohome\",\"description\":\"Tende da tetto - Dachzelte - Tentes de Toit - Roof Top Tents\",\"publisher\":{\"@id\":\"https:\/\/www.autohome-official.com\/#organization\"},\"alternateName\":\"Autohome Official\",\"potentialAction\":[{\"@type\":\"SearchAction\",\"target\":{\"@type\":\"EntryPoint\",\"urlTemplate\":\"https:\/\/www.autohome-official.com\/?s={search_term_string}\"},\"query-input\":{\"@type\":\"PropertyValueSpecification\",\"valueRequired\":true,\"valueName\":\"search_term_string\"}}],\"inLanguage\":\"fr-FR\"},{\"@type\":\"Organization\",\"@id\":\"https:\/\/www.autohome-official.com\/#organization\",\"name\":\"Autohome\",\"alternateName\":\"Autohome Official\",\"url\":\"https:\/\/www.autohome-official.com\/\",\"logo\":{\"@type\":\"ImageObject\",\"inLanguage\":\"fr-FR\",\"@id\":\"https:\/\/www.autohome-official.com\/#\/schema\/logo\/image\/\",\"url\":\"https:\/\/www.autohome-official.com\/wp-content\/uploads\/2026\/02\/Maggiolina-Autohome-logo.jpg\",\"contentUrl\":\"https:\/\/www.autohome-official.com\/wp-content\/uploads\/2026\/02\/Maggiolina-Autohome-logo.jpg\",\"width\":512,\"height\":512,\"caption\":\"Autohome\"},\"image\":{\"@id\":\"https:\/\/www.autohome-official.com\/#\/schema\/logo\/image\/\"},\"sameAs\":[\"https:\/\/www.facebook.com\/Autohome.Official.Page\",\"https:\/\/www.instagram.com\/autohome_official\/\",\"http:\/\/www.youtube.com\/user\/AutohomeOfficial\"],\"description\":\"Le prime tende da tetto auto al mondo, prodotte in Italia dal 1958.\",\"email\":\"info@autohome.it\",\"telephone\":\"0039 0376 99590\",\"legalName\":\"Zifer Italia SRL\",\"vatID\":\"IT01329850208\"}]}<\/script>\n<!-- \/ Yoast SEO Premium plugin. -->","yoast_head_json":{"title":"Qualit\u00e9 et s\u00e9curit\u00e9 - TEXTILE - Autohome Official","description":"JTNDaDQlM0UlMEFBVVRPSE9NRSUyMCUzQyUyRmJyJTNFJTBBQ09ORFVJUkUlMjBET1VDRU1FTlQlMjBFVCUyMERPUk1JUiUyMFBBSVNJQkxFTUVOVCUyMCUzQyUyRmJyJTNFJTBBJTNDJTJGaDQlM0UlMEEl","robots":{"index":"index","follow":"follow","max-snippet":"max-snippet:-1","max-image-preview":"max-image-preview:large","max-video-preview":"max-video-preview:-1"},"canonical":"https:\/\/www.autohome-official.com\/fr\/qualite-et-securite-textile\/","og_locale":"fr_FR","og_type":"article","og_title":"Qualit\u00e9 et s\u00e9curit\u00e9 - TEXTILE - Autohome Official","og_description":"JTNDaDQlM0UlMEFBVVRPSE9NRSUyMCUzQyUyRmJyJTNFJTBBQ09ORFVJUkUlMjBET1VDRU1FTlQlMjBFVCUyMERPUk1JUiUyMFBBSVNJQkxFTUVOVCUyMCUzQyUyRmJyJTNFJTBBJTNDJTJGaDQlM0UlMEEl","og_url":"https:\/\/www.autohome-official.com\/fr\/qualite-et-securite-textile\/","og_site_name":"Autohome Official","article_publisher":"https:\/\/www.facebook.com\/Autohome.Official.Page","article_modified_time":"2020-05-19T14:07:25+00:00","og_image":[{"width":512,"height":512,"url":"https:\/\/www.autohome-official.com\/wp-content\/uploads\/2026\/02\/Maggiolina-Autohome-logo.jpg","type":"image\/jpeg"}],"twitter_card":"summary_large_image","twitter_misc":{"Dur\u00e9e de lecture estim\u00e9e":"1 minute"},"schema":{"@context":"https:\/\/schema.org","@graph":[{"@type":"WebPage","@id":"https:\/\/www.autohome-official.com\/fr\/qualite-et-securite-textile\/","url":"https:\/\/www.autohome-official.com\/fr\/qualite-et-securite-textile\/","name":"Qualit\u00e9 et s\u00e9curit\u00e9 - TEXTILE - Autohome Official","isPartOf":{"@id":"https:\/\/www.autohome-official.com\/#website"},"datePublished":"2019-11-22T13:46:52+00:00","dateModified":"2020-05-19T14:07:25+00:00","description":"JTNDaDQlM0UlMEFBVVRPSE9NRSUyMCUzQyUyRmJyJTNFJTBBQ09ORFVJUkUlMjBET1VDRU1FTlQlMjBFVCUyMERPUk1JUiUyMFBBSVNJQkxFTUVOVCUyMCUzQyUyRmJyJTNFJTBBJTNDJTJGaDQlM0UlMEEl","breadcrumb":{"@id":"https:\/\/www.autohome-official.com\/fr\/qualite-et-securite-textile\/#breadcrumb"},"inLanguage":"fr-FR","potentialAction":[{"@type":"ReadAction","target":["https:\/\/www.autohome-official.com\/fr\/qualite-et-securite-textile\/"]}]},{"@type":"BreadcrumbList","@id":"https:\/\/www.autohome-official.com\/fr\/qualite-et-securite-textile\/#breadcrumb","itemListElement":[{"@type":"ListItem","position":1,"name":"Home","item":"https:\/\/www.autohome-official.com\/fr\/"},{"@type":"ListItem","position":2,"name":"Qualit\u00e9 et s\u00e9curit\u00e9 &#8211; TEXTILE"}]},{"@type":"WebSite","@id":"https:\/\/www.autohome-official.com\/#website","url":"https:\/\/www.autohome-official.com\/","name":"Autohome","description":"Tende da tetto - Dachzelte - Tentes de Toit - Roof Top Tents","publisher":{"@id":"https:\/\/www.autohome-official.com\/#organization"},"alternateName":"Autohome Official","potentialAction":[{"@type":"SearchAction","target":{"@type":"EntryPoint","urlTemplate":"https:\/\/www.autohome-official.com\/?s={search_term_string}"},"query-input":{"@type":"PropertyValueSpecification","valueRequired":true,"valueName":"search_term_string"}}],"inLanguage":"fr-FR"},{"@type":"Organization","@id":"https:\/\/www.autohome-official.com\/#organization","name":"Autohome","alternateName":"Autohome Official","url":"https:\/\/www.autohome-official.com\/","logo":{"@type":"ImageObject","inLanguage":"fr-FR","@id":"https:\/\/www.autohome-official.com\/#\/schema\/logo\/image\/","url":"https:\/\/www.autohome-official.com\/wp-content\/uploads\/2026\/02\/Maggiolina-Autohome-logo.jpg","contentUrl":"https:\/\/www.autohome-official.com\/wp-content\/uploads\/2026\/02\/Maggiolina-Autohome-logo.jpg","width":512,"height":512,"caption":"Autohome"},"image":{"@id":"https:\/\/www.autohome-official.com\/#\/schema\/logo\/image\/"},"sameAs":["https:\/\/www.facebook.com\/Autohome.Official.Page","https:\/\/www.instagram.com\/autohome_official\/","http:\/\/www.youtube.com\/user\/AutohomeOfficial"],"description":"Le prime tende da tetto auto al mondo, prodotte in Italia dal 1958.","email":"info@autohome.it","telephone":"0039 0376 99590","legalName":"Zifer Italia SRL","vatID":"IT01329850208"}]}},"_links":{"self":[{"href":"https:\/\/www.autohome-official.com\/fr\/wp-json\/wp\/v2\/pages\/41156"}],"collection":[{"href":"https:\/\/www.autohome-official.com\/fr\/wp-json\/wp\/v2\/pages"}],"about":[{"href":"https:\/\/www.autohome-official.com\/fr\/wp-json\/wp\/v2\/types\/page"}],"author":[{"embeddable":true,"href":"https:\/\/www.autohome-official.com\/fr\/wp-json\/wp\/v2\/users\/4"}],"replies":[{"embeddable":true,"href":"https:\/\/www.autohome-official.com\/fr\/wp-json\/wp\/v2\/comments?post=41156"}],"version-history":[{"count":0,"href":"https:\/\/www.autohome-official.com\/fr\/wp-json\/wp\/v2\/pages\/41156\/revisions"}],"wp:attachment":[{"href":"https:\/\/www.autohome-official.com\/fr\/wp-json\/wp\/v2\/media?parent=41156"}],"curies":[{"name":"wp","href":"https:\/\/api.w.org\/{rel}","templated":true}]}}