{"id":44224,"date":"2020-01-16T14:49:47","date_gmt":"2020-01-16T13:49:47","guid":{"rendered":"https:\/\/www.autohome-official.com\/?page_id=44224"},"modified":"2022-02-22T13:47:28","modified_gmt":"2022-02-22T12:47:28","slug":"ludwig-schmid","status":"publish","type":"page","link":"https:\/\/www.autohome-official.com\/fr\/ludwig-schmid\/","title":{"rendered":"Ludwig Schmid"},"content":{"rendered":"<p>[vc_row el_class=\u00a0\u00bbstory-skin-white row-90 mobileNoSidePadding\u00a0\u00bb][vc_column][vc_raw_html]JTNDaDElMjBzdHlsZSUzRCUyMmZvbnQtc2l6ZSUzQSUyMDQ4cHglMjIlM0UlMjJMdWdnaSUyMiUyMExVRFdJRyUyMFNDSE1JRCUzQyUyRmgxJTNFJTBBJTNDcCUzRSUwQUolMjdhaSUyMHRvdWpvdXJzJTIwcGVucyVDMyVBOSUyMHF1ZSUyMHNlJTIwY29uc2FjcmVyJTIwcHJvZmVzc2lvbm5lbGxlbWVudCUyMCVDMyVBMCUyMGwlMjclQzMlQTlxdWlwZW1lbnQlMjB0b3V0LXRlcnJhaW4lMkMlMjBjb21tZSUyMGRhbnMlMjBtb24lMjBjYXMlMkMlMjBlc3QlMjB1biUyMGdyYW5kJTIwYXZhbnRhZ2UlMkMlMjBtYWlzJTIwY2VsYSUyMGRlbWFuZGUlMjBhdXNzaSUyMHVuJTIwZW5nYWdlbWVudCUyMHN1cHBsJUMzJUE5bWVudGFpcmUlMjBlbnZlcnMlMjBzb2ktbSVDMyVBQW1lLiUyMExlcXVlbCUzRiUyME5lJTIwc2UlMjBsYWlzc2VyJTIwcGFzJTIwc3VibWVyZ2VyJTIwcGFyJTIwdW5lJTIwdGVjaG5pY2l0JUMzJUE5JTIwZXhhc3AlQzMlQTlyJUMzJUE5ZSUyMHRvdXQlMjBlbiUyMGxhaXNzYW50JTIwcGxhY2UlMjAlQzMlQTAlMjBsYSUyMHBhc3Npb24uJTIwJUMzJTgwJTIwbCUyN2VudmllJTIwZGUlMjB2b3lhZ2VyJTIxJTIwSiUyN2FpJTIwZXNzYXklQzMlQTklMjBkZSUyMGNvbWJpbmVyJTIwbGVzJTIwZGV1eCUyMGNob3NlcyUyMGV0JTIwbGElMjBzYXRpc2ZhY3Rpb24lMjBxdWUlMjBqJTI3YWklMjByZSVDMyVBN3VlJTIwZW50cmUlMjBsZSUyMHRyYXZhaWwlMjBldCUyMGxlcyUyMHZveWFnZXMlMjBtJTI3YSUyMGNvbmZpcm0lQzMlQTklMjBxdWUlMjBqJTI3YXZhaXMlMjBwZXV0LSVDMyVBQXRyZSUyMHIlQzMlQTl1c3NpLiUyMCUwQURlcHVpcyUyMGRlcyUyMGFubiVDMyVBOWVzJTJDJTIwaiUyNyVDMyVBOXF1aXBlJTIwZGVzJTIwdiVDMyVBOWhpY3VsZXMlMjBwb3VyJTIwbGVzJTIwZ3JhbmRzJTIwdm95YWdlcyUyMGV0JTIwbGVzJTIwdm95YWdlcyUyMGQlMjdhdmVudHVyZS4lMjBKJTI3YWklMjBkZXMlMjBjbGllbnRzJTIwZGFucyUyMHRvdXQlMjBsZSUyMHN1ZCUyMGRlJTIwbCUyN0FsbGVtYWduZS4lMjBVbmUlMjBncmFuZGUlMjBwYXJ0aWUlMjBkZSUyMG1vbiUyMGV4cCVDMyVBOXJpZW5jZSUyMGElMjAlQzMlQTl0JUMzJUE5JTIwYWNxdWlzZSUyMGxvcnNxdWUlMjBqZSUyMGZhaXNhaXMlMjBwYXJ0aWUlMjBkZSUyMGwlMjclQzMlQTlxdWlwZSUyMERUTSUyMGQlMjdBdWRpJTJDJTIwYXZlYyUyMGxhJTIwcyVDMyVBOXJpZSUyMEdUJTIwZXQlMjBsYSUyMHBhcnRpY2lwYXRpb24lMjBhdSUyMERha2FyLiUyMExhJTIwcGFzc2lvbiUyMHBvdXIlMjBjZSUyMG1vbmRlJTIwbWUlMjB2aWVudCUyMGRlJTIwbW9uJTIwcCVDMyVBOHJlJTJDJTIwcXVpJTIwZGVwdWlzJTIwbW9uJTIwZW5mYW5jZSUyMG0lMjdhJTIwZmFpdCUyMGQlQzMlQTljb3V2cmlyJTIwY2V0JTIwZXNwcml0JTIwZGUlMjBsaWJlcnQlQzMlQTklMjBldCUyMGRlJTIwY29udGFjdCUyMGF2ZWMlMjBsYSUyMG5hdHVyZSUyMHF1aSUyMGVzdCUyMHR5cGlxdWUlMjBkdSUyMHRvdXQtdGVycmFpbi4lMjBKZSUyMHBlbnNlJTIwcXVlJTIwYyUyN2VzdCUyMHBvdXIlMjBsZXMlMjBtJUMzJUFBbWVzJTIwcmFpc29ucyUyMHF1ZSUyMGolMjdhaW1lJTIwbGElMjBwJUMzJUFBY2hlJTIwc3BvcnRpdmUlMkMlMjBsZSUyMHNraSUyMGV0JTIwbGUlMjBob2NrZXklMjBzdXIlMjBnbGFjZS4lMjAlM0MlMkZiciUzRSUwQVJldG91ciUyMGF1JTIwdG91dC10ZXJyYWluJTNBJTIwbGElMjBjb21wb3NhbnRlJTIwdGVjaG5pcXVlJTIwZXQlMjBsZSUyMHNvdWNpJTIwZHUlMjBkJUMzJUE5dGFpbCUyMHNvbnQlMjBldCUyMHJlc3RlbnQlMjBlc3NlbnRpZWxzLiUyMElsJTIwbiUyN3klMjBhJTIwYXVjdW4lMjBkb3V0ZSUyMCVDMyVBMCUyMGNlJTIwc3VqZXQuJTIwTGElMjBwciVDMyVBOWNpc2lvbiUyMGV0JTIwbGElMjByYXRpb25hbGl0JUMzJUE5JTJDJTIwZW4lMjBwYXJ0aWN1bGllciUyQyUyMGFpbnNpJTIwcXVlJTIwbGUlMjBmYWl0JTIwZGUlMjBzYXZvaXIlMjByZWNvbm5hJUMzJUFFdHJlJTIwbGElMjBxdWFsaXQlQzMlQTklMjBkZXMlMjBtYXQlQzMlQTlyaWF1eCUyMHBldXZlbnQlMjBmYWlyZSUyMGxhJTIwZGlmZiVDMyVBOXJlbmNlLiUyMEplJTIwc3VpcyUyMGF2YW50JTIwdG91dCUyMHVuJTIwY29uc3VsdGFudCUyMHBvdXIlMjBtZXMlMjBjbGllbnRzLiUyMEplJTIwZG9pcyUyMCVDMyVBQXRyZSUyMGNhcGFibGUlMjBkZSUyMHMlQzMlQTlsZWN0aW9ubmVyJTIwZXQlMjBkZSUyMGNvbnNlaWxsZXIuJTIwRXQlMjBsJTI3ZXhwJUMzJUE5cmltZW50YXRpb24lMjBsYSUyMHBsdXMlMjBzJUMzJUE5diVDMyVBOHJlJTIwcXVlJTIwamUlMjBmYWlzJTIwcGVyc29ubmVsbGVtZW50JTJDJTIwZGFucyUyMG1lcyUyMHZveWFnZXMuJTIwJTNDJTJGYnIlM0UlMEFNZXMlMjBpdGluJUMzJUE5cmFpcmVzJTIwcHIlQzMlQTlmJUMzJUE5ciVDMyVBOXMlMjBzb250JTIwY2V1eCUyMHF1aSUyMG0lQzMlQThuZW50JTIwYXUlMjBHcmFuZCUyME5vcmQuJTIwSiUyN2FpJTIwdG91am91cnMlMjBwciVDMyVBOWYlQzMlQTlyJUMzJUE5JTIwbGVzJTIwdGVudGVzJTIwZGUlMjB0b2l0JTIwQXV0b2hvbWUlMjBldCUyMG1hJTIwdGVudGUlMjBkZSUyMGMlQzUlOTN1ciUyMGVzdCUyME1hZ2dpb2xpbmEuJTIwQyUyN2VzdCUyMHByJUMzJUE5Y2lzJUMzJUE5bWVudCUyMGRlJTIwY2VzJTIwZXhwJUMzJUE5cmllbmNlcyUyMGRhbnMlMjBkZXMlMjBjbGltYXRzJTIwZXh0ciVDMyVBQW1lcyUyMHF1ZSUyMHNvbnQlMjBuJUMzJUE5ZXMlMjBjZXJ0YWluZXMlMjBpbnR1aXRpb25zJTIwcXVlJTIwaiUyN2FpJTIwdHJhbnNmJUMzJUE5ciVDMyVBOWVzJTIwY2hleiUyMEF1dG9ob21lJTIwZXQlMjBxdWklMjBvbnQlMjBjb25kdWl0JTIwbGElMjBzb2NpJUMzJUE5dCVDMyVBOSUyMCVDMyVBMCUyMGNyJUMzJUE5ZXIlMjBNYWdnaW9saW5hJTIwR3JhbiUyMFRvdXIlMjAzNjAlQzIlQjAuJTIwQ2VydGFpbnMlMjAlQzMlQTlsJUMzJUE5bWVudHMlMjBvbnQlMjAlQzMlQTl0JUMzJUE5JTIwcGVyZmVjdGlvbm4lQzMlQTlzJTIwcG91ciUyMGZhaXJlJTIwZGUlMjBjZXR0ZSUyME1hZ2dpb2xpbmElMjBsYSUyMHRlbnRlJTIwaWQlQzMlQTlhbGUlMjBwb3VyJTIwdG91cyUyMGxlcyUyMGNsaW1hdHMlMjAlM0ElMjBkZXMlMjBwbHVzJTIwdG9ycmlkZXMlMjBxdWklMjBuJUMzJUE5Y2Vzc2l0ZW50JTIwZGUlMjBncmFuZGVzJTIwZmVuJUMzJUFBdHJlcyUyMGF1eCUyMHBsdXMlMjByaWdpZGVzJTIwZXQlMjBmciVDMyVBOXF1ZW1tZW50JTIwZXhwb3MlQzMlQTllcyUyMGF1eCUyMGludGVtcCVDMyVBOXJpZXMuJTIwJTNDJTJGYnIlM0UlMEFVbiUyMGF1dHJlJTIwJUMzJUE5bCVDMyVBOW1lbnQlMjBxdWUlMjBqJTI3YWklMjBwciVDMyVBOWNpcyVDMyVBOSUyMGVzdCUyMGxhJTIwbiVDMyVBOWNlc3NpdCVDMyVBOSUyMGQlMjd1bmUlMjBwcm90ZWN0aW9uJTIwbWF4aW1hbGUlMjBjb250cmUlMjBsZXMlMjBpbnNlY3Rlcy4lMjBVbiUyMGJlc29pbiUyMHF1ZSUyMGxhJTIwcGx1cGFydCUyMGRlcyUyMHZveWFnZXMlMkMlMjBxdWVsbGUlMjBxdWUlMjBzb2l0JTIwbGV1ciUyMGxhdGl0dWRlJTJDJTIwb250JTIwZW4lMjBjb21tdW4uJTIwQXZlYyUyME1hZ2dpb2xpbmElMjBHcmFuJTIwVG91ciUyMDM2MCVDMiVCMCUyQyUyMGwlRTIlODAlOTlvbiUyMGIlQzMlQTluJUMzJUE5ZmljaWUlMjBkJTI3dW5lJTIwcHJvdGVjdGlvbiUyMGV0JTIwZCUyN3VuZSUyMGludGltaXQlQzMlQTklMjB0b3V0JTIwZW4lMjBtYWludGVuYW50JTIwdW5lJTIwYm9ubmUlMjBjaXJjdWxhdGlvbiUyMGRlJTIwbCUyN2Fpci4lMjBHciVDMyVBMmNlJTIwJUMzJUEwJTIwbGElMjB0b2lsZSUyMEFJUlRFWCVDMiVBRSUyMHN1ciUyMGxlcyUyMHBhcm9pcyUyMGxhdCVDMyVBOXJhbGVzJTIwJTNBJTIwJUMzJUE5dGFuY2hlJTIwZXQlMjBlbiUyMG0lQzMlQUFtZSUyMHRlbXBzJTIwY2FwYWJsZSUyMGQlMjdleHB1bHNlciUyMGxhJTIwdmFwZXVyJTIwZCVFMiU4MCU5OWVhdSUyMCVDMyVBMCUyMGwlMjdleHQlQzMlQTlyaWV1ciUyMGRlJTIwbGElMjB0ZW50ZS4lMjBMYSUyMHJlbm9tbSVDMyVBOWUlMjBtb25kaWFsZSUyMGRlJTIwTWFnZ2lvbGluYSUyMGVzdCUyMGxlJTIwciVDMyVBOXN1bHRhdCUyMGQlMjd1biUyMHByb2pldCUyMHIlQzMlQTl1c3NpJTNBJTIwc291dGVuaXIlMjBsYSUyMHBhc3Npb24lMjBkdSUyMHZveWFnZSUyMHBhciUyMGRlcyUyMHNvbHV0aW9ucyUyMHRlY2huaXF1ZXMlMjBpbnRlbGxpZ2VudGVzLiUyMCUwQSUzQyUyRnAlM0U=[\/vc_raw_html][\/vc_column][\/vc_row][vc_row el_class=\u00a0\u00bbmb0 full-row\u00a0\u00bb][vc_column offset=\u00a0\u00bbvc_hidden-xs\u00a0\u00bb][vc_single_image image=\u00a0\u00bb45290&Prime; img_size=\u00a0\u00bbfull\u00a0\u00bb][\/vc_column][\/vc_row][vc_row el_class=\u00a0\u00bbmb0 full-row\u00a0\u00bb][vc_column offset=\u00a0\u00bbvc_hidden-lg vc_hidden-md vc_hidden-sm\u00a0\u00bb][vc_single_image image=\u00a0\u00bb45294&Prime; img_size=\u00a0\u00bbfull\u00a0\u00bb][\/vc_column][\/vc_row]<\/p>\n","protected":false},"excerpt":{"rendered":"<p>[vc_row el_class=\u00a0\u00bbstory-skin-white row-90 mobileNoSidePadding\u00a0\u00bb][vc_column][vc_raw_html]JTNDaDElMjBzdHlsZSUzRCUyMmZvbnQtc2l6ZSUzQSUyMDQ4cHglMjIlM0UlMjJMdWdnaSUyMiUyMExVRFdJRyUyMFNDSE1JRCUzQyUyRmgxJTNFJTBBJTNDcCUzRSUwQUolMjdhaSUyMHRvdWpvdXJzJTIwcGVucyVDMyVBOSUyMHF1ZSUyMHNlJTIwY29uc2FjcmVyJTIwcHJvZmVzc2lvbm5lbGxlbWVudCUyMCVDMyVBMCUyMGwlMjclQzMlQTlxdWlwZW1lbnQlMjB0b3V0LXRlcnJhaW4lMkMlMjBjb21tZSUyMGRhbnMlMjBtb24lMjBjYXMlMkMlMjBlc3QlMjB1biUyMGdyYW5kJTIwYXZhbnRhZ2UlMkMlMjBtYWlzJTIwY2VsYSUyMGRlbWFuZGUlMjBhdXNzaSUyMHVuJTIwZW5nYWdlbWVudCUyMHN1cHBsJUMzJUE5bWVudGFpcmUlMjBlbnZlcnMlMjBzb2ktbSVDMyVBQW1lLiUyMExlcXVlbCUzRiUyME5lJTIwc2UlMjBsYWlzc2VyJTIwcGFzJTIwc3VibWVyZ2VyJTIwcGFyJTIwdW5lJTIwdGVjaG5pY2l0JUMzJUE5JTIwZXhhc3AlQzMlQTlyJUMzJUE5ZSUyMHRvdXQlMjBlbiUyMGxhaXNzYW50JTIwcGxhY2UlMjAlQzMlQTAlMjBsYSUyMHBhc3Npb24uJTIwJUMzJTgwJTIwbCUyN2VudmllJTIwZGUlMjB2b3lhZ2VyJTIxJTIwSiUyN2FpJTIwZXNzYXklQzMlQTklMjBkZSUyMGNvbWJpbmVyJTIwbGVzJTIwZGV1eCUyMGNob3NlcyUyMGV0JTIwbGElMjBzYXRpc2ZhY3Rpb24lMjBxdWUlMjBqJTI3YWklMjByZSVDMyVBN3VlJTIwZW50cmUlMjBsZSUyMHRyYXZhaWwlMjBldCUyMGxlcyUyMHZveWFnZXMlMjBtJTI3YSUyMGNvbmZpcm0lQzMlQTklMjBxdWUlMjBqJTI3YXZhaXMlMjBwZXV0LSVDMyVBQXRyZSUyMHIlQzMlQTl1c3NpLiUyMCUwQURlcHVpcyUyMGRlcyUyMGFubiVDMyVBOWVzJTJDJTIwaiUyNyVDMyVBOXF1aXBlJTIwZGVzJTIwdiVDMyVBOWhpY3VsZXMlMjBwb3VyJTIwbGVzJTIwZ3JhbmRzJTIwdm95YWdlcyUyMGV0JTIwbGVzJTIwdm95YWdlcyUyMGQlMjdhdmVudHVyZS4lMjBKJTI3YWklMjBkZXMlMjBjbGllbnRzJTIwZGFucyUyMHRvdXQlMjBsZSUyMHN1ZCUyMGRlJTIwbCUyN0FsbGVtYWduZS4lMjBVbmUlMjBncmFuZGUlMjBwYXJ0aWUlMjBkZSUyMG1vbiUyMGV4cCVDMyVBOXJpZW5jZSUyMGElMjAlQzMlQTl0JUMzJUE5JTIwYWNxdWlzZSUyMGxvcnNxdWUlMjBqZSUyMGZhaXNhaXMlMjBwYXJ0aWUlMjBkZSUyMGwlMjclQzMlQTlxdWlwZSUyMERUTSUyMGQlMjdBdWRpJTJDJTIwYXZlYyUyMGxhJTIwcyVDMyVBOXJpZSUyMEdUJTIwZXQlMjBsYSUyMHBhcnRpY2lwYXRpb24lMjBhdSUyMERha2FyLiUyMExhJTIwcGFzc2lvbiUyMHBvdXIlMjBjZSUyMG1vbmRlJTIwbWUlMjB2aWVudCUyMGRlJTIwbW9uJTIwcCVDMyVBOHJlJTJDJTIwcXVpJTIwZGVwdWlzJTIwbW9uJTIwZW5mYW5jZSUyMG0lMjdhJTIwZmFpdCUyMGQlQzMlQTljb3V2cmlyJTIwY2V0JTIwZXNwcml0JTIwZGUlMjBsaWJlcnQlQzMlQTklMjBldCUyMGRlJTIwY29udGFjdCUyMGF2ZWMlMjBsYSUyMG5hdHVyZSUyMHF1aSUyMGVzdCUyMHR5cGlxdWUlMjBkdSUyMHRvdXQtdGVycmFpbi4lMjBKZSUyMHBlbnNlJTIwcXVlJTIwYyUyN2VzdCUyMHBvdXIlMjBsZXMlMjBtJUMzJUFBbWVzJTIwcmFpc29ucyUyMHF1ZSUyMGolMjdhaW1lJTIwbGElMjBwJUMzJUFBY2hlJTIwc3BvcnRpdmUlMkMlMjBsZSUyMHNraSUyMGV0JTIwbGUlMjBob2NrZXklMjBzdXIlMjBnbGFjZS4lMjAlM0MlMkZiciUzRSUwQVJldG91ciUyMGF1JTIwdG91dC10ZXJyYWluJTNBJTIwbGElMjBjb21wb3NhbnRlJTIwdGVjaG5pcXVlJTIwZXQlMjBsZSUyMHNvdWNpJTIwZHUlMjBkJUMzJUE5dGFpbCUyMHNvbnQlMjBldCUyMHJlc3RlbnQlMjBlc3NlbnRpZWxzLiUyMElsJTIwbiUyN3klMjBhJTIwYXVjdW4lMjBkb3V0ZSUyMCVDMyVBMCUyMGNlJTIwc3VqZXQuJTIwTGElMjBwciVDMyVBOWNpc2lvbiUyMGV0JTIwbGElMjByYXRpb25hbGl0JUMzJUE5JTJDJTIwZW4lMjBwYXJ0aWN1bGllciUyQyUyMGFpbnNpJTIwcXVlJTIwbGUlMjBmYWl0JTIwZGUlMjBzYXZvaXIlMjByZWNvbm5hJUMzJUFFdHJlJTIwbGElMjBxdWFsaXQlQzMlQTklMjBkZXMlMjBtYXQlQzMlQTlyaWF1eCUyMHBldXZlbnQlMjBmYWlyZSUyMGxhJTIwZGlmZiVDMyVBOXJlbmNlLiUyMEplJTIwc3VpcyUyMGF2YW50JTIwdG91dCUyMHVuJTIwY29uc3VsdGFudCUyMHBvdXIlMjBtZXMlMjBjbGllbnRzLiUyMEplJTIwZG9pcyUyMCVDMyVBQXRyZSUyMGNhcGFibGUlMjBkZSUyMHMlQzMlQTlsZWN0aW9ubmVyJTIwZXQlMjBkZSUyMGNvbnNlaWxsZXIuJTIwRXQlMjBsJTI3ZXhwJUMzJUE5cmltZW50YXRpb24lMjBsYSUyMHBsdXMlMjBzJUMzJUE5diVDMyVBOHJlJTIwcXVlJTIwamUlMjBmYWlzJTIwcGVyc29ubmVsbGVtZW50JTJDJTIwZGFucyUyMG1lcyUyMHZveWFnZXMuJTIwJTNDJTJGYnIlM0UlMEFNZXMlMjBpdGluJUMzJUE5cmFpcmVzJTIwcHIlQzMlQTlmJUMzJUE5ciVDMyVBOXMlMjBzb250JTIwY2V1eCUyMHF1aSUyMG0lQzMlQThuZW50JTIwYXUlMjBHcmFuZCUyME5vcmQuJTIwSiUyN2FpJTIwdG91am91cnMlMjBwciVDMyVBOWYlQzMlQTlyJUMzJUE5JTIwbGVzJTIwdGVudGVzJTIwZGUlMjB0b2l0JTIwQXV0b2hvbWUlMjBldCUyMG1hJTIwdGVudGUlMjBkZSUyMGMlQzUlOTN1ciUyMGVzdCUyME1hZ2dpb2xpbmEuJTIwQyUyN2VzdCUyMHByJUMzJUE5Y2lzJUMzJUE5bWVudCUyMGRlJTIwY2VzJTIwZXhwJUMzJUE5cmllbmNlcyUyMGRhbnMlMjBkZXMlMjBjbGltYXRzJTIwZXh0ciVDMyVBQW1lcyUyMHF1ZSUyMHNvbnQlMjBuJUMzJUE5ZXMlMjBjZXJ0YWluZXMlMjBpbnR1aXRpb25zJTIwcXVlJTIwaiUyN2FpJTIwdHJhbnNmJUMzJUE5ciVDMyVBOWVzJTIwY2hleiUyMEF1dG9ob21lJTIwZXQlMjBxdWklMjBvbnQlMjBjb25kdWl0JTIwbGElMjBzb2NpJUMzJUE5dCVDMyVBOSUyMCVDMyVBMCUyMGNyJUMzJUE5ZXIlMjBNYWdnaW9saW5hJTIwR3JhbiUyMFRvdXIlMjAzNjAlQzIlQjAuJTIwQ2VydGFpbnMlMjAlQzMlQTlsJUMzJUE5bWVudHMlMjBvbnQlMjAlQzMlQTl0JUMzJUE5JTIwcGVyZmVjdGlvbm4lQzMlQTlzJTIwcG91ciUyMGZhaXJlJTIwZGUlMjBjZXR0ZSUyME1hZ2dpb2xpbmElMjBsYSUyMHRlbnRlJTIwaWQlQzMlQTlhbGUlMjBwb3VyJTIwdG91cyUyMGxlcyUyMGNsaW1hdHMlMjAlM0ElMjBkZXMlMjBwbHVzJTIwdG9ycmlkZXMlMjBxdWklMjBuJUMzJUE5Y2Vzc2l0ZW50JTIwZGUlMjBncmFuZGVzJTIwZmVuJUMzJUFBdHJlcyUyMGF1eCUyMHBsdXMlMjByaWdpZGVzJTIwZXQlMjBmciVDMyVBOXF1ZW1tZW50JTIwZXhwb3MlQzMlQTllcyUyMGF1eCUyMGludGVtcCVDMyVBOXJpZXMuJTIwJTNDJTJGYnIlM0UlMEFVbiUyMGF1dHJlJTIwJUMzJUE5bCVDMyVBOW1lbnQlMjBxdWUlMjBqJTI3YWklMjBwciVDMyVBOWNpcyVDMyVBOSUyMGVzdCUyMGxhJTIwbiVDMyVBOWNlc3NpdCVDMyVBOSUyMGQlMjd1bmUlMjBwcm90ZWN0aW9uJTIwbWF4aW1hbGUlMjBjb250cmUlMjBsZXMlMjBpbnNlY3Rlcy4lMjBVbiUyMGJlc29pbiUyMHF1ZSUyMGxhJTIwcGx1cGFydCUyMGRlcyUyMHZveWFnZXMlMkMlMjBxdWVsbGUlMjBxdWUlMjBzb2l0JTIwbGV1ciUyMGxhdGl0dWRlJTJDJTIwb250JTIwZW4lMjBjb21tdW4uJTIwQXZlYyUyME1hZ2dpb2xpbmElMjBHcmFuJTIwVG91ciUyMDM2MCVDMiVCMCUyQyUyMGwlRTIlODAlOTlvbiUyMGIlQzMlQTluJUMzJUE5ZmljaWUlMjBkJTI3dW5lJTIwcHJvdGVjdGlvbiUyMGV0JTIwZCUyN3VuZSUyMGludGltaXQlQzMlQTklMjB0b3V0JTIwZW4lMjBtYWludGVuYW50JTIwdW5lJTIwYm9ubmUlMjBjaXJjdWxhdGlvbiUyMGRlJTIwbCUyN2Fpci4lMjBHciVDMyVBMmNlJTIwJUMzJUEwJTIwbGElMjB0b2lsZSUyMEFJUlRFWCVDMiVBRSUyMHN1ciUyMGxlcyUyMHBhcm9pcyUyMGxhdCVDMyVBOXJhbGVzJTIwJTNBJTIwJUMzJUE5dGFuY2hlJTIwZXQlMjBlbiUyMG0lQzMlQUFtZSUyMHRlbXBzJTIwY2FwYWJsZSUyMGQlMjdleHB1bHNlciUyMGxhJTIwdmFwZXVyJTIwZCVFMiU4MCU5OWVhdSUyMCVDMyVBMCUyMGwlMjdleHQlQzMlQTlyaWV1ciUyMGRlJTIwbGElMjB0ZW50ZS4lMjBMYSUyMHJlbm9tbSVDMyVBOWUlMjBtb25kaWFsZSUyMGRlJTIwTWFnZ2lvbGluYSUyMGVzdCUyMGxlJTIwciVDMyVBOXN1bHRhdCUyMGQlMjd1biUyMHByb2pldCUyMHIlQzMlQTl1c3NpJTNBJTIwc291dGVuaXIlMjBsYSUyMHBhc3Npb24lMjBkdSUyMHZveWFnZSUyMHBhciUyMGRlcyUyMHNvbHV0aW9ucyUyMHRlY2huaXF1ZXMlMjBpbnRlbGxpZ2VudGVzLiUyMCUwQSUzQyUyRnAlM0U=[\/vc_raw_html][\/vc_column][\/vc_row][vc_row el_class=\u00a0\u00bbmb0 full-row\u00a0\u00bb][vc_column offset=\u00a0\u00bbvc_hidden-xs\u00a0\u00bb][vc_single_image image=\u00a0\u00bb45290&Prime; img_size=\u00a0\u00bbfull\u00a0\u00bb][\/vc_column][\/vc_row][vc_row el_class=\u00a0\u00bbmb0 full-row\u00a0\u00bb][vc_column offset=\u00a0\u00bbvc_hidden-lg vc_hidden-md vc_hidden-sm\u00a0\u00bb][vc_single_image image=\u00a0\u00bb45294&Prime; img_size=\u00a0\u00bbfull\u00a0\u00bb][\/vc_column][\/vc_row]<\/p>\n","protected":false},"author":7,"featured_media":0,"parent":0,"menu_order":0,"comment_status":"closed","ping_status":"closed","template":"","meta":{"footnotes":""},"class_list":["post-44224","page","type-page","status-publish","hentry"],"yoast_head":"<!-- This site is optimized with the Yoast SEO Premium plugin v23.7 (Yoast SEO v23.7) - https:\/\/yoast.com\/wordpress\/plugins\/seo\/ -->\n<title>Ludwig Schmid - Un des meilleurs sp\u00e9cialistes du tout-terrain<\/title>\n<meta name=\"description\" content=\"Ludwig Schmid est l&#039;un des meilleurs sp\u00e9cialistes du tout-terrain du sud de l&#039;Allemagne en mati\u00e8re d&#039;\u00e9quipement et de conversion de...\" \/>\n<meta name=\"robots\" content=\"index, follow, max-snippet:-1, max-image-preview:large, max-video-preview:-1\" \/>\n<link rel=\"canonical\" href=\"https:\/\/www.autohome-official.com\/fr\/ludwig-schmid\/\" \/>\n<meta property=\"og:locale\" content=\"fr_FR\" \/>\n<meta property=\"og:type\" content=\"article\" \/>\n<meta property=\"og:title\" content=\"Ludwig Schmid - Autohome Official\" \/>\n<meta property=\"og:description\" content=\"JTNDaDElMjBzdHlsZSUzRCUyMmZvbnQtc2l6ZSUzQSUyMDQ4cHglMjIlM0UlMjJMdWdnaSUyMiUyMExVRFdJRyUyMFNDSE1JRCUzQyUyRmgxJTNFJTBBJTNDcCUzRSUwQUolMjdhaSUyMHRvdWpvdXJzJTIw\" \/>\n<meta property=\"og:url\" content=\"https:\/\/www.autohome-official.com\/fr\/ludwig-schmid\/\" \/>\n<meta property=\"og:site_name\" content=\"Autohome Official\" \/>\n<meta property=\"article:publisher\" content=\"https:\/\/www.facebook.com\/Autohome.Official.Page\" \/>\n<meta property=\"article:modified_time\" content=\"2022-02-22T12:47:28+00:00\" \/>\n<meta property=\"og:image\" content=\"https:\/\/www.autohome-official.com\/wp-content\/uploads\/2026\/02\/Maggiolina-Autohome-logo.jpg\" \/>\n\t<meta property=\"og:image:width\" content=\"512\" \/>\n\t<meta property=\"og:image:height\" content=\"512\" \/>\n\t<meta property=\"og:image:type\" content=\"image\/jpeg\" \/>\n<meta name=\"twitter:card\" content=\"summary_large_image\" \/>\n<meta name=\"twitter:label1\" content=\"Dur\u00e9e de lecture estim\u00e9e\" \/>\n\t<meta name=\"twitter:data1\" content=\"2 minutes\" \/>\n<script type=\"application\/ld+json\" class=\"yoast-schema-graph\">{\"@context\":\"https:\/\/schema.org\",\"@graph\":[{\"@type\":\"WebPage\",\"@id\":\"https:\/\/www.autohome-official.com\/fr\/ludwig-schmid\/\",\"url\":\"https:\/\/www.autohome-official.com\/fr\/ludwig-schmid\/\",\"name\":\"Ludwig Schmid - Un des meilleurs sp\u00e9cialistes du tout-terrain\",\"isPartOf\":{\"@id\":\"https:\/\/www.autohome-official.com\/#website\"},\"datePublished\":\"2020-01-16T13:49:47+00:00\",\"dateModified\":\"2022-02-22T12:47:28+00:00\",\"description\":\"Ludwig Schmid est l'un des meilleurs sp\u00e9cialistes du tout-terrain du sud de l'Allemagne en mati\u00e8re d'\u00e9quipement et de conversion de...\",\"breadcrumb\":{\"@id\":\"https:\/\/www.autohome-official.com\/fr\/ludwig-schmid\/#breadcrumb\"},\"inLanguage\":\"fr-FR\",\"potentialAction\":[{\"@type\":\"ReadAction\",\"target\":[\"https:\/\/www.autohome-official.com\/fr\/ludwig-schmid\/\"]}]},{\"@type\":\"BreadcrumbList\",\"@id\":\"https:\/\/www.autohome-official.com\/fr\/ludwig-schmid\/#breadcrumb\",\"itemListElement\":[{\"@type\":\"ListItem\",\"position\":1,\"name\":\"Home\",\"item\":\"https:\/\/www.autohome-official.com\/fr\/\"},{\"@type\":\"ListItem\",\"position\":2,\"name\":\"Ludwig Schmid\"}]},{\"@type\":\"WebSite\",\"@id\":\"https:\/\/www.autohome-official.com\/#website\",\"url\":\"https:\/\/www.autohome-official.com\/\",\"name\":\"Autohome\",\"description\":\"Tende da tetto - Dachzelte - Tentes de Toit - Roof Top Tents\",\"publisher\":{\"@id\":\"https:\/\/www.autohome-official.com\/#organization\"},\"alternateName\":\"Autohome Official\",\"potentialAction\":[{\"@type\":\"SearchAction\",\"target\":{\"@type\":\"EntryPoint\",\"urlTemplate\":\"https:\/\/www.autohome-official.com\/?s={search_term_string}\"},\"query-input\":{\"@type\":\"PropertyValueSpecification\",\"valueRequired\":true,\"valueName\":\"search_term_string\"}}],\"inLanguage\":\"fr-FR\"},{\"@type\":\"Organization\",\"@id\":\"https:\/\/www.autohome-official.com\/#organization\",\"name\":\"Autohome\",\"alternateName\":\"Autohome Official\",\"url\":\"https:\/\/www.autohome-official.com\/\",\"logo\":{\"@type\":\"ImageObject\",\"inLanguage\":\"fr-FR\",\"@id\":\"https:\/\/www.autohome-official.com\/#\/schema\/logo\/image\/\",\"url\":\"https:\/\/www.autohome-official.com\/wp-content\/uploads\/2026\/02\/Maggiolina-Autohome-logo.jpg\",\"contentUrl\":\"https:\/\/www.autohome-official.com\/wp-content\/uploads\/2026\/02\/Maggiolina-Autohome-logo.jpg\",\"width\":512,\"height\":512,\"caption\":\"Autohome\"},\"image\":{\"@id\":\"https:\/\/www.autohome-official.com\/#\/schema\/logo\/image\/\"},\"sameAs\":[\"https:\/\/www.facebook.com\/Autohome.Official.Page\",\"https:\/\/www.instagram.com\/autohome_official\/\",\"http:\/\/www.youtube.com\/user\/AutohomeOfficial\"],\"description\":\"Le prime tende da tetto auto al mondo, prodotte in Italia dal 1958.\",\"email\":\"info@autohome.it\",\"telephone\":\"0039 0376 99590\",\"legalName\":\"Zifer Italia SRL\",\"vatID\":\"IT01329850208\"}]}<\/script>\n<!-- \/ Yoast SEO Premium plugin. -->","yoast_head_json":{"title":"Ludwig Schmid - Un des meilleurs sp\u00e9cialistes du tout-terrain","description":"Ludwig Schmid est l'un des meilleurs sp\u00e9cialistes du tout-terrain du sud de l'Allemagne en mati\u00e8re d'\u00e9quipement et de conversion de...","robots":{"index":"index","follow":"follow","max-snippet":"max-snippet:-1","max-image-preview":"max-image-preview:large","max-video-preview":"max-video-preview:-1"},"canonical":"https:\/\/www.autohome-official.com\/fr\/ludwig-schmid\/","og_locale":"fr_FR","og_type":"article","og_title":"Ludwig Schmid - Autohome Official","og_description":"JTNDaDElMjBzdHlsZSUzRCUyMmZvbnQtc2l6ZSUzQSUyMDQ4cHglMjIlM0UlMjJMdWdnaSUyMiUyMExVRFdJRyUyMFNDSE1JRCUzQyUyRmgxJTNFJTBBJTNDcCUzRSUwQUolMjdhaSUyMHRvdWpvdXJzJTIw","og_url":"https:\/\/www.autohome-official.com\/fr\/ludwig-schmid\/","og_site_name":"Autohome Official","article_publisher":"https:\/\/www.facebook.com\/Autohome.Official.Page","article_modified_time":"2022-02-22T12:47:28+00:00","og_image":[{"width":512,"height":512,"url":"https:\/\/www.autohome-official.com\/wp-content\/uploads\/2026\/02\/Maggiolina-Autohome-logo.jpg","type":"image\/jpeg"}],"twitter_card":"summary_large_image","twitter_misc":{"Dur\u00e9e de lecture estim\u00e9e":"2 minutes"},"schema":{"@context":"https:\/\/schema.org","@graph":[{"@type":"WebPage","@id":"https:\/\/www.autohome-official.com\/fr\/ludwig-schmid\/","url":"https:\/\/www.autohome-official.com\/fr\/ludwig-schmid\/","name":"Ludwig Schmid - Un des meilleurs sp\u00e9cialistes du tout-terrain","isPartOf":{"@id":"https:\/\/www.autohome-official.com\/#website"},"datePublished":"2020-01-16T13:49:47+00:00","dateModified":"2022-02-22T12:47:28+00:00","description":"Ludwig Schmid est l'un des meilleurs sp\u00e9cialistes du tout-terrain du sud de l'Allemagne en mati\u00e8re d'\u00e9quipement et de conversion de...","breadcrumb":{"@id":"https:\/\/www.autohome-official.com\/fr\/ludwig-schmid\/#breadcrumb"},"inLanguage":"fr-FR","potentialAction":[{"@type":"ReadAction","target":["https:\/\/www.autohome-official.com\/fr\/ludwig-schmid\/"]}]},{"@type":"BreadcrumbList","@id":"https:\/\/www.autohome-official.com\/fr\/ludwig-schmid\/#breadcrumb","itemListElement":[{"@type":"ListItem","position":1,"name":"Home","item":"https:\/\/www.autohome-official.com\/fr\/"},{"@type":"ListItem","position":2,"name":"Ludwig Schmid"}]},{"@type":"WebSite","@id":"https:\/\/www.autohome-official.com\/#website","url":"https:\/\/www.autohome-official.com\/","name":"Autohome","description":"Tende da tetto - Dachzelte - Tentes de Toit - Roof Top Tents","publisher":{"@id":"https:\/\/www.autohome-official.com\/#organization"},"alternateName":"Autohome Official","potentialAction":[{"@type":"SearchAction","target":{"@type":"EntryPoint","urlTemplate":"https:\/\/www.autohome-official.com\/?s={search_term_string}"},"query-input":{"@type":"PropertyValueSpecification","valueRequired":true,"valueName":"search_term_string"}}],"inLanguage":"fr-FR"},{"@type":"Organization","@id":"https:\/\/www.autohome-official.com\/#organization","name":"Autohome","alternateName":"Autohome Official","url":"https:\/\/www.autohome-official.com\/","logo":{"@type":"ImageObject","inLanguage":"fr-FR","@id":"https:\/\/www.autohome-official.com\/#\/schema\/logo\/image\/","url":"https:\/\/www.autohome-official.com\/wp-content\/uploads\/2026\/02\/Maggiolina-Autohome-logo.jpg","contentUrl":"https:\/\/www.autohome-official.com\/wp-content\/uploads\/2026\/02\/Maggiolina-Autohome-logo.jpg","width":512,"height":512,"caption":"Autohome"},"image":{"@id":"https:\/\/www.autohome-official.com\/#\/schema\/logo\/image\/"},"sameAs":["https:\/\/www.facebook.com\/Autohome.Official.Page","https:\/\/www.instagram.com\/autohome_official\/","http:\/\/www.youtube.com\/user\/AutohomeOfficial"],"description":"Le prime tende da tetto auto al mondo, prodotte in Italia dal 1958.","email":"info@autohome.it","telephone":"0039 0376 99590","legalName":"Zifer Italia SRL","vatID":"IT01329850208"}]}},"_links":{"self":[{"href":"https:\/\/www.autohome-official.com\/fr\/wp-json\/wp\/v2\/pages\/44224"}],"collection":[{"href":"https:\/\/www.autohome-official.com\/fr\/wp-json\/wp\/v2\/pages"}],"about":[{"href":"https:\/\/www.autohome-official.com\/fr\/wp-json\/wp\/v2\/types\/page"}],"author":[{"embeddable":true,"href":"https:\/\/www.autohome-official.com\/fr\/wp-json\/wp\/v2\/users\/7"}],"replies":[{"embeddable":true,"href":"https:\/\/www.autohome-official.com\/fr\/wp-json\/wp\/v2\/comments?post=44224"}],"version-history":[{"count":1,"href":"https:\/\/www.autohome-official.com\/fr\/wp-json\/wp\/v2\/pages\/44224\/revisions"}],"predecessor-version":[{"id":62194,"href":"https:\/\/www.autohome-official.com\/fr\/wp-json\/wp\/v2\/pages\/44224\/revisions\/62194"}],"wp:attachment":[{"href":"https:\/\/www.autohome-official.com\/fr\/wp-json\/wp\/v2\/media?parent=44224"}],"curies":[{"name":"wp","href":"https:\/\/api.w.org\/{rel}","templated":true}]}}