{"id":48599,"date":"2020-06-10T10:47:18","date_gmt":"2020-06-10T08:47:18","guid":{"rendered":"https:\/\/www.autohome-official.com\/?page_id=48599"},"modified":"2025-09-18T13:43:42","modified_gmt":"2025-09-18T11:43:42","slug":"certification","status":"publish","type":"page","link":"https:\/\/www.autohome-official.com\/fr\/certification\/","title":{"rendered":"ISO 9001 Certification"},"content":{"rendered":"<p>[vc_row el_class=\u00a0\u00bbmb0 story-skin-white\u00a0\u00bb css=\u00a0\u00bb.vc_custom_1480350526264{padding-top: 72px !important;}\u00a0\u00bb][vc_column]<pre><span><span><a href=\"https:\/\/www.autohome-official.com\/fr\/\">Home<\/a><\/span><\/span><\/pre>\n[\/vc_column][\/vc_row][vc_row el_class=\u00a0\u00bbmb0 story-skin-white autohome_mobile_hide\u00a0\u00bb css=\u00a0\u00bb.vc_custom_1587655787428{padding-right: 5% !important;padding-left: 5% !important;}\u00a0\u00bb][vc_column][vc_empty_space height=\u00a0\u00bb30px\u00a0\u00bb][\/vc_column][\/vc_row][vc_row el_class=\u00a0\u00bbstory-skin-white product-tab-container-row\u00a0\u00bb][vc_column][vc_tta_tabs style=\u00a0\u00bbflat\u00a0\u00bb shape=\u00a0\u00bbsquare\u00a0\u00bb color=\u00a0\u00bbwhite\u00a0\u00bb gap=\u00a0\u00bb1&Prime; active_section=\u00a0\u00bb1&Prime; no_fill_content_area=\u00a0\u00bbtrue\u00a0\u00bb el_class=\u00a0\u00bbproduct-page maggiolina-airlander\u00a0\u00bb][vc_tta_section title=\u00a0\u00bbCERTIFICATION\u00a0\u00bb tab_id=\u00a0\u00bbCERTIFICATION\u00a0\u00bb][vc_row_inner][vc_column_inner][vc_raw_html el_class=\u00a0\u00bbcustomCheckMark\u00a0\u00bb]JTNDaDElMjBzdHlsZSUzRCUyMmZvbnQtc2l6ZSUzQSUyMDQwcHglM0IlMjIlM0VBVVRPSE9NRSVDMiVBRSUyMC0lMjBVTkklMjBFTiUyMElTTyUyMDkwMDElM0EyMDE1JTNDJTJGaDElM0UlMEFVbmUlMjBlbnRyZXByaXNlJTIwYXZlYyUyMHVuJTIwc3lzdCVDMyVBOG1lJTIwZGUlMjBxdWFsaXQlQzMlQTklMjBjZXJ0aWZpJUMzJUE5JTIwSVNPJTIwOTAwMSUyMGVzdCUyMHVuZSUyMGVudHJlcHJpc2UlMjBxdWklMjBvZmZyZSUyMGxhJTIwZ2FyYW50aWUlMjBkJTI3dW5lJTIwc3RydWN0dXJlJTIwZGUlMjBwZXJmb3JtYW5jZSUyQyUyMCVDMyVBOXZhbHUlQzMlQTllJTIwcGFyJTIwdW5lJTIwZW50aXQlQzMlQTklMjBhdS1kZXNzdXMlMjBkZXMlMjBwYXJ0aWVzJTJDJTIwb3JnYW5pcyVDMyVBOWUlMjBkZSUyMG1hbmklQzMlQThyZSUyMCVDMyVBMCUyMGdhcmRlciUyMHNvdXMlMjBjb250ciVDMyVCNGxlJTIwdG91dGVzJTIwbGVzJTIwbm9ybWVzJTIwZGUlMjBxdWFsaXQlQzMlQTklMjBhZmluJTIwZGUlMjBmb3VybmlyJTIwdW4lMjBwcm9kdWl0JTIwZXhjZWxsZW50JTJDJTIwc2FucyUyMGQlQzMlQTlmYXV0JTIwZGUlMjBjb25zdHJ1Y3Rpb24uJTBBRWxsZSUyMG9mZnJlJTIwdW5lJTIwcGx1cyUyMGdyYW5kZSUyMHZpc2liaWxpdCVDMyVBOSUyMGV0JTIwdHJhbnNwYXJlbmNlJTIwJUMzJUEwJTIwbCUyNyVDMyVBOWdhcmQlMjBkZXMlMjBtYXJjaCVDMyVBOXMlMjBpbnRlcm5hdGlvbmF1eCUyMHBlcnRpbmVudHMlMkMlMjBjb21tZSUyMHNvdXZlbnQlMjBkZW1hbmQlQzMlQTklMjAlQzMlQTAlMjB0aXRyZSUyMGRlJTIwY29uZGl0aW9uJTIwcHIlQzMlQTlhbGFibGUlMjBvdSUyMHByJUMzJUE5ZiVDMyVBOXJlbnRpZWxsZS4lM0MlMkZiciUzRSUzQyUyRmJyJTNFJTBBJTNDaW1nJTIwY2xhc3MlM0QlMjJ3cC1pbWFnZS0zMzMzMSUyMGFsaWduY2VudGVyJTIyJTIwc3JjJTNEJTIyaHR0cHMlM0ElMkYlMkZ3d3cuYXV0b2hvbWUtb2ZmaWNpYWwuY29tJTJGd3AtY29udGVudCUyRnVwbG9hZHMlMkYyMDIwJTJGMDYlMkZjZXJ0aWZpY2F0by1jb3BlcnRpbmFfMTUwMHB4LTEuanBnJTIyJTIwYWx0JTNEJTIyJTIyJTIwd2lkdGglM0QlMjI0MDAlMjIlMjBoZWlnaHQlM0QlMjI1NjUlMjIlMjAlMkYlM0UlMjAlM0MlMkZiciUzRSUzQyUyRmJyJTNFJTBBVW5lJTIwZW50cmVwcmlzZSUyMGNlcnRpZmklQzMlQTllJTIwSVNPJTIwOTAwMSUyMGVzdCUyMHVuZSUyMGVudHJlcHJpc2UlMjBxdWklM0ElMEElM0N1bCUzRSUwQSUyMCUwOSUzQ2xpJTNFQSUyMG1pcyUyMGVuJTIwcGxhY2UlMjB1biUyMHN5c3QlQzMlQThtZSUyMGRlJTIwZ2VzdGlvbiUyMGRlJTIwbGElMjBxdWFsaXQlQzMlQTklMjBhZGFwdCVDMyVBOSUyMHBvdXIlMjBzZXMlMjBwcm9kdWl0cyUyMGV0JTIwcHJvYyVDMyVBOWQlQzMlQTlzJTNCJTNDJTJGbGklM0UlMEElMjAlMDklM0NsaSUzRUFuYWx5c2UlMjBldCUyMGNvbXByZW5kJTIwbGVzJTIwYmVzb2lucyUyMGV0JTIwbGVzJTIwYXR0ZW50ZXMlMjBkZXMlMjBjbGllbnRzJTIwJTNCJTNDJTJGbGklM0UlMEElMjAlMDklM0NsaSUzRVMlMjdhc3N1cmUlMjBxdWUlMjBsZXMlMjBjYXJhY3QlQzMlQTlyaXN0aXF1ZXMlMjBkdSUyMHByb2R1aXQlMjBvbnQlMjAlQzMlQTl0JUMzJUE5JTIwZCVDMyVBOWZpbmllcyUyMHBvdXIlMjByJUMzJUE5cG9uZHJlJTIwYXV4JTIwZXhpZ2VuY2VzJTIwZHUlMjBjbGllbnQlMjBldCUyMGF1eCUyMGV4aWdlbmNlcyUyMGNvbnRyYWlnbmFudGVzJTIwYXBwbGljYWJsZXMlM0IlM0MlMkZsaSUzRSUwQSUyMCUwOSUzQ2xpJTNFQSUyMGFzc3VyJUMzJUE5JTIwbGElMjBkaXNwb25pYmlsaXQlQzMlQTklMjBkZXMlMjByZXNzb3VyY2VzJTIwbiVDMyVBOWNlc3NhaXJlcyUyMHBvdXIlMjBzb3V0ZW5pciUyMGxlcyUyMGFjdGl2aXQlQzMlQTlzJTIwZXQlMjBsZSUyMHN1aXZpJTIwZGUlMjBjZXMlMjBwcm9jZXNzdXMlM0IlM0MlMkZsaSUzRSUwQSUyMCUwOSUzQ2xpJTNFU3VydmVpbGxlJTIwZXQlMjBjb250ciVDMyVCNGxlJTIwbGVzJTIwY2FyYWN0JUMzJUE5cmlzdGlxdWVzJTIwZCVDMyVBOWZpbmllcyUyMGR1JTIwcHJvZHVpdCUzQiUzQyUyRmxpJTNFJTBBJTIwJTA5JTNDbGklM0VTJTI3ZWZmb3JjZSUyMGRlJTIwcHIlQzMlQTl2ZW5pciUyMGxlcyUyMG5vbi1jb25mb3JtaXQlQzMlQTlzJTIwZXQlMjBhZG9wdGUlMjBkZXMlMjBwcm9jJUMzJUE5ZCVDMyVBOXMlMjBkJTI3YW0lQzMlQTlsaW9yYXRpb24lMjBjb24lQzMlQTd1cyUyMHBvdXIlM0ElMjByJUMzJUE5c291ZHJlJTIwdG91dGUlMjBub24tY29uZm9ybWl0JUMzJUE5JTIwcXVpJTIwcG91cnJhaXQlMjBzdXJ2ZW5pciUyMCUyOHklMjBjb21wcmlzJTIwY2VsbGVzJTIwcXVpJTIwc29udCUyMGlkZW50aWZpJUMzJUE5ZXMlMjBhcHIlQzMlQThzJTIwbGElMjBsaXZyYWlzb24lMjklM0IlM0MlMkZsaSUzRSUwQSUyMCUwOSUzQ2xpJTNFYW5hbHlzZXIlMjBsZXMlMjBjYXVzZXMlMjBkZXMlMjBub24tY29uZm9ybWl0JUMzJUE5cyUyMGV0JTIwcHJlbmRyZSUyMGRlcyUyMG1lc3VyZXMlMjBjb3JyZWN0aXZlcyUyMHBvdXIlMjAlQzMlQTl2aXRlciUyMHF1JTI3ZWxsZXMlMjBuZSUyMHNlJTIwcmVwcm9kdWlzZW50JTNCJTNDJTJGbGklM0UlMEElMjAlMDklM0NsaSUzRXRyYWl0ZXIlMjBsZXMlMjBwbGFpbnRlcyUyMGRlcyUyMGNsaWVudHMlM0IlM0MlMkZsaSUzRSUwQSUyMCUwOSUzQ2xpJTNFQSUyMG1pcyUyMGVuJTIwJUM1JTkzdXZyZSUyMHVuJTIwY3ljbGUlMjBlZmZpY2FjZSUyMGRlJTIwdiVDMyVBOXJpZmljYXRpb25zJTIwaW50ZXJuZXMlMjBldCUyMGQlMjdleGFtZW4lMjBkZSUyMGxhJTIwZ2VzdGlvbiUzQiUzQyUyRmxpJTNFJTBBJTIwJTA5JTNDbGklM0VTdXJ2ZWlsbGUlMkMlMjBtZXN1cmUlMjBldCUyMGFtJUMzJUE5bGlvcmUlMjBjb250aW51ZWxsZW1lbnQlMjBsJTI3ZWZmaWNhY2l0JUMzJUE5JTIwZGUlMjBzb24lMjBzeXN0JUMzJUE4bWUlMjBkZSUyMGdlc3Rpb24lMjBkZSUyMGxhJTIwcXVhbGl0JUMzJUE5Li4lM0MlMkZsaSUzRSUwQSUzQyUyRnVsJTNF[\/vc_raw_html][\/vc_column_inner][\/vc_row_inner][\/vc_tta_section][\/vc_tta_tabs][\/vc_column][\/vc_row]<\/p>\n","protected":false},"excerpt":{"rendered":"<p>[vc_row el_class=\u00a0\u00bbmb0 story-skin-white\u00a0\u00bb css=\u00a0\u00bb.vc_custom_1480350526264{padding-top: 72px !important;}\u00a0\u00bb][vc_column][\/vc_column][\/vc_row][vc_row el_class=\u00a0\u00bbmb0 story-skin-white autohome_mobile_hide\u00a0\u00bb css=\u00a0\u00bb.vc_custom_1587655787428{padding-right: 5% !important;padding-left: 5% !important;}\u00a0\u00bb][vc_column][vc_empty_space height=\u00a0\u00bb30px\u00a0\u00bb][\/vc_column][\/vc_row][vc_row el_class=\u00a0\u00bbstory-skin-white product-tab-container-row\u00a0\u00bb][vc_column][vc_tta_tabs style=\u00a0\u00bbflat\u00a0\u00bb shape=\u00a0\u00bbsquare\u00a0\u00bb color=\u00a0\u00bbwhite\u00a0\u00bb gap=\u00a0\u00bb1&Prime; active_section=\u00a0\u00bb1&Prime; no_fill_content_area=\u00a0\u00bbtrue\u00a0\u00bb el_class=\u00a0\u00bbproduct-page maggiolina-airlander\u00a0\u00bb][vc_tta_section title=\u00a0\u00bbCERTIFICATION\u00a0\u00bb<span class=\"excerpt-hellip\"> [\u2026]<\/span><\/p>\n","protected":false},"author":4,"featured_media":0,"parent":0,"menu_order":0,"comment_status":"closed","ping_status":"closed","template":"","meta":{"footnotes":""},"class_list":["post-48599","page","type-page","status-publish","hentry"],"yoast_head":"<!-- This site is optimized with the Yoast SEO Premium plugin v23.7 (Yoast SEO v23.7) - https:\/\/yoast.com\/wordpress\/plugins\/seo\/ -->\n<title>Tente de toit original Autohome, avec un syst\u00e8me qualit\u00e9 certifi\u00e9 ISO 9001<\/title>\n<meta name=\"description\" content=\"Une entreprise avec un syst\u00e8me qualit\u00e9 certifi\u00e9 ISO 9001 est une entreprise qui offre la garantie d&#039;une structure s\u00fbre et performante.\" \/>\n<meta name=\"robots\" content=\"index, follow, max-snippet:-1, max-image-preview:large, max-video-preview:-1\" \/>\n<link rel=\"canonical\" href=\"https:\/\/www.autohome-official.com\/fr\/certification\/\" \/>\n<meta property=\"og:locale\" content=\"fr_FR\" \/>\n<meta property=\"og:type\" content=\"article\" \/>\n<meta property=\"og:title\" content=\"ISO 9001 Certification - Autohome Official\" \/>\n<meta property=\"og:description\" content=\"JTNDaDElMjBzdHlsZSUzRCUyMmZvbnQtc2l6ZSUzQSUyMDQwcHglM0IlMjIlM0VBVVRPSE9NRSVDMiVBRSUyMC0lMjBVTkklMjBFTiUyMElTTyUyMDkwMDElM0EyMDE1JTNDJTJGaDElM0UlMEFVbmUlMjBl\" \/>\n<meta property=\"og:url\" content=\"https:\/\/www.autohome-official.com\/fr\/certification\/\" \/>\n<meta property=\"og:site_name\" content=\"Autohome Official\" \/>\n<meta property=\"article:publisher\" content=\"https:\/\/www.facebook.com\/Autohome.Official.Page\" \/>\n<meta property=\"article:modified_time\" content=\"2025-09-18T11:43:42+00:00\" \/>\n<meta property=\"og:image\" content=\"https:\/\/www.autohome-official.com\/wp-content\/uploads\/2026\/02\/Maggiolina-Autohome-logo.jpg\" \/>\n\t<meta property=\"og:image:width\" content=\"512\" \/>\n\t<meta property=\"og:image:height\" content=\"512\" \/>\n\t<meta property=\"og:image:type\" content=\"image\/jpeg\" \/>\n<meta name=\"twitter:card\" content=\"summary_large_image\" \/>\n<meta name=\"twitter:label1\" content=\"Dur\u00e9e de lecture estim\u00e9e\" \/>\n\t<meta name=\"twitter:data1\" content=\"1 minute\" \/>\n<script type=\"application\/ld+json\" class=\"yoast-schema-graph\">{\"@context\":\"https:\/\/schema.org\",\"@graph\":[{\"@type\":\"WebPage\",\"@id\":\"https:\/\/www.autohome-official.com\/fr\/certification\/\",\"url\":\"https:\/\/www.autohome-official.com\/fr\/certification\/\",\"name\":\"Tente de toit original Autohome, avec un syst\u00e8me qualit\u00e9 certifi\u00e9 ISO 9001\",\"isPartOf\":{\"@id\":\"https:\/\/www.autohome-official.com\/#website\"},\"datePublished\":\"2020-06-10T08:47:18+00:00\",\"dateModified\":\"2025-09-18T11:43:42+00:00\",\"description\":\"Une entreprise avec un syst\u00e8me qualit\u00e9 certifi\u00e9 ISO 9001 est une entreprise qui offre la garantie d'une structure s\u00fbre et performante.\",\"breadcrumb\":{\"@id\":\"https:\/\/www.autohome-official.com\/fr\/certification\/#breadcrumb\"},\"inLanguage\":\"fr-FR\",\"potentialAction\":[{\"@type\":\"ReadAction\",\"target\":[\"https:\/\/www.autohome-official.com\/fr\/certification\/\"]}]},{\"@type\":\"BreadcrumbList\",\"@id\":\"https:\/\/www.autohome-official.com\/fr\/certification\/#breadcrumb\",\"itemListElement\":[{\"@type\":\"ListItem\",\"position\":1,\"name\":\"Home\",\"item\":\"https:\/\/www.autohome-official.com\/fr\/\"},{\"@type\":\"ListItem\",\"position\":2,\"name\":\"ISO 9001 Certification\"}]},{\"@type\":\"WebSite\",\"@id\":\"https:\/\/www.autohome-official.com\/#website\",\"url\":\"https:\/\/www.autohome-official.com\/\",\"name\":\"Autohome\",\"description\":\"Tende da tetto - Dachzelte - Tentes de Toit - Roof Top Tents\",\"publisher\":{\"@id\":\"https:\/\/www.autohome-official.com\/#organization\"},\"alternateName\":\"Autohome Official\",\"potentialAction\":[{\"@type\":\"SearchAction\",\"target\":{\"@type\":\"EntryPoint\",\"urlTemplate\":\"https:\/\/www.autohome-official.com\/?s={search_term_string}\"},\"query-input\":{\"@type\":\"PropertyValueSpecification\",\"valueRequired\":true,\"valueName\":\"search_term_string\"}}],\"inLanguage\":\"fr-FR\"},{\"@type\":\"Organization\",\"@id\":\"https:\/\/www.autohome-official.com\/#organization\",\"name\":\"Autohome\",\"alternateName\":\"Autohome Official\",\"url\":\"https:\/\/www.autohome-official.com\/\",\"logo\":{\"@type\":\"ImageObject\",\"inLanguage\":\"fr-FR\",\"@id\":\"https:\/\/www.autohome-official.com\/#\/schema\/logo\/image\/\",\"url\":\"https:\/\/www.autohome-official.com\/wp-content\/uploads\/2026\/02\/Maggiolina-Autohome-logo.jpg\",\"contentUrl\":\"https:\/\/www.autohome-official.com\/wp-content\/uploads\/2026\/02\/Maggiolina-Autohome-logo.jpg\",\"width\":512,\"height\":512,\"caption\":\"Autohome\"},\"image\":{\"@id\":\"https:\/\/www.autohome-official.com\/#\/schema\/logo\/image\/\"},\"sameAs\":[\"https:\/\/www.facebook.com\/Autohome.Official.Page\",\"https:\/\/www.instagram.com\/autohome_official\/\",\"http:\/\/www.youtube.com\/user\/AutohomeOfficial\"],\"description\":\"Le prime tende da tetto auto al mondo, prodotte in Italia dal 1958.\",\"email\":\"info@autohome.it\",\"telephone\":\"0039 0376 99590\",\"legalName\":\"Zifer Italia SRL\",\"vatID\":\"IT01329850208\"}]}<\/script>\n<!-- \/ Yoast SEO Premium plugin. -->","yoast_head_json":{"title":"Tente de toit original Autohome, avec un syst\u00e8me qualit\u00e9 certifi\u00e9 ISO 9001","description":"Une entreprise avec un syst\u00e8me qualit\u00e9 certifi\u00e9 ISO 9001 est une entreprise qui offre la garantie d'une structure s\u00fbre et performante.","robots":{"index":"index","follow":"follow","max-snippet":"max-snippet:-1","max-image-preview":"max-image-preview:large","max-video-preview":"max-video-preview:-1"},"canonical":"https:\/\/www.autohome-official.com\/fr\/certification\/","og_locale":"fr_FR","og_type":"article","og_title":"ISO 9001 Certification - Autohome Official","og_description":"JTNDaDElMjBzdHlsZSUzRCUyMmZvbnQtc2l6ZSUzQSUyMDQwcHglM0IlMjIlM0VBVVRPSE9NRSVDMiVBRSUyMC0lMjBVTkklMjBFTiUyMElTTyUyMDkwMDElM0EyMDE1JTNDJTJGaDElM0UlMEFVbmUlMjBl","og_url":"https:\/\/www.autohome-official.com\/fr\/certification\/","og_site_name":"Autohome Official","article_publisher":"https:\/\/www.facebook.com\/Autohome.Official.Page","article_modified_time":"2025-09-18T11:43:42+00:00","og_image":[{"width":512,"height":512,"url":"https:\/\/www.autohome-official.com\/wp-content\/uploads\/2026\/02\/Maggiolina-Autohome-logo.jpg","type":"image\/jpeg"}],"twitter_card":"summary_large_image","twitter_misc":{"Dur\u00e9e de lecture estim\u00e9e":"1 minute"},"schema":{"@context":"https:\/\/schema.org","@graph":[{"@type":"WebPage","@id":"https:\/\/www.autohome-official.com\/fr\/certification\/","url":"https:\/\/www.autohome-official.com\/fr\/certification\/","name":"Tente de toit original Autohome, avec un syst\u00e8me qualit\u00e9 certifi\u00e9 ISO 9001","isPartOf":{"@id":"https:\/\/www.autohome-official.com\/#website"},"datePublished":"2020-06-10T08:47:18+00:00","dateModified":"2025-09-18T11:43:42+00:00","description":"Une entreprise avec un syst\u00e8me qualit\u00e9 certifi\u00e9 ISO 9001 est une entreprise qui offre la garantie d'une structure s\u00fbre et performante.","breadcrumb":{"@id":"https:\/\/www.autohome-official.com\/fr\/certification\/#breadcrumb"},"inLanguage":"fr-FR","potentialAction":[{"@type":"ReadAction","target":["https:\/\/www.autohome-official.com\/fr\/certification\/"]}]},{"@type":"BreadcrumbList","@id":"https:\/\/www.autohome-official.com\/fr\/certification\/#breadcrumb","itemListElement":[{"@type":"ListItem","position":1,"name":"Home","item":"https:\/\/www.autohome-official.com\/fr\/"},{"@type":"ListItem","position":2,"name":"ISO 9001 Certification"}]},{"@type":"WebSite","@id":"https:\/\/www.autohome-official.com\/#website","url":"https:\/\/www.autohome-official.com\/","name":"Autohome","description":"Tende da tetto - Dachzelte - Tentes de Toit - Roof Top Tents","publisher":{"@id":"https:\/\/www.autohome-official.com\/#organization"},"alternateName":"Autohome Official","potentialAction":[{"@type":"SearchAction","target":{"@type":"EntryPoint","urlTemplate":"https:\/\/www.autohome-official.com\/?s={search_term_string}"},"query-input":{"@type":"PropertyValueSpecification","valueRequired":true,"valueName":"search_term_string"}}],"inLanguage":"fr-FR"},{"@type":"Organization","@id":"https:\/\/www.autohome-official.com\/#organization","name":"Autohome","alternateName":"Autohome Official","url":"https:\/\/www.autohome-official.com\/","logo":{"@type":"ImageObject","inLanguage":"fr-FR","@id":"https:\/\/www.autohome-official.com\/#\/schema\/logo\/image\/","url":"https:\/\/www.autohome-official.com\/wp-content\/uploads\/2026\/02\/Maggiolina-Autohome-logo.jpg","contentUrl":"https:\/\/www.autohome-official.com\/wp-content\/uploads\/2026\/02\/Maggiolina-Autohome-logo.jpg","width":512,"height":512,"caption":"Autohome"},"image":{"@id":"https:\/\/www.autohome-official.com\/#\/schema\/logo\/image\/"},"sameAs":["https:\/\/www.facebook.com\/Autohome.Official.Page","https:\/\/www.instagram.com\/autohome_official\/","http:\/\/www.youtube.com\/user\/AutohomeOfficial"],"description":"Le prime tende da tetto auto al mondo, prodotte in Italia dal 1958.","email":"info@autohome.it","telephone":"0039 0376 99590","legalName":"Zifer Italia SRL","vatID":"IT01329850208"}]}},"_links":{"self":[{"href":"https:\/\/www.autohome-official.com\/fr\/wp-json\/wp\/v2\/pages\/48599"}],"collection":[{"href":"https:\/\/www.autohome-official.com\/fr\/wp-json\/wp\/v2\/pages"}],"about":[{"href":"https:\/\/www.autohome-official.com\/fr\/wp-json\/wp\/v2\/types\/page"}],"author":[{"embeddable":true,"href":"https:\/\/www.autohome-official.com\/fr\/wp-json\/wp\/v2\/users\/4"}],"replies":[{"embeddable":true,"href":"https:\/\/www.autohome-official.com\/fr\/wp-json\/wp\/v2\/comments?post=48599"}],"version-history":[{"count":1,"href":"https:\/\/www.autohome-official.com\/fr\/wp-json\/wp\/v2\/pages\/48599\/revisions"}],"predecessor-version":[{"id":79754,"href":"https:\/\/www.autohome-official.com\/fr\/wp-json\/wp\/v2\/pages\/48599\/revisions\/79754"}],"wp:attachment":[{"href":"https:\/\/www.autohome-official.com\/fr\/wp-json\/wp\/v2\/media?parent=48599"}],"curies":[{"name":"wp","href":"https:\/\/api.w.org\/{rel}","templated":true}]}}