{"id":54671,"date":"2021-03-17T11:41:48","date_gmt":"2021-03-17T10:41:48","guid":{"rendered":"https:\/\/www.autohome-official.com\/?page_id=54671"},"modified":"2025-09-19T11:20:25","modified_gmt":"2025-09-19T09:20:25","slug":"textile-airtex","status":"publish","type":"page","link":"https:\/\/www.autohome-official.com\/fr\/video\/textile-airtex\/","title":{"rendered":"Textile Airtex"},"content":{"rendered":"<p>[vc_row][vc_column offset=\u00a0\u00bbvc_hidden-xs\u00a0\u00bb][vc_empty_space height=\u00a0\u00bb50px\u00a0\u00bb][\/vc_column][\/vc_row][vc_row el_class=\u00a0\u00bbmb0 story-skin-video\u00a0\u00bb][vc_column]<pre><span><span><a href=\"https:\/\/www.autohome-official.com\/fr\/\">Home<\/a><\/span><\/span><\/pre>\n[\/vc_column][\/vc_row][vc_row equal_height=\u00a0\u00bbyes\u00a0\u00bb css=\u00a0\u00bb.vc_custom_1480081309785{margin-right: 5% !important;margin-left: 5% !important;}\u00a0\u00bb el_class=\u00a0\u00bbwp-video-lightbox-grid\u00a0\u00bb][vc_column css=\u00a0\u00bb.vc_custom_1480080717697{padding-top: 72px !important;background-position: center !important;background-repeat: no-repeat !important;background-size: cover !important;}\u00a0\u00bb][vc_raw_html]JTNDZGl2JTIwY2xhc3MlM0QlMjJwb3B1cEJsb2NrU2luZ2xlJTIyJTNFJTBBJTNDZGl2JTIwY2xhc3MlM0QlMjJwb3B1cENvbnRhaW5lciUyMHBvcG1ha2UtYWlydGV4LTIlMjIlM0UlMEElM0NoMSUzRUFJUlRFWCVDMiVBRSUzQyUyRmgxJTNFJTBBJTNDYnV0dG9uJTIwdHlwZSUzRCUyMmJ1dHRvbiUyMiUyMGNsYXNzJTNEJTIyYnRuJTIwYnRuLWxpbmslMjBub3BhZGRpbmclMjBwb3BtYWtlLWFpcnRleC0yJTIyJTNFU1RBUlQlM0MlMkZidXR0b24lM0UlMEElM0MlMkZkaXYlM0UlMEElM0MlMkZkaXYlM0UlMEE=[\/vc_raw_html][\/vc_column][\/vc_row][vc_row][vc_column][\/vc_column][\/vc_row]<\/p>\n","protected":false},"excerpt":{"rendered":"<p>[vc_row][vc_column offset=\u00a0\u00bbvc_hidden-xs\u00a0\u00bb][vc_empty_space height=\u00a0\u00bb50px\u00a0\u00bb][\/vc_column][\/vc_row][vc_row el_class=\u00a0\u00bbmb0 story-skin-video\u00a0\u00bb][vc_column][\/vc_column][\/vc_row][vc_row equal_height=\u00a0\u00bbyes\u00a0\u00bb css=\u00a0\u00bb.vc_custom_1480081309785{margin-right: 5% !important;margin-left: 5% !important;}\u00a0\u00bb el_class=\u00a0\u00bbwp-video-lightbox-grid\u00a0\u00bb][vc_column css=\u00a0\u00bb.vc_custom_1480080717697{padding-top: 72px !important;background-position: center !important;background-repeat: no-repeat !important;background-size: cover !important;}\u00a0\u00bb][vc_raw_html]JTNDZGl2JTIwY2xhc3MlM0QlMjJwb3B1cEJsb2NrU2luZ2xlJTIyJTNFJTBBJTNDZGl2JTIwY2xhc3MlM0QlMjJwb3B1cENvbnRhaW5lciUyMHBvcG1ha2UtYWlydGV4LTIlMjIlM0UlMEElM0NoMSUzRUFJUlRFWCVDMiVBRSUzQyUyRmgxJTNFJTBBJTNDYnV0dG9uJTIwdHlwZSUzRCUyMmJ1dHRvbiUyMiUyMGNsYXNzJTNEJTIyYnRuJTIwYnRuLWxpbmslMjBub3BhZGRpbmclMjBwb3BtYWtlLWFpcnRleC0yJTIyJTNFU1RBUlQlM0MlMkZidXR0b24lM0UlMEElM0MlMkZkaXYlM0UlMEElM0MlMkZkaXYlM0UlMEE=[\/vc_raw_html][\/vc_column][\/vc_row][vc_row][vc_column][\/vc_column][\/vc_row]<\/p>\n","protected":false},"author":4,"featured_media":54674,"parent":14783,"menu_order":0,"comment_status":"closed","ping_status":"closed","template":"","meta":{"footnotes":""},"class_list":["post-54671","page","type-page","status-publish","has-post-thumbnail","hentry"],"yoast_head":"<!-- This site is optimized with the Yoast SEO Premium plugin v23.7 (Yoast SEO v23.7) - https:\/\/yoast.com\/wordpress\/plugins\/seo\/ -->\n<title>Airtex Textile - Autohome<\/title>\n<meta name=\"description\" content=\"Nous pr\u00e9sentons Airtex\u00ae, un tissu Made in Germany aux caract\u00e9ristiques distinctives.Airtex\u00ae, en plus d&#039;\u00eatre tr\u00e8s r\u00e9sistant, contrairement au PVC ou aux tissus plastifi\u00e9s, ne retient pas la chaleur emp\u00eachant la formation de condensation. En savoir plus!\" \/>\n<meta name=\"robots\" content=\"index, follow, max-snippet:-1, max-image-preview:large, max-video-preview:-1\" \/>\n<link rel=\"canonical\" href=\"https:\/\/www.autohome-official.com\/fr\/video\/textile-airtex\/\" \/>\n<meta property=\"og:locale\" content=\"fr_FR\" \/>\n<meta property=\"og:type\" content=\"article\" \/>\n<meta property=\"og:title\" content=\"Textile Airtex - Autohome\" \/>\n<meta property=\"og:description\" content=\"JTNDZGl2JTIwY2xhc3MlM0QlMjJwb3B1cEJsb2NrU2luZ2xlJTIyJTNFJTBBJTNDZGl2JTIwY2xhc3MlM0QlMjJwb3B1cENvbnRhaW5lciUyMHBvcG1ha2UtYWlydGV4LTIlMjIlM0UlMEElM0NoMSUzRUFJ\" \/>\n<meta property=\"og:url\" content=\"https:\/\/www.autohome-official.com\/fr\/video\/textile-airtex\/\" \/>\n<meta property=\"og:site_name\" content=\"Autohome\" \/>\n<meta property=\"article:publisher\" content=\"https:\/\/www.facebook.com\/Autohome.Official.Page\" \/>\n<meta property=\"article:modified_time\" content=\"2025-09-19T09:20:25+00:00\" \/>\n<meta property=\"og:image\" content=\"https:\/\/www.autohome-official.com\/wp-content\/uploads\/2021\/03\/copertina-video-AIRTEX-500x500-1.jpg\" \/>\n\t<meta property=\"og:image:width\" content=\"500\" \/>\n\t<meta property=\"og:image:height\" content=\"500\" \/>\n\t<meta property=\"og:image:type\" content=\"image\/jpeg\" \/>\n<meta name=\"twitter:card\" content=\"summary_large_image\" \/>\n<meta name=\"twitter:label1\" content=\"Dur\u00e9e de lecture estim\u00e9e\" \/>\n\t<meta name=\"twitter:data1\" content=\"1 minute\" \/>\n<script type=\"application\/ld+json\" class=\"yoast-schema-graph\">{\"@context\":\"https:\/\/schema.org\",\"@graph\":[{\"@type\":\"WebPage\",\"@id\":\"https:\/\/www.autohome-official.com\/fr\/video\/textile-airtex\/\",\"url\":\"https:\/\/www.autohome-official.com\/fr\/video\/textile-airtex\/\",\"name\":\"Airtex Textile - Autohome\",\"isPartOf\":{\"@id\":\"https:\/\/www.autohome-official.com\/#website\"},\"primaryImageOfPage\":{\"@id\":\"https:\/\/www.autohome-official.com\/fr\/video\/textile-airtex\/#primaryimage\"},\"image\":{\"@id\":\"https:\/\/www.autohome-official.com\/fr\/video\/textile-airtex\/#primaryimage\"},\"thumbnailUrl\":\"https:\/\/www.autohome-official.com\/wp-content\/uploads\/2021\/03\/copertina-video-AIRTEX-500x500-1.jpg\",\"datePublished\":\"2021-03-17T10:41:48+00:00\",\"dateModified\":\"2025-09-19T09:20:25+00:00\",\"description\":\"Nous pr\u00e9sentons Airtex\u00ae, un tissu Made in Germany aux caract\u00e9ristiques distinctives.Airtex\u00ae, en plus d'\u00eatre tr\u00e8s r\u00e9sistant, contrairement au PVC ou aux tissus plastifi\u00e9s, ne retient pas la chaleur emp\u00eachant la formation de condensation. En savoir plus!\",\"breadcrumb\":{\"@id\":\"https:\/\/www.autohome-official.com\/fr\/video\/textile-airtex\/#breadcrumb\"},\"inLanguage\":\"fr-FR\",\"potentialAction\":[{\"@type\":\"ReadAction\",\"target\":[\"https:\/\/www.autohome-official.com\/fr\/video\/textile-airtex\/\"]}]},{\"@type\":\"ImageObject\",\"inLanguage\":\"fr-FR\",\"@id\":\"https:\/\/www.autohome-official.com\/fr\/video\/textile-airtex\/#primaryimage\",\"url\":\"https:\/\/www.autohome-official.com\/wp-content\/uploads\/2021\/03\/copertina-video-AIRTEX-500x500-1.jpg\",\"contentUrl\":\"https:\/\/www.autohome-official.com\/wp-content\/uploads\/2021\/03\/copertina-video-AIRTEX-500x500-1.jpg\",\"width\":500,\"height\":500},{\"@type\":\"BreadcrumbList\",\"@id\":\"https:\/\/www.autohome-official.com\/fr\/video\/textile-airtex\/#breadcrumb\",\"itemListElement\":[{\"@type\":\"ListItem\",\"position\":1,\"name\":\"Home\",\"item\":\"https:\/\/www.autohome-official.com\/fr\/\"},{\"@type\":\"ListItem\",\"position\":2,\"name\":\"Video\",\"item\":\"https:\/\/www.autohome-official.com\/fr\/video\/\"},{\"@type\":\"ListItem\",\"position\":3,\"name\":\"Textile Airtex\"}]},{\"@type\":\"WebSite\",\"@id\":\"https:\/\/www.autohome-official.com\/#website\",\"url\":\"https:\/\/www.autohome-official.com\/\",\"name\":\"Autohome\",\"description\":\"Tende da tetto - Dachzelte - Roof Top Tents - Tentes de Toit\",\"publisher\":{\"@id\":\"https:\/\/www.autohome-official.com\/#organization\"},\"alternateName\":\"Autohome Official\",\"potentialAction\":[{\"@type\":\"SearchAction\",\"target\":{\"@type\":\"EntryPoint\",\"urlTemplate\":\"https:\/\/www.autohome-official.com\/?s={search_term_string}\"},\"query-input\":{\"@type\":\"PropertyValueSpecification\",\"valueRequired\":true,\"valueName\":\"search_term_string\"}}],\"inLanguage\":\"fr-FR\"},{\"@type\":\"Organization\",\"@id\":\"https:\/\/www.autohome-official.com\/#organization\",\"name\":\"Autohome\",\"alternateName\":\"Autohome Official\",\"url\":\"https:\/\/www.autohome-official.com\/\",\"logo\":{\"@type\":\"ImageObject\",\"inLanguage\":\"fr-FR\",\"@id\":\"https:\/\/www.autohome-official.com\/#\/schema\/logo\/image\/\",\"url\":\"https:\/\/www.autohome-official.com\/wp-content\/uploads\/2026\/02\/Maggiolina-Autohome-logo.jpg\",\"contentUrl\":\"https:\/\/www.autohome-official.com\/wp-content\/uploads\/2026\/02\/Maggiolina-Autohome-logo.jpg\",\"width\":512,\"height\":512,\"caption\":\"Autohome\"},\"image\":{\"@id\":\"https:\/\/www.autohome-official.com\/#\/schema\/logo\/image\/\"},\"sameAs\":[\"https:\/\/www.facebook.com\/Autohome.Official.Page\",\"https:\/\/www.instagram.com\/autohome_official\/\",\"http:\/\/www.youtube.com\/user\/AutohomeOfficial\"],\"description\":\"Le prime tende da tetto auto al mondo, prodotte in Italia dal 1958.\",\"email\":\"info@autohome.it\",\"telephone\":\"0039 0376 99590\",\"legalName\":\"Zifer Italia SRL\",\"vatID\":\"IT01329850208\"}]}<\/script>\n<!-- \/ Yoast SEO Premium plugin. -->","yoast_head_json":{"title":"Airtex Textile - Autohome","description":"Nous pr\u00e9sentons Airtex\u00ae, un tissu Made in Germany aux caract\u00e9ristiques distinctives.Airtex\u00ae, en plus d'\u00eatre tr\u00e8s r\u00e9sistant, contrairement au PVC ou aux tissus plastifi\u00e9s, ne retient pas la chaleur emp\u00eachant la formation de condensation. En savoir plus!","robots":{"index":"index","follow":"follow","max-snippet":"max-snippet:-1","max-image-preview":"max-image-preview:large","max-video-preview":"max-video-preview:-1"},"canonical":"https:\/\/www.autohome-official.com\/fr\/video\/textile-airtex\/","og_locale":"fr_FR","og_type":"article","og_title":"Textile Airtex - Autohome","og_description":"JTNDZGl2JTIwY2xhc3MlM0QlMjJwb3B1cEJsb2NrU2luZ2xlJTIyJTNFJTBBJTNDZGl2JTIwY2xhc3MlM0QlMjJwb3B1cENvbnRhaW5lciUyMHBvcG1ha2UtYWlydGV4LTIlMjIlM0UlMEElM0NoMSUzRUFJ","og_url":"https:\/\/www.autohome-official.com\/fr\/video\/textile-airtex\/","og_site_name":"Autohome","article_publisher":"https:\/\/www.facebook.com\/Autohome.Official.Page","article_modified_time":"2025-09-19T09:20:25+00:00","og_image":[{"width":500,"height":500,"url":"https:\/\/www.autohome-official.com\/wp-content\/uploads\/2021\/03\/copertina-video-AIRTEX-500x500-1.jpg","type":"image\/jpeg"}],"twitter_card":"summary_large_image","twitter_misc":{"Dur\u00e9e de lecture estim\u00e9e":"1 minute"},"schema":{"@context":"https:\/\/schema.org","@graph":[{"@type":"WebPage","@id":"https:\/\/www.autohome-official.com\/fr\/video\/textile-airtex\/","url":"https:\/\/www.autohome-official.com\/fr\/video\/textile-airtex\/","name":"Airtex Textile - Autohome","isPartOf":{"@id":"https:\/\/www.autohome-official.com\/#website"},"primaryImageOfPage":{"@id":"https:\/\/www.autohome-official.com\/fr\/video\/textile-airtex\/#primaryimage"},"image":{"@id":"https:\/\/www.autohome-official.com\/fr\/video\/textile-airtex\/#primaryimage"},"thumbnailUrl":"https:\/\/www.autohome-official.com\/wp-content\/uploads\/2021\/03\/copertina-video-AIRTEX-500x500-1.jpg","datePublished":"2021-03-17T10:41:48+00:00","dateModified":"2025-09-19T09:20:25+00:00","description":"Nous pr\u00e9sentons Airtex\u00ae, un tissu Made in Germany aux caract\u00e9ristiques distinctives.Airtex\u00ae, en plus d'\u00eatre tr\u00e8s r\u00e9sistant, contrairement au PVC ou aux tissus plastifi\u00e9s, ne retient pas la chaleur emp\u00eachant la formation de condensation. En savoir plus!","breadcrumb":{"@id":"https:\/\/www.autohome-official.com\/fr\/video\/textile-airtex\/#breadcrumb"},"inLanguage":"fr-FR","potentialAction":[{"@type":"ReadAction","target":["https:\/\/www.autohome-official.com\/fr\/video\/textile-airtex\/"]}]},{"@type":"ImageObject","inLanguage":"fr-FR","@id":"https:\/\/www.autohome-official.com\/fr\/video\/textile-airtex\/#primaryimage","url":"https:\/\/www.autohome-official.com\/wp-content\/uploads\/2021\/03\/copertina-video-AIRTEX-500x500-1.jpg","contentUrl":"https:\/\/www.autohome-official.com\/wp-content\/uploads\/2021\/03\/copertina-video-AIRTEX-500x500-1.jpg","width":500,"height":500},{"@type":"BreadcrumbList","@id":"https:\/\/www.autohome-official.com\/fr\/video\/textile-airtex\/#breadcrumb","itemListElement":[{"@type":"ListItem","position":1,"name":"Home","item":"https:\/\/www.autohome-official.com\/fr\/"},{"@type":"ListItem","position":2,"name":"Video","item":"https:\/\/www.autohome-official.com\/fr\/video\/"},{"@type":"ListItem","position":3,"name":"Textile Airtex"}]},{"@type":"WebSite","@id":"https:\/\/www.autohome-official.com\/#website","url":"https:\/\/www.autohome-official.com\/","name":"Autohome","description":"Tende da tetto - Dachzelte - Roof Top Tents - Tentes de Toit","publisher":{"@id":"https:\/\/www.autohome-official.com\/#organization"},"alternateName":"Autohome Official","potentialAction":[{"@type":"SearchAction","target":{"@type":"EntryPoint","urlTemplate":"https:\/\/www.autohome-official.com\/?s={search_term_string}"},"query-input":{"@type":"PropertyValueSpecification","valueRequired":true,"valueName":"search_term_string"}}],"inLanguage":"fr-FR"},{"@type":"Organization","@id":"https:\/\/www.autohome-official.com\/#organization","name":"Autohome","alternateName":"Autohome Official","url":"https:\/\/www.autohome-official.com\/","logo":{"@type":"ImageObject","inLanguage":"fr-FR","@id":"https:\/\/www.autohome-official.com\/#\/schema\/logo\/image\/","url":"https:\/\/www.autohome-official.com\/wp-content\/uploads\/2026\/02\/Maggiolina-Autohome-logo.jpg","contentUrl":"https:\/\/www.autohome-official.com\/wp-content\/uploads\/2026\/02\/Maggiolina-Autohome-logo.jpg","width":512,"height":512,"caption":"Autohome"},"image":{"@id":"https:\/\/www.autohome-official.com\/#\/schema\/logo\/image\/"},"sameAs":["https:\/\/www.facebook.com\/Autohome.Official.Page","https:\/\/www.instagram.com\/autohome_official\/","http:\/\/www.youtube.com\/user\/AutohomeOfficial"],"description":"Le prime tende da tetto auto al mondo, prodotte in Italia dal 1958.","email":"info@autohome.it","telephone":"0039 0376 99590","legalName":"Zifer Italia SRL","vatID":"IT01329850208"}]}},"_links":{"self":[{"href":"https:\/\/www.autohome-official.com\/fr\/wp-json\/wp\/v2\/pages\/54671"}],"collection":[{"href":"https:\/\/www.autohome-official.com\/fr\/wp-json\/wp\/v2\/pages"}],"about":[{"href":"https:\/\/www.autohome-official.com\/fr\/wp-json\/wp\/v2\/types\/page"}],"author":[{"embeddable":true,"href":"https:\/\/www.autohome-official.com\/fr\/wp-json\/wp\/v2\/users\/4"}],"replies":[{"embeddable":true,"href":"https:\/\/www.autohome-official.com\/fr\/wp-json\/wp\/v2\/comments?post=54671"}],"version-history":[{"count":2,"href":"https:\/\/www.autohome-official.com\/fr\/wp-json\/wp\/v2\/pages\/54671\/revisions"}],"predecessor-version":[{"id":79955,"href":"https:\/\/www.autohome-official.com\/fr\/wp-json\/wp\/v2\/pages\/54671\/revisions\/79955"}],"up":[{"embeddable":true,"href":"https:\/\/www.autohome-official.com\/fr\/wp-json\/wp\/v2\/pages\/14783"}],"wp:featuredmedia":[{"embeddable":true,"href":"https:\/\/www.autohome-official.com\/fr\/wp-json\/wp\/v2\/media\/54674"}],"wp:attachment":[{"href":"https:\/\/www.autohome-official.com\/fr\/wp-json\/wp\/v2\/media?parent=54671"}],"curies":[{"name":"wp","href":"https:\/\/api.w.org\/{rel}","templated":true}]}}