{"id":55024,"date":"2021-04-08T09:27:38","date_gmt":"2021-04-08T07:27:38","guid":{"rendered":"https:\/\/www.autohome-official.com\/?page_id=55024"},"modified":"2026-03-31T11:03:06","modified_gmt":"2026-03-31T09:03:06","slug":"nino-cirani","status":"publish","type":"page","link":"https:\/\/www.autohome-official.com\/fr\/video\/nino-cirani\/","title":{"rendered":"Nino Cirani"},"content":{"rendered":"<p>[vc_row][vc_column][vc_empty_space height=\u00a0\u00bb80px\u00a0\u00bb][\/vc_column][\/vc_row][vc_row el_class=\u00a0\u00bbmb0 story-skin-video\u00a0\u00bb][vc_column]<pre><span><span><a href=\"https:\/\/www.autohome-official.com\/fr\/\">Home<\/a><\/span><\/span><\/pre>\n[\/vc_column][\/vc_row][vc_row equal_height=\u00a0\u00bbyes\u00a0\u00bb css=\u00a0\u00bb.vc_custom_1480081309785{margin-right: 5% !important;margin-left: 5% !important;}\u00a0\u00bb el_class=\u00a0\u00bbwp-video-lightbox-grid\u00a0\u00bb][vc_column css=\u00a0\u00bb.vc_custom_1633436496360{padding-top: 72px !important;background-position: center !important;background-repeat: no-repeat !important;background-size: cover !important;}\u00a0\u00bb][vc_raw_html]JTNDZGl2JTIwY2xhc3MlM0QlMjJwb3B1cEJsb2NrU2luZ2xlJTIyJTNFJTBBJTNDZGl2JTIwY2xhc3MlM0QlMjJwb3B1cENvbnRhaW5lciUyMHBvcG1ha2Utbmluby1jaXJhbmklMjIlM0UlMEElM0NoMSUzRU5JTk8lMjBDSVJBTkklM0MlMkZoMSUzRSUwQSUzQ2J1dHRvbiUyMHR5cGUlM0QlMjJidXR0b24lMjIlMjBjbGFzcyUzRCUyMmJ0biUyMGJ0bi1saW5rJTIwbm9wYWRkaW5nJTIwcG9wbWFrZS1uaW5vLWNpcmFuaSUyMiUzRVNUQVJUJTNDJTJGYnV0dG9uJTNFJTBBJTNDJTJGZGl2JTNFJTBBJTNDJTJGZGl2JTNF[\/vc_raw_html][\/vc_column][\/vc_row][vc_row][vc_column][\/vc_column][\/vc_row]<\/p>\n","protected":false},"excerpt":{"rendered":"<p>[vc_row][vc_column][vc_empty_space height=\u00a0\u00bb80px\u00a0\u00bb][\/vc_column][\/vc_row][vc_row el_class=\u00a0\u00bbmb0 story-skin-video\u00a0\u00bb][vc_column][\/vc_column][\/vc_row][vc_row equal_height=\u00a0\u00bbyes\u00a0\u00bb css=\u00a0\u00bb.vc_custom_1480081309785{margin-right: 5% !important;margin-left: 5% !important;}\u00a0\u00bb el_class=\u00a0\u00bbwp-video-lightbox-grid\u00a0\u00bb][vc_column css=\u00a0\u00bb.vc_custom_1633436496360{padding-top: 72px !important;background-position: center !important;background-repeat: no-repeat !important;background-size: cover !important;}\u00a0\u00bb][vc_raw_html]JTNDZGl2JTIwY2xhc3MlM0QlMjJwb3B1cEJsb2NrU2luZ2xlJTIyJTNFJTBBJTNDZGl2JTIwY2xhc3MlM0QlMjJwb3B1cENvbnRhaW5lciUyMHBvcG1ha2Utbmluby1jaXJhbmklMjIlM0UlMEElM0NoMSUzRU5JTk8lMjBDSVJBTkklM0MlMkZoMSUzRSUwQSUzQ2J1dHRvbiUyMHR5cGUlM0QlMjJidXR0b24lMjIlMjBjbGFzcyUzRCUyMmJ0biUyMGJ0bi1saW5rJTIwbm9wYWRkaW5nJTIwcG9wbWFrZS1uaW5vLWNpcmFuaSUyMiUzRVNUQVJUJTNDJTJGYnV0dG9uJTNFJTBBJTNDJTJGZGl2JTNFJTBBJTNDJTJGZGl2JTNF[\/vc_raw_html][\/vc_column][\/vc_row][vc_row][vc_column][\/vc_column][\/vc_row]<\/p>\n","protected":false},"author":4,"featured_media":55027,"parent":14783,"menu_order":0,"comment_status":"closed","ping_status":"closed","template":"","meta":{"footnotes":""},"class_list":["post-55024","page","type-page","status-publish","has-post-thumbnail","hentry"],"yoast_head":"<!-- This site is optimized with the Yoast SEO Premium plugin v23.7 (Yoast SEO v23.7) - https:\/\/yoast.com\/wordpress\/plugins\/seo\/ -->\n<title>Nino Cirani - Autohome<\/title>\n<meta name=\"description\" content=\"Autohome rend aujourd&#039;hui hommage \u00e0 Nino Cirani avec la tente qui l&#039;a accompagn\u00e9 pendant 30 ans, avec les m\u00eames couleurs et les m\u00eames solutions techniques adopt\u00e9es par l&#039;homme qui en a fait une l\u00e9gende.En savoir plus!\" \/>\n<meta name=\"robots\" content=\"index, follow, max-snippet:-1, max-image-preview:large, max-video-preview:-1\" \/>\n<link rel=\"canonical\" href=\"https:\/\/www.autohome-official.com\/fr\/video\/nino-cirani\/\" \/>\n<meta property=\"og:locale\" content=\"fr_FR\" \/>\n<meta property=\"og:type\" content=\"article\" \/>\n<meta property=\"og:title\" content=\"Nino Cirani - Autohome\" \/>\n<meta property=\"og:description\" content=\"JTNDZGl2JTIwY2xhc3MlM0QlMjJwb3B1cEJsb2NrU2luZ2xlJTIyJTNFJTBBJTNDZGl2JTIwY2xhc3MlM0QlMjJwb3B1cENvbnRhaW5lciUyMHBvcG1ha2Utbmluby1jaXJhbmklMjIlM0UlMEElM0NoMSUz\" \/>\n<meta property=\"og:url\" content=\"https:\/\/www.autohome-official.com\/fr\/video\/nino-cirani\/\" \/>\n<meta property=\"og:site_name\" content=\"Autohome\" \/>\n<meta property=\"article:publisher\" content=\"https:\/\/www.facebook.com\/Autohome.Official.Page\" \/>\n<meta property=\"article:modified_time\" content=\"2026-03-31T09:03:06+00:00\" \/>\n<meta property=\"og:image\" content=\"https:\/\/www.autohome-official.com\/wp-content\/uploads\/2021\/04\/copertina-video-NINO-500x500-1.jpg\" \/>\n\t<meta property=\"og:image:width\" content=\"500\" \/>\n\t<meta property=\"og:image:height\" content=\"500\" \/>\n\t<meta property=\"og:image:type\" content=\"image\/jpeg\" \/>\n<meta name=\"twitter:card\" content=\"summary_large_image\" \/>\n<meta name=\"twitter:label1\" content=\"Dur\u00e9e de lecture estim\u00e9e\" \/>\n\t<meta name=\"twitter:data1\" content=\"1 minute\" \/>\n<script type=\"application\/ld+json\" class=\"yoast-schema-graph\">{\"@context\":\"https:\/\/schema.org\",\"@graph\":[{\"@type\":\"WebPage\",\"@id\":\"https:\/\/www.autohome-official.com\/fr\/video\/nino-cirani\/\",\"url\":\"https:\/\/www.autohome-official.com\/fr\/video\/nino-cirani\/\",\"name\":\"Nino Cirani - Autohome\",\"isPartOf\":{\"@id\":\"https:\/\/www.autohome-official.com\/#website\"},\"primaryImageOfPage\":{\"@id\":\"https:\/\/www.autohome-official.com\/fr\/video\/nino-cirani\/#primaryimage\"},\"image\":{\"@id\":\"https:\/\/www.autohome-official.com\/fr\/video\/nino-cirani\/#primaryimage\"},\"thumbnailUrl\":\"https:\/\/www.autohome-official.com\/wp-content\/uploads\/2021\/04\/copertina-video-NINO-500x500-1.jpg\",\"datePublished\":\"2021-04-08T07:27:38+00:00\",\"dateModified\":\"2026-03-31T09:03:06+00:00\",\"description\":\"Autohome rend aujourd'hui hommage \u00e0 Nino Cirani avec la tente qui l'a accompagn\u00e9 pendant 30 ans, avec les m\u00eames couleurs et les m\u00eames solutions techniques adopt\u00e9es par l'homme qui en a fait une l\u00e9gende.En savoir plus!\",\"breadcrumb\":{\"@id\":\"https:\/\/www.autohome-official.com\/fr\/video\/nino-cirani\/#breadcrumb\"},\"inLanguage\":\"fr-FR\",\"potentialAction\":[{\"@type\":\"ReadAction\",\"target\":[\"https:\/\/www.autohome-official.com\/fr\/video\/nino-cirani\/\"]}]},{\"@type\":\"ImageObject\",\"inLanguage\":\"fr-FR\",\"@id\":\"https:\/\/www.autohome-official.com\/fr\/video\/nino-cirani\/#primaryimage\",\"url\":\"https:\/\/www.autohome-official.com\/wp-content\/uploads\/2021\/04\/copertina-video-NINO-500x500-1.jpg\",\"contentUrl\":\"https:\/\/www.autohome-official.com\/wp-content\/uploads\/2021\/04\/copertina-video-NINO-500x500-1.jpg\",\"width\":500,\"height\":500},{\"@type\":\"BreadcrumbList\",\"@id\":\"https:\/\/www.autohome-official.com\/fr\/video\/nino-cirani\/#breadcrumb\",\"itemListElement\":[{\"@type\":\"ListItem\",\"position\":1,\"name\":\"Home\",\"item\":\"https:\/\/www.autohome-official.com\/fr\/\"},{\"@type\":\"ListItem\",\"position\":2,\"name\":\"Video\",\"item\":\"https:\/\/www.autohome-official.com\/fr\/video\/\"},{\"@type\":\"ListItem\",\"position\":3,\"name\":\"Nino Cirani\"}]},{\"@type\":\"WebSite\",\"@id\":\"https:\/\/www.autohome-official.com\/#website\",\"url\":\"https:\/\/www.autohome-official.com\/\",\"name\":\"Autohome\",\"description\":\"Tende da tetto - Dachzelte - Roof Top Tents - Tentes de Toit\",\"publisher\":{\"@id\":\"https:\/\/www.autohome-official.com\/#organization\"},\"alternateName\":\"Autohome Official\",\"potentialAction\":[{\"@type\":\"SearchAction\",\"target\":{\"@type\":\"EntryPoint\",\"urlTemplate\":\"https:\/\/www.autohome-official.com\/?s={search_term_string}\"},\"query-input\":{\"@type\":\"PropertyValueSpecification\",\"valueRequired\":true,\"valueName\":\"search_term_string\"}}],\"inLanguage\":\"fr-FR\"},{\"@type\":\"Organization\",\"@id\":\"https:\/\/www.autohome-official.com\/#organization\",\"name\":\"Autohome\",\"alternateName\":\"Autohome Official\",\"url\":\"https:\/\/www.autohome-official.com\/\",\"logo\":{\"@type\":\"ImageObject\",\"inLanguage\":\"fr-FR\",\"@id\":\"https:\/\/www.autohome-official.com\/#\/schema\/logo\/image\/\",\"url\":\"https:\/\/www.autohome-official.com\/wp-content\/uploads\/2026\/02\/Maggiolina-Autohome-logo.jpg\",\"contentUrl\":\"https:\/\/www.autohome-official.com\/wp-content\/uploads\/2026\/02\/Maggiolina-Autohome-logo.jpg\",\"width\":512,\"height\":512,\"caption\":\"Autohome\"},\"image\":{\"@id\":\"https:\/\/www.autohome-official.com\/#\/schema\/logo\/image\/\"},\"sameAs\":[\"https:\/\/www.facebook.com\/Autohome.Official.Page\",\"https:\/\/www.instagram.com\/autohome_official\/\",\"http:\/\/www.youtube.com\/user\/AutohomeOfficial\"],\"description\":\"Le prime tende da tetto auto al mondo, prodotte in Italia dal 1958.\",\"email\":\"info@autohome.it\",\"telephone\":\"0039 0376 99590\",\"legalName\":\"Zifer Italia SRL\",\"vatID\":\"IT01329850208\"}]}<\/script>\n<!-- \/ Yoast SEO Premium plugin. -->","yoast_head_json":{"title":"Nino Cirani - Autohome","description":"Autohome rend aujourd'hui hommage \u00e0 Nino Cirani avec la tente qui l'a accompagn\u00e9 pendant 30 ans, avec les m\u00eames couleurs et les m\u00eames solutions techniques adopt\u00e9es par l'homme qui en a fait une l\u00e9gende.En savoir plus!","robots":{"index":"index","follow":"follow","max-snippet":"max-snippet:-1","max-image-preview":"max-image-preview:large","max-video-preview":"max-video-preview:-1"},"canonical":"https:\/\/www.autohome-official.com\/fr\/video\/nino-cirani\/","og_locale":"fr_FR","og_type":"article","og_title":"Nino Cirani - Autohome","og_description":"JTNDZGl2JTIwY2xhc3MlM0QlMjJwb3B1cEJsb2NrU2luZ2xlJTIyJTNFJTBBJTNDZGl2JTIwY2xhc3MlM0QlMjJwb3B1cENvbnRhaW5lciUyMHBvcG1ha2Utbmluby1jaXJhbmklMjIlM0UlMEElM0NoMSUz","og_url":"https:\/\/www.autohome-official.com\/fr\/video\/nino-cirani\/","og_site_name":"Autohome","article_publisher":"https:\/\/www.facebook.com\/Autohome.Official.Page","article_modified_time":"2026-03-31T09:03:06+00:00","og_image":[{"width":500,"height":500,"url":"https:\/\/www.autohome-official.com\/wp-content\/uploads\/2021\/04\/copertina-video-NINO-500x500-1.jpg","type":"image\/jpeg"}],"twitter_card":"summary_large_image","twitter_misc":{"Dur\u00e9e de lecture estim\u00e9e":"1 minute"},"schema":{"@context":"https:\/\/schema.org","@graph":[{"@type":"WebPage","@id":"https:\/\/www.autohome-official.com\/fr\/video\/nino-cirani\/","url":"https:\/\/www.autohome-official.com\/fr\/video\/nino-cirani\/","name":"Nino Cirani - Autohome","isPartOf":{"@id":"https:\/\/www.autohome-official.com\/#website"},"primaryImageOfPage":{"@id":"https:\/\/www.autohome-official.com\/fr\/video\/nino-cirani\/#primaryimage"},"image":{"@id":"https:\/\/www.autohome-official.com\/fr\/video\/nino-cirani\/#primaryimage"},"thumbnailUrl":"https:\/\/www.autohome-official.com\/wp-content\/uploads\/2021\/04\/copertina-video-NINO-500x500-1.jpg","datePublished":"2021-04-08T07:27:38+00:00","dateModified":"2026-03-31T09:03:06+00:00","description":"Autohome rend aujourd'hui hommage \u00e0 Nino Cirani avec la tente qui l'a accompagn\u00e9 pendant 30 ans, avec les m\u00eames couleurs et les m\u00eames solutions techniques adopt\u00e9es par l'homme qui en a fait une l\u00e9gende.En savoir plus!","breadcrumb":{"@id":"https:\/\/www.autohome-official.com\/fr\/video\/nino-cirani\/#breadcrumb"},"inLanguage":"fr-FR","potentialAction":[{"@type":"ReadAction","target":["https:\/\/www.autohome-official.com\/fr\/video\/nino-cirani\/"]}]},{"@type":"ImageObject","inLanguage":"fr-FR","@id":"https:\/\/www.autohome-official.com\/fr\/video\/nino-cirani\/#primaryimage","url":"https:\/\/www.autohome-official.com\/wp-content\/uploads\/2021\/04\/copertina-video-NINO-500x500-1.jpg","contentUrl":"https:\/\/www.autohome-official.com\/wp-content\/uploads\/2021\/04\/copertina-video-NINO-500x500-1.jpg","width":500,"height":500},{"@type":"BreadcrumbList","@id":"https:\/\/www.autohome-official.com\/fr\/video\/nino-cirani\/#breadcrumb","itemListElement":[{"@type":"ListItem","position":1,"name":"Home","item":"https:\/\/www.autohome-official.com\/fr\/"},{"@type":"ListItem","position":2,"name":"Video","item":"https:\/\/www.autohome-official.com\/fr\/video\/"},{"@type":"ListItem","position":3,"name":"Nino Cirani"}]},{"@type":"WebSite","@id":"https:\/\/www.autohome-official.com\/#website","url":"https:\/\/www.autohome-official.com\/","name":"Autohome","description":"Tende da tetto - Dachzelte - Roof Top Tents - Tentes de Toit","publisher":{"@id":"https:\/\/www.autohome-official.com\/#organization"},"alternateName":"Autohome Official","potentialAction":[{"@type":"SearchAction","target":{"@type":"EntryPoint","urlTemplate":"https:\/\/www.autohome-official.com\/?s={search_term_string}"},"query-input":{"@type":"PropertyValueSpecification","valueRequired":true,"valueName":"search_term_string"}}],"inLanguage":"fr-FR"},{"@type":"Organization","@id":"https:\/\/www.autohome-official.com\/#organization","name":"Autohome","alternateName":"Autohome Official","url":"https:\/\/www.autohome-official.com\/","logo":{"@type":"ImageObject","inLanguage":"fr-FR","@id":"https:\/\/www.autohome-official.com\/#\/schema\/logo\/image\/","url":"https:\/\/www.autohome-official.com\/wp-content\/uploads\/2026\/02\/Maggiolina-Autohome-logo.jpg","contentUrl":"https:\/\/www.autohome-official.com\/wp-content\/uploads\/2026\/02\/Maggiolina-Autohome-logo.jpg","width":512,"height":512,"caption":"Autohome"},"image":{"@id":"https:\/\/www.autohome-official.com\/#\/schema\/logo\/image\/"},"sameAs":["https:\/\/www.facebook.com\/Autohome.Official.Page","https:\/\/www.instagram.com\/autohome_official\/","http:\/\/www.youtube.com\/user\/AutohomeOfficial"],"description":"Le prime tende da tetto auto al mondo, prodotte in Italia dal 1958.","email":"info@autohome.it","telephone":"0039 0376 99590","legalName":"Zifer Italia SRL","vatID":"IT01329850208"}]}},"_links":{"self":[{"href":"https:\/\/www.autohome-official.com\/fr\/wp-json\/wp\/v2\/pages\/55024"}],"collection":[{"href":"https:\/\/www.autohome-official.com\/fr\/wp-json\/wp\/v2\/pages"}],"about":[{"href":"https:\/\/www.autohome-official.com\/fr\/wp-json\/wp\/v2\/types\/page"}],"author":[{"embeddable":true,"href":"https:\/\/www.autohome-official.com\/fr\/wp-json\/wp\/v2\/users\/4"}],"replies":[{"embeddable":true,"href":"https:\/\/www.autohome-official.com\/fr\/wp-json\/wp\/v2\/comments?post=55024"}],"version-history":[{"count":2,"href":"https:\/\/www.autohome-official.com\/fr\/wp-json\/wp\/v2\/pages\/55024\/revisions"}],"predecessor-version":[{"id":85150,"href":"https:\/\/www.autohome-official.com\/fr\/wp-json\/wp\/v2\/pages\/55024\/revisions\/85150"}],"up":[{"embeddable":true,"href":"https:\/\/www.autohome-official.com\/fr\/wp-json\/wp\/v2\/pages\/14783"}],"wp:featuredmedia":[{"embeddable":true,"href":"https:\/\/www.autohome-official.com\/fr\/wp-json\/wp\/v2\/media\/55027"}],"wp:attachment":[{"href":"https:\/\/www.autohome-official.com\/fr\/wp-json\/wp\/v2\/media?parent=55024"}],"curies":[{"name":"wp","href":"https:\/\/api.w.org\/{rel}","templated":true}]}}