{"id":60257,"date":"2021-12-16T12:17:14","date_gmt":"2021-12-16T11:17:14","guid":{"rendered":"https:\/\/www.autohome-official.com\/?page_id=60257"},"modified":"2025-09-19T11:53:46","modified_gmt":"2025-09-19T09:53:46","slug":"politique-qualite","status":"publish","type":"page","link":"https:\/\/www.autohome-official.com\/fr\/politique-qualite\/","title":{"rendered":"POLITIQUE DE QUALITE&rsquo;"},"content":{"rendered":"<p>[vc_row el_class=\u00a0\u00bbmb0 story-skin-white\u00a0\u00bb css=\u00a0\u00bb.vc_custom_1480350526264{padding-top: 72px !important;}\u00a0\u00bb][vc_column]<pre><span><span><a href=\"https:\/\/www.autohome-official.com\/fr\/\">Home<\/a><\/span><\/span><\/pre>\n[\/vc_column][\/vc_row][vc_row el_class=\u00a0\u00bbmb0 story-skin-white\u00a0\u00bb css=\u00a0\u00bb.vc_custom_1480415910447{padding-right: 5% !important;padding-left: 5% !important;}\u00a0\u00bb][vc_column offset=\u00a0\u00bbvc_hidden-sm vc_hidden-xs\u00a0\u00bb][vc_empty_space height=\u00a0\u00bb30px\u00a0\u00bb][\/vc_column][\/vc_row][vc_row el_class=\u00a0\u00bbstory-skin-white product-tab-container-row\u00a0\u00bb][vc_column][vc_tta_tabs style=\u00a0\u00bbflat\u00a0\u00bb shape=\u00a0\u00bbsquare\u00a0\u00bb color=\u00a0\u00bbwhite\u00a0\u00bb gap=\u00a0\u00bb1&Prime; active_section=\u00a0\u00bb1&Prime; no_fill_content_area=\u00a0\u00bbtrue\u00a0\u00bb el_class=\u00a0\u00bbproduct-page maggiolina-airlander\u00a0\u00bb][vc_tta_section title=\u00a0\u00bbPOLITIQUE DE QUALITE\u2019\u00a0\u00bb tab_id=\u00a0\u00bb1512568506793-9ec8bd43-aea5&Prime;][vc_row_inner][vc_column_inner el_class=\u00a0\u00bbmobilePaddingSide\u00a0\u00bb][vc_column_text]<\/p>\n<h1 style=\"font-size: 40px;\">POLITIQUE DE QUALITE&rsquo;<\/h1>\n<p>La Direction d&rsquo;AutoHome &#8211; ZIfer Italia Srl entend am\u00e9liorer ses produits et sa pr\u00e9sence sur le march\u00e9 au fil du temps en apportant de la valeur aux Clients et \u00e0 toutes les parties int\u00e9ress\u00e9es, dans le respect de la l\u00e9gislation applicable et avec une valeur de qualit\u00e9 \u00e9lev\u00e9e de ses Produits et Services.<br \/>\nPour ces raisons, elle consid\u00e8re qu&rsquo;il est essentiel de d\u00e9finir et de mettre en \u0153uvre une \u00abPolitique de qualit\u00e9\u00bb adapt\u00e9e \u00e0 l&rsquo;organisation.<\/p>\n<p>&nbsp;<\/p>\n<p>Les objectifs d&rsquo;AutoHome &#8211; ZIfer Italia Srl sont:<\/p>\n<p>&nbsp;<\/p>\n<p>&#x2714;\u00a0 La satisfaction compl\u00e8te des besoins et attentes du Client et du march\u00e9;<br \/>\n&#x2714;\u00a0 La r\u00e9ussite et le maintien de la certification de la qualit\u00e9.<\/p>\n<p>&nbsp;<\/p>\n<p>Pour atteindre ces objectifs, l&rsquo;Organisation s&rsquo;engage \u00e0:<\/p>\n<p>&nbsp;<\/p>\n<p>&#x2714; Am\u00e9liorer continuellement le syst\u00e8me de gestion de la qualit\u00e9;<br \/>\n&#x2714; Mesurer la pertinence, la conformit\u00e9 et l&rsquo;efficacit\u00e9 du SGQ au moyen d&rsquo;audits internes et externes;<br \/>\n&#x2714; D\u00e9finir de nouveaux objectifs mesurables pour obtenir une participation maximale de l&rsquo;ensemble du personnel.<br \/>\n&#x2714; Surveiller les produits et services offerts au client afin d&rsquo;obtenir une am\u00e9lioration continue et constante.<br \/>\n&#x2714; Mettre \u00e0 disposition les moyens n\u00e9cessaires pour sensibiliser l&rsquo;ensemble du personnel au respect absolu des indications contenues dans le Manuel Qualit\u00e9 et les autres documents du Syst\u00e8me.<br \/>\n&#x2714; Attribuer \u00e0 chaque fonction identifi\u00e9e dans le Manuel Qualit\u00e9 et dans les autres documents SGQ la responsabilit\u00e9, dans le cadre de leurs t\u00e2ches, de l&rsquo;application des indications et des proc\u00e9dures associ\u00e9es.<\/p>\n<p>&nbsp;<\/p>\n<p>Le Gestionnaire de l&rsquo;Entreprise s&rsquo;engage \u00e0 mettre \u00e0 disposition les moyens n\u00e9cessaires pour sensibiliser l&rsquo;ensemble du personnel au respect absolu des exigences contenues dans le Manuel Qualit\u00e9 et dans les autres documents du Syst\u00e8me Qualit\u00e9.[\/vc_column_text][\/vc_column_inner][vc_column_inner][vc_empty_space height=\u00a0\u00bb30px\u00a0\u00bb][\/vc_column_inner][\/vc_row_inner][\/vc_tta_section][\/vc_tta_tabs][\/vc_column][\/vc_row][vc_row][vc_column offset=\u00a0\u00bbvc_hidden-lg vc_hidden-md vc_hidden-sm vc_hidden-xs\u00a0\u00bb][vc_raw_html]JTVCcmVhbDNkZmxpcGJvb2slMjBpZCUzRCUyNzUlMjclNUQ=[\/vc_raw_html][\/vc_column][\/vc_row]<\/p>\n","protected":false},"excerpt":{"rendered":"<p>[vc_row el_class=\u00a0\u00bbmb0 story-skin-white\u00a0\u00bb css=\u00a0\u00bb.vc_custom_1480350526264{padding-top: 72px !important;}\u00a0\u00bb][vc_column][\/vc_column][\/vc_row][vc_row el_class=\u00a0\u00bbmb0 story-skin-white\u00a0\u00bb css=\u00a0\u00bb.vc_custom_1480415910447{padding-right: 5% !important;padding-left: 5% !important;}\u00a0\u00bb][vc_column offset=\u00a0\u00bbvc_hidden-sm vc_hidden-xs\u00a0\u00bb][vc_empty_space height=\u00a0\u00bb30px\u00a0\u00bb][\/vc_column][\/vc_row][vc_row el_class=\u00a0\u00bbstory-skin-white product-tab-container-row\u00a0\u00bb][vc_column][vc_tta_tabs style=\u00a0\u00bbflat\u00a0\u00bb shape=\u00a0\u00bbsquare\u00a0\u00bb color=\u00a0\u00bbwhite\u00a0\u00bb gap=\u00a0\u00bb1&Prime; active_section=\u00a0\u00bb1&Prime; no_fill_content_area=\u00a0\u00bbtrue\u00a0\u00bb el_class=\u00a0\u00bbproduct-page maggiolina-airlander\u00a0\u00bb][vc_tta_section<span class=\"excerpt-hellip\"> [\u2026]<\/span><\/p>\n","protected":false},"author":4,"featured_media":0,"parent":0,"menu_order":0,"comment_status":"closed","ping_status":"closed","template":"","meta":{"footnotes":""},"class_list":["post-60257","page","type-page","status-publish","hentry"],"yoast_head":"<!-- This site is optimized with the Yoast SEO Premium plugin v23.7 (Yoast SEO v23.7) - https:\/\/yoast.com\/wordpress\/plugins\/seo\/ -->\n<title>Magazine Ufficiale Tende da Tetto Autohome<\/title>\n<meta name=\"description\" content=\"Magazine Ufficiale delle Originali Tende da Tetto Autohome. Sfoglialo e inizia a Vivere la tua Vacanza o il tuo Viaggio Avventura!\" \/>\n<meta name=\"robots\" content=\"index, follow, max-snippet:-1, max-image-preview:large, max-video-preview:-1\" \/>\n<link rel=\"canonical\" href=\"https:\/\/www.autohome-official.com\/fr\/politique-qualite\/\" \/>\n<meta property=\"og:locale\" content=\"fr_FR\" \/>\n<meta property=\"og:type\" content=\"article\" \/>\n<meta property=\"og:title\" content=\"POLITIQUE DE QUALITE&#039; - Autohome\" \/>\n<meta property=\"og:description\" content=\"POLITIQUE DE QUALITE&#039; La Direction d&#039;AutoHome - ZIfer Italia Srl entend am\u00e9liorer ses produits et sa pr\u00e9sence sur le march\u00e9 au fil du temps en apportant\" \/>\n<meta property=\"og:url\" content=\"https:\/\/www.autohome-official.com\/fr\/politique-qualite\/\" \/>\n<meta property=\"og:site_name\" content=\"Autohome\" \/>\n<meta property=\"article:publisher\" content=\"https:\/\/www.facebook.com\/Autohome.Official.Page\" \/>\n<meta property=\"article:modified_time\" content=\"2025-09-19T09:53:46+00:00\" \/>\n<meta property=\"og:image\" content=\"https:\/\/www.autohome-official.com\/wp-content\/uploads\/2026\/02\/Maggiolina-Autohome-logo.jpg\" \/>\n\t<meta property=\"og:image:width\" content=\"512\" \/>\n\t<meta property=\"og:image:height\" content=\"512\" \/>\n\t<meta property=\"og:image:type\" content=\"image\/jpeg\" \/>\n<meta name=\"twitter:card\" content=\"summary_large_image\" \/>\n<meta name=\"twitter:label1\" content=\"Dur\u00e9e de lecture estim\u00e9e\" \/>\n\t<meta name=\"twitter:data1\" content=\"2 minutes\" \/>\n<script type=\"application\/ld+json\" class=\"yoast-schema-graph\">{\"@context\":\"https:\/\/schema.org\",\"@graph\":[{\"@type\":\"WebPage\",\"@id\":\"https:\/\/www.autohome-official.com\/fr\/politique-qualite\/\",\"url\":\"https:\/\/www.autohome-official.com\/fr\/politique-qualite\/\",\"name\":\"Magazine Ufficiale Tende da Tetto Autohome\",\"isPartOf\":{\"@id\":\"https:\/\/www.autohome-official.com\/#website\"},\"datePublished\":\"2021-12-16T11:17:14+00:00\",\"dateModified\":\"2025-09-19T09:53:46+00:00\",\"description\":\"Magazine Ufficiale delle Originali Tende da Tetto Autohome. Sfoglialo e inizia a Vivere la tua Vacanza o il tuo Viaggio Avventura!\",\"breadcrumb\":{\"@id\":\"https:\/\/www.autohome-official.com\/fr\/politique-qualite\/#breadcrumb\"},\"inLanguage\":\"fr-FR\",\"potentialAction\":[{\"@type\":\"ReadAction\",\"target\":[\"https:\/\/www.autohome-official.com\/fr\/politique-qualite\/\"]}]},{\"@type\":\"BreadcrumbList\",\"@id\":\"https:\/\/www.autohome-official.com\/fr\/politique-qualite\/#breadcrumb\",\"itemListElement\":[{\"@type\":\"ListItem\",\"position\":1,\"name\":\"Home\",\"item\":\"https:\/\/www.autohome-official.com\/fr\/\"},{\"@type\":\"ListItem\",\"position\":2,\"name\":\"POLITIQUE DE QUALITE&rsquo;\"}]},{\"@type\":\"WebSite\",\"@id\":\"https:\/\/www.autohome-official.com\/#website\",\"url\":\"https:\/\/www.autohome-official.com\/\",\"name\":\"Autohome\",\"description\":\"Tende da tetto - Dachzelte - Roof Top Tents - Tentes de Toit\",\"publisher\":{\"@id\":\"https:\/\/www.autohome-official.com\/#organization\"},\"alternateName\":\"Autohome Official\",\"potentialAction\":[{\"@type\":\"SearchAction\",\"target\":{\"@type\":\"EntryPoint\",\"urlTemplate\":\"https:\/\/www.autohome-official.com\/?s={search_term_string}\"},\"query-input\":{\"@type\":\"PropertyValueSpecification\",\"valueRequired\":true,\"valueName\":\"search_term_string\"}}],\"inLanguage\":\"fr-FR\"},{\"@type\":\"Organization\",\"@id\":\"https:\/\/www.autohome-official.com\/#organization\",\"name\":\"Autohome\",\"alternateName\":\"Autohome Official\",\"url\":\"https:\/\/www.autohome-official.com\/\",\"logo\":{\"@type\":\"ImageObject\",\"inLanguage\":\"fr-FR\",\"@id\":\"https:\/\/www.autohome-official.com\/#\/schema\/logo\/image\/\",\"url\":\"https:\/\/www.autohome-official.com\/wp-content\/uploads\/2026\/02\/Maggiolina-Autohome-logo.jpg\",\"contentUrl\":\"https:\/\/www.autohome-official.com\/wp-content\/uploads\/2026\/02\/Maggiolina-Autohome-logo.jpg\",\"width\":512,\"height\":512,\"caption\":\"Autohome\"},\"image\":{\"@id\":\"https:\/\/www.autohome-official.com\/#\/schema\/logo\/image\/\"},\"sameAs\":[\"https:\/\/www.facebook.com\/Autohome.Official.Page\",\"https:\/\/www.instagram.com\/autohome_official\/\",\"http:\/\/www.youtube.com\/user\/AutohomeOfficial\"],\"description\":\"Le prime tende da tetto auto al mondo, prodotte in Italia dal 1958.\",\"email\":\"info@autohome.it\",\"telephone\":\"0039 0376 99590\",\"legalName\":\"Zifer Italia SRL\",\"vatID\":\"IT01329850208\"}]}<\/script>\n<!-- \/ Yoast SEO Premium plugin. -->","yoast_head_json":{"title":"Magazine Ufficiale Tende da Tetto Autohome","description":"Magazine Ufficiale delle Originali Tende da Tetto Autohome. Sfoglialo e inizia a Vivere la tua Vacanza o il tuo Viaggio Avventura!","robots":{"index":"index","follow":"follow","max-snippet":"max-snippet:-1","max-image-preview":"max-image-preview:large","max-video-preview":"max-video-preview:-1"},"canonical":"https:\/\/www.autohome-official.com\/fr\/politique-qualite\/","og_locale":"fr_FR","og_type":"article","og_title":"POLITIQUE DE QUALITE' - Autohome","og_description":"POLITIQUE DE QUALITE' La Direction d'AutoHome - ZIfer Italia Srl entend am\u00e9liorer ses produits et sa pr\u00e9sence sur le march\u00e9 au fil du temps en apportant","og_url":"https:\/\/www.autohome-official.com\/fr\/politique-qualite\/","og_site_name":"Autohome","article_publisher":"https:\/\/www.facebook.com\/Autohome.Official.Page","article_modified_time":"2025-09-19T09:53:46+00:00","og_image":[{"width":512,"height":512,"url":"https:\/\/www.autohome-official.com\/wp-content\/uploads\/2026\/02\/Maggiolina-Autohome-logo.jpg","type":"image\/jpeg"}],"twitter_card":"summary_large_image","twitter_misc":{"Dur\u00e9e de lecture estim\u00e9e":"2 minutes"},"schema":{"@context":"https:\/\/schema.org","@graph":[{"@type":"WebPage","@id":"https:\/\/www.autohome-official.com\/fr\/politique-qualite\/","url":"https:\/\/www.autohome-official.com\/fr\/politique-qualite\/","name":"Magazine Ufficiale Tende da Tetto Autohome","isPartOf":{"@id":"https:\/\/www.autohome-official.com\/#website"},"datePublished":"2021-12-16T11:17:14+00:00","dateModified":"2025-09-19T09:53:46+00:00","description":"Magazine Ufficiale delle Originali Tende da Tetto Autohome. Sfoglialo e inizia a Vivere la tua Vacanza o il tuo Viaggio Avventura!","breadcrumb":{"@id":"https:\/\/www.autohome-official.com\/fr\/politique-qualite\/#breadcrumb"},"inLanguage":"fr-FR","potentialAction":[{"@type":"ReadAction","target":["https:\/\/www.autohome-official.com\/fr\/politique-qualite\/"]}]},{"@type":"BreadcrumbList","@id":"https:\/\/www.autohome-official.com\/fr\/politique-qualite\/#breadcrumb","itemListElement":[{"@type":"ListItem","position":1,"name":"Home","item":"https:\/\/www.autohome-official.com\/fr\/"},{"@type":"ListItem","position":2,"name":"POLITIQUE DE QUALITE&rsquo;"}]},{"@type":"WebSite","@id":"https:\/\/www.autohome-official.com\/#website","url":"https:\/\/www.autohome-official.com\/","name":"Autohome","description":"Tende da tetto - Dachzelte - Roof Top Tents - Tentes de Toit","publisher":{"@id":"https:\/\/www.autohome-official.com\/#organization"},"alternateName":"Autohome Official","potentialAction":[{"@type":"SearchAction","target":{"@type":"EntryPoint","urlTemplate":"https:\/\/www.autohome-official.com\/?s={search_term_string}"},"query-input":{"@type":"PropertyValueSpecification","valueRequired":true,"valueName":"search_term_string"}}],"inLanguage":"fr-FR"},{"@type":"Organization","@id":"https:\/\/www.autohome-official.com\/#organization","name":"Autohome","alternateName":"Autohome Official","url":"https:\/\/www.autohome-official.com\/","logo":{"@type":"ImageObject","inLanguage":"fr-FR","@id":"https:\/\/www.autohome-official.com\/#\/schema\/logo\/image\/","url":"https:\/\/www.autohome-official.com\/wp-content\/uploads\/2026\/02\/Maggiolina-Autohome-logo.jpg","contentUrl":"https:\/\/www.autohome-official.com\/wp-content\/uploads\/2026\/02\/Maggiolina-Autohome-logo.jpg","width":512,"height":512,"caption":"Autohome"},"image":{"@id":"https:\/\/www.autohome-official.com\/#\/schema\/logo\/image\/"},"sameAs":["https:\/\/www.facebook.com\/Autohome.Official.Page","https:\/\/www.instagram.com\/autohome_official\/","http:\/\/www.youtube.com\/user\/AutohomeOfficial"],"description":"Le prime tende da tetto auto al mondo, prodotte in Italia dal 1958.","email":"info@autohome.it","telephone":"0039 0376 99590","legalName":"Zifer Italia SRL","vatID":"IT01329850208"}]}},"_links":{"self":[{"href":"https:\/\/www.autohome-official.com\/fr\/wp-json\/wp\/v2\/pages\/60257"}],"collection":[{"href":"https:\/\/www.autohome-official.com\/fr\/wp-json\/wp\/v2\/pages"}],"about":[{"href":"https:\/\/www.autohome-official.com\/fr\/wp-json\/wp\/v2\/types\/page"}],"author":[{"embeddable":true,"href":"https:\/\/www.autohome-official.com\/fr\/wp-json\/wp\/v2\/users\/4"}],"replies":[{"embeddable":true,"href":"https:\/\/www.autohome-official.com\/fr\/wp-json\/wp\/v2\/comments?post=60257"}],"version-history":[{"count":2,"href":"https:\/\/www.autohome-official.com\/fr\/wp-json\/wp\/v2\/pages\/60257\/revisions"}],"predecessor-version":[{"id":79989,"href":"https:\/\/www.autohome-official.com\/fr\/wp-json\/wp\/v2\/pages\/60257\/revisions\/79989"}],"wp:attachment":[{"href":"https:\/\/www.autohome-official.com\/fr\/wp-json\/wp\/v2\/media?parent=60257"}],"curies":[{"name":"wp","href":"https:\/\/api.w.org\/{rel}","templated":true}]}}